{"id":5293,"date":"2023-05-06T18:08:34","date_gmt":"2023-05-06T18:08:34","guid":{"rendered":"https:\/\/www.ujnk.edu.gn\/?page_id=5293"},"modified":"2023-05-13T16:23:02","modified_gmt":"2023-05-13T16:23:02","slug":"communiques","status":"publish","type":"page","link":"https:\/\/www.ujnk.edu.gn\/en\/communiques\/","title":{"rendered":"Communiqu\u00e9s"},"content":{"rendered":"<div id=\"pl-5492\"  class=\"panel-layout\" ><div id=\"pg-5492-0\"  class=\"panel-grid panel-no-style\" ><div id=\"pgc-5492-0-0\"  class=\"panel-grid-cell\" ><div id=\"panel-5492-0-0-0\" class=\"so-panel widget widget_text panel-first-child\" data-index=\"0\" ><h3 class=\"widget-title\">CONSTITUTION DES EQUIPES-PROJETS DANS LE CADRE DE LA REF<\/h3>\t\t\t<div class=\"textwidget\"><p><img decoding=\"async\" class=\"alignnone size-medium wp-image-5493\" src=\"https:\/\/www.ujnk.edu.gn\/wp-content\/uploads\/2023\/06\/constitition_equipe-300x180.png\" alt=\"\" width=\"300\" height=\"180\" srcset=\"https:\/\/www.ujnk.edu.gn\/wp-content\/uploads\/2023\/06\/constitition_equipe-300x180.png 300w, https:\/\/www.ujnk.edu.gn\/wp-content\/uploads\/2023\/06\/constitition_equipe.png 924w, https:\/\/www.ujnk.edu.gn\/wp-content\/uploads\/2023\/06\/constitition_equipe-768x460.png 768w, https:\/\/www.ujnk.edu.gn\/wp-content\/uploads\/2023\/06\/constitition_equipe-18x12.png 18w\" sizes=\"(max-width: 300px) 100vw, 300px\" \/><\/p>\n<\/div>\n\t\t<\/div><div id=\"panel-5492-0-0-1\" class=\"so-panel widget widget_text panel-last-child\" data-index=\"1\" >\t\t\t<div class=\"textwidget\"><p>Constitution des \u00e9quipes projets dans le cadre du Projet de R\u00e9forme des Programmes de Formation dans les IES de Guin\u00e9e.<\/p>\n<p>Vous pouvez t\u00e9l\u00e9charger le document via le lien ci dessous:<\/p>\n<blockquote class=\"wp-embedded-content\" data-secret=\"P94ftLrg2R\"><p><a href=\"https:\/\/ent.ujnk.edu.gn\/download\/projet-de-reforme-des-programmes-de-formation-dans-les-ies-de-guinee\/\">Projet de reforme des programmes de formation dans les IES de Guin\u00e9e<\/a><\/p><\/blockquote>\n<p><iframe class=\"wp-embedded-content\" sandbox=\"allow-scripts\" security=\"restricted\" style=\"position: absolute; clip: rect(1px, 1px, 1px, 1px);\" title=\"\u00ab\u00a0Projet de reforme des programmes de formation dans les IES de Guin\u00e9e\u00a0\u00bb &#8212; ENT\" src=\"https:\/\/ent.ujnk.edu.gn\/download\/projet-de-reforme-des-programmes-de-formation-dans-les-ies-de-guinee\/embed\/#?secret=F2G54fbVHv#?secret=P94ftLrg2R\" data-secret=\"P94ftLrg2R\" frameborder=\"0\" marginwidth=\"0\" marginheight=\"0\" scrolling=\"no\"><\/iframe><\/p>\n<p>&nbsp;<\/p>\n<\/div>\n\t\t<\/div><\/div><\/div><\/div>","protected":false},"excerpt":{"rendered":"<p>Constitution des \u00e9quipes projets dans le cadre du Projet de R\u00e9forme des Programmes de Formation dans les IES de Guin\u00e9e. Vous pouvez t\u00e9l\u00e9charger le document via le lien ci dessous: [&hellip;]<\/p>\n","protected":false},"author":16,"featured_media":0,"parent":0,"menu_order":0,"comment_status":"closed","ping_status":"closed","template":"template-full-width.php","meta":{"footnotes":""},"class_list":["post-5293","page","type-page","status-publish","hentry"],"_links":{"self":[{"href":"https:\/\/www.ujnk.edu.gn\/en\/wp-json\/wp\/v2\/pages\/5293","targetHints":{"allow":["GET"]}}],"collection":[{"href":"https:\/\/www.ujnk.edu.gn\/en\/wp-json\/wp\/v2\/pages"}],"about":[{"href":"https:\/\/www.ujnk.edu.gn\/en\/wp-json\/wp\/v2\/types\/page"}],"author":[{"embeddable":true,"href":"https:\/\/www.ujnk.edu.gn\/en\/wp-json\/wp\/v2\/users\/16"}],"replies":[{"embeddable":true,"href":"https:\/\/www.ujnk.edu.gn\/en\/wp-json\/wp\/v2\/comments?post=5293"}],"version-history":[{"count":73,"href":"https:\/\/www.ujnk.edu.gn\/en\/wp-json\/wp\/v2\/pages\/5293\/revisions"}],"predecessor-version":[{"id":5415,"href":"https:\/\/www.ujnk.edu.gn\/en\/wp-json\/wp\/v2\/pages\/5293\/revisions\/5415"}],"wp:attachment":[{"href":"https:\/\/www.ujnk.edu.gn\/en\/wp-json\/wp\/v2\/media?parent=5293"}],"curies":[{"name":"wp","href":"https:\/\/api.w.org\/{rel}","templated":true}]}}