{"id":51,"date":"2022-10-25T13:22:36","date_gmt":"2022-10-25T11:22:36","guid":{"rendered":"https:\/\/www.ujnk.edu.gn\/?page_id=51"},"modified":"2022-11-04T09:00:19","modified_gmt":"2022-11-04T08:00:19","slug":"admission-et-inscription","status":"publish","type":"page","link":"https:\/\/www.ujnk.edu.gn\/en\/admission-et-inscription\/","title":{"rendered":"Admission et Inscription"},"content":{"rendered":"<div id=\"pl-51\"  class=\"panel-layout\" ><div id=\"pg-51-0\"  class=\"panel-grid panel-no-style\" ><div id=\"pgc-51-0-0\"  class=\"panel-grid-cell\" ><div id=\"panel-51-0-0-0\" class=\"so-panel widget widget_sow-editor panel-first-child panel-last-child\" data-index=\"0\" ><div\n\t\t\t\n\t\t\tclass=\"so-widget-sow-editor so-widget-sow-editor-base\"\n\t\t\t\n\t\t>\n<div class=\"siteorigin-widget-tinymce textwidget\">\n\t<p><!-- wp:paragraph --><\/p>\n<p>L'acc\u00e8s aux bourses d'\u00e9tudes et d'entretien est ouvert \u00e0 tous les \u00e9l\u00e8ves guin\u00e9ens d\u00e9tenteur du Baccalaur\u00e9at unique ou de tout autre dipl\u00f4me reconnu \u00e9quivalent. Le b\u00e9n\u00e9fice de ces bourses dans les programmes d'\u00e9tudes se fait par ordre de m\u00e9rite conform\u00e9ment aux resultats du concours de selection \/d'orientation.<br \/>- les inscriptios sont annuelles et se font sur la base de pr\u00e9sentation d'un dossier comprennant:<br \/>\u0660 Extrait de naissance \/jugement suppl\u00e9tif<br \/>\u0660 Certificat de visite et de contre visite<br \/>\u0660 4 photos d'identit\u00e9<br \/>\u0660Attestation de bac unique ou de tout autre dipl\u00f4me reconnu \u00e9quivalent<br \/>\u0660 Attestation d'admission d\u00e9livr\u00e9e par la DPE\/DCE d'origine.<br \/>\u0660 Acte d'engagement \u00e0 respecter les r\u00e8glements de l'Unuversit\u00e9<\/p>\n<p><!-- \/wp:paragraph --><\/p>\n<p><!-- wp:paragraph --><\/p>\n<p>Les \u00e9tudiants \u00e9trangers doivent pr\u00e9senter en plus des pi\u00e8ces vis\u00e9es ci-dessus:<br \/>- un titre de s\u00e9jour valable<br \/>- le recu de paiement des frais de scolarit\u00e9<\/p>\n<p><!-- \/wp:paragraph --><\/p>\n<p><!-- wp:paragraph --><\/p>\n<p><strong>CIRCULAIRE POUR L'INSCRIPTION EN 1\u00e8re ANNEE MPOS<\/strong><\/p>\n<p><!-- \/wp:paragraph --><\/p>\n<p><!-- wp:paragraph --><\/p>\n<p>Le Recteur de l\u2019Universit\u00e9 Julius NYERERE de Kankan a l\u2019agr\u00e9able plaisir de rappeler que l\u2019acc\u00e8s en 1\u00e8re ann\u00e9e M\u00e9decine, Pharmacie et Odonto-Stomatologie est ouvert \u00e0 tout \u00e9tudiant \u00e9tranger par \u00e9tude de dossier et test. Au titre de l\u2019ann\u00e9e universitaire 2012 \u2013 2013, le dossier d\u2019inscription comprendra :<br \/>-Une demande d\u2019inscription adress\u00e9e au Recteur<br \/>-Un extrait de naissance<br \/>-Un certificat de visite et de contre visite datant de moins de trois mois<br \/>-Quatre (4) photos d\u2019identit\u00e9<br \/>- La photocopie l\u00e9galis\u00e9e et l\u2019original du Baccalaur\u00e9at du pays d\u2019origine ou dipl\u00f4me reconnu \u00e9quivalent ainsi que les relev\u00e9s des notes du baccalaur\u00e9at<br \/>-Un document de voyage en cours de validit\u00e9 pour non r\u00e9sidant de la CEDEAO<br \/>Les dossiers sont re\u00e7us au secr\u00e9tariat du rectorat jusqu\u2019au 30 octobre 2012 contre paiement de 50.000 FG pour frais d\u2019\u00e9tude de dossier.<\/p>\n<p><!-- \/wp:paragraph --><\/p>\n<\/div>\n<\/div><\/div><\/div><\/div><\/div>","protected":false},"excerpt":{"rendered":"<p>L&rsquo;acc\u00e8s aux bourses d&rsquo;\u00e9tudes et d&rsquo;entretien est ouvert \u00e0 tous les \u00e9l\u00e8ves guin\u00e9ens d\u00e9tenteur du Baccalaur\u00e9at unique ou de tout autre dipl\u00f4me reconnu \u00e9quivalent. Le b\u00e9n\u00e9fice de ces bourses dans [&hellip;]<\/p>\n","protected":false},"author":1,"featured_media":0,"parent":0,"menu_order":49,"comment_status":"closed","ping_status":"closed","template":"template-1c.php","meta":{"footnotes":""},"class_list":["post-51","page","type-page","status-publish","hentry"],"_links":{"self":[{"href":"https:\/\/www.ujnk.edu.gn\/en\/wp-json\/wp\/v2\/pages\/51","targetHints":{"allow":["GET"]}}],"collection":[{"href":"https:\/\/www.ujnk.edu.gn\/en\/wp-json\/wp\/v2\/pages"}],"about":[{"href":"https:\/\/www.ujnk.edu.gn\/en\/wp-json\/wp\/v2\/types\/page"}],"author":[{"embeddable":true,"href":"https:\/\/www.ujnk.edu.gn\/en\/wp-json\/wp\/v2\/users\/1"}],"replies":[{"embeddable":true,"href":"https:\/\/www.ujnk.edu.gn\/en\/wp-json\/wp\/v2\/comments?post=51"}],"version-history":[{"count":3,"href":"https:\/\/www.ujnk.edu.gn\/en\/wp-json\/wp\/v2\/pages\/51\/revisions"}],"predecessor-version":[{"id":523,"href":"https:\/\/www.ujnk.edu.gn\/en\/wp-json\/wp\/v2\/pages\/51\/revisions\/523"}],"wp:attachment":[{"href":"https:\/\/www.ujnk.edu.gn\/en\/wp-json\/wp\/v2\/media?parent=51"}],"curies":[{"name":"wp","href":"https:\/\/api.w.org\/{rel}","templated":true}]}}