{"id":47,"date":"2022-10-25T13:22:36","date_gmt":"2022-10-25T11:22:36","guid":{"rendered":"https:\/\/www.ujnk.edu.gn\/?page_id=47"},"modified":"2022-11-02T12:25:58","modified_gmt":"2022-11-02T11:25:58","slug":"services-dappuis-scientifique-et-technique","status":"publish","type":"page","link":"https:\/\/www.ujnk.edu.gn\/en\/direction-poles-et-services\/services-dappuis-scientifique-et-technique\/","title":{"rendered":"services d&rsquo;appui scientifique et technique"},"content":{"rendered":"<div id=\"pl-47\"  class=\"panel-layout\" ><div id=\"pg-47-0\"  class=\"panel-grid panel-no-style\" ><div id=\"pgc-47-0-0\"  class=\"panel-grid-cell panel-grid-cell-empty\" ><\/div><\/div><div id=\"pg-47-1\"  class=\"panel-grid panel-has-style\" ><div class=\"siteorigin-panels-stretch panel-row-style panel-row-style-for-47-1\" data-stretch-type=\"full-stretched\" ><div id=\"pgc-47-1-0\"  class=\"panel-grid-cell\" ><div class=\"panel-cell-style panel-cell-style-for-47-1-0\" ><div id=\"panel-47-1-0-0\" class=\"so-panel widget widget_siteorigin-panels-builder panel-first-child panel-last-child\" data-index=\"0\" ><div id=\"pl-w636253c602b95\"  class=\"panel-layout\" ><div id=\"pg-w636253c602b95-0\"  class=\"panel-grid panel-no-style\" ><div id=\"pgc-w636253c602b95-0-0\"  class=\"panel-grid-cell\" ><div id=\"panel-w636253c602b95-0-0-0\" class=\"so-panel widget widget_sow-headline panel-first-child panel-last-child\" data-index=\"0\" ><div\n\t\t\t\n\t\t\tclass=\"so-widget-sow-headline so-widget-sow-headline-default-ee643c882d5c so-widget-fittext-wrapper\"\n\t\t\t data-fit-text-compressor=\"0.85\"\n\t\t><div class=\"sow-headline-container\">\n\t\t\t\t\t\t\t<h2 class=\"sow-headline\">\n\t\t\t\t\t\t\t\t\t\t\t\t\t<a href=\"https:\/\/www.ujnk.edu.gn\/en\/direction-poles-et-services\/services-dappuis-scientifique-et-technique\/\" >\n\t\t\t\t\t\t\t\tAppui <br \/>Scientifique et Technique<\/a>\t\t\t\t\t\t<\/h2>\n\t\t\t\t\t\t\t\t\t\t\t\t<p class=\"sow-sub-headline\">\n\t\t\t\t\t\tLa direction scientifique et technique inventorie, pr\u00e9serve et \u00e9tudie le patrimoine, les biens et les sites arch\u00e9ologiques.  Elle g\u00e8re, conserve, restaure et valorise les collections qui lui sont confi\u00e9es ou qu\u2019elle acquiert.  Elle g\u00e8re les demandes et agr\u00e9e les d\u00e9p\u00f4ts de biens arch\u00e9ologiques et contr\u00f4le leur gestion.  Elle conserve et organise les sources documentaires en lien avec le patrimoine en assurant leur accessibilit\u00e9.\t\t\t\t\t\t<\/p>\n\t\t\t\t\t\t<\/div>\n<\/div><\/div><\/div><\/div><div id=\"pg-w636253c602b95-1\"  class=\"panel-grid panel-no-style\" ><div id=\"pgc-w636253c602b95-1-0\"  class=\"panel-grid-cell panel-grid-cell-empty\" ><\/div><div id=\"pgc-w636253c602b95-1-1\"  class=\"panel-grid-cell panel-grid-cell-empty\" ><\/div><div id=\"pgc-w636253c602b95-1-2\"  class=\"panel-grid-cell panel-grid-cell-empty panel-grid-cell-mobile-last\" ><\/div><div id=\"pgc-w636253c602b95-1-3\"  class=\"panel-grid-cell panel-grid-cell-empty\" ><\/div><\/div><\/div><\/div><\/div><\/div><div id=\"pgc-47-1-1\"  class=\"panel-grid-cell\" ><div id=\"panel-47-1-1-0\" class=\"so-panel widget widget_sow-image panel-first-child panel-last-child\" data-index=\"1\" ><div\n\t\t\t\n\t\t\tclass=\"so-widget-sow-image so-widget-sow-image-default-8b5b6f678277-47\"\n\t\t\t\n\t\t><\/div><\/div><\/div><\/div><\/div><div id=\"pg-47-2\"  class=\"panel-grid panel-no-style\" ><div id=\"pgc-47-2-0\"  class=\"panel-grid-cell panel-grid-cell-empty\" ><\/div><\/div><\/div>","protected":false},"excerpt":{"rendered":"<p>Appui Scientifique et Technique La direction scientifique et technique inventorie, pr\u00e9serve et \u00e9tudie le patrimoine, les biens et les sites arch\u00e9ologiques. Elle g\u00e8re, conserve, restaure et valorise les collections qui [&hellip;]<\/p>\n","protected":false},"author":1,"featured_media":0,"parent":46,"menu_order":53,"comment_status":"closed","ping_status":"closed","template":"template-1c.php","meta":{"footnotes":""},"class_list":["post-47","page","type-page","status-publish","hentry"],"_links":{"self":[{"href":"https:\/\/www.ujnk.edu.gn\/en\/wp-json\/wp\/v2\/pages\/47","targetHints":{"allow":["GET"]}}],"collection":[{"href":"https:\/\/www.ujnk.edu.gn\/en\/wp-json\/wp\/v2\/pages"}],"about":[{"href":"https:\/\/www.ujnk.edu.gn\/en\/wp-json\/wp\/v2\/types\/page"}],"author":[{"embeddable":true,"href":"https:\/\/www.ujnk.edu.gn\/en\/wp-json\/wp\/v2\/users\/1"}],"replies":[{"embeddable":true,"href":"https:\/\/www.ujnk.edu.gn\/en\/wp-json\/wp\/v2\/comments?post=47"}],"version-history":[{"count":7,"href":"https:\/\/www.ujnk.edu.gn\/en\/wp-json\/wp\/v2\/pages\/47\/revisions"}],"predecessor-version":[{"id":1684,"href":"https:\/\/www.ujnk.edu.gn\/en\/wp-json\/wp\/v2\/pages\/47\/revisions\/1684"}],"up":[{"embeddable":true,"href":"https:\/\/www.ujnk.edu.gn\/en\/wp-json\/wp\/v2\/pages\/46"}],"wp:attachment":[{"href":"https:\/\/www.ujnk.edu.gn\/en\/wp-json\/wp\/v2\/media?parent=47"}],"curies":[{"name":"wp","href":"https:\/\/api.w.org\/{rel}","templated":true}]}}