{"id":45,"date":"2022-10-25T13:22:35","date_gmt":"2022-10-25T11:22:35","guid":{"rendered":"https:\/\/www.ujnk.edu.gn\/?page_id=45"},"modified":"2022-10-30T20:39:32","modified_gmt":"2022-10-30T19:39:32","slug":"perspectives","status":"publish","type":"page","link":"https:\/\/www.ujnk.edu.gn\/en\/presentation\/perspectives\/","title":{"rendered":"perspectives"},"content":{"rendered":"<div id=\"pl-45\"  class=\"panel-layout\" ><div id=\"pg-45-0\"  class=\"panel-grid panel-no-style\" ><div id=\"pgc-45-0-0\"  class=\"panel-grid-cell panel-grid-cell-empty panel-grid-cell-mobile-last\" ><\/div><div id=\"pgc-45-0-1\"  class=\"panel-grid-cell panel-grid-cell-empty\" ><\/div><\/div><div id=\"pg-45-1\"  class=\"panel-grid panel-no-style\" ><div id=\"pgc-45-1-0\"  class=\"panel-grid-cell\" ><div id=\"panel-45-1-0-0\" class=\"so-panel widget widget_sow-editor panel-first-child panel-last-child\" data-index=\"0\" ><div\n\t\t\t\n\t\t\tclass=\"so-widget-sow-editor so-widget-sow-editor-base\"\n\t\t\t\n\t\t>\n<div class=\"siteorigin-widget-tinymce textwidget\">\n\t<style>\/*! elementor - v3.7.8 - 02-10-2022 *\/<br \/>\n.elementor-heading-title{padding:0;margin:0;line-height:1}.elementor-widget-heading .elementor-heading-title[class*=elementor-size-]>a{color:inherit;font-size:inherit;line-height:inherit}.elementor-widget-heading .elementor-heading-title.elementor-size-small{font-size:15px}.elementor-widget-heading .elementor-heading-title.elementor-size-medium{font-size:19px}.elementor-widget-heading .elementor-heading-title.elementor-size-large{font-size:29px}.elementor-widget-heading .elementor-heading-title.elementor-size-xl{font-size:39px}.elementor-widget-heading .elementor-heading-title.elementor-size-xxl{font-size:59px}<\/style>\n<h3 style=\"margin-bottom: 3px; padding-top: 5px; font-size: 20px; line-height: 1.3; font-family: arial, sans-serif; display: inline-block;\">Les id\u00e9es politiques de Julius Nyerere - TEL - Th\u00e8ses<\/h3>\n<p>&nbsp;<\/p>\n<h1 style=\"transition: all 0.3s ease-in-out 0s; font-size: 2rem;\">Nyerere, Julius | 1922-1999<\/h1>\n<p><img decoding=\"async\" style=\"transition: all 0.3s ease-in-out 0s; background-color: #016735; border: 4px solid #016735;\" src=\"https:\/\/perspective.usherbrooke.ca\/bilan\/contributions\/189371220070502110656230.gif\" \/><\/p>\n<p><img decoding=\"async\" class=\"alignleft\" style=\"transition: all 0.3s ease-in-out 0s; border: 1px solid black;\" src=\"https:\/\/perspective.usherbrooke.ca\/bilan\/voute\/bm\/drapeaux\/tza.gif\" \/><\/p>\n<ul style=\"transition: all 0.3s ease-in-out 0s; font-weight: bold;\">\n<li style=\"transition: all 0.3s ease-in-out 0s; list-style-type: none; line-height: 1.45em;\">N\u00e9 le 13 avril 1922 \u00e0 Butiama, dans le Tanganyika<\/li>\n<li style=\"transition: all 0.3s ease-in-out 0s; list-style-type: none; line-height: 1.45em;\">Chief Minister du Tanganyika (2 septembre 1960 \u2013 1er mai 1961)<\/li>\n<li style=\"transition: all 0.3s ease-in-out 0s; list-style-type: none; line-height: 1.45em;\">Premier ministre du Tanganyika (1er mai 1961 \u2013 22 janvier 1962)<\/li>\n<li style=\"transition: all 0.3s ease-in-out 0s; list-style-type: none; line-height: 1.45em;\">Pr\u00e9sident du Tanganyika (9 d\u00e9cembre 1962 \u2013 26 avril 1964)<\/li>\n<li style=\"transition: all 0.3s ease-in-out 0s; list-style-type: none; line-height: 1.45em;\">Pr\u00e9sident de la R\u00e9publique unie du Tanganyika et Zanzibar (26 avril 1964 \u2013 29 octobre 1964)<\/li>\n<li style=\"transition: all 0.3s ease-in-out 0s; list-style-type: none; line-height: 1.45em;\">Pr\u00e9sident de la Tanzanie (29 octobre 1964 \u2013 5 novembre 1985)<\/li>\n<li style=\"transition: all 0.3s ease-in-out 0s; list-style-type: none; line-height: 1.45em;\">D\u00e9c\u00e9d\u00e9 le 14 octobre 1999 \u00e0 Londres, au Royaume-Uni<\/li>\n<\/ul>\n<h2 style=\"transition: all 0.3s ease-in-out 0s; font-weight: bold; line-height: 1em; font-size: 1.25em; padding-bottom: 0.5em;\">S.M. \u00ab Tanzanie : la disparition du vieux ma\u00eetre \u00bb, Le Nouvel Afrique Asie (France), novembre 1999, p. 70.<\/h2>\n<p style=\"transition: all 0.3s ease-in-out 0s; margin-bottom: 1em; line-height: 1.45em;\">\u00ab...Trois chefs d\u2019\u00c9tat africains ont su abandonner volontairement le pouvoir : L\u00e9opold Senghor, Julius Nyerere et Nelson Mandela. Celui qu\u2019on appelait \u00ab Mwalimu \u00bb (le ma\u00eetre d\u2019\u00e9cole), Julius Nyerere, s\u2019est \u00e9teint \u00e0 Londres, \u00e0 l\u2019\u00e2ge de 77 ans. [...] Durant les vingt-quatre ans qu\u2019il a pass\u00e9s au pouvoir, il s\u2019est consacr\u00e9 \u00e0 d\u00e9velopper son pays, qui comptait \u00e0 l\u2019\u00e9poque 9 millions d\u2019habitants (20 millions aujourd\u2019hui) regroup\u00e9s en cent vingt ethnies, qu\u2019il sut f\u00e9d\u00e9rer. [...] il cr\u00e9a l\u2019Ujamaa, doctrine \u00ab socialiste \u00bb qui permit entre autres de d\u00e9velopper l\u2019instruction \u2013 l\u2019analphab\u00e9tisme a \u00e9t\u00e9 vaincu \u00e0 83 %. Il fit du swahali la langue nationale, dans un pays o\u00f9 on parlait des dizaines de langues diff\u00e9rentes. Champion de l\u2019ind\u00e9pendance \u00e0 l\u2019\u00e9gard des grandes puissances, il avait cependant gagn\u00e9 la sympathie de responsables politiques occidentaux de sensibilit\u00e9 \u00ab tiers-mondiste \u00bb \u2013 le Su\u00e9dois Olof Palme, par exemple \u2013 et consacra une importante aide \u00e9trang\u00e8re \u00e0 r\u00e9duire la pauvret\u00e9 et \u00e0 construire les infrastructures du pays. Anim\u00e9 par un id\u00e9al d\u2019unit\u00e9 africaine et soucieux de mettre fin aux conflits sur le continent, il pronon\u00e7a en 1967 la fameuse \u00ab D\u00e9claration d\u2019Arusha \u00bb, cette esquisse sinc\u00e8re d\u2019un socialisme africain. \u00bb<\/p>\n<h2 style=\"transition: all 0.3s ease-in-out 0s; font-weight: bold; line-height: 1em; font-size: 1.25em; padding-bottom: 0.5em;\">Philippe Gaillard, \u00ab Julius Nyerere : Le petit ma\u00eetre \u00bb, Jeune Afrique (France), 19 octobre au 1er novembre 1999, p. 162.<\/h2>\n<p style=\"transition: all 0.3s ease-in-out 0s; margin-bottom: 1em; line-height: 1.45em;\">\u00ab...Eut-il raison de vouloir transposer la vertu familiale de modestie pour en faire une r\u00e8gle de l\u2019\u00c9tat? Le socialisme africain et chr\u00e9tien qu\u2019il avait fait adopter \u00e0 son parti au congr\u00e8s d\u2019Arusha en 1967 lui avait valu un incontestable prestige dans les milieux intellectuels de toute l\u2019Afrique et parmi les \u00ab tiers-mondistes \u00bb europ\u00e9ens. H\u00e9las, cela n\u2019a pas fonctionn\u00e9 et il s\u2019est ent\u00eat\u00e9. Se penchant sur son pass\u00e9, ces derni\u00e8res ann\u00e9es, Julius Nyerere expliquait qu\u2019il ne changerait pas un mot, si c\u2019\u00e9tait \u00e0 refaire, \u00e0 la d\u00e9claration d\u2019Arusha, c\u2019est-\u00e0-dire aux principes du socialisme, mais qu\u2019il en temp\u00e9rerait l\u2019application. Il collectiviserait les moyens de production, mais pas les fermes; il substituerait l\u2019\u00e9conomie mixte au tout-\u00c9tat dans l\u2019industrie. Le mwalimu, le petit ma\u00eetre d\u2019\u00e9cole, comme l\u2019appelaient affectueusement ses compatriotes, n\u2019a pas r\u00e9ussi \u00e0 faire d\u00e9coller son pays, pour employer le vocabulaire \u00e0 la mode au temps de sa gloire. Mais il a maintenu son pays hors des temp\u00eates r\u00e9gionales, ce qui n\u2019est pas si mal. Il ne laissera pas le souvenir d\u2019un grand chef d\u2019\u00c9tat, mais celui d\u2019un grand honn\u00eate homme. \u00bb<\/p>\n<h2 style=\"transition: all 0.3s ease-in-out 0s; font-weight: bold; line-height: 1em; font-size: 1.25em; padding-bottom: 0.5em;\">Pierre Haski, \u00ab Mort de Nyerere, le chantre du socialisme africain \u00bb, Lib\u00e9ration (France), 15 octobre 1999, p. 14.<\/h2>\n<p style=\"transition: all 0.3s ease-in-out 0s; margin-bottom: 1em; line-height: 1.45em;\">\u00ab...L'Ujamaa a s\u00e9duit sur le continent mais aussi dans les milieux tiers-mondistes en Occident, en mal de mod\u00e8le de d\u00e9veloppement. La Su\u00e8de d'Olof Palme en fit le premier destinataire de son aide, et l'agronome Ren\u00e9 Dumont reprenait espoir, aupr\u00e8s de lui, de voir enfin l'Afrique \"bien partie\". Las! L'Ujamaa tourna au cauchemar lorsque, pratiquant la fuite en avant, Nyerere acc\u00e9l\u00e9ra la collectivisation des villages, d\u00e9pla\u00e7ant des millions de paysans et provoquant, comme ailleurs en pareilles circonstances, une catastrophe humanitaire et \u00e9conomique. Au bout du compte, lorsqu'il d\u00e9cida de passer volontairement la main, en 1985, Julius Nyerere laissait un pays \u00e9puis\u00e9 et en piteux \u00e9tat, que son successeur, Ali Hassan Mwinyi, a tent\u00e9 de redresser avec des recettes plus lib\u00e9rales. Pays respect\u00e9. Cela n'a pas emp\u00each\u00e9 l'aura de Nyerere de perdurer, ne serait-ce que parce que l'ancien Pr\u00e9sident a reconnu ses erreurs. Mais, surtout, les Tanzaniens lui sont reconnaissants d'avoir f\u00e9d\u00e9r\u00e9 les 120 ethnies en un pays respect\u00e9. Et d'avoir donn\u00e9 de l'Afrique l'image d'une qu\u00eate sinc\u00e8re d'une voie originale de d\u00e9veloppement. Peu avant sa mort, Nyerere louait l'\u00e9mergence d'une nouvelle g\u00e9n\u00e9ration de dirigeants qu'il exhortait \u00e0 la d\u00e9mocratie. La voix du Mwalimu s'est maintenant \u00e9teinte, le Ma\u00eetre ne donnera plus de conseils. \u00bb<\/p>\n<h2 style=\"transition: all 0.3s ease-in-out 0s; font-weight: bold; line-height: 1em; font-size: 1.25em; padding-bottom: 0.5em;\">Jean Claude Pomonti, \u00ab Julius Nyerere, le vieil instituteur \u00bb, Le Monde (France), 16 octobre 1999, p. 14.<\/h2>\n<p>\u00ab...Le personnage a souvent d\u00e9cha\u00een\u00e9 les passions. Ses adversaires l'ont tax\u00e9 de \" collaborationnisme \" lorsqu'il s'effor\u00e7ait de n\u00e9gocier l'ind\u00e9pendance de son pays sans effusion de sang, et d'autres l'ont accus\u00e9, plus tard, de vendre son pays aux Chinois en acceptant l'aide pourtant g\u00e9n\u00e9reuse et \" non li\u00e9e \" de P\u00e9kin. \" Le fait que moi, en tant que pr\u00e9sident, je doive expliquer pourquoi j'accepte l'aide chinoise est en soi-m\u00eame une s\u00e9rieuse humiliation. Voil\u00e0 mon explication et ma protestation \", lancera-t-il un jour \u00e0 des journalistes. L'histoire lui donnera deux fois raison : l'ind\u00e9pendance sera acquise sans remous et l'aide chinoise sera l'une des mieux \u00e0 m\u00eame de servir une exp\u00e9rience de socialisme africain. Plut\u00f4t petit, mince, la moustache et les tempes grisonnantes, il oppose \u00e0 certains de ses coll\u00e8gues d'Afrique - les mar\u00e9chaux et pr\u00e9sidents \u00e0 vie - une simplicit\u00e9 voulue : le costume, une chemise sans col, le refus de titres ronflants, sa propre discipline du portefeuille (il habitera, \u00e0 Dar es-Salaam, une petite propri\u00e9t\u00e9 achet\u00e9e \u00e0 l'aide d'un cr\u00e9dit bancaire) et un syst\u00e8me \u00e9galitariste au sein duquel tout le monde s'appelle ndugu, camarade, et o\u00f9 lui-m\u00eame se nomme Mzee, le vieux. Julius Nyerere, m\u00eame au sommet de sa popularit\u00e9, n'aimera pas la pompe. \u00bb<\/p>\n<\/div>\n<\/div><\/div><\/div><\/div><\/div>","protected":false},"excerpt":{"rendered":"<p>Les id\u00e9es politiques de Julius Nyerere &#8211; TEL &#8211; Th\u00e8ses &nbsp; Nyerere, Julius | 1922-1999 N\u00e9 le 13 avril 1922 \u00e0 Butiama, dans le Tanganyika Chief Minister du Tanganyika (2 [&hellip;]<\/p>\n","protected":false},"author":1,"featured_media":0,"parent":36,"menu_order":65,"comment_status":"closed","ping_status":"closed","template":"template-1c.php","meta":{"footnotes":""},"class_list":["post-45","page","type-page","status-publish","hentry"],"_links":{"self":[{"href":"https:\/\/www.ujnk.edu.gn\/en\/wp-json\/wp\/v2\/pages\/45","targetHints":{"allow":["GET"]}}],"collection":[{"href":"https:\/\/www.ujnk.edu.gn\/en\/wp-json\/wp\/v2\/pages"}],"about":[{"href":"https:\/\/www.ujnk.edu.gn\/en\/wp-json\/wp\/v2\/types\/page"}],"author":[{"embeddable":true,"href":"https:\/\/www.ujnk.edu.gn\/en\/wp-json\/wp\/v2\/users\/1"}],"replies":[{"embeddable":true,"href":"https:\/\/www.ujnk.edu.gn\/en\/wp-json\/wp\/v2\/comments?post=45"}],"version-history":[{"count":10,"href":"https:\/\/www.ujnk.edu.gn\/en\/wp-json\/wp\/v2\/pages\/45\/revisions"}],"predecessor-version":[{"id":1219,"href":"https:\/\/www.ujnk.edu.gn\/en\/wp-json\/wp\/v2\/pages\/45\/revisions\/1219"}],"up":[{"embeddable":true,"href":"https:\/\/www.ujnk.edu.gn\/en\/wp-json\/wp\/v2\/pages\/36"}],"wp:attachment":[{"href":"https:\/\/www.ujnk.edu.gn\/en\/wp-json\/wp\/v2\/media?parent=45"}],"curies":[{"name":"wp","href":"https:\/\/api.w.org\/{rel}","templated":true}]}}