{"id":3633,"date":"2023-01-17T18:17:19","date_gmt":"2023-01-17T17:17:19","guid":{"rendered":"https:\/\/www.ujnk.edu.gn\/?page_id=3633"},"modified":"2023-05-04T15:10:03","modified_gmt":"2023-05-04T15:10:03","slug":"universite-2","status":"publish","type":"page","link":"https:\/\/www.ujnk.edu.gn\/en\/universite-2\/","title":{"rendered":"UNIVERSITE"},"content":{"rendered":"<div data-elementor-type=\"wp-page\" data-elementor-id=\"3633\" class=\"elementor elementor-3633\">\n\t\t\t\t\t\t<section class=\"elementor-section elementor-top-section elementor-element elementor-element-303f340b elementor-section-boxed elementor-section-height-default elementor-section-height-default\" data-id=\"303f340b\" data-element_type=\"section\" data-e-type=\"section\">\n\t\t\t\t\t\t<div class=\"elementor-container elementor-column-gap-default\">\n\t\t\t\t\t<div class=\"elementor-column elementor-col-100 elementor-top-column elementor-element elementor-element-2696ff28\" data-id=\"2696ff28\" data-element_type=\"column\" data-e-type=\"column\">\n\t\t\t<div class=\"elementor-widget-wrap elementor-element-populated\">\n\t\t\t\t\t\t<div class=\"elementor-element elementor-element-7ed18e6a elementor-widget-divider--view-line elementor-widget elementor-widget-divider\" data-id=\"7ed18e6a\" data-element_type=\"widget\" data-e-type=\"widget\" data-widget_type=\"divider.default\">\n\t\t\t\t<div class=\"elementor-widget-container\">\n\t\t\t\t\t\t\t<div class=\"elementor-divider\">\n\t\t\t<span class=\"elementor-divider-separator\">\n\t\t\t\t\t\t<\/span>\n\t\t<\/div>\n\t\t\t\t\t\t<\/div>\n\t\t\t\t<\/div>\n\t\t\t\t<div class=\"elementor-element elementor-element-741206d6 animated-slow elementor-invisible elementor-widget elementor-widget-heading\" data-id=\"741206d6\" data-element_type=\"widget\" data-e-type=\"widget\" data-settings=\"{&quot;_animation_mobile&quot;:&quot;fadeInDown&quot;,&quot;_animation&quot;:&quot;fadeInDown&quot;}\" data-widget_type=\"heading.default\">\n\t\t\t\t<div class=\"elementor-widget-container\">\n\t\t\t\t\t<h2 class=\"elementor-heading-title elementor-size-default\">UNIVERSITE<\/h2>\t\t\t\t<\/div>\n\t\t\t\t<\/div>\n\t\t\t\t<div class=\"elementor-element elementor-element-304034a elementor-widget elementor-widget-spacer\" data-id=\"304034a\" data-element_type=\"widget\" data-e-type=\"widget\" data-widget_type=\"spacer.default\">\n\t\t\t\t<div class=\"elementor-widget-container\">\n\t\t\t\t\t\t\t<div class=\"elementor-spacer\">\n\t\t\t<div class=\"elementor-spacer-inner\"><\/div>\n\t\t<\/div>\n\t\t\t\t\t\t<\/div>\n\t\t\t\t<\/div>\n\t\t\t\t\t<\/div>\n\t\t<\/div>\n\t\t\t\t\t<\/div>\n\t\t<\/section>\n\t\t\t\t<section class=\"elementor-section elementor-top-section elementor-element elementor-element-27541d9 elementor-section-boxed elementor-section-height-default elementor-section-height-default\" data-id=\"27541d9\" data-element_type=\"section\" data-e-type=\"section\">\n\t\t\t\t\t\t<div class=\"elementor-container elementor-column-gap-wide\">\n\t\t\t\t\t<div class=\"elementor-column elementor-col-50 elementor-top-column elementor-element elementor-element-5cf0f623\" data-id=\"5cf0f623\" data-element_type=\"column\" data-e-type=\"column\">\n\t\t\t<div class=\"elementor-widget-wrap elementor-element-populated\">\n\t\t\t\t\t\t<div class=\"elementor-element elementor-element-75b1baf elementor-headline--style-highlight elementor-widget elementor-widget-animated-headline\" data-id=\"75b1baf\" data-element_type=\"widget\" data-e-type=\"widget\" data-settings=\"{&quot;highlighted_text&quot;:&quot;RECTEUR&quot;,&quot;headline_style&quot;:&quot;highlight&quot;,&quot;marker&quot;:&quot;circle&quot;,&quot;loop&quot;:&quot;yes&quot;,&quot;highlight_animation_duration&quot;:1200,&quot;highlight_iteration_delay&quot;:8000}\" data-widget_type=\"animated-headline.default\">\n\t\t\t\t<div class=\"elementor-widget-container\">\n\t\t\t\t\t\t\t<h3 class=\"elementor-headline\">\n\t\t\t\t\t<span class=\"elementor-headline-plain-text elementor-headline-text-wrapper\">LE <\/span>\n\t\t\t\t<span class=\"elementor-headline-dynamic-wrapper elementor-headline-text-wrapper\">\n\t\t\t\t\t<span class=\"elementor-headline-dynamic-text elementor-headline-text-active\">RECTEUR<\/span>\n\t\t\t\t<\/span>\n\t\t\t\t<\/h3>\n\t\t\t\t\t\t<\/div>\n\t\t\t\t<\/div>\n\t\t\t\t<div class=\"elementor-element elementor-element-400e4f4e elementor-widget elementor-widget-text-editor\" data-id=\"400e4f4e\" data-element_type=\"widget\" data-e-type=\"widget\" data-widget_type=\"text-editor.default\">\n\t\t\t\t<div class=\"elementor-widget-container\">\n\t\t\t\t\t\t\t\t\t<div id=\"panel-w6362cf76c1b01-0-0-0\" class=\"so-panel widget widget_sow-headline panel-first-child\" data-index=\"0\"><div class=\"so-widget-sow-headline so-widget-sow-headline-default-310683ee508d so-widget-fittext-wrapper\" data-fit-text-compressor=\"0.85\"><div class=\"sow-headline-container\"><p class=\"sow-sub-headline\">Dr Moustapha Sangar\u00e9 est le recteur de l\u2019Universit\u00e9 Julius Nyerere de Kankan depuis le 27 mai 2021.<\/p><\/div><\/div><\/div><div id=\"panel-w6362cf76c1b01-0-0-1\" class=\"so-panel widget widget_text panel-last-child\" data-index=\"1\"><div class=\"textwidget\"><p>N\u00e9 en 1960, le recteur a fait tout son cursus \u00e0 Kankan avant son homologation en tant qu\u2019enseignant.<\/p><p>Dr Sangar\u00e9 va ensuite poursuivre ses \u00e9tudes \u00a0en Chine o\u00f9 il a fait son Doctorat.<\/p><p>A son retour\u00a0<em>\u00a0en 2002,\u00a0 il travaille au d\u00e9partement de physique-chimie et en quelques ann\u00e9es<\/em><em>,<\/em><em>il en devient le chef.<\/em><\/p><p><em>Et quand le master a \u00e9t\u00e9 cr\u00e9\u00e9 en 2009,\u00a0 il est retenu comme secr\u00e9taire scientifique.<\/em><\/p><p><em>Et le 27 Mai 2021, il devient le Recteur de l\u2019Universit\u00e9.<\/em><\/p><\/div><\/div>\t\t\t\t\t\t\t\t<\/div>\n\t\t\t\t<\/div>\n\t\t\t\t\t<\/div>\n\t\t<\/div>\n\t\t\t\t<div class=\"elementor-column elementor-col-50 elementor-top-column elementor-element elementor-element-41cef7e3\" data-id=\"41cef7e3\" data-element_type=\"column\" data-e-type=\"column\">\n\t\t\t<div class=\"elementor-widget-wrap elementor-element-populated\">\n\t\t\t\t\t\t<div class=\"elementor-element elementor-element-6048fd86 elementor-widget elementor-widget-image\" data-id=\"6048fd86\" data-element_type=\"widget\" data-e-type=\"widget\" data-widget_type=\"image.default\">\n\t\t\t\t<div class=\"elementor-widget-container\">\n\t\t\t\t\t\t\t\t\t\t\t\t\t\t\t<img fetchpriority=\"high\" decoding=\"async\" width=\"719\" height=\"426\" src=\"https:\/\/www.ujnk.edu.gn\/wp-content\/uploads\/2022\/10\/La_ministre_et_le_recteur-e1673974241239.jpeg\" class=\"attachment-2048x2048 size-2048x2048 wp-image-725\" alt=\"\" srcset=\"https:\/\/www.ujnk.edu.gn\/wp-content\/uploads\/2022\/10\/La_ministre_et_le_recteur-e1673974241239.jpeg 719w, https:\/\/www.ujnk.edu.gn\/wp-content\/uploads\/2022\/10\/La_ministre_et_le_recteur-e1673974241239-300x178.jpeg 300w, https:\/\/www.ujnk.edu.gn\/wp-content\/uploads\/2022\/10\/La_ministre_et_le_recteur-e1673974241239-18x12.jpeg 18w, https:\/\/www.ujnk.edu.gn\/wp-content\/uploads\/2022\/10\/La_ministre_et_le_recteur-e1673974241239-84x50.jpeg 84w\" sizes=\"(max-width: 719px) 100vw, 719px\" \/>\t\t\t\t\t\t\t\t\t\t\t\t\t\t\t<\/div>\n\t\t\t\t<\/div>\n\t\t\t\t\t<\/div>\n\t\t<\/div>\n\t\t\t\t\t<\/div>\n\t\t<\/section>\n\t\t\t\t<section class=\"elementor-section elementor-top-section elementor-element elementor-element-45696017 elementor-section-boxed elementor-section-height-default elementor-section-height-default\" data-id=\"45696017\" data-element_type=\"section\" data-e-type=\"section\">\n\t\t\t\t\t\t<div class=\"elementor-container elementor-column-gap-default\">\n\t\t\t\t\t<div class=\"elementor-column elementor-col-100 elementor-top-column elementor-element elementor-element-25baade4\" data-id=\"25baade4\" data-element_type=\"column\" data-e-type=\"column\">\n\t\t\t<div class=\"elementor-widget-wrap elementor-element-populated\">\n\t\t\t\t\t\t<div class=\"elementor-element elementor-element-5b72afe7 elementor-widget elementor-widget-spacer\" data-id=\"5b72afe7\" data-element_type=\"widget\" data-e-type=\"widget\" data-widget_type=\"spacer.default\">\n\t\t\t\t<div class=\"elementor-widget-container\">\n\t\t\t\t\t\t\t<div class=\"elementor-spacer\">\n\t\t\t<div class=\"elementor-spacer-inner\"><\/div>\n\t\t<\/div>\n\t\t\t\t\t\t<\/div>\n\t\t\t\t<\/div>\n\t\t\t\t\t<\/div>\n\t\t<\/div>\n\t\t\t\t\t<\/div>\n\t\t<\/section>\n\t\t\t\t<section class=\"elementor-section elementor-top-section elementor-element elementor-element-636795ba elementor-section-height-min-height elementor-section-stretched elementor-section-boxed elementor-section-height-default elementor-section-items-middle\" data-id=\"636795ba\" data-element_type=\"section\" data-e-type=\"section\" data-settings=\"{&quot;stretch_section&quot;:&quot;section-stretched&quot;,&quot;background_background&quot;:&quot;classic&quot;}\">\n\t\t\t\t\t\t<div class=\"elementor-container elementor-column-gap-wide\">\n\t\t\t\t\t<div class=\"elementor-column elementor-col-50 elementor-top-column elementor-element elementor-element-60918a\" data-id=\"60918a\" data-element_type=\"column\" data-e-type=\"column\">\n\t\t\t<div class=\"elementor-widget-wrap elementor-element-populated\">\n\t\t\t\t\t\t<div class=\"elementor-element elementor-element-75b9363c elementor-widget elementor-widget-image\" data-id=\"75b9363c\" data-element_type=\"widget\" data-e-type=\"widget\" data-widget_type=\"image.default\">\n\t\t\t\t<div class=\"elementor-widget-container\">\n\t\t\t\t\t\t\t\t\t\t\t\t\t\t\t<img decoding=\"async\" width=\"768\" height=\"554\" src=\"https:\/\/www.ujnk.edu.gn\/wp-content\/uploads\/2023\/05\/DSC_0157-scaled-min.jpg\" class=\"attachment-medium_large size-medium_large wp-image-5237\" alt=\"\" \/>\t\t\t\t\t\t\t\t\t\t\t\t\t\t\t<\/div>\n\t\t\t\t<\/div>\n\t\t\t\t\t<\/div>\n\t\t<\/div>\n\t\t\t\t<div class=\"elementor-column elementor-col-50 elementor-top-column elementor-element elementor-element-46ed6043\" data-id=\"46ed6043\" data-element_type=\"column\" data-e-type=\"column\">\n\t\t\t<div class=\"elementor-widget-wrap elementor-element-populated\">\n\t\t\t\t\t\t<div class=\"elementor-element elementor-element-1d93bed7 elementor-headline--style-highlight elementor-widget elementor-widget-animated-headline\" data-id=\"1d93bed7\" data-element_type=\"widget\" data-e-type=\"widget\" data-settings=\"{&quot;marker&quot;:&quot;double&quot;,&quot;highlighted_text&quot;:&quot;HISTORIQUE&quot;,&quot;headline_style&quot;:&quot;highlight&quot;,&quot;loop&quot;:&quot;yes&quot;,&quot;highlight_animation_duration&quot;:1200,&quot;highlight_iteration_delay&quot;:8000}\" data-widget_type=\"animated-headline.default\">\n\t\t\t\t<div class=\"elementor-widget-container\">\n\t\t\t\t\t\t\t<h3 class=\"elementor-headline\">\n\t\t\t\t<span class=\"elementor-headline-dynamic-wrapper elementor-headline-text-wrapper\">\n\t\t\t\t\t<span class=\"elementor-headline-dynamic-text elementor-headline-text-active\">HISTORIQUE<\/span>\n\t\t\t\t<\/span>\n\t\t\t\t<\/h3>\n\t\t\t\t\t\t<\/div>\n\t\t\t\t<\/div>\n\t\t\t\t<div class=\"elementor-element elementor-element-6108b73a elementor-widget elementor-widget-text-editor\" data-id=\"6108b73a\" data-element_type=\"widget\" data-e-type=\"widget\" data-widget_type=\"text-editor.default\">\n\t\t\t\t<div class=\"elementor-widget-container\">\n\t\t\t\t\t\t\t\t\t<ul><li>1964 &#8211; 1967: Ecole Normale Secondaire<\/li><li>1967 &#8211; 1968: Ecole Normale Sup\u00e9rieure<\/li><li>1968 &#8211; 1989: Institut Polytechnique de Kankan<\/li><li>1989 \u00e0 nos jours: Universit\u00e9 Julius Ny\u00e9r\u00e9r\u00e9 de Kankan. (UJNK).<\/li><\/ul>\t\t\t\t\t\t\t\t<\/div>\n\t\t\t\t<\/div>\n\t\t\t\t<div class=\"elementor-element elementor-element-613f5f7 elementor-widget-divider--view-line elementor-widget elementor-widget-divider\" data-id=\"613f5f7\" data-element_type=\"widget\" data-e-type=\"widget\" data-widget_type=\"divider.default\">\n\t\t\t\t<div class=\"elementor-widget-container\">\n\t\t\t\t\t\t\t<div class=\"elementor-divider\">\n\t\t\t<span class=\"elementor-divider-separator\">\n\t\t\t\t\t\t<\/span>\n\t\t<\/div>\n\t\t\t\t\t\t<\/div>\n\t\t\t\t<\/div>\n\t\t\t\t<div class=\"elementor-element elementor-element-008ace2 elementor-widget elementor-widget-button\" data-id=\"008ace2\" data-element_type=\"widget\" data-e-type=\"widget\" data-widget_type=\"button.default\">\n\t\t\t\t<div class=\"elementor-widget-container\">\n\t\t\t\t\t\t\t\t\t<div class=\"elementor-button-wrapper\">\n\t\t\t\t\t<a class=\"elementor-button elementor-button-link elementor-size-sm elementor-animation-grow\" href=\"#\">\n\t\t\t\t\t\t<span class=\"elementor-button-content-wrapper\">\n\t\t\t\t\t\t\t\t\t<span class=\"elementor-button-text\">Voir plus<\/span>\n\t\t\t\t\t<\/span>\n\t\t\t\t\t<\/a>\n\t\t\t\t<\/div>\n\t\t\t\t\t\t\t\t<\/div>\n\t\t\t\t<\/div>\n\t\t\t\t\t<\/div>\n\t\t<\/div>\n\t\t\t\t\t<\/div>\n\t\t<\/section>\n\t\t\t\t<section class=\"elementor-section elementor-top-section elementor-element elementor-element-444c47d3 elementor-section-stretched elementor-section-boxed elementor-section-height-default elementor-section-height-default\" data-id=\"444c47d3\" data-element_type=\"section\" data-e-type=\"section\" data-settings=\"{&quot;stretch_section&quot;:&quot;section-stretched&quot;}\">\n\t\t\t\t\t\t<div class=\"elementor-container elementor-column-gap-wide\">\n\t\t\t\t\t<div class=\"elementor-column elementor-col-50 elementor-top-column elementor-element elementor-element-8990820\" data-id=\"8990820\" data-element_type=\"column\" data-e-type=\"column\">\n\t\t\t<div class=\"elementor-widget-wrap elementor-element-populated\">\n\t\t\t\t\t\t<div class=\"elementor-element elementor-element-4aa6c5f elementor-headline--style-highlight elementor-widget elementor-widget-animated-headline\" data-id=\"4aa6c5f\" data-element_type=\"widget\" data-e-type=\"widget\" data-settings=\"{&quot;marker&quot;:&quot;curly&quot;,&quot;highlighted_text&quot;:&quot;STATUT&quot;,&quot;headline_style&quot;:&quot;highlight&quot;,&quot;loop&quot;:&quot;yes&quot;,&quot;highlight_animation_duration&quot;:1200,&quot;highlight_iteration_delay&quot;:8000}\" data-widget_type=\"animated-headline.default\">\n\t\t\t\t<div class=\"elementor-widget-container\">\n\t\t\t\t\t\t\t<h3 class=\"elementor-headline\">\n\t\t\t\t<span class=\"elementor-headline-dynamic-wrapper elementor-headline-text-wrapper\">\n\t\t\t\t\t<span class=\"elementor-headline-dynamic-text elementor-headline-text-active\">STATUT<\/span>\n\t\t\t\t<\/span>\n\t\t\t\t<\/h3>\n\t\t\t\t\t\t<\/div>\n\t\t\t\t<\/div>\n\t\t\t\t<div class=\"elementor-element elementor-element-3d7014c8 elementor-widget elementor-widget-text-editor\" data-id=\"3d7014c8\" data-element_type=\"widget\" data-e-type=\"widget\" data-widget_type=\"text-editor.default\">\n\t\t\t\t<div class=\"elementor-widget-container\">\n\t\t\t\t\t\t\t\t\t<p>L&rsquo;UJNK est un \u00e9tablissement public administratif (EPA) \u00e0 caract\u00e8re scientifique, plac\u00e9e sous la tutelle du Minist\u00e8re en charge de l&rsquo;Enseignement Sup\u00e9reiur. Elle est dot\u00e9e de la personnalit\u00e9 morale; d&rsquo;un patrimoine propre et de l&rsquo;autonomie de gestion de ses moyens conform\u00e9ment \u00e0 la l\u00e9gislation et \u00e0 la r\u00e8glementation en vigueur en mati\u00e8re d&rsquo;\u00e9tablissement public en Guin\u00e9e.<br \/>VOCATION<br \/>Assurer la formation universitaire initiale et sp\u00e9cialis\u00e9e, la formation permanente, la production et la diffusion des informations \u00e0 caract\u00e8re scientifique et technique.<\/p>\t\t\t\t\t\t\t\t<\/div>\n\t\t\t\t<\/div>\n\t\t\t\t\t<\/div>\n\t\t<\/div>\n\t\t\t\t<div class=\"elementor-column elementor-col-50 elementor-top-column elementor-element elementor-element-1d9257c2\" data-id=\"1d9257c2\" data-element_type=\"column\" data-e-type=\"column\">\n\t\t\t<div class=\"elementor-widget-wrap elementor-element-populated\">\n\t\t\t\t\t\t<div class=\"elementor-element elementor-element-4b93d610 elementor-widget elementor-widget-image\" data-id=\"4b93d610\" data-element_type=\"widget\" data-e-type=\"widget\" data-widget_type=\"image.default\">\n\t\t\t\t<div class=\"elementor-widget-container\">\n\t\t\t\t\t\t\t\t\t\t\t\t\t\t\t<img decoding=\"async\" width=\"924\" height=\"609\" src=\"https:\/\/www.ujnk.edu.gn\/wp-content\/uploads\/2023\/04\/Kankan__Conference__debat_sur_le_theme___photocalb774-min.jpg\" class=\"attachment-large size-large wp-image-5251\" alt=\"\" \/>\t\t\t\t\t\t\t\t\t\t\t\t\t\t\t<\/div>\n\t\t\t\t<\/div>\n\t\t\t\t\t<\/div>\n\t\t<\/div>\n\t\t\t\t\t<\/div>\n\t\t<\/section>\n\t\t\t\t<section class=\"elementor-section elementor-top-section elementor-element elementor-element-34a0d399 elementor-section-boxed elementor-section-height-default elementor-section-height-default\" data-id=\"34a0d399\" data-element_type=\"section\" data-e-type=\"section\">\n\t\t\t\t\t\t<div class=\"elementor-container elementor-column-gap-default\">\n\t\t\t\t\t<div class=\"elementor-column elementor-col-100 elementor-top-column elementor-element elementor-element-5b70e113\" data-id=\"5b70e113\" data-element_type=\"column\" data-e-type=\"column\">\n\t\t\t<div class=\"elementor-widget-wrap elementor-element-populated\">\n\t\t\t\t\t\t<div class=\"elementor-element elementor-element-6ee8ef9b elementor-widget elementor-widget-spacer\" data-id=\"6ee8ef9b\" data-element_type=\"widget\" data-e-type=\"widget\" data-widget_type=\"spacer.default\">\n\t\t\t\t<div class=\"elementor-widget-container\">\n\t\t\t\t\t\t\t<div class=\"elementor-spacer\">\n\t\t\t<div class=\"elementor-spacer-inner\"><\/div>\n\t\t<\/div>\n\t\t\t\t\t\t<\/div>\n\t\t\t\t<\/div>\n\t\t\t\t\t<\/div>\n\t\t<\/div>\n\t\t\t\t\t<\/div>\n\t\t<\/section>\n\t\t\t\t<section class=\"elementor-section elementor-top-section elementor-element elementor-element-70495cae elementor-section-height-min-height elementor-section-stretched elementor-section-boxed elementor-section-height-default elementor-section-items-middle\" data-id=\"70495cae\" data-element_type=\"section\" data-e-type=\"section\" data-settings=\"{&quot;stretch_section&quot;:&quot;section-stretched&quot;,&quot;background_background&quot;:&quot;classic&quot;}\">\n\t\t\t\t\t\t<div class=\"elementor-container elementor-column-gap-wide\">\n\t\t\t\t\t<div class=\"elementor-column elementor-col-100 elementor-top-column elementor-element elementor-element-1b59a45\" data-id=\"1b59a45\" data-element_type=\"column\" data-e-type=\"column\">\n\t\t\t<div class=\"elementor-widget-wrap elementor-element-populated\">\n\t\t\t\t\t\t<div class=\"elementor-element elementor-element-6067832 elementor-headline--style-highlight elementor-widget elementor-widget-animated-headline\" data-id=\"6067832\" data-element_type=\"widget\" data-e-type=\"widget\" data-settings=\"{&quot;marker&quot;:&quot;double_underline&quot;,&quot;highlighted_text&quot;:&quot;ENGAGEMENT&quot;,&quot;headline_style&quot;:&quot;highlight&quot;,&quot;loop&quot;:&quot;yes&quot;,&quot;highlight_animation_duration&quot;:1200,&quot;highlight_iteration_delay&quot;:8000}\" data-widget_type=\"animated-headline.default\">\n\t\t\t\t<div class=\"elementor-widget-container\">\n\t\t\t\t\t\t\t<h3 class=\"elementor-headline\">\n\t\t\t\t\t<span class=\"elementor-headline-plain-text elementor-headline-text-wrapper\">NOTRE VERITABLE <\/span>\n\t\t\t\t<span class=\"elementor-headline-dynamic-wrapper elementor-headline-text-wrapper\">\n\t\t\t\t\t<span class=\"elementor-headline-dynamic-text elementor-headline-text-active\">ENGAGEMENT<\/span>\n\t\t\t\t<\/span>\n\t\t\t\t<\/h3>\n\t\t\t\t\t\t<\/div>\n\t\t\t\t<\/div>\n\t\t\t\t<div class=\"elementor-element elementor-element-2f0928a elementor-widget elementor-widget-text-editor\" data-id=\"2f0928a\" data-element_type=\"widget\" data-e-type=\"widget\" data-widget_type=\"text-editor.default\">\n\t\t\t\t<div class=\"elementor-widget-container\">\n\t\t\t\t\t\t\t\t\t<p>Les missions de l&rsquo;Universit\u00e9 Julius Ny\u00e9r\u00e9r\u00e9 de Kankan, conform\u00e9ment au D\u00e9cret N\u00b0 175\/PRG\/ SGG\/89 du 27 Septembre 1989, portant statuts des Universit\u00e9s de Conakry et de Kankan, sont :<\/p><ul><li>Assurer la formation universitaire et post-universitaire;\u00a0<\/li><li>Promouvoir le d\u00e9veloppement de la recherche scientifique, la vulgarisation des r\u00e9sultats de la recherche et l&rsquo;acquisition des technologies;\u00a0<\/li><li>Contribuer au d\u00e9veloppement du pays en g\u00e9n\u00e9ral et de la zone d&rsquo;implantation en particulier;<\/li><li>D\u00e9velopper le partenariat \u00e0 l&rsquo;\u00e9chelle nationale et internationale;\u00a0<\/li><li>Contribuer au d\u00e9veloppement et \u00e0 la promotion des activit\u00e9s culturelles, sportives et socio \u00e9ducatives notamment \u00e0 l&rsquo;intention de la jeunesse estudiantine.<\/li><\/ul>\t\t\t\t\t\t\t\t<\/div>\n\t\t\t\t<\/div>\n\t\t\t\t\t<\/div>\n\t\t<\/div>\n\t\t\t\t\t<\/div>\n\t\t<\/section>\n\t\t\t\t<\/div>","protected":false},"excerpt":{"rendered":"<p>UNIVERSITE LE RECTEUR Dr Moustapha Sangar\u00e9 est le recteur de l\u2019Universit\u00e9 Julius Nyerere de Kankan depuis le 27 mai 2021. N\u00e9 en 1960, le recteur a fait tout son cursus [&hellip;]<\/p>\n","protected":false},"author":1,"featured_media":0,"parent":0,"menu_order":0,"comment_status":"closed","ping_status":"closed","template":"template-1c.php","meta":{"footnotes":""},"class_list":["post-3633","page","type-page","status-publish","hentry"],"_links":{"self":[{"href":"https:\/\/www.ujnk.edu.gn\/en\/wp-json\/wp\/v2\/pages\/3633","targetHints":{"allow":["GET"]}}],"collection":[{"href":"https:\/\/www.ujnk.edu.gn\/en\/wp-json\/wp\/v2\/pages"}],"about":[{"href":"https:\/\/www.ujnk.edu.gn\/en\/wp-json\/wp\/v2\/types\/page"}],"author":[{"embeddable":true,"href":"https:\/\/www.ujnk.edu.gn\/en\/wp-json\/wp\/v2\/users\/1"}],"replies":[{"embeddable":true,"href":"https:\/\/www.ujnk.edu.gn\/en\/wp-json\/wp\/v2\/comments?post=3633"}],"version-history":[{"count":24,"href":"https:\/\/www.ujnk.edu.gn\/en\/wp-json\/wp\/v2\/pages\/3633\/revisions"}],"predecessor-version":[{"id":5262,"href":"https:\/\/www.ujnk.edu.gn\/en\/wp-json\/wp\/v2\/pages\/3633\/revisions\/5262"}],"wp:attachment":[{"href":"https:\/\/www.ujnk.edu.gn\/en\/wp-json\/wp\/v2\/media?parent=3633"}],"curies":[{"name":"wp","href":"https:\/\/api.w.org\/{rel}","templated":true}]}}