{"id":3398,"date":"2023-01-16T11:12:52","date_gmt":"2023-01-16T10:12:52","guid":{"rendered":"https:\/\/www.ujnk.edu.gn\/?page_id=3398"},"modified":"2023-02-07T11:03:12","modified_gmt":"2023-02-07T10:03:12","slug":"ecole-superieure-des-sciences-de-linformation-essi","status":"publish","type":"page","link":"https:\/\/www.ujnk.edu.gn\/en\/ecole-superieure-des-sciences-de-linformation-essi\/","title":{"rendered":"Ecole sup\u00e9rieure des sciences de l&rsquo;information (ESSI)"},"content":{"rendered":"<div data-elementor-type=\"wp-page\" data-elementor-id=\"3398\" class=\"elementor elementor-3398\">\n\t\t\t\t\t\t<section class=\"elementor-section elementor-top-section elementor-element elementor-element-3426a9 elementor-section-boxed elementor-section-height-default elementor-section-height-default\" data-id=\"3426a9\" data-element_type=\"section\" data-e-type=\"section\">\n\t\t\t\t\t\t<div class=\"elementor-container elementor-column-gap-default\">\n\t\t\t\t\t<div class=\"elementor-column elementor-col-100 elementor-top-column elementor-element elementor-element-10389758\" data-id=\"10389758\" data-element_type=\"column\" data-e-type=\"column\">\n\t\t\t<div class=\"elementor-widget-wrap elementor-element-populated\">\n\t\t\t\t\t\t<div class=\"elementor-element elementor-element-3ceed3a elementor-widget-divider--view-line elementor-widget elementor-widget-divider\" data-id=\"3ceed3a\" data-element_type=\"widget\" data-e-type=\"widget\" data-widget_type=\"divider.default\">\n\t\t\t\t<div class=\"elementor-widget-container\">\n\t\t\t\t\t\t\t<div class=\"elementor-divider\">\n\t\t\t<span class=\"elementor-divider-separator\">\n\t\t\t\t\t\t<\/span>\n\t\t<\/div>\n\t\t\t\t\t\t<\/div>\n\t\t\t\t<\/div>\n\t\t\t\t<div class=\"elementor-element elementor-element-6d4529f0 animated-slow elementor-invisible elementor-widget elementor-widget-heading\" data-id=\"6d4529f0\" data-element_type=\"widget\" data-e-type=\"widget\" data-settings=\"{&quot;_animation&quot;:&quot;fadeInDown&quot;}\" data-widget_type=\"heading.default\">\n\t\t\t\t<div class=\"elementor-widget-container\">\n\t\t\t\t\t<h2 class=\"elementor-heading-title elementor-size-default\">Ecole sup\u00e9rieure des sciences de l'informatique (ESSI)<\/h2>\t\t\t\t<\/div>\n\t\t\t\t<\/div>\n\t\t\t\t<div class=\"elementor-element elementor-element-3ef95bb5 elementor-widget elementor-widget-spacer\" data-id=\"3ef95bb5\" data-element_type=\"widget\" data-e-type=\"widget\" data-widget_type=\"spacer.default\">\n\t\t\t\t<div class=\"elementor-widget-container\">\n\t\t\t\t\t\t\t<div class=\"elementor-spacer\">\n\t\t\t<div class=\"elementor-spacer-inner\"><\/div>\n\t\t<\/div>\n\t\t\t\t\t\t<\/div>\n\t\t\t\t<\/div>\n\t\t\t\t<div class=\"elementor-element elementor-element-600919cb elementor-tabs-view-horizontal elementor-widget elementor-widget-tabs\" data-id=\"600919cb\" data-element_type=\"widget\" data-e-type=\"widget\" data-widget_type=\"tabs.default\">\n\t\t\t\t<div class=\"elementor-widget-container\">\n\t\t\t\t\t\t\t<div class=\"elementor-tabs\">\n\t\t\t<div class=\"elementor-tabs-wrapper\" role=\"tablist\" >\n\t\t\t\t\t\t\t\t\t<div id=\"elementor-tab-title-1611\" class=\"elementor-tab-title elementor-tab-desktop-title\" aria-selected=\"true\" data-tab=\"1\" role=\"tab\" tabindex=\"0\" aria-controls=\"elementor-tab-content-1611\" aria-expanded=\"false\">STATUT<\/div>\n\t\t\t\t\t\t\t\t\t<div id=\"elementor-tab-title-1612\" class=\"elementor-tab-title elementor-tab-desktop-title\" aria-selected=\"false\" data-tab=\"2\" role=\"tab\" tabindex=\"-1\" aria-controls=\"elementor-tab-content-1612\" aria-expanded=\"false\">VOCATION<\/div>\n\t\t\t\t\t\t\t\t\t<div id=\"elementor-tab-title-1613\" class=\"elementor-tab-title elementor-tab-desktop-title\" aria-selected=\"false\" data-tab=\"3\" role=\"tab\" tabindex=\"-1\" aria-controls=\"elementor-tab-content-1613\" aria-expanded=\"false\">MISSION<\/div>\n\t\t\t\t\t\t\t\t\t<div id=\"elementor-tab-title-1614\" class=\"elementor-tab-title elementor-tab-desktop-title\" aria-selected=\"false\" data-tab=\"4\" role=\"tab\" tabindex=\"-1\" aria-controls=\"elementor-tab-content-1614\" aria-expanded=\"false\">STRUCTURE<\/div>\n\t\t\t\t\t\t\t<\/div>\n\t\t\t<div class=\"elementor-tabs-content-wrapper\" role=\"tablist\" aria-orientation=\"vertical\">\n\t\t\t\t\t\t\t\t\t<div class=\"elementor-tab-title elementor-tab-mobile-title\" aria-selected=\"true\" data-tab=\"1\" role=\"tab\" tabindex=\"0\" aria-controls=\"elementor-tab-content-1611\" aria-expanded=\"false\">STATUT<\/div>\n\t\t\t\t\t<div id=\"elementor-tab-content-1611\" class=\"elementor-tab-content elementor-clearfix\" data-tab=\"1\" role=\"tabpanel\" aria-labelledby=\"elementor-tab-title-1611\" tabindex=\"0\" hidden=\"false\"><p>L\u2019Ecole Sup\u00e9rieure des Sciences de l\u2019Information (ESSI) est une composante structurelle de l\u2019Universit\u00e9 Julius Nyerere de Kankan (UJNK). Cr\u00e9\u00e9e par Arr\u00eat\u00e9 n\u00b0 2003\/7651\/MESRS)\/CAB du 23 novembre 2003 dans le cadre de la diversification et la\u00a0 professionnalisation des fili\u00e8res et programmes de formation des institutions d\u2019enseignement sup\u00e9rieur (IES), elle a rang de Facult\u00e9.<\/p><\/div>\n\t\t\t\t\t\t\t\t\t<div class=\"elementor-tab-title elementor-tab-mobile-title\" aria-selected=\"false\" data-tab=\"2\" role=\"tab\" tabindex=\"-1\" aria-controls=\"elementor-tab-content-1612\" aria-expanded=\"false\">VOCATION<\/div>\n\t\t\t\t\t<div id=\"elementor-tab-content-1612\" class=\"elementor-tab-content elementor-clearfix\" data-tab=\"2\" role=\"tabpanel\" aria-labelledby=\"elementor-tab-title-1612\" tabindex=\"0\" hidden=\"hidden\"><p>L\u2019ESSI a pour vocation la\u00a0 formation initiale et continue des professionnels de l\u2019information et de la documentation ainsi que la contribution\u00a0 au d\u00e9veloppement et \u00e0 la promotion de la recherche en sciences de l\u2019information.<\/p><\/div>\n\t\t\t\t\t\t\t\t\t<div class=\"elementor-tab-title elementor-tab-mobile-title\" aria-selected=\"false\" data-tab=\"3\" role=\"tab\" tabindex=\"-1\" aria-controls=\"elementor-tab-content-1613\" aria-expanded=\"false\">MISSION<\/div>\n\t\t\t\t\t<div id=\"elementor-tab-content-1613\" class=\"elementor-tab-content elementor-clearfix\" data-tab=\"3\" role=\"tabpanel\" aria-labelledby=\"elementor-tab-title-1613\" tabindex=\"0\" hidden=\"hidden\"><ul><li>Assurer la formation initiale des cadres moyens et sup\u00e9rieurs en sciences de l\u2019information<\/li><li>Assurer la formation continue des cadres en cours d\u2019emploi ou \u00e0 la recherche de l\u2019emploi<\/li><li>Participer au d\u00e9veloppement et \u00e0 la promotion de la recherche en sciences de l\u2019information<\/li><li>D\u00e9velopper les \u00e9changes et la coop\u00e9ration avec d\u2019autres institutions similaires.<\/li><\/ul><\/div>\n\t\t\t\t\t\t\t\t\t<div class=\"elementor-tab-title elementor-tab-mobile-title\" aria-selected=\"false\" data-tab=\"4\" role=\"tab\" tabindex=\"-1\" aria-controls=\"elementor-tab-content-1614\" aria-expanded=\"false\">STRUCTURE<\/div>\n\t\t\t\t\t<div id=\"elementor-tab-content-1614\" class=\"elementor-tab-content elementor-clearfix\" data-tab=\"4\" role=\"tabpanel\" aria-labelledby=\"elementor-tab-title-1614\" tabindex=\"0\" hidden=\"hidden\"><p>L\u2019Ecole est plac\u00e9e sous l\u2019autorit\u00e9 d\u2019un Directeur assist\u00e9 de deux Directeurs adjoints charg\u00e9s respectivement des Etudes et de la Recherche. Le Directeur est assist\u00e9 dans ses fonctions administratives d\u2019une Secr\u00e9taire de Facult\u00e9.<\/p><p>La structure p\u00e9dagogique est constitu\u00e9e par deux D\u00e9partements\u00a0:<\/p><p><strong>1. Gestion des services d\u2019information et de documentation<\/strong><\/p><p><strong>2. Gestion des documents administratifs et des archives<\/strong><\/p><p>Le D\u00e9partement est dirig\u00e9 par un Chef de D\u00e9partement et est compos\u00e9 de Comit\u00e9 de programme plac\u00e9 sous la responsabilit\u00e9 d\u2019un Directeur de programme.<\/p><p><strong><u>Objectifs<\/u><\/strong><\/p><p>&#8211; Former des personnels capables d\u2019accomplir les diff\u00e9rentes t\u00e2ches de la cha\u00eene documentaire en faisant une large place aux NTIC \u00e0 leurs postes de travail<\/p><p>&#8211; Former des sp\u00e9cialistes de l\u2019information capables d\u2019organiser, g\u00e9rer et animer une unit\u00e9 d\u2019information dans un cadre administratif, scientifique et technique ou autres.<\/p><p>Bref, nos produits (\u00e9tudiants sortants) sont consommables par toutes les administrations (publiques ou priv\u00e9es).<\/p><\/div>\n\t\t\t\t\t\t\t<\/div>\n\t\t<\/div>\n\t\t\t\t\t\t<\/div>\n\t\t\t\t<\/div>\n\t\t\t\t<div class=\"elementor-element elementor-element-68b15a1d elementor-widget elementor-widget-spacer\" data-id=\"68b15a1d\" data-element_type=\"widget\" data-e-type=\"widget\" data-widget_type=\"spacer.default\">\n\t\t\t\t<div class=\"elementor-widget-container\">\n\t\t\t\t\t\t\t<div class=\"elementor-spacer\">\n\t\t\t<div class=\"elementor-spacer-inner\"><\/div>\n\t\t<\/div>\n\t\t\t\t\t\t<\/div>\n\t\t\t\t<\/div>\n\t\t\t\t\t<\/div>\n\t\t<\/div>\n\t\t\t\t\t<\/div>\n\t\t<\/section>\n\t\t\t\t<section class=\"elementor-section elementor-top-section elementor-element elementor-element-f38dc89 elementor-section-boxed elementor-section-height-default elementor-section-height-default\" data-id=\"f38dc89\" data-element_type=\"section\" data-e-type=\"section\">\n\t\t\t\t\t\t<div class=\"elementor-container elementor-column-gap-default\">\n\t\t\t\t\t<div class=\"elementor-column elementor-col-100 elementor-top-column elementor-element elementor-element-652d25cf\" data-id=\"652d25cf\" data-element_type=\"column\" data-e-type=\"column\">\n\t\t\t<div class=\"elementor-widget-wrap elementor-element-populated\">\n\t\t\t\t\t\t<div class=\"elementor-element elementor-element-66298fe6 elementor-headline--style-highlight elementor-widget elementor-widget-animated-headline\" data-id=\"66298fe6\" data-element_type=\"widget\" data-e-type=\"widget\" data-settings=\"{&quot;marker&quot;:&quot;underline_zigzag&quot;,&quot;highlighted_text&quot;:&quot;administratif&quot;,&quot;headline_style&quot;:&quot;highlight&quot;,&quot;loop&quot;:&quot;yes&quot;,&quot;highlight_animation_duration&quot;:1200,&quot;highlight_iteration_delay&quot;:8000}\" data-widget_type=\"animated-headline.default\">\n\t\t\t\t<div class=\"elementor-widget-container\">\n\t\t\t\t\t\t\t<h3 class=\"elementor-headline\">\n\t\t\t\t\t<span class=\"elementor-headline-plain-text elementor-headline-text-wrapper\">personnel<\/span>\n\t\t\t\t<span class=\"elementor-headline-dynamic-wrapper elementor-headline-text-wrapper\">\n\t\t\t\t\t<span class=\"elementor-headline-dynamic-text elementor-headline-text-active\">administratif<\/span>\n\t\t\t\t<\/span>\n\t\t\t\t<\/h3>\n\t\t\t\t\t\t<\/div>\n\t\t\t\t<\/div>\n\t\t\t\t<div class=\"elementor-element elementor-element-a0659f4 elementor-tab elementor-widget elementor-widget-text-editor\" data-id=\"a0659f4\" data-element_type=\"widget\" data-e-type=\"widget\" data-widget_type=\"text-editor.default\">\n\t\t\t\t<div class=\"elementor-widget-container\">\n\t\t\t\t\t\t\t\t\t<table><tbody><tr><td width=\"33\"><strong>N\u00b0<\/strong><\/td><td width=\"117\"><strong>Pr\u00e9noms et Nom<\/strong><\/td><td width=\"135\"><strong>Postes<\/strong><\/td><td width=\"203\"><strong>e-mails \/ contacts<\/strong><\/td><td width=\"219\"><strong>Photos <\/strong><\/td><\/tr><tr><td width=\"33\">1<\/td><td rowspan=\"2\" width=\"117\"><p>\u00a0<\/p><p>Aboubacar 1 SYLLA<\/p><\/td><td width=\"135\">Directeur G\u00e9n\u00e9ral par int\u00e9rim<\/td><td rowspan=\"2\" width=\"203\"><a href=\"mailto:bakarydjan80@gmail.com\">bakarydjan80@gmail.com<\/a><br \/>628631204<\/td><td rowspan=\"2\" width=\"219\"><img decoding=\"async\" class=\"alignnone wp-image-2220\" src=\"https:\/\/www.ujnk.edu.gn\/wp-content\/uploads\/2022\/12\/SYLLA.jpg\" alt=\"\" width=\"96\" height=\"116\" srcset=\"https:\/\/www.ujnk.edu.gn\/wp-content\/uploads\/2022\/12\/SYLLA.jpg 383w, https:\/\/www.ujnk.edu.gn\/wp-content\/uploads\/2022\/12\/SYLLA-247x300.jpg 247w, https:\/\/www.ujnk.edu.gn\/wp-content\/uploads\/2022\/12\/SYLLA-10x12.jpg 10w, https:\/\/www.ujnk.edu.gn\/wp-content\/uploads\/2022\/12\/SYLLA-41x50.jpg 41w\" sizes=\"(max-width: 96px) 100vw, 96px\" \/><\/td><\/tr><tr><td width=\"33\">\u00a0<\/td><td width=\"135\">Directeur G\u00e9n\u00e9ral charg\u00e9 des \u00e9tudes<\/td><\/tr><tr><td width=\"33\">2<\/td><td width=\"117\">Alseny A\u00efssata CAMARA<\/td><td width=\"135\">Directeur G\u00e9n\u00e9ral charg\u00e9 de la recherche<\/td><td width=\"203\"><a href=\"mailto:alcamara2007@gmail.com\">alcamara2007@gmail.com<\/a><br \/>628492772<\/td><td width=\"219\"><img decoding=\"async\" class=\"alignnone wp-image-2218\" src=\"https:\/\/www.ujnk.edu.gn\/wp-content\/uploads\/2022\/12\/CAMARA.jpg\" alt=\"\" width=\"135\" height=\"135\" srcset=\"https:\/\/www.ujnk.edu.gn\/wp-content\/uploads\/2022\/12\/CAMARA.jpg 1080w, https:\/\/www.ujnk.edu.gn\/wp-content\/uploads\/2022\/12\/CAMARA-300x300.jpg 300w, https:\/\/www.ujnk.edu.gn\/wp-content\/uploads\/2022\/12\/CAMARA-1024x1024.jpg 1024w, https:\/\/www.ujnk.edu.gn\/wp-content\/uploads\/2022\/12\/CAMARA-150x150.jpg 150w, https:\/\/www.ujnk.edu.gn\/wp-content\/uploads\/2022\/12\/CAMARA-768x768.jpg 768w, https:\/\/www.ujnk.edu.gn\/wp-content\/uploads\/2022\/12\/CAMARA-12x12.jpg 12w, https:\/\/www.ujnk.edu.gn\/wp-content\/uploads\/2022\/12\/CAMARA-375x375.jpg 375w, https:\/\/www.ujnk.edu.gn\/wp-content\/uploads\/2022\/12\/CAMARA-50x50.jpg 50w\" sizes=\"(max-width: 135px) 100vw, 135px\" \/><\/td><\/tr><tr><td width=\"33\">3<\/td><td width=\"117\">Louise SONOZALA<\/td><td width=\"135\">Secr\u00e9taire de Direction<\/td><td width=\"203\"><a href=\"mailto:louisesonozala84@gmail.com\">louisesonozala84@gmail.com<\/a><br \/>622595645<\/td><td width=\"219\"><img decoding=\"async\" class=\"alignnone wp-image-2219\" src=\"https:\/\/www.ujnk.edu.gn\/wp-content\/uploads\/2022\/12\/SONOZALA.jpg\" alt=\"\" width=\"64\" height=\"142\" srcset=\"https:\/\/www.ujnk.edu.gn\/wp-content\/uploads\/2022\/12\/SONOZALA.jpg 486w, https:\/\/www.ujnk.edu.gn\/wp-content\/uploads\/2022\/12\/SONOZALA-135x300.jpg 135w, https:\/\/www.ujnk.edu.gn\/wp-content\/uploads\/2022\/12\/SONOZALA-461x1024.jpg 461w, https:\/\/www.ujnk.edu.gn\/wp-content\/uploads\/2022\/12\/SONOZALA-5x12.jpg 5w, https:\/\/www.ujnk.edu.gn\/wp-content\/uploads\/2022\/12\/SONOZALA-23x50.jpg 23w\" sizes=\"(max-width: 64px) 100vw, 64px\" \/><\/td><\/tr><tr><td width=\"33\">4<\/td><td width=\"117\">Dr S\u00e9kou KAMANO<\/td><td width=\"135\">Chef de d\u00e9partement Documentation<\/td><td width=\"203\">628765453<\/td><td width=\"219\">\u00a0<\/td><\/tr><tr><td width=\"33\">5<\/td><td width=\"117\">Mamoudou CAMARA<\/td><td width=\"135\">Chef de d\u00e9partement Archives<\/td><td width=\"203\"><a href=\"mailto:moudcamikc@gmail.com\">moudcamikc@gmail.com<\/a><br \/>628385816<\/td><td width=\"219\"><img loading=\"lazy\" decoding=\"async\" class=\"alignnone wp-image-2224\" src=\"https:\/\/www.ujnk.edu.gn\/wp-content\/uploads\/2022\/12\/mamoudou-CAMARA.jpg\" alt=\"\" width=\"161\" height=\"69\" srcset=\"https:\/\/www.ujnk.edu.gn\/wp-content\/uploads\/2022\/12\/mamoudou-CAMARA.jpg 1008w, https:\/\/www.ujnk.edu.gn\/wp-content\/uploads\/2022\/12\/mamoudou-CAMARA-300x129.jpg 300w, https:\/\/www.ujnk.edu.gn\/wp-content\/uploads\/2022\/12\/mamoudou-CAMARA-768x329.jpg 768w, https:\/\/www.ujnk.edu.gn\/wp-content\/uploads\/2022\/12\/mamoudou-CAMARA-18x8.jpg 18w, https:\/\/www.ujnk.edu.gn\/wp-content\/uploads\/2022\/12\/mamoudou-CAMARA-117x50.jpg 117w\" sizes=\"(max-width: 161px) 100vw, 161px\" \/><\/td><\/tr><tr><td width=\"33\">6<\/td><td width=\"117\">Fadama OULARE<\/td><td width=\"135\">Directeur de programme du d\u00e9partement Archives<\/td><td width=\"203\"><a href=\"mailto:fadamaoulare@gmail.com\">fadamaoulare@gmail.com<\/a><br \/>622017330<\/td><td width=\"219\"><img loading=\"lazy\" decoding=\"async\" class=\"alignnone wp-image-2222\" src=\"https:\/\/www.ujnk.edu.gn\/wp-content\/uploads\/2022\/12\/fadama-OULARE.jpg\" alt=\"\" width=\"105\" height=\"123\" srcset=\"https:\/\/www.ujnk.edu.gn\/wp-content\/uploads\/2022\/12\/fadama-OULARE.jpg 327w, https:\/\/www.ujnk.edu.gn\/wp-content\/uploads\/2022\/12\/fadama-OULARE-256x300.jpg 256w, https:\/\/www.ujnk.edu.gn\/wp-content\/uploads\/2022\/12\/fadama-OULARE-10x12.jpg 10w, https:\/\/www.ujnk.edu.gn\/wp-content\/uploads\/2022\/12\/fadama-OULARE-43x50.jpg 43w\" sizes=\"(max-width: 105px) 100vw, 105px\" \/><\/td><\/tr><tr><td width=\"33\">7<\/td><td width=\"117\">Gn\u00e9k\u00e9r\u00e9 CAMARA<\/td><td width=\"135\">Directeur de programme du d\u00e9partement Documentation<\/td><td width=\"203\"><a href=\"mailto:camaradegama@gmail.com\">camaradegama@gmail.com<\/a><br \/>623841985<\/td><td width=\"219\"><img loading=\"lazy\" decoding=\"async\" class=\"alignnone wp-image-2223\" src=\"https:\/\/www.ujnk.edu.gn\/wp-content\/uploads\/2022\/12\/gnekere-CAMARA.jpg\" alt=\"\" width=\"156\" height=\"110\" srcset=\"https:\/\/www.ujnk.edu.gn\/wp-content\/uploads\/2022\/12\/gnekere-CAMARA.jpg 1122w, https:\/\/www.ujnk.edu.gn\/wp-content\/uploads\/2022\/12\/gnekere-CAMARA-300x211.jpg 300w, https:\/\/www.ujnk.edu.gn\/wp-content\/uploads\/2022\/12\/gnekere-CAMARA-1024x722.jpg 1024w, https:\/\/www.ujnk.edu.gn\/wp-content\/uploads\/2022\/12\/gnekere-CAMARA-768x541.jpg 768w, https:\/\/www.ujnk.edu.gn\/wp-content\/uploads\/2022\/12\/gnekere-CAMARA-18x12.jpg 18w, https:\/\/www.ujnk.edu.gn\/wp-content\/uploads\/2022\/12\/gnekere-CAMARA-71x50.jpg 71w\" sizes=\"(max-width: 156px) 100vw, 156px\" \/><\/td><\/tr><\/tbody><\/table>\t\t\t\t\t\t\t\t<\/div>\n\t\t\t\t<\/div>\n\t\t\t\t\t<\/div>\n\t\t<\/div>\n\t\t\t\t\t<\/div>\n\t\t<\/section>\n\t\t\t\t<\/div>","protected":false},"excerpt":{"rendered":"<p>Ecole sup\u00e9rieure des sciences de l&rsquo;informatique (ESSI) STATUT VOCATION MISSION STRUCTURE STATUT L\u2019Ecole Sup\u00e9rieure des Sciences de l\u2019Information (ESSI) est une composante structurelle de l\u2019Universit\u00e9 Julius Nyerere de Kankan (UJNK). [&hellip;]<\/p>\n","protected":false},"author":1,"featured_media":0,"parent":0,"menu_order":0,"comment_status":"closed","ping_status":"closed","template":"template-1c.php","meta":{"footnotes":""},"class_list":["post-3398","page","type-page","status-publish","hentry"],"_links":{"self":[{"href":"https:\/\/www.ujnk.edu.gn\/en\/wp-json\/wp\/v2\/pages\/3398","targetHints":{"allow":["GET"]}}],"collection":[{"href":"https:\/\/www.ujnk.edu.gn\/en\/wp-json\/wp\/v2\/pages"}],"about":[{"href":"https:\/\/www.ujnk.edu.gn\/en\/wp-json\/wp\/v2\/types\/page"}],"author":[{"embeddable":true,"href":"https:\/\/www.ujnk.edu.gn\/en\/wp-json\/wp\/v2\/users\/1"}],"replies":[{"embeddable":true,"href":"https:\/\/www.ujnk.edu.gn\/en\/wp-json\/wp\/v2\/comments?post=3398"}],"version-history":[{"count":46,"href":"https:\/\/www.ujnk.edu.gn\/en\/wp-json\/wp\/v2\/pages\/3398\/revisions"}],"predecessor-version":[{"id":4769,"href":"https:\/\/www.ujnk.edu.gn\/en\/wp-json\/wp\/v2\/pages\/3398\/revisions\/4769"}],"wp:attachment":[{"href":"https:\/\/www.ujnk.edu.gn\/en\/wp-json\/wp\/v2\/media?parent=3398"}],"curies":[{"name":"wp","href":"https:\/\/api.w.org\/{rel}","templated":true}]}}