{"id":3391,"date":"2023-01-16T11:07:37","date_gmt":"2023-01-16T10:07:37","guid":{"rendered":"https:\/\/www.ujnk.edu.gn\/?page_id=3391"},"modified":"2023-01-24T17:04:27","modified_gmt":"2023-01-24T16:04:27","slug":"formation-continue","status":"publish","type":"page","link":"https:\/\/www.ujnk.edu.gn\/en\/formation-continue\/","title":{"rendered":"Formation continue"},"content":{"rendered":"<div data-elementor-type=\"wp-page\" data-elementor-id=\"3391\" class=\"elementor elementor-3391\">\n\t\t\t\t\t\t<section class=\"elementor-section elementor-top-section elementor-element elementor-element-427083c1 elementor-section-boxed elementor-section-height-default elementor-section-height-default\" data-id=\"427083c1\" data-element_type=\"section\" data-e-type=\"section\">\n\t\t\t\t\t\t<div class=\"elementor-container elementor-column-gap-default\">\n\t\t\t\t\t<div class=\"elementor-column elementor-col-100 elementor-top-column elementor-element elementor-element-577b10e\" data-id=\"577b10e\" data-element_type=\"column\" data-e-type=\"column\">\n\t\t\t<div class=\"elementor-widget-wrap elementor-element-populated\">\n\t\t\t\t\t\t<div class=\"elementor-element elementor-element-a35fe20 elementor-widget elementor-widget-spacer\" data-id=\"a35fe20\" data-element_type=\"widget\" data-e-type=\"widget\" data-widget_type=\"spacer.default\">\n\t\t\t\t<div class=\"elementor-widget-container\">\n\t\t\t\t\t\t\t<div class=\"elementor-spacer\">\n\t\t\t<div class=\"elementor-spacer-inner\"><\/div>\n\t\t<\/div>\n\t\t\t\t\t\t<\/div>\n\t\t\t\t<\/div>\n\t\t\t\t<div class=\"elementor-element elementor-element-50895ab elementor-widget-divider--view-line elementor-widget elementor-widget-divider\" data-id=\"50895ab\" data-element_type=\"widget\" data-e-type=\"widget\" data-widget_type=\"divider.default\">\n\t\t\t\t<div class=\"elementor-widget-container\">\n\t\t\t\t\t\t\t<div class=\"elementor-divider\">\n\t\t\t<span class=\"elementor-divider-separator\">\n\t\t\t\t\t\t<\/span>\n\t\t<\/div>\n\t\t\t\t\t\t<\/div>\n\t\t\t\t<\/div>\n\t\t\t\t<div class=\"elementor-element elementor-element-69df12d6 animated-slow elementor-invisible elementor-widget elementor-widget-heading\" data-id=\"69df12d6\" data-element_type=\"widget\" data-e-type=\"widget\" data-settings=\"{&quot;_animation&quot;:&quot;fadeInDown&quot;}\" data-widget_type=\"heading.default\">\n\t\t\t\t<div class=\"elementor-widget-container\">\n\t\t\t\t\t<h2 class=\"elementor-heading-title elementor-size-default\">NOS FORMATION EN CONTINUE DISPONIBLE<\/h2>\t\t\t\t<\/div>\n\t\t\t\t<\/div>\n\t\t\t\t<div class=\"elementor-element elementor-element-2043bafb elementor-widget elementor-widget-spacer\" data-id=\"2043bafb\" data-element_type=\"widget\" data-e-type=\"widget\" data-widget_type=\"spacer.default\">\n\t\t\t\t<div class=\"elementor-widget-container\">\n\t\t\t\t\t\t\t<div class=\"elementor-spacer\">\n\t\t\t<div class=\"elementor-spacer-inner\"><\/div>\n\t\t<\/div>\n\t\t\t\t\t\t<\/div>\n\t\t\t\t<\/div>\n\t\t\t\t\t<\/div>\n\t\t<\/div>\n\t\t\t\t\t<\/div>\n\t\t<\/section>\n\t\t\t\t<section class=\"elementor-section elementor-top-section elementor-element elementor-element-1a3ac234 elementor-section-boxed elementor-section-height-default elementor-section-height-default\" data-id=\"1a3ac234\" data-element_type=\"section\" data-e-type=\"section\">\n\t\t\t\t\t\t<div class=\"elementor-container elementor-column-gap-default\">\n\t\t\t\t\t<div class=\"elementor-column elementor-col-33 elementor-top-column elementor-element elementor-element-5f41edbf\" data-id=\"5f41edbf\" data-element_type=\"column\" data-e-type=\"column\" data-settings=\"{&quot;background_background&quot;:&quot;classic&quot;}\">\n\t\t\t<div class=\"elementor-widget-wrap elementor-element-populated\">\n\t\t\t\t\t\t<div class=\"elementor-element elementor-element-21678e07 elementor-position-top elementor-widget elementor-widget-image-box\" data-id=\"21678e07\" data-element_type=\"widget\" data-e-type=\"widget\" data-widget_type=\"image-box.default\">\n\t\t\t\t<div class=\"elementor-widget-container\">\n\t\t\t\t\t<div class=\"elementor-image-box-wrapper\"><figure class=\"elementor-image-box-img\"><img decoding=\"async\" src=\"https:\/\/www.ujnk.edu.gn\/wp-content\/uploads\/elementor\/thumbs\/graduation-hat-q0qbwer1hc9348aus4j0ndshtorwn3iyispy7nuaqw.png\" title=\"graduation-hat\" alt=\"graduation-hat\" loading=\"lazy\" \/><\/figure><div class=\"elementor-image-box-content\"><h3 class=\"elementor-image-box-title\">Etudes Avanc\u00e9es<\/h3><p class=\"elementor-image-box-description\">Master de biodiversit\u00e9 et \u00e9cologie;\nMaster Sciences Physico-chimiques des mat\u00e9riaux;\nMaster Sciences Sociales (Histoire, G\u00e9ographie, Philosophie et Sociologie).<\/p><\/div><\/div>\t\t\t\t<\/div>\n\t\t\t\t<\/div>\n\t\t\t\t\t<\/div>\n\t\t<\/div>\n\t\t\t\t<div class=\"elementor-column elementor-col-33 elementor-top-column elementor-element elementor-element-143b8145\" data-id=\"143b8145\" data-element_type=\"column\" data-e-type=\"column\" data-settings=\"{&quot;background_background&quot;:&quot;classic&quot;}\">\n\t\t\t<div class=\"elementor-widget-wrap elementor-element-populated\">\n\t\t\t\t\t\t<div class=\"elementor-element elementor-element-3cbb3aea elementor-position-top elementor-widget elementor-widget-image-box\" data-id=\"3cbb3aea\" data-element_type=\"widget\" data-e-type=\"widget\" data-widget_type=\"image-box.default\">\n\t\t\t\t<div class=\"elementor-widget-container\">\n\t\t\t\t\t<div class=\"elementor-image-box-wrapper\"><figure class=\"elementor-image-box-img\"><img decoding=\"async\" src=\"https:\/\/www.ujnk.edu.gn\/wp-content\/uploads\/elementor\/thumbs\/innovation-q0qbwzfhnp1e7ngtfdgt68kmw5xzcft1xn2mrqzmy0.png\" title=\"innovation\" alt=\"innovation\" loading=\"lazy\" \/><\/figure><div class=\"elementor-image-box-content\"><h3 class=\"elementor-image-box-title\">Services d'appui Scientifique et Technique<\/h3><p class=\"elementor-image-box-description\">Biblioth\u00e8que Universitaire (BU);\nCentre de Lecture Am\u00e9ricaine;\nCentre de Perfectionnement en Langue Fran\u00e7aise (CELF);\nLaboratoires;\nService des Editions Universitaires (SEU) ;\nService des Etudes Avanc\u00e9es (SEA).<\/p><\/div><\/div>\t\t\t\t<\/div>\n\t\t\t\t<\/div>\n\t\t\t\t\t<\/div>\n\t\t<\/div>\n\t\t\t\t<div class=\"elementor-column elementor-col-33 elementor-top-column elementor-element elementor-element-3c5ab5e7\" data-id=\"3c5ab5e7\" data-element_type=\"column\" data-e-type=\"column\" data-settings=\"{&quot;background_background&quot;:&quot;classic&quot;}\">\n\t\t\t<div class=\"elementor-widget-wrap elementor-element-populated\">\n\t\t\t\t\t\t<div class=\"elementor-element elementor-element-74cfa953 elementor-position-top elementor-widget elementor-widget-image-box\" data-id=\"74cfa953\" data-element_type=\"widget\" data-e-type=\"widget\" data-widget_type=\"image-box.default\">\n\t\t\t\t<div class=\"elementor-widget-container\">\n\t\t\t\t\t<div class=\"elementor-image-box-wrapper\"><figure class=\"elementor-image-box-img\"><img decoding=\"async\" src=\"https:\/\/www.ujnk.edu.gn\/wp-content\/uploads\/elementor\/thumbs\/gestion-de-la-chaine-logistique-q0qbxegwp1lzdeuyzjyua4s0ebvurlgrbpieg6dc6g.png\" title=\"gestion-de-la-chaine-logistique\" alt=\"gestion-de-la-chaine-logistique\" loading=\"lazy\" \/><\/figure><div class=\"elementor-image-box-content\"><h3 class=\"elementor-image-box-title\">Services d'Appui Logistique Commun<\/h3><p class=\"elementor-image-box-description\"> Administration de la Cit\u00e9;\n- R\u00e9seau Informatique;\n- Appui au D\u00e9senclavement Num\u00e9rique (ADEN);\n- Centre de lecture Am\u00e9ricaine(ARR);\n- Division des Affaires Adminiatrives et Financi\u00e8res (DAAF) - Agence Comptable - Contr\u00f4le Fiancier;\n- Division des Ressources Humaines (DRH);\n- Infirm\u00e9rie Universitaire;\n- Service des Relations Ext\u00e9rieures et de la Coop\u00e9ration Universitaire (RECUST);\n- Service de la Scolarit\u00e9;\n- Service Statistiques, Planification et Projets<\/p><\/div><\/div>\t\t\t\t<\/div>\n\t\t\t\t<\/div>\n\t\t\t\t\t<\/div>\n\t\t<\/div>\n\t\t\t\t\t<\/div>\n\t\t<\/section>\n\t\t\t\t<section class=\"elementor-section elementor-top-section elementor-element elementor-element-2220dc7 elementor-section-boxed elementor-section-height-default elementor-section-height-default\" data-id=\"2220dc7\" data-element_type=\"section\" data-e-type=\"section\">\n\t\t\t\t\t\t<div class=\"elementor-container elementor-column-gap-default\">\n\t\t\t\t\t<div class=\"elementor-column elementor-col-100 elementor-top-column elementor-element elementor-element-2ce138c\" data-id=\"2ce138c\" data-element_type=\"column\" data-e-type=\"column\">\n\t\t\t<div class=\"elementor-widget-wrap elementor-element-populated\">\n\t\t\t\t\t\t<div class=\"elementor-element elementor-element-e5b058e elementor-widget elementor-widget-spacer\" data-id=\"e5b058e\" data-element_type=\"widget\" data-e-type=\"widget\" data-widget_type=\"spacer.default\">\n\t\t\t\t<div class=\"elementor-widget-container\">\n\t\t\t\t\t\t\t<div class=\"elementor-spacer\">\n\t\t\t<div class=\"elementor-spacer-inner\"><\/div>\n\t\t<\/div>\n\t\t\t\t\t\t<\/div>\n\t\t\t\t<\/div>\n\t\t\t\t\t<\/div>\n\t\t<\/div>\n\t\t\t\t\t<\/div>\n\t\t<\/section>\n\t\t\t\t<\/div>","protected":false},"excerpt":{"rendered":"<p>NOS FORMATION EN CONTINUE DISPONIBLE Etudes Avanc\u00e9es Master de biodiversit\u00e9 et \u00e9cologie; Master Sciences Physico-chimiques des mat\u00e9riaux; Master Sciences Sociales (Histoire, G\u00e9ographie, Philosophie et Sociologie). Services d&rsquo;appui Scientifique et Technique [&hellip;]<\/p>\n","protected":false},"author":1,"featured_media":0,"parent":0,"menu_order":0,"comment_status":"closed","ping_status":"closed","template":"template-1c.php","meta":{"footnotes":""},"class_list":["post-3391","page","type-page","status-publish","hentry"],"_links":{"self":[{"href":"https:\/\/www.ujnk.edu.gn\/en\/wp-json\/wp\/v2\/pages\/3391","targetHints":{"allow":["GET"]}}],"collection":[{"href":"https:\/\/www.ujnk.edu.gn\/en\/wp-json\/wp\/v2\/pages"}],"about":[{"href":"https:\/\/www.ujnk.edu.gn\/en\/wp-json\/wp\/v2\/types\/page"}],"author":[{"embeddable":true,"href":"https:\/\/www.ujnk.edu.gn\/en\/wp-json\/wp\/v2\/users\/1"}],"replies":[{"embeddable":true,"href":"https:\/\/www.ujnk.edu.gn\/en\/wp-json\/wp\/v2\/comments?post=3391"}],"version-history":[{"count":30,"href":"https:\/\/www.ujnk.edu.gn\/en\/wp-json\/wp\/v2\/pages\/3391\/revisions"}],"predecessor-version":[{"id":4664,"href":"https:\/\/www.ujnk.edu.gn\/en\/wp-json\/wp\/v2\/pages\/3391\/revisions\/4664"}],"wp:attachment":[{"href":"https:\/\/www.ujnk.edu.gn\/en\/wp-json\/wp\/v2\/media?parent=3391"}],"curies":[{"name":"wp","href":"https:\/\/api.w.org\/{rel}","templated":true}]}}