{"id":3390,"date":"2023-01-16T11:16:16","date_gmt":"2023-01-16T10:16:16","guid":{"rendered":"https:\/\/www.ujnk.edu.gn\/?page_id=3390"},"modified":"2023-02-07T11:38:42","modified_gmt":"2023-02-07T10:38:42","slug":"sciences-du-langage-2","status":"publish","type":"page","link":"https:\/\/www.ujnk.edu.gn\/en\/sciences-du-langage-2\/","title":{"rendered":"Sciences du langage"},"content":{"rendered":"<div data-elementor-type=\"wp-page\" data-elementor-id=\"3390\" class=\"elementor elementor-3390\">\n\t\t\t\t\t\t<section class=\"elementor-section elementor-top-section elementor-element elementor-element-9b8a903 elementor-section-boxed elementor-section-height-default elementor-section-height-default\" data-id=\"9b8a903\" data-element_type=\"section\" data-e-type=\"section\">\n\t\t\t\t\t\t<div class=\"elementor-container elementor-column-gap-default\">\n\t\t\t\t\t<div class=\"elementor-column elementor-col-100 elementor-top-column elementor-element elementor-element-1653b4b\" data-id=\"1653b4b\" data-element_type=\"column\" data-e-type=\"column\">\n\t\t\t<div class=\"elementor-widget-wrap elementor-element-populated\">\n\t\t\t\t\t\t<div class=\"elementor-element elementor-element-7d096ca elementor-widget-divider--view-line elementor-widget elementor-widget-divider\" data-id=\"7d096ca\" data-element_type=\"widget\" data-e-type=\"widget\" data-widget_type=\"divider.default\">\n\t\t\t\t<div class=\"elementor-widget-container\">\n\t\t\t\t\t\t\t<div class=\"elementor-divider\">\n\t\t\t<span class=\"elementor-divider-separator\">\n\t\t\t\t\t\t<\/span>\n\t\t<\/div>\n\t\t\t\t\t\t<\/div>\n\t\t\t\t<\/div>\n\t\t\t\t<div class=\"elementor-element elementor-element-3fcdc9c elementor-invisible elementor-widget elementor-widget-heading\" data-id=\"3fcdc9c\" data-element_type=\"widget\" data-e-type=\"widget\" data-settings=\"{&quot;_animation&quot;:&quot;fadeInDown&quot;}\" data-widget_type=\"heading.default\">\n\t\t\t\t<div class=\"elementor-widget-container\">\n\t\t\t\t\t<h2 class=\"elementor-heading-title elementor-size-default\">SCIENCES DU LANGAGE<\/h2>\t\t\t\t<\/div>\n\t\t\t\t<\/div>\n\t\t\t\t<div class=\"elementor-element elementor-element-56f866e elementor-widget elementor-widget-spacer\" data-id=\"56f866e\" data-element_type=\"widget\" data-e-type=\"widget\" data-widget_type=\"spacer.default\">\n\t\t\t\t<div class=\"elementor-widget-container\">\n\t\t\t\t\t\t\t<div class=\"elementor-spacer\">\n\t\t\t<div class=\"elementor-spacer-inner\"><\/div>\n\t\t<\/div>\n\t\t\t\t\t\t<\/div>\n\t\t\t\t<\/div>\n\t\t\t\t<div class=\"elementor-element elementor-element-aa54887 elementor-tabs-view-horizontal elementor-widget elementor-widget-tabs\" data-id=\"aa54887\" data-element_type=\"widget\" data-e-type=\"widget\" data-widget_type=\"tabs.default\">\n\t\t\t\t<div class=\"elementor-widget-container\">\n\t\t\t\t\t\t\t<div class=\"elementor-tabs\">\n\t\t\t<div class=\"elementor-tabs-wrapper\" role=\"tablist\" >\n\t\t\t\t\t\t\t\t\t<div id=\"elementor-tab-title-1781\" class=\"elementor-tab-title elementor-tab-desktop-title\" aria-selected=\"true\" data-tab=\"1\" role=\"tab\" tabindex=\"0\" aria-controls=\"elementor-tab-content-1781\" aria-expanded=\"false\">CONTEXTE <\/div>\n\t\t\t\t\t\t\t\t\t<div id=\"elementor-tab-title-1782\" class=\"elementor-tab-title elementor-tab-desktop-title\" aria-selected=\"false\" data-tab=\"2\" role=\"tab\" tabindex=\"-1\" aria-controls=\"elementor-tab-content-1782\" aria-expanded=\"false\">LA FACULT\u00c9 DES LANGUES ET LETTRES<\/div>\n\t\t\t\t\t\t\t\t\t<div id=\"elementor-tab-title-1783\" class=\"elementor-tab-title elementor-tab-desktop-title\" aria-selected=\"false\" data-tab=\"3\" role=\"tab\" tabindex=\"-1\" aria-controls=\"elementor-tab-content-1783\" aria-expanded=\"false\">LE D\u00c9PARTEMENT<\/div>\n\t\t\t\t\t\t\t\t\t<div id=\"elementor-tab-title-1784\" class=\"elementor-tab-title elementor-tab-desktop-title\" aria-selected=\"false\" data-tab=\"4\" role=\"tab\" tabindex=\"-1\" aria-controls=\"elementor-tab-content-1784\" aria-expanded=\"false\">LES DEBOUCHES<\/div>\n\t\t\t\t\t\t\t<\/div>\n\t\t\t<div class=\"elementor-tabs-content-wrapper\" role=\"tablist\" aria-orientation=\"vertical\">\n\t\t\t\t\t\t\t\t\t<div class=\"elementor-tab-title elementor-tab-mobile-title\" aria-selected=\"true\" data-tab=\"1\" role=\"tab\" tabindex=\"0\" aria-controls=\"elementor-tab-content-1781\" aria-expanded=\"false\">CONTEXTE <\/div>\n\t\t\t\t\t<div id=\"elementor-tab-content-1781\" class=\"elementor-tab-content elementor-clearfix\" data-tab=\"1\" role=\"tabpanel\" aria-labelledby=\"elementor-tab-title-1781\" tabindex=\"0\" hidden=\"false\"><p>C\u2019est en 1964 que l\u2019h\u00f4pital r\u00e9gional de Kankan, d\u2019une capacit\u00e9 de 500 lits \u00e9t\u00e9 \u00e9rig\u00e9 en Ecole Normale Secondaire ayant pour vocation la formation des enseignants de coll\u00e8ge et lyc\u00e9es dont le Pays avait tant besoin au lendemain de son ind\u00e9pendance.\u00a0Puis, elle est devenue, successivement, Ecole Normale Sup\u00e9rieure en 1966, Institut Polytechnique en 1969 et enfin, Universit\u00e9 Julius Nyerere en 1989 suivant l\u2019ordonnance No 069 PRG\/SGG\/89 du 27 octobre 1989 portant cr\u00e9ation des Universit\u00e9s Gamal Abder Nasser de Conakry(UGANC) et Julius Nyerere de Kankan(UJNK).<\/p><p>L\u2019Universit\u00e9 Julius Nyerere de Kankan est situ\u00e9e dans la commune urbaine de Kankan, sur un espace de 4hectares environ. Elle est distante de Conakry de quelque 700km. C\u2019est un \u00e9tablissement public \u00e0 caract\u00e8re scientifique plac\u00e9 sous la tutelle du Minist\u00e8re de l\u2019Enseignement Sup\u00e9rieur de la Recherche Scientifique et de l\u2019Innovation par le d\u00e9cret No 175.<\/p><p>L\u2019Universit\u00e9 Julius Nyerere de Kankan est compos\u00e9e de quatre facult\u00e9s\u00a0: la facult\u00e9 des Langues et Lettres(FLL)\u00a0; la facult\u00e9 des Sciences Sociales(FSS)\u00a0; la facult\u00e9 des Sciences Economiques et de Gestion(FSEG)\u00a0; la facult\u00e9 des Sciences de la Nature(FSN) et une Ecole Sup\u00e9rieure des Sciences de l\u2019Information(ESSI).<\/p><p>Chaque facult\u00e9 est dirig\u00e9e par un Doyen de Facult\u00e9, assist\u00e9 de deux Vices-doyens et un Secr\u00e9taire de facult\u00e9. L\u2019Ecole Sup\u00e9rieure est dirig\u00e9e par un Directeur g\u00e9n\u00e9ral \u00e9galement assist\u00e9 par deux Vices-doyens et un Secr\u00e9taire.<\/p><\/div>\n\t\t\t\t\t\t\t\t\t<div class=\"elementor-tab-title elementor-tab-mobile-title\" aria-selected=\"false\" data-tab=\"2\" role=\"tab\" tabindex=\"-1\" aria-controls=\"elementor-tab-content-1782\" aria-expanded=\"false\">LA FACULT\u00c9 DES LANGUES ET LETTRES<\/div>\n\t\t\t\t\t<div id=\"elementor-tab-content-1782\" class=\"elementor-tab-content elementor-clearfix\" data-tab=\"2\" role=\"tabpanel\" aria-labelledby=\"elementor-tab-title-1782\" tabindex=\"0\" hidden=\"hidden\"><p>La facult\u00e9 des Langues et Lettres comprend quatre d\u00e9partements\u00a0: le d\u00e9partement de Lettres modernes\u00a0; le d\u00e9partement des Sciences du Langage\u00a0; le d\u00e9partement d\u2019anglais\u00a0; le d\u00e9partement de langue Arabe et un Centre d\u2019Etudes de la Langue fran\u00e7aise(CELF).<\/p><p>Chaque d\u00e9partement est dirig\u00e9 par un Chef de d\u00e9partement assist\u00e9 par un Directeur de Programme.<\/p><\/div>\n\t\t\t\t\t\t\t\t\t<div class=\"elementor-tab-title elementor-tab-mobile-title\" aria-selected=\"false\" data-tab=\"3\" role=\"tab\" tabindex=\"-1\" aria-controls=\"elementor-tab-content-1783\" aria-expanded=\"false\">LE D\u00c9PARTEMENT<\/div>\n\t\t\t\t\t<div id=\"elementor-tab-content-1783\" class=\"elementor-tab-content elementor-clearfix\" data-tab=\"3\" role=\"tabpanel\" aria-labelledby=\"elementor-tab-title-1783\" tabindex=\"0\" hidden=\"hidden\"><p>Le d\u00e9partement des Sciences du Langage appartient \u00e0 la Facult\u00e9 des Langues et Lettres. Il est inscrit dans une licence fondamentale. Les \u00e9tudes durent trois ans avec 30 cours, totalisant 180 cr\u00e9dits. Les cours inscrits dans le Programme sont\u00a0:<\/p><p><strong><u>Les cours obligatoires\u00a0:<\/u><\/strong><\/p><ul><li>Initiation \u00e0 la linguistique,<\/li><li>Structuralisme,<\/li><li>Phon\u00e9tique-phonologie,<\/li><li>Morphologie,<\/li><li>S\u00e9mantique lexicale,<\/li><li>Lexicologie, Ecrits universitaires,<\/li><li>Initiation \u00e0 l\u2019informatique,<\/li><li>Syntaxe,<\/li><li>Sociolinguistique,<\/li><li>Psycholinguistique et acquisition des langues,<\/li><li>Analyse du discours et pragmatique,<\/li><li>M\u00e9thodologie de l\u2019enseignement du fran\u00e7ais ,<\/li><li>Typologie des textes,<\/li><li>Analyse des textes,<\/li><li>Exploitation des textes litt\u00e9raires,<\/li><li>Evaluation des apprentissages,<\/li><li>Stage,<\/li><li>Didactique des langues,<\/li><li>Anglais 1, Anglais2, Anglais 3 , Anglais 4 ,<\/li><li>P\u00e9dagogie g\u00e9n\u00e9rale,<\/li><li>Psychologie de l\u2019adolescence,<\/li><li>Initiation \u00e0 la Recherche.<\/li><\/ul><p><strong><u>Les cours optionnels\u00a0:<\/u><\/strong><\/p><ul><li>Grammaire pratique du fran\u00e7ais,<\/li><li>Phon\u00e9tique historique du fran\u00e7ais,<\/li><li>Ecrits professionnels,<\/li><li>Etude descriptive des langues \u00e0 classe.<\/li><\/ul><\/div>\n\t\t\t\t\t\t\t\t\t<div class=\"elementor-tab-title elementor-tab-mobile-title\" aria-selected=\"false\" data-tab=\"4\" role=\"tab\" tabindex=\"-1\" aria-controls=\"elementor-tab-content-1784\" aria-expanded=\"false\">LES DEBOUCHES<\/div>\n\t\t\t\t\t<div id=\"elementor-tab-content-1784\" class=\"elementor-tab-content elementor-clearfix\" data-tab=\"4\" role=\"tabpanel\" aria-labelledby=\"elementor-tab-title-1784\" tabindex=\"0\" hidden=\"hidden\"><p>Les \u00e9tudiants dipl\u00f4m\u00e9s du programme des Sciences du langage pourront occuper les emplois suivants\u00a0:<\/p><ul><li>Communicateurs en langues nationales et en fran\u00e7ais (journalisme) ;<\/li><li>Professeurs de fran\u00e7ais ;<\/li><li>Professeurs de langues nationales ou de formateurs d\u2019enseignants du primaire ;<\/li><li>Agents de recherche en linguistique appliqu\u00e9e \u00e0 l\u2019Institut de Recherche en Linguistique Appliqu\u00e9e(IRLA) ;<\/li><li>Fondateurs et \/ou g\u00e9rants de centres de formation ou d\u2019Institut secondaires ou sup\u00e9rieurs de langues et communication. Si non enseignants dans ces Instituts et Centres ;<\/li><li>Lecteurs et correcteurs de texte dans les maisons d\u2019\u00e9dition ;<\/li><li>Secr\u00e9taires de bureau.<\/li><\/ul><\/div>\n\t\t\t\t\t\t\t<\/div>\n\t\t<\/div>\n\t\t\t\t\t\t<\/div>\n\t\t\t\t<\/div>\n\t\t\t\t<div class=\"elementor-element elementor-element-7a2818d elementor-widget elementor-widget-spacer\" data-id=\"7a2818d\" data-element_type=\"widget\" data-e-type=\"widget\" data-widget_type=\"spacer.default\">\n\t\t\t\t<div class=\"elementor-widget-container\">\n\t\t\t\t\t\t\t<div class=\"elementor-spacer\">\n\t\t\t<div class=\"elementor-spacer-inner\"><\/div>\n\t\t<\/div>\n\t\t\t\t\t\t<\/div>\n\t\t\t\t<\/div>\n\t\t\t\t<div class=\"elementor-element elementor-element-ae679dd elementor-headline--style-highlight elementor-widget elementor-widget-animated-headline\" data-id=\"ae679dd\" data-element_type=\"widget\" data-e-type=\"widget\" data-settings=\"{&quot;marker&quot;:&quot;underline_zigzag&quot;,&quot;highlighted_text&quot;:&quot;RESPONSABLES&quot;,&quot;headline_style&quot;:&quot;highlight&quot;,&quot;loop&quot;:&quot;yes&quot;,&quot;highlight_animation_duration&quot;:1200,&quot;highlight_iteration_delay&quot;:8000}\" data-widget_type=\"animated-headline.default\">\n\t\t\t\t<div class=\"elementor-widget-container\">\n\t\t\t\t\t\t\t<h3 class=\"elementor-headline\">\n\t\t\t\t<span class=\"elementor-headline-dynamic-wrapper elementor-headline-text-wrapper\">\n\t\t\t\t\t<span class=\"elementor-headline-dynamic-text elementor-headline-text-active\">RESPONSABLES<\/span>\n\t\t\t\t<\/span>\n\t\t\t\t<\/h3>\n\t\t\t\t\t\t<\/div>\n\t\t\t\t<\/div>\n\t\t\t\t<div class=\"elementor-element elementor-element-8fc78cd elementor-tab elementor-widget elementor-widget-text-editor\" data-id=\"8fc78cd\" data-element_type=\"widget\" data-e-type=\"widget\" data-widget_type=\"text-editor.default\">\n\t\t\t\t<div class=\"elementor-widget-container\">\n\t\t\t\t\t\t\t\t\t<table width=\"0\"><tbody><tr><td width=\"28\">N\u00b0<\/td><td width=\"110\">Pr\u00e9noms et nom<\/td><td width=\"94\">Fonction<\/td><td width=\"75\">Matricule<\/td><td width=\"66\">Dernier dipl\u00f4me<\/td><td width=\"75\">Grade acad\u00e9mique<\/td><td width=\"92\">Cours dispens\u00e9<\/td><td width=\"226\">E-mail<\/td><td width=\"83\">Contact<\/td><\/tr><tr><td width=\"28\">1<\/td><td width=\"110\">Moussa KEITA<\/td><td width=\"94\">Chef de d\u00e9partement des Sciences du Langage<\/td><td width=\"75\">190291 M<\/td><td width=\"66\">Master<\/td><td width=\"75\">Assistant<\/td><td width=\"92\">Typologie des textes<\/td><td width=\"206\"><a href=\"mailto:Moussakeitak245@gmail.com\">Moussakeitak245@gmail.com<\/a><\/td><td width=\"83\">628 87 44 95<\/td><\/tr><tr><td width=\"28\">2<\/td><td width=\"110\">C\u00e9c\u00e9 Jean-Paul LOUA<\/td><td width=\"94\">Directeur de programme du d\u00e9partement des Sciences du Langage<\/td><td width=\"75\">212741 B<\/td><td width=\"66\">Ma\u00eetrise<\/td><td width=\"75\">Assistant<\/td><td width=\"92\">Syntaxe<\/td><td width=\"226\"><a href=\"mailto:louacecejeanpaul@gmail.com\">louacecejeanpaul@gmail.com<\/a>\u00a0\u00a0<\/td><td width=\"83\">621 01 79 35<\/td><\/tr><\/tbody><\/table>\t\t\t\t\t\t\t\t<\/div>\n\t\t\t\t<\/div>\n\t\t\t\t<div class=\"elementor-element elementor-element-dd3a49c elementor-widget elementor-widget-spacer\" data-id=\"dd3a49c\" data-element_type=\"widget\" data-e-type=\"widget\" data-widget_type=\"spacer.default\">\n\t\t\t\t<div class=\"elementor-widget-container\">\n\t\t\t\t\t\t\t<div class=\"elementor-spacer\">\n\t\t\t<div class=\"elementor-spacer-inner\"><\/div>\n\t\t<\/div>\n\t\t\t\t\t\t<\/div>\n\t\t\t\t<\/div>\n\t\t\t\t\t<\/div>\n\t\t<\/div>\n\t\t\t\t\t<\/div>\n\t\t<\/section>\n\t\t\t\t<\/div>","protected":false},"excerpt":{"rendered":"<p>SCIENCES DU LANGAGE CONTEXTE LA FACULT\u00c9 DES LANGUES ET LETTRES LE D\u00c9PARTEMENT LES DEBOUCHES CONTEXTE C\u2019est en 1964 que l\u2019h\u00f4pital r\u00e9gional de Kankan, d\u2019une capacit\u00e9 de 500 lits \u00e9t\u00e9 \u00e9rig\u00e9 [&hellip;]<\/p>\n","protected":false},"author":1,"featured_media":0,"parent":0,"menu_order":0,"comment_status":"closed","ping_status":"closed","template":"template-1c.php","meta":{"footnotes":""},"class_list":["post-3390","page","type-page","status-publish","hentry"],"_links":{"self":[{"href":"https:\/\/www.ujnk.edu.gn\/en\/wp-json\/wp\/v2\/pages\/3390","targetHints":{"allow":["GET"]}}],"collection":[{"href":"https:\/\/www.ujnk.edu.gn\/en\/wp-json\/wp\/v2\/pages"}],"about":[{"href":"https:\/\/www.ujnk.edu.gn\/en\/wp-json\/wp\/v2\/types\/page"}],"author":[{"embeddable":true,"href":"https:\/\/www.ujnk.edu.gn\/en\/wp-json\/wp\/v2\/users\/1"}],"replies":[{"embeddable":true,"href":"https:\/\/www.ujnk.edu.gn\/en\/wp-json\/wp\/v2\/comments?post=3390"}],"version-history":[{"count":39,"href":"https:\/\/www.ujnk.edu.gn\/en\/wp-json\/wp\/v2\/pages\/3390\/revisions"}],"predecessor-version":[{"id":4786,"href":"https:\/\/www.ujnk.edu.gn\/en\/wp-json\/wp\/v2\/pages\/3390\/revisions\/4786"}],"wp:attachment":[{"href":"https:\/\/www.ujnk.edu.gn\/en\/wp-json\/wp\/v2\/media?parent=3390"}],"curies":[{"name":"wp","href":"https:\/\/api.w.org\/{rel}","templated":true}]}}