{"id":3375,"date":"2023-01-16T10:54:13","date_gmt":"2023-01-16T09:54:13","guid":{"rendered":"https:\/\/www.ujnk.edu.gn\/?page_id=3375"},"modified":"2023-01-24T16:47:57","modified_gmt":"2023-01-24T15:47:57","slug":"departement-de-science-compltable","status":"publish","type":"page","link":"https:\/\/www.ujnk.edu.gn\/en\/departement-de-science-compltable\/","title":{"rendered":"DEPARTEMENT DE SCIENCE COMPLTABLE"},"content":{"rendered":"<div data-elementor-type=\"wp-page\" data-elementor-id=\"3375\" class=\"elementor elementor-3375\">\n\t\t\t\t\t\t<section class=\"elementor-section elementor-top-section elementor-element elementor-element-3bd465ae elementor-section-boxed elementor-section-height-default elementor-section-height-default\" data-id=\"3bd465ae\" data-element_type=\"section\" data-e-type=\"section\" data-settings=\"{&quot;background_background&quot;:&quot;classic&quot;}\">\n\t\t\t\t\t\t<div class=\"elementor-container elementor-column-gap-default\">\n\t\t\t\t\t<div class=\"elementor-column elementor-col-100 elementor-top-column elementor-element elementor-element-23635d\" data-id=\"23635d\" data-element_type=\"column\" data-e-type=\"column\">\n\t\t\t<div class=\"elementor-widget-wrap elementor-element-populated\">\n\t\t\t\t\t\t<div class=\"elementor-element elementor-element-874bf31 elementor-widget elementor-widget-spacer\" data-id=\"874bf31\" data-element_type=\"widget\" data-e-type=\"widget\" data-widget_type=\"spacer.default\">\n\t\t\t\t<div class=\"elementor-widget-container\">\n\t\t\t\t\t\t\t<div class=\"elementor-spacer\">\n\t\t\t<div class=\"elementor-spacer-inner\"><\/div>\n\t\t<\/div>\n\t\t\t\t\t\t<\/div>\n\t\t\t\t<\/div>\n\t\t\t\t<div class=\"elementor-element elementor-element-24a6a29 elementor-widget-divider--view-line elementor-widget elementor-widget-divider\" data-id=\"24a6a29\" data-element_type=\"widget\" data-e-type=\"widget\" data-widget_type=\"divider.default\">\n\t\t\t\t<div class=\"elementor-widget-container\">\n\t\t\t\t\t\t\t<div class=\"elementor-divider\">\n\t\t\t<span class=\"elementor-divider-separator\">\n\t\t\t\t\t\t<\/span>\n\t\t<\/div>\n\t\t\t\t\t\t<\/div>\n\t\t\t\t<\/div>\n\t\t\t\t<div class=\"elementor-element elementor-element-6425e5f0 animated-slow elementor-invisible elementor-widget elementor-widget-heading\" data-id=\"6425e5f0\" data-element_type=\"widget\" data-e-type=\"widget\" data-settings=\"{&quot;_animation_mobile&quot;:&quot;fadeInDown&quot;,&quot;_animation&quot;:&quot;fadeInDown&quot;}\" data-widget_type=\"heading.default\">\n\t\t\t\t<div class=\"elementor-widget-container\">\n\t\t\t\t\t<h2 class=\"elementor-heading-title elementor-size-default\">Departement sciences comptables<\/h2>\t\t\t\t<\/div>\n\t\t\t\t<\/div>\n\t\t\t\t<div class=\"elementor-element elementor-element-5fde23a0 elementor-widget elementor-widget-spacer\" data-id=\"5fde23a0\" data-element_type=\"widget\" data-e-type=\"widget\" data-widget_type=\"spacer.default\">\n\t\t\t\t<div class=\"elementor-widget-container\">\n\t\t\t\t\t\t\t<div class=\"elementor-spacer\">\n\t\t\t<div class=\"elementor-spacer-inner\"><\/div>\n\t\t<\/div>\n\t\t\t\t\t\t<\/div>\n\t\t\t\t<\/div>\n\t\t\t\t<div class=\"elementor-element elementor-element-509e7dc7 elementor-tabs-view-horizontal elementor-widget elementor-widget-tabs\" data-id=\"509e7dc7\" data-element_type=\"widget\" data-e-type=\"widget\" data-widget_type=\"tabs.default\">\n\t\t\t\t<div class=\"elementor-widget-container\">\n\t\t\t\t\t\t\t<div class=\"elementor-tabs\">\n\t\t\t<div class=\"elementor-tabs-wrapper\" role=\"tablist\" >\n\t\t\t\t\t\t\t\t\t<div id=\"elementor-tab-title-1351\" class=\"elementor-tab-title elementor-tab-desktop-title\" aria-selected=\"true\" data-tab=\"1\" role=\"tab\" tabindex=\"0\" aria-controls=\"elementor-tab-content-1351\" aria-expanded=\"false\">PrEsentation <\/div>\n\t\t\t\t\t\t\t\t\t<div id=\"elementor-tab-title-1352\" class=\"elementor-tab-title elementor-tab-desktop-title\" aria-selected=\"false\" data-tab=\"2\" role=\"tab\" tabindex=\"-1\" aria-controls=\"elementor-tab-content-1352\" aria-expanded=\"false\">Objectifs du programme<\/div>\n\t\t\t\t\t\t\t\t\t<div id=\"elementor-tab-title-1353\" class=\"elementor-tab-title elementor-tab-desktop-title\" aria-selected=\"false\" data-tab=\"3\" role=\"tab\" tabindex=\"-1\" aria-controls=\"elementor-tab-content-1353\" aria-expanded=\"false\">DEbouches<\/div>\n\t\t\t\t\t\t\t<\/div>\n\t\t\t<div class=\"elementor-tabs-content-wrapper\" role=\"tablist\" aria-orientation=\"vertical\">\n\t\t\t\t\t\t\t\t\t<div class=\"elementor-tab-title elementor-tab-mobile-title\" aria-selected=\"true\" data-tab=\"1\" role=\"tab\" tabindex=\"0\" aria-controls=\"elementor-tab-content-1351\" aria-expanded=\"false\">PrEsentation <\/div>\n\t\t\t\t\t<div id=\"elementor-tab-content-1351\" class=\"elementor-tab-content elementor-clearfix\" data-tab=\"1\" role=\"tabpanel\" aria-labelledby=\"elementor-tab-title-1351\" tabindex=\"0\" hidden=\"false\"><p>Le programme de licence en sciences comptables est un programme souple de formation. Il offre \u00e0 cet effet des cours obligatoires et optionnels d\u00e9bouchant sur la ma\u00eetrise des activit\u00e9s li\u00e9es aux fonctions administratives et financi\u00e8res de l\u2019entreprise. L\u2019approche p\u00e9dagogique repose sur les m\u00e9thodes\u00a0: les enseignements th\u00e9oriques sont suivis de TD, d\u2019\u00e9tude de cas, de stages en entreprise, des travaux de groupe et jeux de r\u00f4le pour consolider les enseignements. Les cours de tronc commun sont dispens\u00e9s durant les deux (2) premi\u00e8res ann\u00e9es, suivis de sp\u00e9cialisation dans deux (2) concentrations en troisi\u00e8me ann\u00e9e\u00a0:<\/p><ul><li><strong><em>Comptabilit\u00e9 de management ;<\/em><\/strong><\/li><li><strong><em>Comptabilit\u00e9 performance financi\u00e8re.<\/em><\/strong><\/li><\/ul><\/div>\n\t\t\t\t\t\t\t\t\t<div class=\"elementor-tab-title elementor-tab-mobile-title\" aria-selected=\"false\" data-tab=\"2\" role=\"tab\" tabindex=\"-1\" aria-controls=\"elementor-tab-content-1352\" aria-expanded=\"false\">Objectifs du programme<\/div>\n\t\t\t\t\t<div id=\"elementor-tab-content-1352\" class=\"elementor-tab-content elementor-clearfix\" data-tab=\"2\" role=\"tabpanel\" aria-labelledby=\"elementor-tab-title-1352\" tabindex=\"0\" hidden=\"hidden\"><p>Ce programme vise essentiellement \u00e0 pr\u00e9parer les candidats \u00e0 l\u2019exercice de la profession comptable. En effet, il permettra \u00e0 l\u2019\u00e9tudiant de\u00a0:<\/p><ul><li>Conna\u00eetre et utiliser les concepts de sciences comptables dans le contexte d\u2019int\u00e9gration des mati\u00e8res en vue de satisfaire aux exigences de la profession de comptable agr\u00e9\u00e9 ;<\/li><li>Exploiter les sources pertinentes d\u2019informations comptables \u00e0 l\u2019aide d\u2019\u00e9tudes des cas uni disciplinaires et multi disciplinaires ;<\/li><li>Acqu\u00e9rir les comp\u00e9tences et les habilet\u00e9s lui permettant de faire l\u2019audit comptable, de r\u00e9diger les rapports correspondants et de communiquer de fa\u00e7on efficace les solutions proposes ;<\/li><li>Travailler dans des contextes professionnels diff\u00e9rents ;<\/li><li>Conna\u00eetre et appliquer l\u2019\u00e9thique et la d\u00e9ontologie comptable ;<\/li><li>D\u00e9velopper son esprit critique et son sens de la responsabilit\u00e9 ;<\/li><li>Am\u00e9liorer dans l\u2019ensemble son jugement de comptable professionnel.<\/li><\/ul><\/div>\n\t\t\t\t\t\t\t\t\t<div class=\"elementor-tab-title elementor-tab-mobile-title\" aria-selected=\"false\" data-tab=\"3\" role=\"tab\" tabindex=\"-1\" aria-controls=\"elementor-tab-content-1353\" aria-expanded=\"false\">DEbouches<\/div>\n\t\t\t\t\t<div id=\"elementor-tab-content-1353\" class=\"elementor-tab-content elementor-clearfix\" data-tab=\"3\" role=\"tabpanel\" aria-labelledby=\"elementor-tab-title-1353\" tabindex=\"0\" hidden=\"hidden\"><p>Les d\u00e9bouch\u00e9s de ces concentrations sont entre autres<\/p><p>1. <strong>COMPTABILITE DE MANANGEMENT<\/strong><\/p><ul><li>Comptable des entreprises ;<\/li><li>Contr\u00f4leur de Gestion ;<\/li><li>Gestionnaire des Ressources Humaines ;<\/li><li>Auditeur Interne des Entreprises ;<\/li><li>Fiscalistes ;<\/li><li>Caissiers ;<\/li><li>Responsables Approvisionnement ;<\/li><li>Gestionnaires des stocks.<\/li><\/ul><p>2.<strong> PERFORMANCES FINANCIERES<\/strong><\/p><ul><li>Comptable des entreprises ;<\/li><li>Directeur Administratif et Financier ;<\/li><li>Analyste Financier<\/li><li>Comptable des entreprises ;<\/li><li>Fiscalistes ;<\/li><li>Caissiers ;<\/li><\/ul><\/div>\n\t\t\t\t\t\t\t<\/div>\n\t\t<\/div>\n\t\t\t\t\t\t<\/div>\n\t\t\t\t<\/div>\n\t\t\t\t<div class=\"elementor-element elementor-element-5a9dd4e5 elementor-widget elementor-widget-spacer\" data-id=\"5a9dd4e5\" data-element_type=\"widget\" data-e-type=\"widget\" data-widget_type=\"spacer.default\">\n\t\t\t\t<div class=\"elementor-widget-container\">\n\t\t\t\t\t\t\t<div class=\"elementor-spacer\">\n\t\t\t<div class=\"elementor-spacer-inner\"><\/div>\n\t\t<\/div>\n\t\t\t\t\t\t<\/div>\n\t\t\t\t<\/div>\n\t\t\t\t\t<\/div>\n\t\t<\/div>\n\t\t\t\t\t<\/div>\n\t\t<\/section>\n\t\t\t\t<section class=\"elementor-section elementor-top-section elementor-element elementor-element-4dc78ba7 elementor-section-boxed elementor-section-height-default elementor-section-height-default\" data-id=\"4dc78ba7\" data-element_type=\"section\" data-e-type=\"section\">\n\t\t\t\t\t\t<div class=\"elementor-container elementor-column-gap-default\">\n\t\t\t\t\t<div class=\"elementor-column elementor-col-100 elementor-top-column elementor-element elementor-element-1d56f422\" data-id=\"1d56f422\" data-element_type=\"column\" data-e-type=\"column\">\n\t\t\t<div class=\"elementor-widget-wrap elementor-element-populated\">\n\t\t\t\t\t\t<div class=\"elementor-element elementor-element-22d0fe5 elementor-widget-divider--view-line elementor-widget elementor-widget-divider\" data-id=\"22d0fe5\" data-element_type=\"widget\" data-e-type=\"widget\" data-widget_type=\"divider.default\">\n\t\t\t\t<div class=\"elementor-widget-container\">\n\t\t\t\t\t\t\t<div class=\"elementor-divider\">\n\t\t\t<span class=\"elementor-divider-separator\">\n\t\t\t\t\t\t<\/span>\n\t\t<\/div>\n\t\t\t\t\t\t<\/div>\n\t\t\t\t<\/div>\n\t\t\t\t\t<\/div>\n\t\t<\/div>\n\t\t\t\t\t<\/div>\n\t\t<\/section>\n\t\t\t\t<section class=\"elementor-section elementor-top-section elementor-element elementor-element-8fa4726 elementor-section-boxed elementor-section-height-default elementor-section-height-default\" data-id=\"8fa4726\" data-element_type=\"section\" data-e-type=\"section\">\n\t\t\t\t\t\t<div class=\"elementor-container elementor-column-gap-default\">\n\t\t\t\t\t<div class=\"elementor-column elementor-col-100 elementor-top-column elementor-element elementor-element-40193dd7\" data-id=\"40193dd7\" data-element_type=\"column\" data-e-type=\"column\">\n\t\t\t<div class=\"elementor-widget-wrap elementor-element-populated\">\n\t\t\t\t\t\t<div class=\"elementor-element elementor-element-47170614 animated-slow elementor-invisible elementor-widget elementor-widget-heading\" data-id=\"47170614\" data-element_type=\"widget\" data-e-type=\"widget\" data-settings=\"{&quot;_animation&quot;:&quot;fadeInDown&quot;}\" data-widget_type=\"heading.default\">\n\t\t\t\t<div class=\"elementor-widget-container\">\n\t\t\t\t\t<h2 class=\"elementor-heading-title elementor-size-default\">EQUIPE DE DIRECTION<\/h2>\t\t\t\t<\/div>\n\t\t\t\t<\/div>\n\t\t\t\t<div class=\"elementor-element elementor-element-4e755255 elementor-widget elementor-widget-spacer\" data-id=\"4e755255\" data-element_type=\"widget\" data-e-type=\"widget\" data-widget_type=\"spacer.default\">\n\t\t\t\t<div class=\"elementor-widget-container\">\n\t\t\t\t\t\t\t<div class=\"elementor-spacer\">\n\t\t\t<div class=\"elementor-spacer-inner\"><\/div>\n\t\t<\/div>\n\t\t\t\t\t\t<\/div>\n\t\t\t\t<\/div>\n\t\t\t\t\t<\/div>\n\t\t<\/div>\n\t\t\t\t\t<\/div>\n\t\t<\/section>\n\t\t\t\t<section class=\"elementor-section elementor-top-section elementor-element elementor-element-7bac86f0 elementor-section-boxed elementor-section-height-default elementor-section-height-default\" data-id=\"7bac86f0\" data-element_type=\"section\" data-e-type=\"section\">\n\t\t\t\t\t\t<div class=\"elementor-container elementor-column-gap-default\">\n\t\t\t\t\t<div class=\"elementor-column elementor-col-50 elementor-top-column elementor-element elementor-element-5469a6cd\" data-id=\"5469a6cd\" data-element_type=\"column\" data-e-type=\"column\">\n\t\t\t<div class=\"elementor-widget-wrap elementor-element-populated\">\n\t\t\t\t\t\t<div class=\"elementor-element elementor-element-3368978a elementor-position-top elementor-widget elementor-widget-image-box\" data-id=\"3368978a\" data-element_type=\"widget\" data-e-type=\"widget\" data-widget_type=\"image-box.default\">\n\t\t\t\t<div class=\"elementor-widget-container\">\n\t\t\t\t\t<div class=\"elementor-image-box-wrapper\"><figure class=\"elementor-image-box-img\"><img decoding=\"async\" src=\"https:\/\/www.ujnk.edu.gn\/wp-content\/uploads\/elementor\/thumbs\/chef-de-departement-1-q0o7k0jmahwnychxh47r1xigcr9g3el9bi9o3eww6g.png\" title=\"chef de departement\" alt=\"chef de departement\" loading=\"lazy\" \/><\/figure><div class=\"elementor-image-box-content\"><h3 class=\"elementor-image-box-title\">Le chef de d\u00e9partement<\/h3><p class=\"elementor-image-box-description\">M. N\u00e8ma KOLIE<br>\nT\u00e9l : (00224) 628 72 61 05<br>\nE-mail : kolienema@gmail.com<\/p><\/div><\/div>\t\t\t\t<\/div>\n\t\t\t\t<\/div>\n\t\t\t\t\t<\/div>\n\t\t<\/div>\n\t\t\t\t<div class=\"elementor-column elementor-col-50 elementor-top-column elementor-element elementor-element-3d517834\" data-id=\"3d517834\" data-element_type=\"column\" data-e-type=\"column\">\n\t\t\t<div class=\"elementor-widget-wrap elementor-element-populated\">\n\t\t\t\t\t\t<div class=\"elementor-element elementor-element-54b6adf2 elementor-position-top elementor-widget elementor-widget-image-box\" data-id=\"54b6adf2\" data-element_type=\"widget\" data-e-type=\"widget\" data-widget_type=\"image-box.default\">\n\t\t\t\t<div class=\"elementor-widget-container\">\n\t\t\t\t\t<div class=\"elementor-image-box-wrapper\"><figure class=\"elementor-image-box-img\"><img decoding=\"async\" src=\"https:\/\/www.ujnk.edu.gn\/wp-content\/uploads\/elementor\/thumbs\/directeur-q0o7k0jmahwnychxh47r1xigcr9g3el9bi9o3eww6g.png\" title=\"directeur\" alt=\"directeur\" loading=\"lazy\" \/><\/figure><div class=\"elementor-image-box-content\"><h3 class=\"elementor-image-box-title\">Le directeur de programme<\/h3><p class=\"elementor-image-box-description\">M. Mamady CAMARA<br>\nT\u00e9l : (00224) 628 35 26 83<br>\nE-mail : mamadydjaraya@gmail.com<\/p><\/div><\/div>\t\t\t\t<\/div>\n\t\t\t\t<\/div>\n\t\t\t\t\t<\/div>\n\t\t<\/div>\n\t\t\t\t\t<\/div>\n\t\t<\/section>\n\t\t\t\t<section class=\"elementor-section elementor-top-section elementor-element elementor-element-fa4d2d0 elementor-section-boxed elementor-section-height-default elementor-section-height-default\" data-id=\"fa4d2d0\" data-element_type=\"section\" data-e-type=\"section\">\n\t\t\t\t\t\t<div class=\"elementor-container elementor-column-gap-default\">\n\t\t\t\t\t<div class=\"elementor-column elementor-col-100 elementor-top-column elementor-element elementor-element-26adc37\" data-id=\"26adc37\" data-element_type=\"column\" data-e-type=\"column\">\n\t\t\t<div class=\"elementor-widget-wrap elementor-element-populated\">\n\t\t\t\t\t\t<div class=\"elementor-element elementor-element-ad7315c elementor-widget elementor-widget-spacer\" data-id=\"ad7315c\" data-element_type=\"widget\" data-e-type=\"widget\" data-widget_type=\"spacer.default\">\n\t\t\t\t<div class=\"elementor-widget-container\">\n\t\t\t\t\t\t\t<div class=\"elementor-spacer\">\n\t\t\t<div class=\"elementor-spacer-inner\"><\/div>\n\t\t<\/div>\n\t\t\t\t\t\t<\/div>\n\t\t\t\t<\/div>\n\t\t\t\t\t<\/div>\n\t\t<\/div>\n\t\t\t\t\t<\/div>\n\t\t<\/section>\n\t\t\t\t<\/div>","protected":false},"excerpt":{"rendered":"<p>Departement sciences comptables PrEsentation Objectifs du programme DEbouches PrEsentation Le programme de licence en sciences comptables est un programme souple de formation. Il offre \u00e0 cet effet des cours obligatoires [&hellip;]<\/p>\n","protected":false},"author":1,"featured_media":0,"parent":0,"menu_order":0,"comment_status":"closed","ping_status":"closed","template":"template-1c.php","meta":{"footnotes":""},"class_list":["post-3375","page","type-page","status-publish","hentry"],"_links":{"self":[{"href":"https:\/\/www.ujnk.edu.gn\/en\/wp-json\/wp\/v2\/pages\/3375","targetHints":{"allow":["GET"]}}],"collection":[{"href":"https:\/\/www.ujnk.edu.gn\/en\/wp-json\/wp\/v2\/pages"}],"about":[{"href":"https:\/\/www.ujnk.edu.gn\/en\/wp-json\/wp\/v2\/types\/page"}],"author":[{"embeddable":true,"href":"https:\/\/www.ujnk.edu.gn\/en\/wp-json\/wp\/v2\/users\/1"}],"replies":[{"embeddable":true,"href":"https:\/\/www.ujnk.edu.gn\/en\/wp-json\/wp\/v2\/comments?post=3375"}],"version-history":[{"count":27,"href":"https:\/\/www.ujnk.edu.gn\/en\/wp-json\/wp\/v2\/pages\/3375\/revisions"}],"predecessor-version":[{"id":4644,"href":"https:\/\/www.ujnk.edu.gn\/en\/wp-json\/wp\/v2\/pages\/3375\/revisions\/4644"}],"wp:attachment":[{"href":"https:\/\/www.ujnk.edu.gn\/en\/wp-json\/wp\/v2\/media?parent=3375"}],"curies":[{"name":"wp","href":"https:\/\/api.w.org\/{rel}","templated":true}]}}