{"id":3340,"date":"2023-01-16T09:56:36","date_gmt":"2023-01-16T08:56:36","guid":{"rendered":"https:\/\/www.ujnk.edu.gn\/?page_id=3340"},"modified":"2023-02-07T11:57:20","modified_gmt":"2023-02-07T10:57:20","slug":"departement-de-chimie-2","status":"publish","type":"page","link":"https:\/\/www.ujnk.edu.gn\/en\/departement-de-chimie-2\/","title":{"rendered":"D\u00e9partement de chimie"},"content":{"rendered":"<div data-elementor-type=\"wp-page\" data-elementor-id=\"3340\" class=\"elementor elementor-3340\">\n\t\t\t\t\t\t<section class=\"elementor-section elementor-top-section elementor-element elementor-element-c9caadf elementor-section-boxed elementor-section-height-default elementor-section-height-default\" data-id=\"c9caadf\" data-element_type=\"section\" data-e-type=\"section\">\n\t\t\t\t\t\t<div class=\"elementor-container elementor-column-gap-default\">\n\t\t\t\t\t<div class=\"elementor-column elementor-col-100 elementor-top-column elementor-element elementor-element-e7d523d\" data-id=\"e7d523d\" data-element_type=\"column\" data-e-type=\"column\">\n\t\t\t<div class=\"elementor-widget-wrap elementor-element-populated\">\n\t\t\t\t\t\t<div class=\"elementor-element elementor-element-7af9d61 elementor-widget elementor-widget-spacer\" data-id=\"7af9d61\" data-element_type=\"widget\" data-e-type=\"widget\" data-widget_type=\"spacer.default\">\n\t\t\t\t<div class=\"elementor-widget-container\">\n\t\t\t\t\t\t\t<div class=\"elementor-spacer\">\n\t\t\t<div class=\"elementor-spacer-inner\"><\/div>\n\t\t<\/div>\n\t\t\t\t\t\t<\/div>\n\t\t\t\t<\/div>\n\t\t\t\t<div class=\"elementor-element elementor-element-8de875e elementor-widget-divider--view-line elementor-widget elementor-widget-divider\" data-id=\"8de875e\" data-element_type=\"widget\" data-e-type=\"widget\" data-widget_type=\"divider.default\">\n\t\t\t\t<div class=\"elementor-widget-container\">\n\t\t\t\t\t\t\t<div class=\"elementor-divider\">\n\t\t\t<span class=\"elementor-divider-separator\">\n\t\t\t\t\t\t<\/span>\n\t\t<\/div>\n\t\t\t\t\t\t<\/div>\n\t\t\t\t<\/div>\n\t\t\t\t<div class=\"elementor-element elementor-element-ff40404 animated-slow elementor-invisible elementor-widget elementor-widget-heading\" data-id=\"ff40404\" data-element_type=\"widget\" data-e-type=\"widget\" data-settings=\"{&quot;_animation&quot;:&quot;fadeInDown&quot;}\" data-widget_type=\"heading.default\">\n\t\t\t\t<div class=\"elementor-widget-container\">\n\t\t\t\t\t<h2 class=\"elementor-heading-title elementor-size-default\">DEPARTEMENT DE CHIMIE<\/h2>\t\t\t\t<\/div>\n\t\t\t\t<\/div>\n\t\t\t\t<div class=\"elementor-element elementor-element-f2d0898 elementor-widget elementor-widget-spacer\" data-id=\"f2d0898\" data-element_type=\"widget\" data-e-type=\"widget\" data-widget_type=\"spacer.default\">\n\t\t\t\t<div class=\"elementor-widget-container\">\n\t\t\t\t\t\t\t<div class=\"elementor-spacer\">\n\t\t\t<div class=\"elementor-spacer-inner\"><\/div>\n\t\t<\/div>\n\t\t\t\t\t\t<\/div>\n\t\t\t\t<\/div>\n\t\t\t\t<div class=\"elementor-element elementor-element-06a30f9 elementor-tabs-view-horizontal elementor-widget elementor-widget-tabs\" data-id=\"06a30f9\" data-element_type=\"widget\" data-e-type=\"widget\" data-widget_type=\"tabs.default\">\n\t\t\t\t<div class=\"elementor-widget-container\">\n\t\t\t\t\t\t\t<div class=\"elementor-tabs\">\n\t\t\t<div class=\"elementor-tabs-wrapper\" role=\"tablist\" >\n\t\t\t\t\t\t\t\t\t<div id=\"elementor-tab-title-6951\" class=\"elementor-tab-title elementor-tab-desktop-title\" aria-selected=\"true\" data-tab=\"1\" role=\"tab\" tabindex=\"0\" aria-controls=\"elementor-tab-content-6951\" aria-expanded=\"false\">STRUCTURE<\/div>\n\t\t\t\t\t\t\t\t\t<div id=\"elementor-tab-title-6952\" class=\"elementor-tab-title elementor-tab-desktop-title\" aria-selected=\"false\" data-tab=\"2\" role=\"tab\" tabindex=\"-1\" aria-controls=\"elementor-tab-content-6952\" aria-expanded=\"false\">LES DEBOUCHES<\/div>\n\t\t\t\t\t\t\t<\/div>\n\t\t\t<div class=\"elementor-tabs-content-wrapper\" role=\"tablist\" aria-orientation=\"vertical\">\n\t\t\t\t\t\t\t\t\t<div class=\"elementor-tab-title elementor-tab-mobile-title\" aria-selected=\"true\" data-tab=\"1\" role=\"tab\" tabindex=\"0\" aria-controls=\"elementor-tab-content-6951\" aria-expanded=\"false\">STRUCTURE<\/div>\n\t\t\t\t\t<div id=\"elementor-tab-content-6951\" class=\"elementor-tab-content elementor-clearfix\" data-tab=\"1\" role=\"tabpanel\" aria-labelledby=\"elementor-tab-title-6951\" tabindex=\"0\" hidden=\"false\"><strong>Nom du d\u00e9partement\u00a0: D\u00e9partement de Chimie<\/strong>\n<br>\n<strong>Nom du programme\u00a0: Licence de Chimie<\/strong>\n<br>\n<strong>Grade auquel conduit le programme\u00a0:<\/strong>\u00a0Licence des Sciences\n<br>\n<strong>Appellation du dipl\u00f4me\u00a0:<\/strong>\u00a0Licence en Chimie\n<br>\n<strong>Titre du dipl\u00f4me d\u00e9livr\u00e9\u00a0:\u00a0<\/strong>Le programme de la Licence en chimie assure des offres de formation du premier cycle aboutissant au dipl\u00f4me de Licence en Sciences\u00a0<strong>(L.Sc.)<\/strong>.\n<br>\n<strong>Orientation, sp\u00e9cialisation, option\u00a0:<\/strong>\u00a0La Licence en chimie comprend un tronc commun (Licence 1) et deux concentrations (Licence 2 et 3\u00a0: la concentration chimie alimentaire et la concentration chimie de l\u2019environnement).\n<br>\n<strong>Unit\u00e9 de rattachement\u00a0:<\/strong>\u00a0Le programme est rattach\u00e9 au D\u00e9partement de Chimie de la Facult\u00e9 des Sciences de la Nature.\n<br>\n<strong>Particularit\u00e9 du programme\u00a0:<\/strong>\u00a0La particularit\u00e9 du programme est la formation de chimiste en R\u00e9publique de Guin\u00e9e. Ce programme offre \u00e0 l\u2019\u00e9tudiant une orientation g\u00e9n\u00e9rale et polyvalente qui lui permet d\u2019assimiler et d\u2019interpr\u00e9ter l\u2019essentiel des connaissances en chimie pour une insertion imm\u00e9diate sur le march\u00e9 de l\u2019emploi comme chimiste ou qui lui permet d\u2019acc\u00e9der directement au Master en chimie et \u00e0 d\u2019autres Master selon d\u2019autres conditions.\n\nLa formation de base est assur\u00e9e par 26 cours obligatoires couvrant l\u2019ensemble de la chimie et de ses applications et 4 cours au choix qui ajoutent un compl\u00e9ment de formation permettant au programme d\u2019\u00eatre souple et flexible.<\/div>\n\t\t\t\t\t\t\t\t\t<div class=\"elementor-tab-title elementor-tab-mobile-title\" aria-selected=\"false\" data-tab=\"2\" role=\"tab\" tabindex=\"-1\" aria-controls=\"elementor-tab-content-6952\" aria-expanded=\"false\">LES DEBOUCHES<\/div>\n\t\t\t\t\t<div id=\"elementor-tab-content-6952\" class=\"elementor-tab-content elementor-clearfix\" data-tab=\"2\" role=\"tabpanel\" aria-labelledby=\"elementor-tab-title-6952\" tabindex=\"0\" hidden=\"hidden\"><p><strong>CONCENTRATION CHIMIE ALIMENTAIRE<\/strong>\u00a0<\/p><p><strong><em>Les domaines d\u2019intervention d\u2019un \u00e9tudiant dipl\u00f4m\u00e9 en chimie alimentaire<\/em><\/strong><\/p><ul><li>Industrie alimentaire<\/li><li>Chimiste analytique (laboratoire d\u2019analyse)<\/li><li>Domaine pharmaceutique (m\u00e9dicaments)<\/li><li>Sciences des mat\u00e9riaux (pour la sant\u00e9, \u2026)<\/li><li>Chimiste chercheur (agent de recherche)<\/li><li>S\u00e9curit\u00e9 du consommateur (analyse et contr\u00f4le qualit\u00e9)<\/li><li>Domaine de p\u00e9trole, de la p\u00e9trochimie, du cosm\u00e9tique, de l\u2019eau, de l\u2019agroalimentaire<\/li><li>Gestion et traitement de l\u2019eau<\/li><li>Etudes en master<\/li><li>Domaine de l\u2019enseignement<\/li><\/ul><p><strong>CONCENTRATION CHIMIE DE L\u2019ENVIRONNEMENT<\/strong>\u00a0<\/p><p><strong><em>Les domaines d\u2019intervention d\u2019un \u00e9tudiant dipl\u00f4m\u00e9 en chimie de l\u2019environnement<\/em><\/strong><\/p><ul><li>Chimie industrielle et proc\u00e9d\u00e9s<\/li><li>Environnement, toxicologie, r\u00e9glementation, audit<\/li><li>Analyse et contr\u00f4le qualit\u00e9<\/li><li>Mine et carri\u00e8re<\/li><li>Sciences des mat\u00e9riaux<\/li><li>Chimiste chercheur (agent de recherche)<\/li><li>Chimiste analytique (laboratoire d\u2019analyse)<\/li><li>Gestion et traitement de l\u2019eau<\/li><li>Etudes en master<\/li><li>Domaine de l\u2019enseignement<\/li><li>Proc\u00e9d\u00e9s de valorisation des ressources renouvelables<\/li><\/ul><\/div>\n\t\t\t\t\t\t\t<\/div>\n\t\t<\/div>\n\t\t\t\t\t\t<\/div>\n\t\t\t\t<\/div>\n\t\t\t\t<div class=\"elementor-element elementor-element-9fc5932 elementor-widget elementor-widget-spacer\" data-id=\"9fc5932\" data-element_type=\"widget\" data-e-type=\"widget\" data-widget_type=\"spacer.default\">\n\t\t\t\t<div class=\"elementor-widget-container\">\n\t\t\t\t\t\t\t<div class=\"elementor-spacer\">\n\t\t\t<div class=\"elementor-spacer-inner\"><\/div>\n\t\t<\/div>\n\t\t\t\t\t\t<\/div>\n\t\t\t\t<\/div>\n\t\t\t\t<div class=\"elementor-element elementor-element-0b307ea elementor-headline--style-highlight elementor-widget elementor-widget-animated-headline\" data-id=\"0b307ea\" data-element_type=\"widget\" data-e-type=\"widget\" data-settings=\"{&quot;marker&quot;:&quot;underline_zigzag&quot;,&quot;highlighted_text&quot;:&quot;LISTE DU ENSEIGNANTS&quot;,&quot;headline_style&quot;:&quot;highlight&quot;,&quot;loop&quot;:&quot;yes&quot;,&quot;highlight_animation_duration&quot;:1200,&quot;highlight_iteration_delay&quot;:8000}\" data-widget_type=\"animated-headline.default\">\n\t\t\t\t<div class=\"elementor-widget-container\">\n\t\t\t\t\t\t\t<h3 class=\"elementor-headline\">\n\t\t\t\t<span class=\"elementor-headline-dynamic-wrapper elementor-headline-text-wrapper\">\n\t\t\t\t\t<span class=\"elementor-headline-dynamic-text elementor-headline-text-active\">LISTE DU ENSEIGNANTS<\/span>\n\t\t\t\t<\/span>\n\t\t\t\t<\/h3>\n\t\t\t\t\t\t<\/div>\n\t\t\t\t<\/div>\n\t\t\t\t<div class=\"elementor-element elementor-element-1b9de47 elementor-tab elementor-widget elementor-widget-text-editor\" data-id=\"1b9de47\" data-element_type=\"widget\" data-e-type=\"widget\" data-widget_type=\"text-editor.default\">\n\t\t\t\t<div class=\"elementor-widget-container\">\n\t\t\t\t\t\t\t\t\t<table width=\"0\">\n<tbody>\n<tr>\n<td width=\"47\"><strong>N<sup>o<\/sup><\/strong><\/td>\n<td width=\"153\"><strong>Pr\u00e9noms<\/strong><\/td>\n<td width=\"152\"><strong>Nom<\/strong><\/td>\n<td width=\"85\"><strong>Matricule<\/strong><\/td>\n<td width=\"283\"><strong>Mati\u00e8res enseign\u00e9es<\/strong><\/td>\n<td width=\"151\"><strong>Obs.<\/strong><\/td>\n<\/tr>\n<tr>\n<td width=\"47\">1<\/td>\n<td width=\"153\">Dr Moustapha<\/td>\n<td width=\"152\">SANGARE<\/td>\n<td width=\"85\">189429D<\/td>\n<td width=\"283\">Chimie quantique<\/td>\n<td width=\"151\">Recteur<\/td>\n<\/tr>\n<tr>\n<td width=\"47\">2<\/td>\n<td width=\"153\">Dr Mamadou Samba<\/td>\n<td width=\"152\">BARRY<\/td>\n<td width=\"85\">191018T<\/td>\n<td width=\"283\">Laboratoire de chimie organique 2<\/td>\n<td width=\"151\"><strong>\u00a0<\/strong><\/td>\n<\/tr>\n<tr>\n<td width=\"47\">3<\/td>\n<td width=\"153\">Mr Kalaya<\/td>\n<td width=\"152\">GOUMOU<\/td>\n<td width=\"85\">212206A<\/td>\n<td width=\"283\">Projet de fin d\u2019\u00e9tudes<\/td>\n<td width=\"151\"><strong>\u00a0<\/strong><\/td>\n<\/tr>\n<tr>\n<td width=\"47\">4<\/td>\n<td width=\"153\">Mr Is\u00e0i<\/td>\n<td width=\"152\">HABA<\/td>\n<td width=\"85\">212203Y<\/td>\n<td width=\"283\">Chimie g\u00e9n\u00e9rale\nChimie physique 1\n\nChimie physique 2<\/td>\n<td width=\"151\"><strong>\u00a0<\/strong><\/td>\n<\/tr>\n<tr>\n<td width=\"47\">5<\/td>\n<td width=\"153\">Mr Missiriba<\/td>\n<td width=\"152\">DOUMBOUYA<\/td>\n<td width=\"85\">212207B<\/td>\n<td width=\"283\">Chimie de l\u2019environnement\n\nChimie de l\u2019eau\n\nChimie g\u00e9n\u00e9rale<\/td>\n<td width=\"151\"><strong>\u00a0<\/strong><\/td>\n<\/tr>\n<tr>\n<td width=\"47\"><strong>6<\/strong><\/td>\n<td width=\"153\">Mr Kokoly<\/td>\n<td width=\"152\">THEA<\/td>\n<td width=\"85\">212224L<\/td>\n<td width=\"283\">Caract\u00e9risation de l\u2019\u00e9tat solide<\/td>\n<td width=\"151\"><strong>\u00a0<\/strong><\/td>\n<\/tr>\n<tr>\n<td width=\"47\">7<\/td>\n<td width=\"153\">Mr Ansoumane<\/td>\n<td width=\"152\">KEITA<\/td>\n<td width=\"85\">212223M<\/td>\n<td width=\"283\">Chimie analytique 1\n\nChimie Inorganique\n\nLaboratoire de chimie Analytique 1\n\nLaboratoire de chimie Analytique 2<\/td>\n<td width=\"151\"><strong>\u00a0<\/strong><\/td>\n<\/tr>\n<tr>\n<td width=\"47\">8<\/td>\n<td width=\"153\">Mr Ibrahima Sory<\/td>\n<td width=\"152\">CAMARA<\/td>\n<td width=\"85\">212217 F<\/td>\n<td width=\"283\">Contr\u00f4le de qualit\u00e9<\/td>\n<td width=\"151\"><strong>\u00a0<\/strong><\/td>\n<\/tr>\n<tr>\n<td width=\"47\">9<\/td>\n<td width=\"153\">Mr Gono<\/td>\n<td width=\"152\">BAMBA<\/td>\n<td width=\"85\">283866Y<\/td>\n<td width=\"283\">Chimie organique 1<\/td>\n<td width=\"151\"><strong>\u00a0<\/strong><\/td>\n<\/tr>\n<tr>\n<td width=\"47\">10<\/td>\n<td width=\"153\">Mr Sory Fanta<\/td>\n<td width=\"152\">CISSE<\/td>\n<td width=\"85\">296473N<\/td>\n<td width=\"283\">Chimie quantique\n\nLaboratoire de chimie physique\n\nChimie des mat\u00e9riaux<\/td>\n<td width=\"151\"><strong>\u00a0<\/strong><\/td>\n<\/tr>\n<tr>\n<td width=\"47\">11<\/td>\n<td width=\"153\">Mr Djiba\u00a0 Kadiatou<\/td>\n<td width=\"152\">KEITA<\/td>\n<td width=\"85\">296485N<\/td>\n<td width=\"283\">Chimie min\u00e9rale industrielle\n\nLaboratoire de chimie inorganique<\/td>\n<td width=\"151\"><strong>\u00a0<\/strong><\/td>\n<\/tr>\n<tr>\n<td width=\"47\">12<\/td>\n<td width=\"153\">Mr Kaly<\/td>\n<td width=\"152\">CONDE<\/td>\n<td width=\"85\">311809S<\/td>\n<td width=\"283\">Chimie organique 2\n\nLaboratoire de chimie organique 1\n\nChimie organique 3<\/td>\n<td width=\"151\"><strong>\u00a0<\/strong><\/td>\n<\/tr>\n<tr>\n<td width=\"47\">13<\/td>\n<td width=\"153\">Mme T\u00e8nin<\/td>\n<td width=\"152\">SOUARE<\/td>\n<td width=\"85\">317817S<\/td>\n<td width=\"283\"><\/td>\n<td width=\"151\">En formation<\/td>\n<\/tr>\n<\/tbody>\n<\/table>\t\t\t\t\t\t\t\t<\/div>\n\t\t\t\t<\/div>\n\t\t\t\t<div class=\"elementor-element elementor-element-86d829b elementor-widget elementor-widget-spacer\" data-id=\"86d829b\" data-element_type=\"widget\" data-e-type=\"widget\" data-widget_type=\"spacer.default\">\n\t\t\t\t<div class=\"elementor-widget-container\">\n\t\t\t\t\t\t\t<div class=\"elementor-spacer\">\n\t\t\t<div class=\"elementor-spacer-inner\"><\/div>\n\t\t<\/div>\n\t\t\t\t\t\t<\/div>\n\t\t\t\t<\/div>\n\t\t\t\t<div class=\"elementor-element elementor-element-5de01e0 elementor-headline--style-highlight elementor-widget elementor-widget-animated-headline\" data-id=\"5de01e0\" data-element_type=\"widget\" data-e-type=\"widget\" data-settings=\"{&quot;marker&quot;:&quot;underline_zigzag&quot;,&quot;highlighted_text&quot;:&quot;LISTE DU PERSONNEL&quot;,&quot;headline_style&quot;:&quot;highlight&quot;,&quot;loop&quot;:&quot;yes&quot;,&quot;highlight_animation_duration&quot;:1200,&quot;highlight_iteration_delay&quot;:8000}\" data-widget_type=\"animated-headline.default\">\n\t\t\t\t<div class=\"elementor-widget-container\">\n\t\t\t\t\t\t\t<h3 class=\"elementor-headline\">\n\t\t\t\t<span class=\"elementor-headline-dynamic-wrapper elementor-headline-text-wrapper\">\n\t\t\t\t\t<span class=\"elementor-headline-dynamic-text elementor-headline-text-active\">LISTE DU PERSONNEL<\/span>\n\t\t\t\t<\/span>\n\t\t\t\t<\/h3>\n\t\t\t\t\t\t<\/div>\n\t\t\t\t<\/div>\n\t\t\t\t<div class=\"elementor-element elementor-element-b7e1ed8 elementor-tab elementor-widget elementor-widget-text-editor\" data-id=\"b7e1ed8\" data-element_type=\"widget\" data-e-type=\"widget\" data-widget_type=\"text-editor.default\">\n\t\t\t\t<div class=\"elementor-widget-container\">\n\t\t\t\t\t\t\t\t\t<table width=\"0\">\n<tbody>\n<tr>\n<td width=\"40\"><strong>N\u00b0<\/strong><\/td>\n<td width=\"149\"><strong>Pr\u00e9noms<\/strong><\/td>\n<td width=\"123\"><strong>Nom<\/strong><\/td>\n<td width=\"85\"><strong>Matricule<\/strong><\/td>\n<td width=\"76\"><strong>Dipl\u00f4me<\/strong><\/td>\n<td width=\"66\"><strong>Grade<\/strong><\/td>\n<td width=\"141\"><strong>Sp\u00e9cialit\u00e9<\/strong><\/td>\n\n<\/tr>\n<tr>\n<td width=\"40\"><\/td>\n<td width=\"149\">Mr Kalaya<\/td>\n<td width=\"123\">GOUMOU<\/td>\n<td width=\"85\">212206 A<\/td>\n<td width=\"76\">Master<\/td>\n<td width=\"66\">A<\/td>\n<td width=\"141\">Ch. Organique<\/td>\n<\/tr>\n<tr>\n<td width=\"40\"><\/td>\n<td width=\"149\">Mr Missiriba<\/td>\n<td width=\"123\">DOUMBOUYA<\/td>\n<td width=\"85\">\u00a0212207 B<\/td>\n<td width=\"76\">Master<\/td>\n<td width=\"66\">A<\/td>\n<td width=\"141\">Ch. Inorganique<\/td>\n\n<\/tr>\n<tr>\n<td width=\"40\"><\/td>\n<td width=\"149\">Dr Moustapha<\/td>\n<td width=\"123\">SANGARE<\/td>\n<td width=\"85\">\u00a0189429 D<\/td>\n<td width=\"76\">PhD<\/td>\n<td width=\"66\">Pr<\/td>\n<td width=\"141\">G\u00e9nie Chimique<\/td>\n\n<\/tr>\n<tr>\n<td width=\"40\">4.<\/td>\n<td width=\"149\">Dr Mamadou Samba<\/td>\n<td width=\"123\">BARRY<\/td>\n<td width=\"85\">191018 T<\/td>\n<td width=\"76\">PhD<\/td>\n<td width=\"66\">A<\/td>\n<td width=\"141\">Ch. Physique<\/td>\n\n<\/tr>\n<tr>\n<td width=\"40\"><\/td>\n<td width=\"149\">Mr Ansoumane<\/td>\n<td width=\"123\">KEITA<\/td>\n<td width=\"85\">212223 M<\/td>\n<td width=\"76\">Master<\/td>\n<td width=\"66\">A<\/td>\n<td width=\"141\">Ch. Inorganique<\/td>\n\n<\/tr>\n<tr>\n<td width=\"40\">6.<\/td>\n<td width=\"149\">Mr Isa\u00ef<\/td>\n<td width=\"123\">HABA<\/td>\n<td width=\"85\">212203 Y<\/td>\n<td width=\"76\">Master<\/td>\n<td width=\"66\">A<\/td>\n<td width=\"141\">Ch. Physique<\/td>\n\n<\/tr>\n<tr>\n<td width=\"40\">7.<\/td>\n<td width=\"149\">Mr Kokoly<\/td>\n<td width=\"123\">THEA<\/td>\n<td width=\"85\">212224 L<\/td>\n<td width=\"76\">Master<\/td>\n<td width=\"66\">A<\/td>\n<td width=\"141\">Ch. \u00a0Physique<\/td>\n\n<\/tr>\n<tr>\n<td width=\"40\"><\/td>\n<td width=\"149\">Mr Gono<\/td>\n<td width=\"123\">BAMBA<\/td>\n<td width=\"85\">283866 Y<\/td>\n<td width=\"76\">DES<\/td>\n<td width=\"66\">A<\/td>\n<td width=\"141\">Ch. \u00a0Organique<\/td>\n\n<\/tr>\n<tr>\n<td width=\"40\"><\/td>\n<td width=\"149\">Mr Sory Fanta<\/td>\n<td width=\"123\">CISSE<\/td>\n<td width=\"85\">296473 N<\/td>\n<td width=\"76\">Master<\/td>\n<td width=\"66\">A<\/td>\n<td width=\"141\">Chimie Physique<\/td>\n\n<\/tr>\n<tr>\n<td width=\"40\"><\/td>\n<td width=\"149\">Mr Djiba Kadiatou<\/td>\n<td width=\"123\">KEITA<\/td>\n<td width=\"85\">296485 N<\/td>\n<td width=\"76\">Master<\/td>\n<td width=\"66\">A<\/td>\n<td width=\"141\">Ch. \u00a0Inorganique<\/td>\n\n<\/tr>\n<tr>\n<td width=\"40\"><\/td>\n<td width=\"149\">Mr Kaly<\/td>\n<td width=\"123\">CONDE<\/td>\n<td width=\"85\">311809 S<\/td>\n<td width=\"76\">Master<\/td>\n<td width=\"66\">NR<\/td>\n<td width=\"141\">Ch. Organique<\/td>\n\n<\/tr>\n<tr>\n<td width=\"40\"><\/td>\n<td width=\"149\">Mr Ibrahima Sory<\/td>\n<td width=\"123\">CAMARA<\/td>\n<td width=\"85\">212217 F<\/td>\n<td width=\"76\">Master<\/td>\n<td width=\"66\">A<\/td>\n<td width=\"141\">Technologie Alim.<\/td>\n\n<\/tr>\n<tr>\n<td width=\"40\"><\/td>\n<td width=\"149\">Mme T\u00e8nin<\/td>\n<td width=\"123\">SOUARE<\/td>\n<td width=\"85\">317812 S<\/td>\n<td width=\"76\">DES<\/td>\n<td width=\"66\">NR<\/td>\n<td width=\"141\">Ch. \u00a0Inorganique<\/td>\n<\/tr>\n<\/tbody>\n<\/table>\t\t\t\t\t\t\t\t<\/div>\n\t\t\t\t<\/div>\n\t\t\t\t<div class=\"elementor-element elementor-element-232e0d6 elementor-widget elementor-widget-spacer\" data-id=\"232e0d6\" data-element_type=\"widget\" data-e-type=\"widget\" data-widget_type=\"spacer.default\">\n\t\t\t\t<div class=\"elementor-widget-container\">\n\t\t\t\t\t\t\t<div class=\"elementor-spacer\">\n\t\t\t<div class=\"elementor-spacer-inner\"><\/div>\n\t\t<\/div>\n\t\t\t\t\t\t<\/div>\n\t\t\t\t<\/div>\n\t\t\t\t<div class=\"elementor-element elementor-element-6213a9a elementor-headline--style-highlight elementor-widget elementor-widget-animated-headline\" data-id=\"6213a9a\" data-element_type=\"widget\" data-e-type=\"widget\" data-settings=\"{&quot;marker&quot;:&quot;underline_zigzag&quot;,&quot;highlighted_text&quot;:&quot;STATISTIQUES DES ENSEIGNANTS&quot;,&quot;headline_style&quot;:&quot;highlight&quot;,&quot;loop&quot;:&quot;yes&quot;,&quot;highlight_animation_duration&quot;:1200,&quot;highlight_iteration_delay&quot;:8000}\" data-widget_type=\"animated-headline.default\">\n\t\t\t\t<div class=\"elementor-widget-container\">\n\t\t\t\t\t\t\t<h3 class=\"elementor-headline\">\n\t\t\t\t<span class=\"elementor-headline-dynamic-wrapper elementor-headline-text-wrapper\">\n\t\t\t\t\t<span class=\"elementor-headline-dynamic-text elementor-headline-text-active\">STATISTIQUES DES ENSEIGNANTS<\/span>\n\t\t\t\t<\/span>\n\t\t\t\t<\/h3>\n\t\t\t\t\t\t<\/div>\n\t\t\t\t<\/div>\n\t\t\t\t<div class=\"elementor-element elementor-element-e302d1b elementor-tab elementor-widget elementor-widget-text-editor\" data-id=\"e302d1b\" data-element_type=\"widget\" data-e-type=\"widget\" data-widget_type=\"text-editor.default\">\n\t\t\t\t<div class=\"elementor-widget-container\">\n\t\t\t\t\t\t\t\t\t<table width=\"0\"><tbody><tr><td width=\"38\">N\u00b0<\/td><td width=\"255\"><strong>Grades acad\u00e9miques<\/strong><\/td><td width=\"132\"><strong>Total<\/strong><\/td><td width=\"255\"><strong>Femmes<\/strong><\/td><\/tr><tr><td width=\"38\">1<\/td><td width=\"255\">Professeur<\/td><td width=\"132\">1<\/td><td width=\"255\">0<\/td><\/tr><tr><td width=\"38\">2<\/td><td width=\"255\">Directeur de recherche<\/td><td width=\"132\">0<\/td><td width=\"255\">0<\/td><\/tr><tr><td width=\"38\">3<\/td><td width=\"255\">Maitre de conf\u00e9rences<\/td><td width=\"132\">0<\/td><td width=\"255\">0<\/td><\/tr><tr><td width=\"38\">4<\/td><td width=\"255\">Maitre de recherche<\/td><td width=\"132\">0<\/td><td width=\"255\">0<\/td><\/tr><tr><td width=\"38\">5<\/td><td width=\"255\">Maitre-assistant<\/td><td width=\"132\">0<\/td><td width=\"255\">0<\/td><\/tr><tr><td width=\"38\">6<\/td><td width=\"255\">Charg\u00e9 de recherche<\/td><td width=\"132\">0<\/td><td width=\"255\">0<\/td><\/tr><tr><td width=\"38\">7<\/td><td width=\"255\">Assistant<\/td><td width=\"132\">10<\/td><td width=\"255\">0<\/td><\/tr><tr><td width=\"38\">8<\/td><td width=\"255\">Attach\u00e9 de recherche<\/td><td width=\"132\">0<\/td><td width=\"255\">0<\/td><\/tr><tr><td width=\"38\">9<\/td><td width=\"255\">Sans grade acad\u00e9mique<\/td><td width=\"132\">2<\/td><td width=\"255\">1<\/td><\/tr><tr><td colspan=\"2\" width=\"293\"><strong>Total<\/strong><\/td><td width=\"132\"><strong>13<\/strong><\/td><td width=\"255\"><strong>1<\/strong><\/td><\/tr><\/tbody><\/table>\t\t\t\t\t\t\t\t<\/div>\n\t\t\t\t<\/div>\n\t\t\t\t<div class=\"elementor-element elementor-element-e268694 elementor-widget elementor-widget-spacer\" data-id=\"e268694\" data-element_type=\"widget\" data-e-type=\"widget\" data-widget_type=\"spacer.default\">\n\t\t\t\t<div class=\"elementor-widget-container\">\n\t\t\t\t\t\t\t<div class=\"elementor-spacer\">\n\t\t\t<div class=\"elementor-spacer-inner\"><\/div>\n\t\t<\/div>\n\t\t\t\t\t\t<\/div>\n\t\t\t\t<\/div>\n\t\t\t\t\t<\/div>\n\t\t<\/div>\n\t\t\t\t\t<\/div>\n\t\t<\/section>\n\t\t\t\t<\/div>","protected":false},"excerpt":{"rendered":"<p>DEPARTEMENT DE CHIMIE STRUCTURE LES DEBOUCHES STRUCTURE Nom du d\u00e9partement\u00a0: D\u00e9partement de Chimie Nom du programme\u00a0: Licence de Chimie Grade auquel conduit le programme\u00a0:\u00a0Licence des Sciences Appellation du dipl\u00f4me\u00a0:\u00a0Licence en [&hellip;]<\/p>\n","protected":false},"author":1,"featured_media":0,"parent":0,"menu_order":0,"comment_status":"closed","ping_status":"closed","template":"template-1c.php","meta":{"footnotes":""},"class_list":["post-3340","page","type-page","status-publish","hentry"],"_links":{"self":[{"href":"https:\/\/www.ujnk.edu.gn\/en\/wp-json\/wp\/v2\/pages\/3340","targetHints":{"allow":["GET"]}}],"collection":[{"href":"https:\/\/www.ujnk.edu.gn\/en\/wp-json\/wp\/v2\/pages"}],"about":[{"href":"https:\/\/www.ujnk.edu.gn\/en\/wp-json\/wp\/v2\/types\/page"}],"author":[{"embeddable":true,"href":"https:\/\/www.ujnk.edu.gn\/en\/wp-json\/wp\/v2\/users\/1"}],"replies":[{"embeddable":true,"href":"https:\/\/www.ujnk.edu.gn\/en\/wp-json\/wp\/v2\/comments?post=3340"}],"version-history":[{"count":30,"href":"https:\/\/www.ujnk.edu.gn\/en\/wp-json\/wp\/v2\/pages\/3340\/revisions"}],"predecessor-version":[{"id":4810,"href":"https:\/\/www.ujnk.edu.gn\/en\/wp-json\/wp\/v2\/pages\/3340\/revisions\/4810"}],"wp:attachment":[{"href":"https:\/\/www.ujnk.edu.gn\/en\/wp-json\/wp\/v2\/media?parent=3340"}],"curies":[{"name":"wp","href":"https:\/\/api.w.org\/{rel}","templated":true}]}}