{"id":3334,"date":"2023-01-16T09:42:13","date_gmt":"2023-01-16T08:42:13","guid":{"rendered":"https:\/\/www.ujnk.edu.gn\/?page_id=3334"},"modified":"2023-01-19T16:36:14","modified_gmt":"2023-01-19T15:36:14","slug":"departement-gestion-des-entreprises","status":"publish","type":"page","link":"https:\/\/www.ujnk.edu.gn\/en\/departement-gestion-des-entreprises\/","title":{"rendered":"D\u00e9partement gestion des entreprises"},"content":{"rendered":"<div data-elementor-type=\"wp-page\" data-elementor-id=\"3334\" class=\"elementor elementor-3334\">\n\t\t\t\t\t\t<section class=\"elementor-section elementor-top-section elementor-element elementor-element-470927d6 elementor-section-boxed elementor-section-height-default elementor-section-height-default\" data-id=\"470927d6\" data-element_type=\"section\" data-e-type=\"section\">\n\t\t\t\t\t\t<div class=\"elementor-container elementor-column-gap-default\">\n\t\t\t\t\t<div class=\"elementor-column elementor-col-100 elementor-top-column elementor-element elementor-element-4f07bb75\" data-id=\"4f07bb75\" data-element_type=\"column\" data-e-type=\"column\">\n\t\t\t<div class=\"elementor-widget-wrap elementor-element-populated\">\n\t\t\t\t\t\t<div class=\"elementor-element elementor-element-74e109f6 elementor-widget elementor-widget-spacer\" data-id=\"74e109f6\" data-element_type=\"widget\" data-e-type=\"widget\" data-widget_type=\"spacer.default\">\n\t\t\t\t<div class=\"elementor-widget-container\">\n\t\t\t\t\t\t\t<div class=\"elementor-spacer\">\n\t\t\t<div class=\"elementor-spacer-inner\"><\/div>\n\t\t<\/div>\n\t\t\t\t\t\t<\/div>\n\t\t\t\t<\/div>\n\t\t\t\t<div class=\"elementor-element elementor-element-6d0b0cd9 elementor-widget-divider--view-line elementor-widget elementor-widget-divider\" data-id=\"6d0b0cd9\" data-element_type=\"widget\" data-e-type=\"widget\" data-widget_type=\"divider.default\">\n\t\t\t\t<div class=\"elementor-widget-container\">\n\t\t\t\t\t\t\t<div class=\"elementor-divider\">\n\t\t\t<span class=\"elementor-divider-separator\">\n\t\t\t\t\t\t<\/span>\n\t\t<\/div>\n\t\t\t\t\t\t<\/div>\n\t\t\t\t<\/div>\n\t\t\t\t<div class=\"elementor-element elementor-element-5f528dae animated-slow elementor-invisible elementor-widget elementor-widget-heading\" data-id=\"5f528dae\" data-element_type=\"widget\" data-e-type=\"widget\" data-settings=\"{&quot;_animation&quot;:&quot;fadeInDown&quot;}\" data-widget_type=\"heading.default\">\n\t\t\t\t<div class=\"elementor-widget-container\">\n\t\t\t\t\t<h2 class=\"elementor-heading-title elementor-size-default\">D\u00e9partement gestion des entreprises et des administrations<\/h2>\t\t\t\t<\/div>\n\t\t\t\t<\/div>\n\t\t\t\t<div class=\"elementor-element elementor-element-16ae140d elementor-widget elementor-widget-spacer\" data-id=\"16ae140d\" data-element_type=\"widget\" data-e-type=\"widget\" data-widget_type=\"spacer.default\">\n\t\t\t\t<div class=\"elementor-widget-container\">\n\t\t\t\t\t\t\t<div class=\"elementor-spacer\">\n\t\t\t<div class=\"elementor-spacer-inner\"><\/div>\n\t\t<\/div>\n\t\t\t\t\t\t<\/div>\n\t\t\t\t<\/div>\n\t\t\t\t<div class=\"elementor-element elementor-element-1812ae23 elementor-tabs-view-horizontal elementor-widget elementor-widget-tabs\" data-id=\"1812ae23\" data-element_type=\"widget\" data-e-type=\"widget\" data-widget_type=\"tabs.default\">\n\t\t\t\t<div class=\"elementor-widget-container\">\n\t\t\t\t\t\t\t<div class=\"elementor-tabs\">\n\t\t\t<div class=\"elementor-tabs-wrapper\" role=\"tablist\" >\n\t\t\t\t\t\t\t\t\t<div id=\"elementor-tab-title-4031\" class=\"elementor-tab-title elementor-tab-desktop-title\" aria-selected=\"true\" data-tab=\"1\" role=\"tab\" tabindex=\"0\" aria-controls=\"elementor-tab-content-4031\" aria-expanded=\"false\">PRESENTATION<\/div>\n\t\t\t\t\t\t\t\t\t<div id=\"elementor-tab-title-4032\" class=\"elementor-tab-title elementor-tab-desktop-title\" aria-selected=\"false\" data-tab=\"2\" role=\"tab\" tabindex=\"-1\" aria-controls=\"elementor-tab-content-4032\" aria-expanded=\"false\">OBJECTIF DU PROGRAMME<\/div>\n\t\t\t\t\t\t\t\t\t<div id=\"elementor-tab-title-4033\" class=\"elementor-tab-title elementor-tab-desktop-title\" aria-selected=\"false\" data-tab=\"3\" role=\"tab\" tabindex=\"-1\" aria-controls=\"elementor-tab-content-4033\" aria-expanded=\"false\">DEBOUCHES<\/div>\n\t\t\t\t\t\t\t<\/div>\n\t\t\t<div class=\"elementor-tabs-content-wrapper\" role=\"tablist\" aria-orientation=\"vertical\">\n\t\t\t\t\t\t\t\t\t<div class=\"elementor-tab-title elementor-tab-mobile-title\" aria-selected=\"true\" data-tab=\"1\" role=\"tab\" tabindex=\"0\" aria-controls=\"elementor-tab-content-4031\" aria-expanded=\"false\">PRESENTATION<\/div>\n\t\t\t\t\t<div id=\"elementor-tab-content-4031\" class=\"elementor-tab-content elementor-clearfix\" data-tab=\"1\" role=\"tabpanel\" aria-labelledby=\"elementor-tab-title-4031\" tabindex=\"0\" hidden=\"false\"><p>Le programme Gestion des Entreprises et des Administrations r\u00e9pond \u00e0 l\u2019\u00e9volution des objectifs et des techniques de Gestion des diverses organisations priv\u00e9es ou publiques et s\u2019inscrit dans le cadre r\u00e9glementaire qui mod\u00e8le le cursus de l\u2019enseignement sup\u00e9rieur dans un esprit d\u2019harmonisation nationale de plus grandes mobilit\u00e9 et d\u2019individualisation des parcours.<\/p><p>Le parcours menant au dipl\u00f4me professionnel en GEA est organis\u00e9 en unit\u00e9s d\u2019enseignement capitalisables couvrant 3 ann\u00e9es reparties entre 2 ann\u00e9es de tronc commun et une ann\u00e9e de sp\u00e9cialisation.<\/p><p>Les \u00e9tudiants ont la possibilit\u00e9 de s\u2019orienter en\u00a0:<\/p><ul><li><strong><em>Gestion des Petites et Moyennes Entreprises\/Coop\u00e9ratives (GPME\/C) ;<\/em><\/strong><\/li><li><strong><em>Gestion des Ressources Humaines (GRH).<\/em><\/strong><\/li><\/ul><\/div>\n\t\t\t\t\t\t\t\t\t<div class=\"elementor-tab-title elementor-tab-mobile-title\" aria-selected=\"false\" data-tab=\"2\" role=\"tab\" tabindex=\"-1\" aria-controls=\"elementor-tab-content-4032\" aria-expanded=\"false\">OBJECTIF DU PROGRAMME<\/div>\n\t\t\t\t\t<div id=\"elementor-tab-content-4032\" class=\"elementor-tab-content elementor-clearfix\" data-tab=\"2\" role=\"tabpanel\" aria-labelledby=\"elementor-tab-title-4032\" tabindex=\"0\" hidden=\"hidden\"><p>Le programme permet au dipl\u00f4m\u00e9 d\u2019acqu\u00e9rir des connaissances fondamentales lui permettant de comprendre l\u2019environnement socio\u00e9conomique et culturel des entreprises et des administrations. Il permet aussi la ma\u00eetrise de l\u2019outil requis pour la mise en \u0153uvre des instruments d\u2019analyse \u00e9conomique. Et en fin de permettre \u00e0 l\u2019\u00e9tudiant d\u2019acqu\u00e9rir des connaissances solides pour la ma\u00eetrise de l\u2019outil informatique indispensable \u00e0 toute gestion moderne.<\/p><\/div>\n\t\t\t\t\t\t\t\t\t<div class=\"elementor-tab-title elementor-tab-mobile-title\" aria-selected=\"false\" data-tab=\"3\" role=\"tab\" tabindex=\"-1\" aria-controls=\"elementor-tab-content-4033\" aria-expanded=\"false\">DEBOUCHES<\/div>\n\t\t\t\t\t<div id=\"elementor-tab-content-4033\" class=\"elementor-tab-content elementor-clearfix\" data-tab=\"3\" role=\"tabpanel\" aria-labelledby=\"elementor-tab-title-4033\" tabindex=\"0\" hidden=\"hidden\"><ul><li>Assistant et consultant des Ressources Humaines ;<\/li><li>Assistant de gestion en Petites et Moyennes Entreprises ;<\/li><li>Assistant de manager ;<\/li><li>Assistant de direction ;<\/li><li>Assistant commercial ;<\/li><li>Assistant comptable ;<\/li><li>&#8211; Contr\u00f4leur de gestion\u00a0;<\/li><li>&#8211; Chef de projet.<\/li><\/ul><\/div>\n\t\t\t\t\t\t\t<\/div>\n\t\t<\/div>\n\t\t\t\t\t\t<\/div>\n\t\t\t\t<\/div>\n\t\t\t\t<div class=\"elementor-element elementor-element-491f4940 elementor-widget elementor-widget-spacer\" data-id=\"491f4940\" data-element_type=\"widget\" data-e-type=\"widget\" data-widget_type=\"spacer.default\">\n\t\t\t\t<div class=\"elementor-widget-container\">\n\t\t\t\t\t\t\t<div class=\"elementor-spacer\">\n\t\t\t<div class=\"elementor-spacer-inner\"><\/div>\n\t\t<\/div>\n\t\t\t\t\t\t<\/div>\n\t\t\t\t<\/div>\n\t\t\t\t<div class=\"elementor-element elementor-element-762d6dde elementor-widget elementor-widget-spacer\" data-id=\"762d6dde\" data-element_type=\"widget\" data-e-type=\"widget\" data-widget_type=\"spacer.default\">\n\t\t\t\t<div class=\"elementor-widget-container\">\n\t\t\t\t\t\t\t<div class=\"elementor-spacer\">\n\t\t\t<div class=\"elementor-spacer-inner\"><\/div>\n\t\t<\/div>\n\t\t\t\t\t\t<\/div>\n\t\t\t\t<\/div>\n\t\t\t\t\t<\/div>\n\t\t<\/div>\n\t\t\t\t\t<\/div>\n\t\t<\/section>\n\t\t\t\t<section class=\"elementor-section elementor-top-section elementor-element elementor-element-1b9807b elementor-section-boxed elementor-section-height-default elementor-section-height-default\" data-id=\"1b9807b\" data-element_type=\"section\" data-e-type=\"section\">\n\t\t\t\t\t\t<div class=\"elementor-container elementor-column-gap-default\">\n\t\t\t\t\t<div class=\"elementor-column elementor-col-100 elementor-top-column elementor-element elementor-element-68cfa83\" data-id=\"68cfa83\" data-element_type=\"column\" data-e-type=\"column\">\n\t\t\t<div class=\"elementor-widget-wrap elementor-element-populated\">\n\t\t\t\t\t\t<div class=\"elementor-element elementor-element-a6e0d22 elementor-widget-divider--view-line elementor-widget elementor-widget-divider\" data-id=\"a6e0d22\" data-element_type=\"widget\" data-e-type=\"widget\" data-widget_type=\"divider.default\">\n\t\t\t\t<div class=\"elementor-widget-container\">\n\t\t\t\t\t\t\t<div class=\"elementor-divider\">\n\t\t\t<span class=\"elementor-divider-separator\">\n\t\t\t\t\t\t<\/span>\n\t\t<\/div>\n\t\t\t\t\t\t<\/div>\n\t\t\t\t<\/div>\n\t\t\t\t<div class=\"elementor-element elementor-element-6d9049ae animated-slow elementor-invisible elementor-widget elementor-widget-heading\" data-id=\"6d9049ae\" data-element_type=\"widget\" data-e-type=\"widget\" data-settings=\"{&quot;_animation&quot;:&quot;fadeInDown&quot;}\" data-widget_type=\"heading.default\">\n\t\t\t\t<div class=\"elementor-widget-container\">\n\t\t\t\t\t<h2 class=\"elementor-heading-title elementor-size-default\">EQUIPE DE DIRECTION<\/h2>\t\t\t\t<\/div>\n\t\t\t\t<\/div>\n\t\t\t\t<section class=\"elementor-section elementor-inner-section elementor-element elementor-element-77165ca1 elementor-section-boxed elementor-section-height-default elementor-section-height-default\" data-id=\"77165ca1\" data-element_type=\"section\" data-e-type=\"section\">\n\t\t\t\t\t\t<div class=\"elementor-container elementor-column-gap-default\">\n\t\t\t\t\t<div class=\"elementor-column elementor-col-50 elementor-inner-column elementor-element elementor-element-135e1510\" data-id=\"135e1510\" data-element_type=\"column\" data-e-type=\"column\">\n\t\t\t<div class=\"elementor-widget-wrap elementor-element-populated\">\n\t\t\t\t\t\t<div class=\"elementor-element elementor-element-102ead74 elementor-position-top elementor-widget elementor-widget-image-box\" data-id=\"102ead74\" data-element_type=\"widget\" data-e-type=\"widget\" data-widget_type=\"image-box.default\">\n\t\t\t\t<div class=\"elementor-widget-container\">\n\t\t\t\t\t<div class=\"elementor-image-box-wrapper\"><figure class=\"elementor-image-box-img\"><img decoding=\"async\" src=\"https:\/\/www.ujnk.edu.gn\/wp-content\/uploads\/2022\/12\/chef-de-departement-6.jpg\" title=\"chef de departement\" alt=\"chef de departement\" loading=\"lazy\" \/><\/figure><div class=\"elementor-image-box-content\"><h3 class=\"elementor-image-box-title\">Le chef de d\u00e9partement<\/h3><p class=\"elementor-image-box-description\">Mamadou Madiou DIALLO<br>\nT\u00e9l : (00224)628 55 82 12<br>\nE-mail : diallomohmedmadiou79@gmail.com<\/p><\/div><\/div>\t\t\t\t<\/div>\n\t\t\t\t<\/div>\n\t\t\t\t\t<\/div>\n\t\t<\/div>\n\t\t\t\t<div class=\"elementor-column elementor-col-50 elementor-inner-column elementor-element elementor-element-28d57698\" data-id=\"28d57698\" data-element_type=\"column\" data-e-type=\"column\">\n\t\t\t<div class=\"elementor-widget-wrap elementor-element-populated\">\n\t\t\t\t\t\t<div class=\"elementor-element elementor-element-480a4069 elementor-position-top elementor-widget elementor-widget-image-box\" data-id=\"480a4069\" data-element_type=\"widget\" data-e-type=\"widget\" data-widget_type=\"image-box.default\">\n\t\t\t\t<div class=\"elementor-widget-container\">\n\t\t\t\t\t<div class=\"elementor-image-box-wrapper\"><figure class=\"elementor-image-box-img\"><img decoding=\"async\" src=\"https:\/\/www.ujnk.edu.gn\/wp-content\/uploads\/2022\/12\/directeur-6-e1671205361265.jpg\" title=\"directeur\" alt=\"directeur\" loading=\"lazy\" \/><\/figure><div class=\"elementor-image-box-content\"><h3 class=\"elementor-image-box-title\">Le directeur de programme<\/h3><p class=\"elementor-image-box-description\">Daouda SIDIBE<br>\nT\u00e9l : (00224) 623 06 69 00<br>\nE-mail : sidibes818@gmail.com<\/p><\/div><\/div>\t\t\t\t<\/div>\n\t\t\t\t<\/div>\n\t\t\t\t\t<\/div>\n\t\t<\/div>\n\t\t\t\t\t<\/div>\n\t\t<\/section>\n\t\t\t\t\t<\/div>\n\t\t<\/div>\n\t\t\t\t\t<\/div>\n\t\t<\/section>\n\t\t\t\t<section class=\"elementor-section elementor-top-section elementor-element elementor-element-27ac400 elementor-section-boxed elementor-section-height-default elementor-section-height-default\" data-id=\"27ac400\" data-element_type=\"section\" data-e-type=\"section\">\n\t\t\t\t\t\t<div class=\"elementor-container elementor-column-gap-default\">\n\t\t\t\t\t<div class=\"elementor-column elementor-col-100 elementor-top-column elementor-element elementor-element-123094d\" data-id=\"123094d\" data-element_type=\"column\" data-e-type=\"column\">\n\t\t\t<div class=\"elementor-widget-wrap elementor-element-populated\">\n\t\t\t\t\t\t<div class=\"elementor-element elementor-element-f8740b3 elementor-widget elementor-widget-spacer\" data-id=\"f8740b3\" data-element_type=\"widget\" data-e-type=\"widget\" data-widget_type=\"spacer.default\">\n\t\t\t\t<div class=\"elementor-widget-container\">\n\t\t\t\t\t\t\t<div class=\"elementor-spacer\">\n\t\t\t<div class=\"elementor-spacer-inner\"><\/div>\n\t\t<\/div>\n\t\t\t\t\t\t<\/div>\n\t\t\t\t<\/div>\n\t\t\t\t\t<\/div>\n\t\t<\/div>\n\t\t\t\t\t<\/div>\n\t\t<\/section>\n\t\t\t\t<\/div>","protected":false},"excerpt":{"rendered":"<p>D\u00e9partement gestion des entreprises et des administrations PRESENTATION OBJECTIF DU PROGRAMME DEBOUCHES PRESENTATION Le programme Gestion des Entreprises et des Administrations r\u00e9pond \u00e0 l\u2019\u00e9volution des objectifs et des techniques de [&hellip;]<\/p>\n","protected":false},"author":1,"featured_media":0,"parent":0,"menu_order":0,"comment_status":"closed","ping_status":"closed","template":"template-1c.php","meta":{"footnotes":""},"class_list":["post-3334","page","type-page","status-publish","hentry"],"_links":{"self":[{"href":"https:\/\/www.ujnk.edu.gn\/en\/wp-json\/wp\/v2\/pages\/3334","targetHints":{"allow":["GET"]}}],"collection":[{"href":"https:\/\/www.ujnk.edu.gn\/en\/wp-json\/wp\/v2\/pages"}],"about":[{"href":"https:\/\/www.ujnk.edu.gn\/en\/wp-json\/wp\/v2\/types\/page"}],"author":[{"embeddable":true,"href":"https:\/\/www.ujnk.edu.gn\/en\/wp-json\/wp\/v2\/users\/1"}],"replies":[{"embeddable":true,"href":"https:\/\/www.ujnk.edu.gn\/en\/wp-json\/wp\/v2\/comments?post=3334"}],"version-history":[{"count":24,"href":"https:\/\/www.ujnk.edu.gn\/en\/wp-json\/wp\/v2\/pages\/3334\/revisions"}],"predecessor-version":[{"id":4284,"href":"https:\/\/www.ujnk.edu.gn\/en\/wp-json\/wp\/v2\/pages\/3334\/revisions\/4284"}],"wp:attachment":[{"href":"https:\/\/www.ujnk.edu.gn\/en\/wp-json\/wp\/v2\/media?parent=3334"}],"curies":[{"name":"wp","href":"https:\/\/api.w.org\/{rel}","templated":true}]}}