{"id":3330,"date":"2023-01-16T09:39:00","date_gmt":"2023-01-16T08:39:00","guid":{"rendered":"https:\/\/www.ujnk.edu.gn\/?page_id=3330"},"modified":"2023-02-07T11:52:33","modified_gmt":"2023-02-07T10:52:33","slug":"departement-de-mathematiques-2","status":"publish","type":"page","link":"https:\/\/www.ujnk.edu.gn\/en\/departement-de-mathematiques-2\/","title":{"rendered":"D\u00e9partement de mathematiques"},"content":{"rendered":"<div data-elementor-type=\"wp-page\" data-elementor-id=\"3330\" class=\"elementor elementor-3330\">\n\t\t\t\t\t\t<section class=\"elementor-section elementor-top-section elementor-element elementor-element-6327f047 elementor-section-boxed elementor-section-height-default elementor-section-height-default\" data-id=\"6327f047\" data-element_type=\"section\" data-e-type=\"section\">\n\t\t\t\t\t\t<div class=\"elementor-container elementor-column-gap-default\">\n\t\t\t\t\t<div class=\"elementor-column elementor-col-100 elementor-top-column elementor-element elementor-element-63100bbe\" data-id=\"63100bbe\" data-element_type=\"column\" data-e-type=\"column\">\n\t\t\t<div class=\"elementor-widget-wrap elementor-element-populated\">\n\t\t\t\t\t\t<div class=\"elementor-element elementor-element-2c61a637 elementor-widget elementor-widget-spacer\" data-id=\"2c61a637\" data-element_type=\"widget\" data-e-type=\"widget\" data-widget_type=\"spacer.default\">\n\t\t\t\t<div class=\"elementor-widget-container\">\n\t\t\t\t\t\t\t<div class=\"elementor-spacer\">\n\t\t\t<div class=\"elementor-spacer-inner\"><\/div>\n\t\t<\/div>\n\t\t\t\t\t\t<\/div>\n\t\t\t\t<\/div>\n\t\t\t\t<div class=\"elementor-element elementor-element-29a55e26 elementor-widget-divider--view-line elementor-widget elementor-widget-divider\" data-id=\"29a55e26\" data-element_type=\"widget\" data-e-type=\"widget\" data-widget_type=\"divider.default\">\n\t\t\t\t<div class=\"elementor-widget-container\">\n\t\t\t\t\t\t\t<div class=\"elementor-divider\">\n\t\t\t<span class=\"elementor-divider-separator\">\n\t\t\t\t\t\t<\/span>\n\t\t<\/div>\n\t\t\t\t\t\t<\/div>\n\t\t\t\t<\/div>\n\t\t\t\t<div class=\"elementor-element elementor-element-10be4059 animated-slow elementor-invisible elementor-widget elementor-widget-heading\" data-id=\"10be4059\" data-element_type=\"widget\" data-e-type=\"widget\" data-settings=\"{&quot;_animation&quot;:&quot;fadeInDown&quot;}\" data-widget_type=\"heading.default\">\n\t\t\t\t<div class=\"elementor-widget-container\">\n\t\t\t\t\t<h2 class=\"elementor-heading-title elementor-size-default\">DEPARTEMENT DE MATHEMATIQUE<\/h2>\t\t\t\t<\/div>\n\t\t\t\t<\/div>\n\t\t\t\t<div class=\"elementor-element elementor-element-6bdd8670 elementor-widget elementor-widget-text-editor\" data-id=\"6bdd8670\" data-element_type=\"widget\" data-e-type=\"widget\" data-widget_type=\"text-editor.default\">\n\t\t\t\t<div class=\"elementor-widget-container\">\n\t\t\t\t\t\t\t\t\t<p>Le D\u00e9partement des Math\u00e9matiques est l\u2019une des unit\u00e9s d\u2019enseignement, de recherche et d\u2019innovation plac\u00e9e sous l\u2019autorit\u00e9 du D\u00e9canat des Sciences de la Nature de l\u2019Universit\u00e9 de Kankan. IL est dirig\u00e9 par un Chef de D\u00e9partement qui coordonne les activit\u00e9s p\u00e9dagogiques et de recherche.<\/p><p>Le Chef de D\u00e9partement est assist\u00e9 par un Directeur de Programme qui g\u00e8re le personnel d\u2019enseignement des fili\u00e8res \/ concentrations et contr\u00f4le l\u2019ex\u00e9cution des programmes, plan d\u2019\u00e9tudes et recherche scientifiques<\/p>\t\t\t\t\t\t\t\t<\/div>\n\t\t\t\t<\/div>\n\t\t\t\t<div class=\"elementor-element elementor-element-1132a61a elementor-widget elementor-widget-spacer\" data-id=\"1132a61a\" data-element_type=\"widget\" data-e-type=\"widget\" data-widget_type=\"spacer.default\">\n\t\t\t\t<div class=\"elementor-widget-container\">\n\t\t\t\t\t\t\t<div class=\"elementor-spacer\">\n\t\t\t<div class=\"elementor-spacer-inner\"><\/div>\n\t\t<\/div>\n\t\t\t\t\t\t<\/div>\n\t\t\t\t<\/div>\n\t\t\t\t<div class=\"elementor-element elementor-element-5841dc76 elementor-tabs-view-horizontal elementor-widget elementor-widget-tabs\" data-id=\"5841dc76\" data-element_type=\"widget\" data-e-type=\"widget\" data-widget_type=\"tabs.default\">\n\t\t\t\t<div class=\"elementor-widget-container\">\n\t\t\t\t\t\t\t<div class=\"elementor-tabs\">\n\t\t\t<div class=\"elementor-tabs-wrapper\" role=\"tablist\" >\n\t\t\t\t\t\t\t\t\t<div id=\"elementor-tab-title-1481\" class=\"elementor-tab-title elementor-tab-desktop-title\" aria-selected=\"true\" data-tab=\"1\" role=\"tab\" tabindex=\"0\" aria-controls=\"elementor-tab-content-1481\" aria-expanded=\"false\">PR\u00c9SENTATION<\/div>\n\t\t\t\t\t\t\t\t\t<div id=\"elementor-tab-title-1482\" class=\"elementor-tab-title elementor-tab-desktop-title\" aria-selected=\"false\" data-tab=\"2\" role=\"tab\" tabindex=\"-1\" aria-controls=\"elementor-tab-content-1482\" aria-expanded=\"false\">D\u00c9BOUCH\u00c9S<\/div>\n\t\t\t\t\t\t\t<\/div>\n\t\t\t<div class=\"elementor-tabs-content-wrapper\" role=\"tablist\" aria-orientation=\"vertical\">\n\t\t\t\t\t\t\t\t\t<div class=\"elementor-tab-title elementor-tab-mobile-title\" aria-selected=\"true\" data-tab=\"1\" role=\"tab\" tabindex=\"0\" aria-controls=\"elementor-tab-content-1481\" aria-expanded=\"false\">PR\u00c9SENTATION<\/div>\n\t\t\t\t\t<div id=\"elementor-tab-content-1481\" class=\"elementor-tab-content elementor-clearfix\" data-tab=\"1\" role=\"tabpanel\" aria-labelledby=\"elementor-tab-title-1481\" tabindex=\"0\" hidden=\"false\"><p><strong>Nom du Programme<\/strong>\u00a0: Licence de Math\u00e9matiques<\/p><p><strong>Condition d\u2019Admission au Programme<\/strong>\u00a0: \u00eatre titulaire d\u2019un baccalaur\u00e9at unique des s\u00e9ries Sciences Math\u00e9matiques ou Exp\u00e9rimentales pour les nationaux et les s\u00e9ries C ou D pour les \u00e9trangers<\/p><p><strong>Grade auquel conduit le Programme<\/strong>\u00a0: Licence \u00e8s Sciences<\/p><p><strong>Appellation du Dipl\u00f4me<\/strong>\u00a0: Licence \u00e8s Sciences<\/p><p><strong>Comit\u00e9 de Programme<\/strong>\u00a0: la proposition pour la nomination des membres est transmise au rectorat<\/p><p><strong>Directeur de Programme<\/strong>\u00a0: Dr Ibrahima SAGNO, Assistant, Alg\u00e8bre, Topologie<\/p><p><strong>P\u00e9riodicit\u00e9 des Inscriptions<\/strong>\u00a0: Semestrielle<\/p><\/div>\n\t\t\t\t\t\t\t\t\t<div class=\"elementor-tab-title elementor-tab-mobile-title\" aria-selected=\"false\" data-tab=\"2\" role=\"tab\" tabindex=\"-1\" aria-controls=\"elementor-tab-content-1482\" aria-expanded=\"false\">D\u00c9BOUCH\u00c9S<\/div>\n\t\t\t\t\t<div id=\"elementor-tab-content-1482\" class=\"elementor-tab-content elementor-clearfix\" data-tab=\"2\" role=\"tabpanel\" aria-labelledby=\"elementor-tab-title-1482\" tabindex=\"0\" hidden=\"hidden\"><p>Les dipl\u00f4m\u00e9s de Licence \u00e8s Sciences Math\u00e9matiques du D\u00e9partement des Math\u00e9matiques sont employ\u00e9s dans les structures suivantes<\/p><ul><li>Fonction Publique<\/li><li>Institut National de la Statistique<\/li><li>Universit\u00e9s et Instituts des Recherche<\/li><li>Secteurs priv\u00e9s : Banque et Assurance, Finance et Risques<\/li><li>Logistique et Gestion de Production<\/li><li>Conseil en Ing\u00e9nierie et Traitement de l\u2019Information<\/li><\/ul><\/div>\n\t\t\t\t\t\t\t<\/div>\n\t\t<\/div>\n\t\t\t\t\t\t<\/div>\n\t\t\t\t<\/div>\n\t\t\t\t<div class=\"elementor-element elementor-element-e779b2e elementor-widget elementor-widget-spacer\" data-id=\"e779b2e\" data-element_type=\"widget\" data-e-type=\"widget\" data-widget_type=\"spacer.default\">\n\t\t\t\t<div class=\"elementor-widget-container\">\n\t\t\t\t\t\t\t<div class=\"elementor-spacer\">\n\t\t\t<div class=\"elementor-spacer-inner\"><\/div>\n\t\t<\/div>\n\t\t\t\t\t\t<\/div>\n\t\t\t\t<\/div>\n\t\t\t\t<div class=\"elementor-element elementor-element-de04976 elementor-headline--style-highlight elementor-widget elementor-widget-animated-headline\" data-id=\"de04976\" data-element_type=\"widget\" data-e-type=\"widget\" data-settings=\"{&quot;marker&quot;:&quot;underline_zigzag&quot;,&quot;highlighted_text&quot;:&quot;STRUCTURE DU PROGRAMME&quot;,&quot;headline_style&quot;:&quot;highlight&quot;,&quot;loop&quot;:&quot;yes&quot;,&quot;highlight_animation_duration&quot;:1200,&quot;highlight_iteration_delay&quot;:8000}\" data-widget_type=\"animated-headline.default\">\n\t\t\t\t<div class=\"elementor-widget-container\">\n\t\t\t\t\t\t\t<h3 class=\"elementor-headline\">\n\t\t\t\t<span class=\"elementor-headline-dynamic-wrapper elementor-headline-text-wrapper\">\n\t\t\t\t\t<span class=\"elementor-headline-dynamic-text elementor-headline-text-active\">STRUCTURE DU PROGRAMME<\/span>\n\t\t\t\t<\/span>\n\t\t\t\t<\/h3>\n\t\t\t\t\t\t<\/div>\n\t\t\t\t<\/div>\n\t\t\t\t<div class=\"elementor-element elementor-element-234f8ef elementor-tab elementor-widget elementor-widget-text-editor\" data-id=\"234f8ef\" data-element_type=\"widget\" data-e-type=\"widget\" data-widget_type=\"text-editor.default\">\n\t\t\t\t<div class=\"elementor-widget-container\">\n\t\t\t\t\t\t\t\t\t<p>Pour valider le programme, l\u2019\u00e9tudiant doit totaliser 180 cr\u00e9dits qui sont repartis en cours obligatoires, cours compl\u00e9mentaires ou cours optionnels (pour les concentrations). La d\u00e9signation des diff\u00e9rents codes affect\u00e9s aux diff\u00e9rents cours, leurs pr\u00e9alables ainsi que le nombre de cr\u00e9dits attribu\u00e9s sont d\u00e9crits dans les tableaux suivants:<\/p><ul><li><strong>Cours Obligatoires<\/strong><\/li><\/ul><table><tbody><tr><td width=\"64\">Code<\/td><td width=\"255\">D\u00e9signation<\/td><td width=\"66\">Cr\u00e9dits<\/td><\/tr><tr><td width=\"64\">Mat 1<\/td><td width=\"255\">Alg\u00e8bre I<\/td><td width=\"66\">6<\/td><\/tr><tr><td width=\"64\">Mat 2<\/td><td width=\"255\">Analyse I<\/td><td width=\"66\">6<\/td><\/tr><tr><td width=\"64\">Mat 3<\/td><td width=\"255\">Probabilit\u00e9 I<\/td><td width=\"66\">6<\/td><\/tr><tr><td width=\"64\">Mat 4<\/td><td width=\"255\">Statistique I<\/td><td width=\"66\">6<\/td><\/tr><tr><td width=\"64\">Mat 5<\/td><td width=\"255\">Alg\u00e8bre II<\/td><td width=\"66\">6<\/td><\/tr><tr><td width=\"64\">Mat 6<\/td><td width=\"255\">Analyse II<\/td><td width=\"66\">6<\/td><\/tr><tr><td width=\"64\">Mat 7<\/td><td width=\"255\">G\u00e9om\u00e9trie I<\/td><td width=\"66\">6<\/td><\/tr><tr><td width=\"64\">Mat 8<\/td><td width=\"255\">Th\u00e9orie des Graphes<\/td><td width=\"66\">6<\/td><\/tr><tr><td width=\"64\">Mat 9<\/td><td width=\"255\">Statistique II<\/td><td width=\"66\">6<\/td><\/tr><tr><td width=\"64\">Mat 10<\/td><td width=\"255\">Topologie g\u00e9n\u00e9rale<\/td><td width=\"66\">6<\/td><\/tr><tr><td width=\"64\">Mat 11<\/td><td width=\"255\">Equations Diff\u00e9rentielles Ordinaires<\/td><td width=\"66\">6<\/td><\/tr><tr><td width=\"64\">Mat 12<\/td><td width=\"255\">Optimisation I<\/td><td width=\"66\">6<\/td><\/tr><tr><td width=\"64\">Mat 13<\/td><td width=\"255\">Calcul Diff\u00e9rentiel<\/td><td width=\"66\">6<\/td><\/tr><tr><td width=\"64\">Mat 14<\/td><td width=\"255\">Analyse Fonctionnelle I<\/td><td width=\"66\">6<\/td><\/tr><tr><td width=\"64\">Mat 15<\/td><td width=\"255\">G\u00e9om\u00e9trie II<\/td><td width=\"66\">6<\/td><\/tr><tr><td width=\"64\">Mat 16<\/td><td width=\"255\">Analyse Complexe<\/td><td width=\"66\">6<\/td><\/tr><tr><td width=\"64\">Mat 17<\/td><td width=\"255\">Calcul Num\u00e9rique<\/td><td width=\"66\">6<\/td><\/tr><tr><td width=\"64\">Mat 18<\/td><td width=\"255\">G\u00e9om\u00e9trie III<\/td><td width=\"66\">6<\/td><\/tr><tr><td width=\"64\">Mat 19<\/td><td width=\"255\">Analyse Fonctionnelle II<\/td><td width=\"66\">6<\/td><\/tr><\/tbody><\/table><ul><li><strong>Cours Optionnels de la concentration\u00a0 \u2039\u2039 Math\u00e9matiques Fondamentales\u203a\u203a<\/strong><\/li><\/ul><table><tbody><tr><td width=\"64\">Code<\/td><td width=\"271\">D\u00e9signation<\/td><td width=\"69\">Cr\u00e9dits<\/td><\/tr><tr><td width=\"64\">Mat 20<\/td><td width=\"271\">Alg\u00e8bre III<\/td><td width=\"69\">6<\/td><\/tr><tr><td width=\"64\">Mat 21<\/td><td width=\"271\">Analyse Fonctionnelle II<\/td><td width=\"69\">6<\/td><\/tr><tr><td width=\"64\">Mat 22<\/td><td width=\"271\">G\u00e9om\u00e9trie IV<\/td><td width=\"69\">6<\/td><\/tr><tr><td width=\"64\">Mat 23<\/td><td width=\"271\">Equations aux D\u00e9riv\u00e9es Partielles EDP<\/td><td width=\"69\">6<\/td><\/tr><tr><td width=\"64\">Mat 24<\/td><td width=\"271\">G\u00e9om\u00e9trie V<\/td><td width=\"69\">6<\/td><\/tr><tr><td width=\"64\">Mat 25<\/td><td width=\"271\">Espace d\u2019Orlitzc<\/td><td width=\"69\">6<\/td><\/tr><tr><td width=\"64\">Mat 26<\/td><td width=\"271\">Equations de R\u00e9currence<\/td><td width=\"69\">6<\/td><\/tr><\/tbody><\/table><ul><li><strong>Cours Optionnels de la concentration\u00a0 \u2039\u2039 Math\u00e9matiques Appliqu\u00e9es<\/strong><\/li><\/ul><table><tbody><tr><td width=\"64\">Code<\/td><td width=\"325\">D\u00e9signation<\/td><td width=\"70\">Cr\u00e9dits<\/td><\/tr><tr><td width=\"64\">Mat 27<\/td><td width=\"325\">Probabilit\u00e9 II<\/td><td width=\"70\">6<\/td><\/tr><tr><td width=\"64\">Mat 28<\/td><td width=\"325\">Statistique II<\/td><td width=\"70\">6<\/td><\/tr><tr><td width=\"64\">Mat 29<\/td><td width=\"325\">Analyse des Donn\u00e9es<\/td><td width=\"70\">6<\/td><\/tr><tr><td width=\"64\">Mat 30<\/td><td width=\"325\">Optimisation I<\/td><td width=\"70\">6<\/td><\/tr><tr><td width=\"64\">Mat 31<\/td><td width=\"325\">Optimisation II<\/td><td width=\"70\">6<\/td><\/tr><tr><td width=\"64\">Mat 32<\/td><td width=\"325\">Mod\u00e8le de R\u00e9gression Lin\u00e9aire<\/td><td width=\"70\">6<\/td><\/tr><tr><td width=\"64\">Mat 33<\/td><td width=\"325\">M\u00e9thodes Math\u00e9matiques de la Physique MMP<\/td><td width=\"70\">6<\/td><\/tr><tr><td width=\"64\">Mat 34<\/td><td width=\"325\">M\u00e9canique Analytique<\/td><td width=\"70\">6<\/td><\/tr><\/tbody><\/table><ul><li><strong>Cours Compl\u00e9mentaires<\/strong><\/li><\/ul><table><tbody><tr><td width=\"64\">Code<\/td><td width=\"356\">D\u00e9signation<\/td><td width=\"63\">Cr\u00e9dits<\/td><\/tr><tr><td width=\"64\">CCO 1<\/td><td width=\"356\">Technique de l\u2019Expression et de la Communication<\/td><td width=\"63\">6<\/td><\/tr><tr><td width=\"64\">CCO 2<\/td><td width=\"356\">Langue Anglaise<\/td><td width=\"63\">6<\/td><\/tr><tr><td width=\"64\">CCO 3<\/td><td width=\"356\">Informatique I<\/td><td width=\"63\">6<\/td><\/tr><tr><td width=\"64\">CCO 4<\/td><td width=\"356\">Didactique des Math\u00e9matiques<\/td><td width=\"63\">6<\/td><\/tr><tr><td width=\"64\">CCO 5<\/td><td width=\"356\">Informatique II<\/td><td width=\"63\">6<\/td><\/tr><\/tbody><\/table><ul><li><strong>Organisation du Programme par Semestre<\/strong><\/li><\/ul><table><tbody><tr><td width=\"89\">Semestres<\/td><td colspan=\"5\" width=\"332\">Cours<\/td><\/tr><tr><td width=\"89\">Semestre 1<\/td><td width=\"63\">Mat 1<\/td><td width=\"66\">Mat 2<\/td><td width=\"66\">Mat 3<\/td><td width=\"66\">Mat 4<\/td><td width=\"71\">CCO1<\/td><\/tr><tr><td width=\"89\">Semestre 2<\/td><td width=\"63\">Mat 5<\/td><td width=\"66\">Mat 6<\/td><td width=\"66\">Mat 7<\/td><td width=\"66\">Mat 8<\/td><td width=\"71\">CCO2<\/td><\/tr><tr><td width=\"89\">Semestre 3<\/td><td width=\"63\">Mat 9<\/td><td width=\"66\">Mat 10<\/td><td width=\"66\">Mat 11<\/td><td width=\"66\">Mat 12<\/td><td width=\"71\">CCO3<\/td><\/tr><tr><td width=\"89\">Semestre 4<\/td><td width=\"63\">Mat 13<\/td><td width=\"66\">Mat 14<\/td><td width=\"66\">Mat 15<\/td><td width=\"66\">Mat 16<\/td><td width=\"71\">Mat 17<\/td><\/tr><tr><td width=\"89\">Semestre 5<\/td><td width=\"63\">Mat 18<\/td><td width=\"66\">Mat 19<\/td><td width=\"66\">MO1<\/td><td width=\"66\">MO2<\/td><td width=\"71\">CCO4<\/td><\/tr><tr><td width=\"89\">Semestre 6<\/td><td width=\"63\">MO3<\/td><td width=\"66\">MO4<\/td><td width=\"66\">MO5<\/td><td width=\"66\">MO6<\/td><td width=\"71\">CCO5<\/td><\/tr><\/tbody><\/table>\t\t\t\t\t\t\t\t<\/div>\n\t\t\t\t<\/div>\n\t\t\t\t<div class=\"elementor-element elementor-element-20d6f3d elementor-widget elementor-widget-spacer\" data-id=\"20d6f3d\" data-element_type=\"widget\" data-e-type=\"widget\" data-widget_type=\"spacer.default\">\n\t\t\t\t<div class=\"elementor-widget-container\">\n\t\t\t\t\t\t\t<div class=\"elementor-spacer\">\n\t\t\t<div class=\"elementor-spacer-inner\"><\/div>\n\t\t<\/div>\n\t\t\t\t\t\t<\/div>\n\t\t\t\t<\/div>\n\t\t\t\t<div class=\"elementor-element elementor-element-cfc1706 elementor-headline--style-highlight elementor-widget elementor-widget-animated-headline\" data-id=\"cfc1706\" data-element_type=\"widget\" data-e-type=\"widget\" data-settings=\"{&quot;marker&quot;:&quot;underline_zigzag&quot;,&quot;highlighted_text&quot;:&quot;LISTE DU PERSONNEL ENSEIGNANT&quot;,&quot;headline_style&quot;:&quot;highlight&quot;,&quot;loop&quot;:&quot;yes&quot;,&quot;highlight_animation_duration&quot;:1200,&quot;highlight_iteration_delay&quot;:8000}\" data-widget_type=\"animated-headline.default\">\n\t\t\t\t<div class=\"elementor-widget-container\">\n\t\t\t\t\t\t\t<h3 class=\"elementor-headline\">\n\t\t\t\t<span class=\"elementor-headline-dynamic-wrapper elementor-headline-text-wrapper\">\n\t\t\t\t\t<span class=\"elementor-headline-dynamic-text elementor-headline-text-active\">LISTE DU PERSONNEL ENSEIGNANT<\/span>\n\t\t\t\t<\/span>\n\t\t\t\t<\/h3>\n\t\t\t\t\t\t<\/div>\n\t\t\t\t<\/div>\n\t\t\t\t<div class=\"elementor-element elementor-element-bd6e939 elementor-tab elementor-widget elementor-widget-text-editor\" data-id=\"bd6e939\" data-element_type=\"widget\" data-e-type=\"widget\" data-widget_type=\"text-editor.default\">\n\t\t\t\t<div class=\"elementor-widget-container\">\n\t\t\t\t\t\t\t\t\t<table width=\"0\"><tbody><tr><td width=\"36\"><strong>N\u00ba<\/strong><\/td><td width=\"217\"><strong>Nom et Pr\u00e9noms<\/strong><\/td><td width=\"425\"><strong>Cours dispens\u00e9<\/strong><\/td><\/tr><tr><td width=\"36\">1<\/td><td width=\"217\">N\u2019DIAYE Mouctar<\/td><td width=\"425\">Didactique des math\u00e9matiques, Probabilit\u00e9 Statistique, Alg\u00e8bre<\/td><\/tr><tr><td width=\"36\">2<\/td><td width=\"217\">SAGNO Ibrahima<\/td><td width=\"425\">Alg\u00e8bre, Topologie<\/td><\/tr><tr><td width=\"36\">5<\/td><td width=\"217\">ONIVOGUI Siba<\/td><td width=\"425\">G\u00e9om\u00e9trie, Equations Diff\u00e9rentielles Ordinaires, MMP<\/td><\/tr><tr><td width=\"36\">4<\/td><td width=\"217\">MARA Tamba<\/td><td width=\"425\">Analyse, Calcul Num\u00e9rique<\/td><\/tr><tr><td width=\"36\">5<\/td><td width=\"217\">LOUAMOU Bakol\u00e9<\/td><td width=\"425\">Equations aux D\u00e9riv\u00e9es Partielles, Calcul Diff\u00e9rentiel<\/td><\/tr><tr><td width=\"36\">6<\/td><td width=\"217\">GBANAMOU K\u00e9koura<\/td><td width=\"425\">Optimisation<\/td><\/tr><tr><td width=\"36\">7<\/td><td width=\"217\">CONDE Moussa Fatoumata<\/td><td width=\"425\">Probabilit\u00e9<\/td><\/tr><tr><td width=\"36\">8<\/td><td width=\"217\">DIAKITE Drissa<\/td><td width=\"425\">Analyse Complexe<\/td><\/tr><tr><td width=\"36\">9<\/td><td width=\"217\">DIALLO Thierno Souleymane<\/td><td width=\"425\">Analyse, Alg\u00e8bre<\/td><\/tr><tr><td width=\"36\">10<\/td><td width=\"217\">DIANE Kabin\u00e9<\/td><td width=\"425\">Informatique<\/td><\/tr><tr><td width=\"36\">11<\/td><td width=\"217\">SOUMAH Aboubacar<\/td><td width=\"425\">Informatique<\/td><\/tr><tr><td width=\"36\">12<\/td><td width=\"217\">DIALLO Alhassane<\/td><td width=\"425\">Informatique<\/td><\/tr><tr><td width=\"36\">13<\/td><td width=\"217\">KALLO Souleymane<\/td><td width=\"425\">Informatique<\/td><\/tr><tr><td width=\"36\">14<\/td><td width=\"217\">BEAVOGUI Simon Siba<\/td><td width=\"425\">Informatique<\/td><\/tr><tr><td width=\"36\">15<\/td><td width=\"217\">THEA C\u00e9c\u00e9<\/td><td width=\"425\">Th\u00e9orie des Graphes<\/td><\/tr><tr><td width=\"36\">16<\/td><td width=\"217\">SOUOMOU Vassina<\/td><td width=\"425\">Analyse<\/td><\/tr><tr><td width=\"36\">17<\/td><td width=\"217\">BALDE Mamadou Labbo<\/td><td width=\"425\">Probabilit\u00e9<\/td><\/tr><tr><td width=\"36\">18<\/td><td width=\"217\">CAMARA Saran<\/td><td width=\"425\">Statistique<\/td><\/tr><\/tbody><\/table>\t\t\t\t\t\t\t\t<\/div>\n\t\t\t\t<\/div>\n\t\t\t\t<section class=\"elementor-section elementor-inner-section elementor-element elementor-element-26ddc1cb elementor-section-boxed elementor-section-height-default elementor-section-height-default\" data-id=\"26ddc1cb\" data-element_type=\"section\" data-e-type=\"section\">\n\t\t\t\t\t\t<div class=\"elementor-container elementor-column-gap-default\">\n\t\t\t\t\t<div class=\"elementor-column elementor-col-50 elementor-inner-column elementor-element elementor-element-5aff00a7\" data-id=\"5aff00a7\" data-element_type=\"column\" data-e-type=\"column\">\n\t\t\t<div class=\"elementor-widget-wrap elementor-element-populated\">\n\t\t\t\t\t\t<div class=\"elementor-element elementor-element-279dfb46 elementor-position-top elementor-widget elementor-widget-image-box\" data-id=\"279dfb46\" data-element_type=\"widget\" data-e-type=\"widget\" data-widget_type=\"image-box.default\">\n\t\t\t\t<div class=\"elementor-widget-container\">\n\t\t\t\t\t<div class=\"elementor-image-box-wrapper\"><figure class=\"elementor-image-box-img\"><img decoding=\"async\" src=\"https:\/\/www.ujnk.edu.gn\/wp-content\/uploads\/elementor\/thumbs\/chef-de-departement-3-q0o7k0jmahwnychxh47r1xigcr9g3el9bi9o3eww6g.jpg\" title=\"chef de departement\" alt=\"chef de departement\" loading=\"lazy\" \/><\/figure><div class=\"elementor-image-box-content\"><h3 class=\"elementor-image-box-title\">Chef de D\u00e9partement<\/h3><p class=\"elementor-image-box-description\">Dr Mouctar N\u2019DIAYE<\/p><\/div><\/div>\t\t\t\t<\/div>\n\t\t\t\t<\/div>\n\t\t\t\t\t<\/div>\n\t\t<\/div>\n\t\t\t\t<div class=\"elementor-column elementor-col-50 elementor-inner-column elementor-element elementor-element-31b2ff58\" data-id=\"31b2ff58\" data-element_type=\"column\" data-e-type=\"column\">\n\t\t\t<div class=\"elementor-widget-wrap elementor-element-populated\">\n\t\t\t\t\t\t<div class=\"elementor-element elementor-element-6620a735 elementor-position-top elementor-widget elementor-widget-image-box\" data-id=\"6620a735\" data-element_type=\"widget\" data-e-type=\"widget\" data-widget_type=\"image-box.default\">\n\t\t\t\t<div class=\"elementor-widget-container\">\n\t\t\t\t\t<div class=\"elementor-image-box-wrapper\"><figure class=\"elementor-image-box-img\"><img decoding=\"async\" src=\"https:\/\/www.ujnk.edu.gn\/wp-content\/uploads\/elementor\/thumbs\/directeur-2-q0o7k0jmahwnychxh47r1xigcr9g3el9bi9o3eww6g.jpg\" title=\"directeur\" alt=\"directeur\" loading=\"lazy\" \/><\/figure><div class=\"elementor-image-box-content\"><h3 class=\"elementor-image-box-title\">Directeur de Programme<\/h3><p class=\"elementor-image-box-description\">Directeur de Programme<\/p><\/div><\/div>\t\t\t\t<\/div>\n\t\t\t\t<\/div>\n\t\t\t\t\t<\/div>\n\t\t<\/div>\n\t\t\t\t\t<\/div>\n\t\t<\/section>\n\t\t\t\t\t<\/div>\n\t\t<\/div>\n\t\t\t\t\t<\/div>\n\t\t<\/section>\n\t\t\t\t<section class=\"elementor-section elementor-top-section elementor-element elementor-element-717e73d elementor-section-boxed elementor-section-height-default elementor-section-height-default\" data-id=\"717e73d\" data-element_type=\"section\" data-e-type=\"section\">\n\t\t\t\t\t\t<div class=\"elementor-container elementor-column-gap-default\">\n\t\t\t\t\t<div class=\"elementor-column elementor-col-100 elementor-top-column elementor-element elementor-element-05fbe14\" data-id=\"05fbe14\" data-element_type=\"column\" data-e-type=\"column\">\n\t\t\t<div class=\"elementor-widget-wrap elementor-element-populated\">\n\t\t\t\t\t\t<div class=\"elementor-element elementor-element-6edcfea elementor-widget elementor-widget-spacer\" data-id=\"6edcfea\" data-element_type=\"widget\" data-e-type=\"widget\" data-widget_type=\"spacer.default\">\n\t\t\t\t<div class=\"elementor-widget-container\">\n\t\t\t\t\t\t\t<div class=\"elementor-spacer\">\n\t\t\t<div class=\"elementor-spacer-inner\"><\/div>\n\t\t<\/div>\n\t\t\t\t\t\t<\/div>\n\t\t\t\t<\/div>\n\t\t\t\t\t<\/div>\n\t\t<\/div>\n\t\t\t\t\t<\/div>\n\t\t<\/section>\n\t\t\t\t<\/div>","protected":false},"excerpt":{"rendered":"<p>DEPARTEMENT DE MATHEMATIQUE Le D\u00e9partement des Math\u00e9matiques est l\u2019une des unit\u00e9s d\u2019enseignement, de recherche et d\u2019innovation plac\u00e9e sous l\u2019autorit\u00e9 du D\u00e9canat des Sciences de la Nature de l\u2019Universit\u00e9 de Kankan. [&hellip;]<\/p>\n","protected":false},"author":1,"featured_media":0,"parent":0,"menu_order":0,"comment_status":"closed","ping_status":"closed","template":"template-1c.php","meta":{"footnotes":""},"class_list":["post-3330","page","type-page","status-publish","hentry"],"_links":{"self":[{"href":"https:\/\/www.ujnk.edu.gn\/en\/wp-json\/wp\/v2\/pages\/3330","targetHints":{"allow":["GET"]}}],"collection":[{"href":"https:\/\/www.ujnk.edu.gn\/en\/wp-json\/wp\/v2\/pages"}],"about":[{"href":"https:\/\/www.ujnk.edu.gn\/en\/wp-json\/wp\/v2\/types\/page"}],"author":[{"embeddable":true,"href":"https:\/\/www.ujnk.edu.gn\/en\/wp-json\/wp\/v2\/users\/1"}],"replies":[{"embeddable":true,"href":"https:\/\/www.ujnk.edu.gn\/en\/wp-json\/wp\/v2\/comments?post=3330"}],"version-history":[{"count":30,"href":"https:\/\/www.ujnk.edu.gn\/en\/wp-json\/wp\/v2\/pages\/3330\/revisions"}],"predecessor-version":[{"id":4804,"href":"https:\/\/www.ujnk.edu.gn\/en\/wp-json\/wp\/v2\/pages\/3330\/revisions\/4804"}],"wp:attachment":[{"href":"https:\/\/www.ujnk.edu.gn\/en\/wp-json\/wp\/v2\/media?parent=3330"}],"curies":[{"name":"wp","href":"https:\/\/api.w.org\/{rel}","templated":true}]}}