{"id":3235,"date":"2023-01-16T05:52:24","date_gmt":"2023-01-16T04:52:24","guid":{"rendered":"https:\/\/www.ujnk.edu.gn\/?page_id=3235"},"modified":"2023-02-07T11:27:02","modified_gmt":"2023-02-07T10:27:02","slug":"page-departement-de-langue-moderne","status":"publish","type":"page","link":"https:\/\/www.ujnk.edu.gn\/en\/page-departement-de-langue-moderne\/","title":{"rendered":"Page lettre moderne"},"content":{"rendered":"<div data-elementor-type=\"wp-page\" data-elementor-id=\"3235\" class=\"elementor elementor-3235\">\n\t\t\t\t\t\t<section class=\"elementor-section elementor-top-section elementor-element elementor-element-5f41419c elementor-section-stretched elementor-section-boxed elementor-section-height-default elementor-section-height-default\" data-id=\"5f41419c\" data-element_type=\"section\" data-e-type=\"section\" data-settings=\"{&quot;background_background&quot;:&quot;classic&quot;,&quot;stretch_section&quot;:&quot;section-stretched&quot;}\">\n\t\t\t\t\t\t<div class=\"elementor-container elementor-column-gap-default\">\n\t\t\t\t\t<div class=\"elementor-column elementor-col-100 elementor-top-column elementor-element elementor-element-138a6094\" data-id=\"138a6094\" data-element_type=\"column\" data-e-type=\"column\">\n\t\t\t<div class=\"elementor-widget-wrap elementor-element-populated\">\n\t\t\t\t\t\t<div class=\"elementor-element elementor-element-8c1249b elementor-widget elementor-widget-spacer\" data-id=\"8c1249b\" data-element_type=\"widget\" data-e-type=\"widget\" data-widget_type=\"spacer.default\">\n\t\t\t\t<div class=\"elementor-widget-container\">\n\t\t\t\t\t\t\t<div class=\"elementor-spacer\">\n\t\t\t<div class=\"elementor-spacer-inner\"><\/div>\n\t\t<\/div>\n\t\t\t\t\t\t<\/div>\n\t\t\t\t<\/div>\n\t\t\t\t<div class=\"elementor-element elementor-element-5232c5be elementor-widget-divider--view-line elementor-widget elementor-widget-divider\" data-id=\"5232c5be\" data-element_type=\"widget\" data-e-type=\"widget\" data-widget_type=\"divider.default\">\n\t\t\t\t<div class=\"elementor-widget-container\">\n\t\t\t\t\t\t\t<div class=\"elementor-divider\">\n\t\t\t<span class=\"elementor-divider-separator\">\n\t\t\t\t\t\t<\/span>\n\t\t<\/div>\n\t\t\t\t\t\t<\/div>\n\t\t\t\t<\/div>\n\t\t\t\t<div class=\"elementor-element elementor-element-78896012 animated-slow elementor-invisible elementor-widget elementor-widget-heading\" data-id=\"78896012\" data-element_type=\"widget\" data-e-type=\"widget\" data-settings=\"{&quot;_animation_mobile&quot;:&quot;fadeInDown&quot;,&quot;_animation&quot;:&quot;fadeInDown&quot;}\" data-widget_type=\"heading.default\">\n\t\t\t\t<div class=\"elementor-widget-container\">\n\t\t\t\t\t<h2 class=\"elementor-heading-title elementor-size-default\">LETTRE moderne<\/h2>\t\t\t\t<\/div>\n\t\t\t\t<\/div>\n\t\t\t\t<div class=\"elementor-element elementor-element-5e8334e6 elementor-widget elementor-widget-spacer\" data-id=\"5e8334e6\" data-element_type=\"widget\" data-e-type=\"widget\" data-widget_type=\"spacer.default\">\n\t\t\t\t<div class=\"elementor-widget-container\">\n\t\t\t\t\t\t\t<div class=\"elementor-spacer\">\n\t\t\t<div class=\"elementor-spacer-inner\"><\/div>\n\t\t<\/div>\n\t\t\t\t\t\t<\/div>\n\t\t\t\t<\/div>\n\t\t\t\t<div class=\"elementor-element elementor-element-2e02e26 elementor-tabs-view-horizontal elementor-widget elementor-widget-tabs\" data-id=\"2e02e26\" data-element_type=\"widget\" data-e-type=\"widget\" data-widget_type=\"tabs.default\">\n\t\t\t\t<div class=\"elementor-widget-container\">\n\t\t\t\t\t\t\t<div class=\"elementor-tabs\">\n\t\t\t<div class=\"elementor-tabs-wrapper\" role=\"tablist\" >\n\t\t\t\t\t\t\t\t\t<div id=\"elementor-tab-title-4821\" class=\"elementor-tab-title elementor-tab-desktop-title\" aria-selected=\"true\" data-tab=\"1\" role=\"tab\" tabindex=\"0\" aria-controls=\"elementor-tab-content-4821\" aria-expanded=\"false\">DEBOUCHES<\/div>\n\t\t\t\t\t\t\t<\/div>\n\t\t\t<div class=\"elementor-tabs-content-wrapper\" role=\"tablist\" aria-orientation=\"vertical\">\n\t\t\t\t\t\t\t\t\t<div class=\"elementor-tab-title elementor-tab-mobile-title\" aria-selected=\"true\" data-tab=\"1\" role=\"tab\" tabindex=\"0\" aria-controls=\"elementor-tab-content-4821\" aria-expanded=\"false\">DEBOUCHES<\/div>\n\t\t\t\t\t<div id=\"elementor-tab-content-4821\" class=\"elementor-tab-content elementor-clearfix\" data-tab=\"1\" role=\"tabpanel\" aria-labelledby=\"elementor-tab-title-4821\" tabindex=\"0\" hidden=\"false\"><p>Les \u00e9tudiants dipl\u00f4m\u00e9s en Licence Lettres Modernes peuvent \u00eatre\u00a0:<\/p><ul><li>Professeurs de langue fran\u00e7aise ;<\/li><li>R\u00e9dacteurs d\u2019administration ;<\/li><li>Agents de recherche sur les langues ;<\/li><li>Journaliste ;<\/li><li>Critiques d\u2019art et de litt\u00e9rature ;<\/li><li>Lecteurs et correcteurs de textes dans les maisons d\u2019\u00e9dition ;<\/li><li>Interpr\u00e8tes ou facilitateurs de langues ;<\/li><li>Animateurs des centres de lecture et de culture ;<\/li><li>M\u00e9tier du livre (\u00e9diteurs \u2013libraires)<\/li><\/ul><\/div>\n\t\t\t\t\t\t\t<\/div>\n\t\t<\/div>\n\t\t\t\t\t\t<\/div>\n\t\t\t\t<\/div>\n\t\t\t\t\t<\/div>\n\t\t<\/div>\n\t\t\t\t\t<\/div>\n\t\t<\/section>\n\t\t\t\t<section class=\"elementor-section elementor-top-section elementor-element elementor-element-efe6b9e elementor-section-boxed elementor-section-height-default elementor-section-height-default\" data-id=\"efe6b9e\" data-element_type=\"section\" data-e-type=\"section\" data-settings=\"{&quot;background_background&quot;:&quot;classic&quot;}\">\n\t\t\t\t\t\t<div class=\"elementor-container elementor-column-gap-default\">\n\t\t\t\t\t<div class=\"elementor-column elementor-col-100 elementor-top-column elementor-element elementor-element-115c119e\" data-id=\"115c119e\" data-element_type=\"column\" data-e-type=\"column\">\n\t\t\t<div class=\"elementor-widget-wrap elementor-element-populated\">\n\t\t\t\t\t\t<div class=\"elementor-element elementor-element-42e7a26d elementor-widget elementor-widget-spacer\" data-id=\"42e7a26d\" data-element_type=\"widget\" data-e-type=\"widget\" data-widget_type=\"spacer.default\">\n\t\t\t\t<div class=\"elementor-widget-container\">\n\t\t\t\t\t\t\t<div class=\"elementor-spacer\">\n\t\t\t<div class=\"elementor-spacer-inner\"><\/div>\n\t\t<\/div>\n\t\t\t\t\t\t<\/div>\n\t\t\t\t<\/div>\n\t\t\t\t<div class=\"elementor-element elementor-element-79cf977d elementor-headline--style-highlight elementor-widget elementor-widget-animated-headline\" data-id=\"79cf977d\" data-element_type=\"widget\" data-e-type=\"widget\" data-settings=\"{&quot;marker&quot;:&quot;underline_zigzag&quot;,&quot;highlighted_text&quot;:&quot;Pr\\u00e9sentation&quot;,&quot;headline_style&quot;:&quot;highlight&quot;,&quot;loop&quot;:&quot;yes&quot;,&quot;highlight_animation_duration&quot;:1200,&quot;highlight_iteration_delay&quot;:8000}\" data-widget_type=\"animated-headline.default\">\n\t\t\t\t<div class=\"elementor-widget-container\">\n\t\t\t\t\t\t\t<h3 class=\"elementor-headline\">\n\t\t\t\t\t<span class=\"elementor-headline-plain-text elementor-headline-text-wrapper\">Tableau de r\u00e9partition p\u00e9dagogique<\/span>\n\t\t\t\t<span class=\"elementor-headline-dynamic-wrapper elementor-headline-text-wrapper\">\n\t\t\t\t\t<span class=\"elementor-headline-dynamic-text elementor-headline-text-active\">Pr\u00e9sentation<\/span>\n\t\t\t\t<\/span>\n\t\t\t\t<\/h3>\n\t\t\t\t\t\t<\/div>\n\t\t\t\t<\/div>\n\t\t\t\t<div class=\"elementor-element elementor-element-6f32999 elementor-tab elementor-widget elementor-widget-text-editor\" data-id=\"6f32999\" data-element_type=\"widget\" data-e-type=\"widget\" data-widget_type=\"text-editor.default\">\n\t\t\t\t<div class=\"elementor-widget-container\">\n\t\t\t\t\t\t\t\t\t<table width=\"0\">\n<tbody>\n<tr>\n<td width=\"73\"><strong>N\u00b0<\/strong><\/td>\n<td width=\"286\"><strong>Charg\u00e9 du cours<\/strong><\/td>\n<td width=\"340\"><strong>Cours<\/strong><\/td>\n<td width=\"132\"><strong>Niveaux<\/strong><\/td>\n\n<\/tr>\n<tr>\n<td rowspan=\"3\" width=\"73\">1<\/td>\n<td rowspan=\"3\" width=\"286\">M. Amadou Sidy BANGOURA<\/td>\n<td width=\"340\">Critique litt\u00e9raire<\/td>\n<td width=\"132\">S6<\/td>\n\n<\/tr>\n<tr>\n<td width=\"340\">Litt\u00e9rature compar\u00e9e<\/td>\n<td width=\"132\">S6<\/td>\n<\/tr>\n<tr>\n<td width=\"340\">Litt\u00e9rature Guin\u00e9enne<\/td>\n<td width=\"132\">S3<\/td>\n<\/tr>\n<tr>\n<td rowspan=\"3\" width=\"73\">2<\/td>\n<td rowspan=\"3\" width=\"286\">M. Yomba\u00a0\u00a0\u00a0 BOGONO<\/td>\n<td width=\"340\">Lecture des M\u00e9dias<\/td>\n<td width=\"132\">S3<\/td>\n\n<\/tr>\n<tr>\n<td width=\"340\">S\u00e9miotique<\/td>\n<td width=\"132\">S4<\/td>\n<\/tr>\n<tr>\n<td width=\"340\">Narratologie<\/td>\n<td width=\"132\">S4<\/td>\n<\/tr>\n<tr>\n<td rowspan=\"4\" width=\"73\">3<\/td>\n<td rowspan=\"4\" width=\"286\">M. Moriba\u00a0\u00a0 KOUYATE<\/td>\n<td width=\"340\">Typologie des Textes<\/td>\n<td width=\"132\">S2<\/td>\n\n<\/tr>\n<tr>\n<td width=\"340\">Technique de l\u2019Expression<\/td>\n<td width=\"132\">S2<\/td>\n<\/tr>\n<tr>\n<td width=\"340\">Litt\u00e9rature Fran\u00e7aise 17<sup>\u00e8me<\/sup>\u00a0et 18<sup>\u00e8me<\/sup>\u00a0si\u00e8cles<\/td>\n<td width=\"132\">S3<\/td>\n<\/tr>\n<tr>\n<td width=\"340\">Litt\u00e9rature F\u00e9minine<\/td>\n<td width=\"132\">S5<\/td>\n<\/tr>\n<tr>\n<td rowspan=\"3\" width=\"73\">4<\/td>\n<td rowspan=\"3\" width=\"286\">M. Mamady\u00a0 Koria KOUROUMA<\/td>\n<td width=\"340\">Initiation \u00e0 la Recherche<\/td>\n<td width=\"132\">S6<\/td>\n\n<\/tr>\n<tr>\n<td width=\"340\">Genres Litt\u00e9raires<\/td>\n<td width=\"132\">S1<\/td>\n<\/tr>\n<tr>\n<td width=\"340\">Initiation \u00e0 la Litt\u00e9rature Orale<\/td>\n<td width=\"132\">S6<\/td>\n<\/tr>\n<tr>\n<td rowspan=\"3\" width=\"73\">5<\/td>\n<td rowspan=\"3\" width=\"286\">M. Mamadou Djould\u00e9 2 DIALLO<\/td>\n<td width=\"340\">Stage en Enseignement<\/td>\n<td width=\"132\">S6<\/td>\n\n<\/tr>\n<tr>\n<td width=\"340\">Roman Africain des Ind\u00e9pendances<\/td>\n<td width=\"132\">S2<\/td>\n<\/tr>\n<tr>\n<td width=\"340\">Po\u00e9sie n\u00e9gro-africaine<\/td>\n<td width=\"132\">S3<\/td>\n<\/tr>\n<tr>\n<td rowspan=\"3\" width=\"73\">6<\/td>\n<td rowspan=\"3\" width=\"286\">M.Nyan Missan C\u00e9sar KO\u00c9LAMY<\/td>\n<td width=\"340\">Grammaire Pratique 1<\/td>\n<td width=\"132\">S1<\/td>\n\n<\/tr>\n<tr>\n<td width=\"340\">Grammaire Pratique 2<\/td>\n<td width=\"132\">S3<\/td>\n<\/tr>\n<tr>\n<td width=\"340\">Litt\u00e9rature Fran\u00e7aise 19<sup>\u00e8me<\/sup>\u00a0et 20<sup>\u00e8me<\/sup>\u00a0si\u00e8cle<\/td>\n<td width=\"132\">S4<\/td>\n<\/tr>\n<tr>\n<td width=\"73\">7<\/td>\n<td width=\"286\">M.Emmanuel Tamba TOLNO<\/td>\n<td width=\"340\">Litt\u00e9rature Antique et M\u00e9di\u00e9vale<\/td>\n<td width=\"132\">S2<\/td>\n\n<\/tr>\n<tr>\n<td width=\"73\">8<\/td>\n<td width=\"286\">M.Moussa\u00a0\u00a0 KEITA<\/td>\n<td width=\"340\">Stylistique et Po\u00e9sie<\/td>\n<td width=\"132\">S4<\/td>\n\n<\/tr>\n<tr>\n<td width=\"73\">9<\/td>\n<td width=\"286\">M.G\u00e9d\u00e9on\u00a0 HABA<\/td>\n<td width=\"340\">Didactique du Fran\u00e7ais<\/td>\n<td width=\"132\">S5<\/td>\n\n<\/tr>\n<tr>\n<td rowspan=\"2\" width=\"73\">10<\/td>\n<td rowspan=\"2\" width=\"286\">M. Sakoba\u00a0\u00a0\u00a0\u00a0 SYLLA<\/td>\n<td width=\"340\">Linguistique G\u00e9n\u00e9rale<\/td>\n<td width=\"132\">S1<\/td>\n\n<\/tr>\n<tr>\n<td width=\"340\">Linguistique de l\u2019\u00c9nonciation<\/td>\n<td width=\"132\">S5<\/td>\n<\/tr>\n<tr>\n<td width=\"73\">11<\/td>\n<td width=\"286\">M. Antoine Poindo LENO<\/td>\n<td width=\"340\">Psychologie G\u00e9n\u00e9rale<\/td>\n<td width=\"132\">S1<\/td>\n\n<tr>\n<td rowspan=\"2\" width=\"73\">12<\/td>\n<td rowspan=\"2\" width=\"286\">M. Aboubacar DIALLO<\/td>\n<td width=\"340\">\u00c9criture Francophone<\/td>\n<td width=\"132\">S5<\/td>\n\n<\/tr>\n<tr>\n<td width=\"340\">Panorama de la Litt\u00e9rature Africaine<\/td>\n<td width=\"132\">S1<\/td>\n<\/tr>\n<tr>\n<td width=\"73\">13<\/td>\n<td width=\"286\">M. Alphone\u00a0 Gbaguia\u00a0 MAOMOU<\/td>\n<td width=\"340\">Anglais G\u00e9n\u00e9ral<\/td>\n<td width=\"132\">S2<\/td>\n\n<tr>\n<td width=\"73\">14<\/td>\n<td width=\"286\">\u00a0M.Lamil\u00e9\u00a0\u00a0 SONGBONO<\/td>\n<td width=\"340\">Sociologie de l\u2019\u00c9ducation<\/td>\n<td width=\"132\">S4<\/td>\n\n<tr>\n<td width=\"73\">15<\/td>\n<td width=\"286\">M.S\u00e9kouba\u00a0\u00a0\u00a0\u00a0 KANTE<\/td>\n<td width=\"340\">NTIC<\/td>\n<td width=\"132\">S6<\/td>\n<\/tr>\n<\/tbody>\n<\/table>\t\t\t\t\t\t\t\t<\/div>\n\t\t\t\t<\/div>\n\t\t\t\t<div class=\"elementor-element elementor-element-450b248 elementor-widget elementor-widget-spacer\" data-id=\"450b248\" data-element_type=\"widget\" data-e-type=\"widget\" data-widget_type=\"spacer.default\">\n\t\t\t\t<div class=\"elementor-widget-container\">\n\t\t\t\t\t\t\t<div class=\"elementor-spacer\">\n\t\t\t<div class=\"elementor-spacer-inner\"><\/div>\n\t\t<\/div>\n\t\t\t\t\t\t<\/div>\n\t\t\t\t<\/div>\n\t\t\t\t<div class=\"elementor-element elementor-element-78895dc elementor-headline--style-highlight elementor-widget elementor-widget-animated-headline\" data-id=\"78895dc\" data-element_type=\"widget\" data-e-type=\"widget\" data-settings=\"{&quot;marker&quot;:&quot;underline_zigzag&quot;,&quot;highlighted_text&quot;:&quot;RESPONSABLE&quot;,&quot;headline_style&quot;:&quot;highlight&quot;,&quot;loop&quot;:&quot;yes&quot;,&quot;highlight_animation_duration&quot;:1200,&quot;highlight_iteration_delay&quot;:8000}\" data-widget_type=\"animated-headline.default\">\n\t\t\t\t<div class=\"elementor-widget-container\">\n\t\t\t\t\t\t\t<h3 class=\"elementor-headline\">\n\t\t\t\t<span class=\"elementor-headline-dynamic-wrapper elementor-headline-text-wrapper\">\n\t\t\t\t\t<span class=\"elementor-headline-dynamic-text elementor-headline-text-active\">RESPONSABLE<\/span>\n\t\t\t\t<\/span>\n\t\t\t\t<\/h3>\n\t\t\t\t\t\t<\/div>\n\t\t\t\t<\/div>\n\t\t\t\t<div class=\"elementor-element elementor-element-d93c66a elementor-tab elementor-widget elementor-widget-text-editor\" data-id=\"d93c66a\" data-element_type=\"widget\" data-e-type=\"widget\" data-widget_type=\"text-editor.default\">\n\t\t\t\t<div class=\"elementor-widget-container\">\n\t\t\t\t\t\t\t\t\t<table width=\"980\"><tbody><tr><td width=\"28\">N\u00b0<\/td><td width=\"113\">Pr\u00e9noms et nom<\/td><td width=\"94\">Fonction<\/td><td width=\"76\">Matricule<\/td><td width=\"66\">Dernier dipl\u00f4me<\/td><td width=\"76\">Grade acad\u00e9mique<\/td><td width=\"95\">Cours dispens\u00e9<\/td><td width=\"227\">E-mail<\/td><td width=\"85\">Contact<\/td><\/tr><tr><td width=\"28\">1<\/td><td width=\"113\">Amadou Sidy BANGOURA<\/td><td width=\"94\">Chef de d\u00e9partement des Sciences du Langage<\/td><td width=\"76\">212195 B<\/td><td width=\"66\">Master<\/td><td width=\"76\">Assistant<\/td><td width=\"95\">Litt\u00e9rature guin\u00e9enne<\/td><td width=\"227\">bekafils1@gmail.com<\/td><td width=\"85\">622 83 98 10<\/td><\/tr><tr><td width=\"28\">2<\/td><td width=\"113\">C\u00e9c\u00e9 Jean-Paul LOUA<\/td><td width=\"94\">Directeur de programme du d\u00e9partement des Sciences du Langage<\/td><td width=\"76\">230660 F<\/td><td width=\"66\">Ma\u00eetrise<\/td><td width=\"76\">Assistant<\/td><td width=\"95\">S\u00e9miotique<\/td><td width=\"227\">youmbabongono@gmail.com<\/td><td width=\"85\">621 21 58 00<\/td><\/tr><\/tbody><\/table>\t\t\t\t\t\t\t\t<\/div>\n\t\t\t\t<\/div>\n\t\t\t\t<div class=\"elementor-element elementor-element-201413a elementor-widget elementor-widget-spacer\" data-id=\"201413a\" data-element_type=\"widget\" data-e-type=\"widget\" data-widget_type=\"spacer.default\">\n\t\t\t\t<div class=\"elementor-widget-container\">\n\t\t\t\t\t\t\t<div class=\"elementor-spacer\">\n\t\t\t<div class=\"elementor-spacer-inner\"><\/div>\n\t\t<\/div>\n\t\t\t\t\t\t<\/div>\n\t\t\t\t<\/div>\n\t\t\t\t\t<\/div>\n\t\t<\/div>\n\t\t\t\t\t<\/div>\n\t\t<\/section>\n\t\t\t\t<\/div>","protected":false},"excerpt":{"rendered":"<p>LETTRE moderne DEBOUCHES DEBOUCHES Les \u00e9tudiants dipl\u00f4m\u00e9s en Licence Lettres Modernes peuvent \u00eatre\u00a0: Professeurs de langue fran\u00e7aise ; R\u00e9dacteurs d\u2019administration ; Agents de recherche sur les langues ; Journaliste ; [&hellip;]<\/p>\n","protected":false},"author":1,"featured_media":0,"parent":0,"menu_order":0,"comment_status":"closed","ping_status":"closed","template":"template-1c.php","meta":{"footnotes":""},"class_list":["post-3235","page","type-page","status-publish","hentry"],"_links":{"self":[{"href":"https:\/\/www.ujnk.edu.gn\/en\/wp-json\/wp\/v2\/pages\/3235","targetHints":{"allow":["GET"]}}],"collection":[{"href":"https:\/\/www.ujnk.edu.gn\/en\/wp-json\/wp\/v2\/pages"}],"about":[{"href":"https:\/\/www.ujnk.edu.gn\/en\/wp-json\/wp\/v2\/types\/page"}],"author":[{"embeddable":true,"href":"https:\/\/www.ujnk.edu.gn\/en\/wp-json\/wp\/v2\/users\/1"}],"replies":[{"embeddable":true,"href":"https:\/\/www.ujnk.edu.gn\/en\/wp-json\/wp\/v2\/comments?post=3235"}],"version-history":[{"count":52,"href":"https:\/\/www.ujnk.edu.gn\/en\/wp-json\/wp\/v2\/pages\/3235\/revisions"}],"predecessor-version":[{"id":4783,"href":"https:\/\/www.ujnk.edu.gn\/en\/wp-json\/wp\/v2\/pages\/3235\/revisions\/4783"}],"wp:attachment":[{"href":"https:\/\/www.ujnk.edu.gn\/en\/wp-json\/wp\/v2\/media?parent=3235"}],"curies":[{"name":"wp","href":"https:\/\/api.w.org\/{rel}","templated":true}]}}