{"id":3224,"date":"2023-01-16T04:22:22","date_gmt":"2023-01-16T03:22:22","guid":{"rendered":"https:\/\/www.ujnk.edu.gn\/?page_id=3224"},"modified":"2023-01-24T15:53:49","modified_gmt":"2023-01-24T14:53:49","slug":"page-departement-de-langue-arabe","status":"publish","type":"page","link":"https:\/\/www.ujnk.edu.gn\/en\/page-departement-de-langue-arabe\/","title":{"rendered":"Page d\u00e9partement de langue arabe"},"content":{"rendered":"<div data-elementor-type=\"wp-page\" data-elementor-id=\"3224\" class=\"elementor elementor-3224\">\n\t\t\t\t\t\t<section class=\"elementor-section elementor-top-section elementor-element elementor-element-4884d25 elementor-section-stretched elementor-section-boxed elementor-section-height-default elementor-section-height-default\" data-id=\"4884d25\" data-element_type=\"section\" data-e-type=\"section\" data-settings=\"{&quot;background_background&quot;:&quot;classic&quot;,&quot;stretch_section&quot;:&quot;section-stretched&quot;}\">\n\t\t\t\t\t\t<div class=\"elementor-container elementor-column-gap-default\">\n\t\t\t\t\t<div class=\"elementor-column elementor-col-100 elementor-top-column elementor-element elementor-element-25be369b\" data-id=\"25be369b\" data-element_type=\"column\" data-e-type=\"column\">\n\t\t\t<div class=\"elementor-widget-wrap elementor-element-populated\">\n\t\t\t\t\t\t<div class=\"elementor-element elementor-element-25389cc9 elementor-widget elementor-widget-spacer\" data-id=\"25389cc9\" data-element_type=\"widget\" data-e-type=\"widget\" data-widget_type=\"spacer.default\">\n\t\t\t\t<div class=\"elementor-widget-container\">\n\t\t\t\t\t\t\t<div class=\"elementor-spacer\">\n\t\t\t<div class=\"elementor-spacer-inner\"><\/div>\n\t\t<\/div>\n\t\t\t\t\t\t<\/div>\n\t\t\t\t<\/div>\n\t\t\t\t<div class=\"elementor-element elementor-element-6b2d5a4a elementor-widget-divider--view-line elementor-widget elementor-widget-divider\" data-id=\"6b2d5a4a\" data-element_type=\"widget\" data-e-type=\"widget\" data-widget_type=\"divider.default\">\n\t\t\t\t<div class=\"elementor-widget-container\">\n\t\t\t\t\t\t\t<div class=\"elementor-divider\">\n\t\t\t<span class=\"elementor-divider-separator\">\n\t\t\t\t\t\t<\/span>\n\t\t<\/div>\n\t\t\t\t\t\t<\/div>\n\t\t\t\t<\/div>\n\t\t\t\t<div class=\"elementor-element elementor-element-42238803 animated-slow elementor-invisible elementor-widget elementor-widget-heading\" data-id=\"42238803\" data-element_type=\"widget\" data-e-type=\"widget\" data-settings=\"{&quot;_animation_mobile&quot;:&quot;fadeInDown&quot;,&quot;_animation&quot;:&quot;fadeInDown&quot;}\" data-widget_type=\"heading.default\">\n\t\t\t\t<div class=\"elementor-widget-container\">\n\t\t\t\t\t<h2 class=\"elementor-heading-title elementor-size-default\">Departement de langue arabe<\/h2>\t\t\t\t<\/div>\n\t\t\t\t<\/div>\n\t\t\t\t<div class=\"elementor-element elementor-element-7dd2ea6f elementor-widget elementor-widget-spacer\" data-id=\"7dd2ea6f\" data-element_type=\"widget\" data-e-type=\"widget\" data-widget_type=\"spacer.default\">\n\t\t\t\t<div class=\"elementor-widget-container\">\n\t\t\t\t\t\t\t<div class=\"elementor-spacer\">\n\t\t\t<div class=\"elementor-spacer-inner\"><\/div>\n\t\t<\/div>\n\t\t\t\t\t\t<\/div>\n\t\t\t\t<\/div>\n\t\t\t\t<div class=\"elementor-element elementor-element-9f3687e elementor-tabs-view-horizontal elementor-widget elementor-widget-tabs\" data-id=\"9f3687e\" data-element_type=\"widget\" data-e-type=\"widget\" data-widget_type=\"tabs.default\">\n\t\t\t\t<div class=\"elementor-widget-container\">\n\t\t\t\t\t\t\t<div class=\"elementor-tabs\">\n\t\t\t<div class=\"elementor-tabs-wrapper\" role=\"tablist\" >\n\t\t\t\t\t\t\t\t\t<div id=\"elementor-tab-title-1661\" class=\"elementor-tab-title elementor-tab-desktop-title\" aria-selected=\"true\" data-tab=\"1\" role=\"tab\" tabindex=\"0\" aria-controls=\"elementor-tab-content-1661\" aria-expanded=\"false\">Pr\u00e9sentation <\/div>\n\t\t\t\t\t\t\t\t\t<div id=\"elementor-tab-title-1662\" class=\"elementor-tab-title elementor-tab-desktop-title\" aria-selected=\"false\" data-tab=\"2\" role=\"tab\" tabindex=\"-1\" aria-controls=\"elementor-tab-content-1662\" aria-expanded=\"false\">Facult\u00e9 des langues et lettres <\/div>\n\t\t\t\t\t\t\t\t\t<div id=\"elementor-tab-title-1663\" class=\"elementor-tab-title elementor-tab-desktop-title\" aria-selected=\"false\" data-tab=\"3\" role=\"tab\" tabindex=\"-1\" aria-controls=\"elementor-tab-content-1663\" aria-expanded=\"false\">Le programme de l'arabe<\/div>\n\t\t\t\t\t\t\t\t\t<div id=\"elementor-tab-title-1664\" class=\"elementor-tab-title elementor-tab-desktop-title\" aria-selected=\"false\" data-tab=\"4\" role=\"tab\" tabindex=\"-1\" aria-controls=\"elementor-tab-content-1664\" aria-expanded=\"false\">Les d\u00e9bouches de la formation en arabe<\/div>\n\t\t\t\t\t\t\t<\/div>\n\t\t\t<div class=\"elementor-tabs-content-wrapper\" role=\"tablist\" aria-orientation=\"vertical\">\n\t\t\t\t\t\t\t\t\t<div class=\"elementor-tab-title elementor-tab-mobile-title\" aria-selected=\"true\" data-tab=\"1\" role=\"tab\" tabindex=\"0\" aria-controls=\"elementor-tab-content-1661\" aria-expanded=\"false\">Pr\u00e9sentation <\/div>\n\t\t\t\t\t<div id=\"elementor-tab-content-1661\" class=\"elementor-tab-content elementor-clearfix\" data-tab=\"1\" role=\"tabpanel\" aria-labelledby=\"elementor-tab-title-1661\" tabindex=\"0\" hidden=\"false\"><p>L\u2019Universit\u00e9 Julius Nyerere de Kankan est un \u00e9tablissement d\u2019enseignement sup\u00e9rieur public cr\u00e9\u00e9 en 1962 sous le nom d\u2019Institut Polytechnique de Kankan (IPK). En 1989, elle est \u00e9rig\u00e9e en Universit\u00e9.<\/p><p>De sa cr\u00e9ation \u00e0 nos jours, elle a form\u00e9 plusieurs g\u00e9n\u00e9rations cadres de guin\u00e9ens et \u00e9trangers et se place parmi les universit\u00e9s de r\u00e9f\u00e9rence du pays.<\/p><p>L\u2019universit\u00e9 comprend \u00e0 ce jour quatre facult\u00e9s et une \u00e9cole sup\u00e9rieure et dix-neuf (19) D\u00e9partements.<\/p><\/div>\n\t\t\t\t\t\t\t\t\t<div class=\"elementor-tab-title elementor-tab-mobile-title\" aria-selected=\"false\" data-tab=\"2\" role=\"tab\" tabindex=\"-1\" aria-controls=\"elementor-tab-content-1662\" aria-expanded=\"false\">Facult\u00e9 des langues et lettres <\/div>\n\t\t\t\t\t<div id=\"elementor-tab-content-1662\" class=\"elementor-tab-content elementor-clearfix\" data-tab=\"2\" role=\"tabpanel\" aria-labelledby=\"elementor-tab-title-1662\" tabindex=\"0\" hidden=\"hidden\"><p>Elle est l\u2019une des plus importantes facult\u00e9s de l\u2019Institution et est constitu\u00e9e de quatre d\u00e9partements que sont\u00a0:<\/p><ul><li>DEPARTEMENT DE LANGUE ARABE ;<\/li><li>DEPARTEMENT ANGLAIS ;<\/li><li>DEPARTEMENT SCIENCES DU LANGAGE ;<\/li><li>DEPARTEMENT LETTRES MODERNES ;<\/li><\/ul><p>Chacun de ces d\u00e9partements abrite un programme du m\u00eame nom.<\/p><\/div>\n\t\t\t\t\t\t\t\t\t<div class=\"elementor-tab-title elementor-tab-mobile-title\" aria-selected=\"false\" data-tab=\"3\" role=\"tab\" tabindex=\"-1\" aria-controls=\"elementor-tab-content-1663\" aria-expanded=\"false\">Le programme de l'arabe<\/div>\n\t\t\t\t\t<div id=\"elementor-tab-content-1663\" class=\"elementor-tab-content elementor-clearfix\" data-tab=\"3\" role=\"tabpanel\" aria-labelledby=\"elementor-tab-title-1663\" tabindex=\"0\" hidden=\"hidden\"><p>Le programme de langue arabe s\u2019adresse prioritairement aux titulaires du baccalaur\u00e9at unique Sciences Sociales et exp\u00e9rimentales option\u00a0: franco-arabe. La licence en arabe r\u00e9sulte de la pr\u00e9occupation de produire une formation qui r\u00e9ponde aux multiples besoins des diff\u00e9rents services publiques et priv\u00e9s. La formation en licence de langue arabe s\u2019\u00e9tale sur trois ans en temps plein. Pendant ces ann\u00e9es, l\u2019\u00e9tudiant b\u00e9n\u00e9ficiera de trente cours repartis entre six semestres.<br \/><strong>Licence 1\u00a0: SEMESTRES 1 ET 2 (Tronc commun)<\/strong>\u00a0<\/p><p><u>SEMESTRE 1\u00a0:<\/u><\/p><ul><li>\u00a0Langue arabe 1,<\/li><li>\u00a0Linguistique1,<\/li><li>\u00a0Phon\u00e9tique,<\/li><li>\u00a0Syntaxe et Morphologie 1,<\/li><li>\u00a0Litt\u00e9rature pr\u00e9islamique.<\/li><\/ul><p><u>SEMESTRE<\/u>\u00a02\u00a0:<\/p><ul><li>\u00a0Langue arabe 2,<\/li><li>\u00a0Syntaxe et Morphologie 2,<\/li><li>\u00a0Civilisation Islamique,<\/li><li>Jurisprudence1,<\/li><li>\u00a0Religions Sectes et Orientations Id\u00e9ologiques.<\/li><\/ul><p><strong>Licence 2\u00a0: (SEMESTRES 3 ET 4) Les Concentrations<\/strong>\u00a0<u>SEMESTRE\u00a03<\/u>: Langue Arabe et Enseignement (L.A.E)<\/p><ul><li>\u00a0Syntaxe et Morphologie3,<\/li><li>\u00a0Linguistique2,<\/li><li>\u00a0Rh\u00e9torique1,<\/li><li>\u00a0Litt\u00e9rature Islamique omeyyade,<\/li><li>Anglais.<\/li><\/ul><p><u>SEMESTRE\u00a03<\/u><u>\u00a0:\u00a0<\/u>Civilisation Islamique et Traduction (C.I.T)<\/p><ul><li>Histoire du Monde Islamique,<\/li><li>Jurisprudence2,<\/li><li>Unicit\u00e9,<\/li><li>\u00a0Interpr\u00e9tation du Coran,<\/li><li>\u00a0Anglais.<\/li><\/ul><p><u>SEMESTRE 4<\/u><u>\u00a0:<\/u>\u00a0Langue Arabe et Enseignement (L.A.E)<\/p><ul><li>\u00a0M\u00e9thodologie d\u2019Enseignement<u>,<\/u><\/li><li>\u00a0Rh\u00e9torique2,<\/li><li>\u00a0Sciences du Coran1,<\/li><li>\u00a0Litt\u00e9rature Islamique andalouses,<\/li><li>Fran\u00e7ais.<\/li><\/ul><p><u>SEMESTRE 4<\/u><u>\u00a0:<\/u>\u00a0Civilisation Islamique et Traduction (C.I.T)<\/p><ul><li>H\u00e9ritage1,<\/li><li>Jurisprudence4,<\/li><li>Fondement,<\/li><li>Sciences d\u2019Hadiths,<\/li><li>Fran\u00e7ais.<\/li><\/ul><p><strong><u>Licence 3<\/u>\u00a0: (SEMESTRES\u00a0 5 ET 6)<\/strong>\u00a0<u>SEMESTRE\u00a0<\/u>5\u00a0: Langue Arabe et Enseignement (L.A.E)<\/p><ul><li>Critique Litt\u00e9raire,<\/li><li>Syntaxe et Morphologie,<\/li><li>Didactique,<\/li><li>M\u00e9trique,<\/li><li>Anglais.<\/li><\/ul><p><u>SEMESTRE\u00a0<\/u>5\u00a0:\u00a0Civilisation Islamique et Traduction (C.I.T)<\/p><ul><li>Jurisprudence3,<\/li><li>Sciences du Coran2,<\/li><li>Traduction1,<\/li><li>H\u00e9ritage2,<\/li><li>Anglais.<\/li><\/ul><p><u>SEMESTRE\u00a0<\/u>6\u00a0:\u00a0 Langue Arabe et Enseignement (L.A.E)<\/p><ul><li>Syntaxe et Morphologie5,<\/li><li>Litt\u00e9rature Africaine,<\/li><li>M\u00e9thodologie de la Recherche,<\/li><li>Litt\u00e9rature Contemporaine,<\/li><li>Didactique et Stage.<\/li><\/ul><p><u>SEMESTRE\u00a0<\/u>6\u00a0: Civilisation Islamique et Traduction (C.I.T)<\/p><ul><li>M\u00e9thodologie de la Recherche,<\/li><li>Traduction2,<\/li><li>H\u00e9ritage3,<\/li><li>Sciences des Hadiths2,<\/li><li>Fran\u00e7ais<\/li><\/ul><\/div>\n\t\t\t\t\t\t\t\t\t<div class=\"elementor-tab-title elementor-tab-mobile-title\" aria-selected=\"false\" data-tab=\"4\" role=\"tab\" tabindex=\"-1\" aria-controls=\"elementor-tab-content-1664\" aria-expanded=\"false\">Les d\u00e9bouches de la formation en arabe<\/div>\n\t\t\t\t\t<div id=\"elementor-tab-content-1664\" class=\"elementor-tab-content elementor-clearfix\" data-tab=\"4\" role=\"tabpanel\" aria-labelledby=\"elementor-tab-title-1664\" tabindex=\"0\" hidden=\"hidden\"><ul><li>FONCTION PUBLIQUE\u00a0;<\/li><li>ENSEIGNEMENT,<\/li><li>INSTITUT NATIONAL DE LA STATISTIQUE ;<\/li><li>\u00a0AMBASSADES DES PAYS ARABE ;<\/li><li>\u00a0INSTITUT NATIONAL DE LA RECHERCHE ET D\u2019ACTION PEDAGOGIQUE (INRAP)<\/li><li>\u00a0TOURISME ;<\/li><li>\u00a0PROGRAMMES ET PROJETS DE DEVELOPPEMENT COMMUNAUTAIRE ;<\/li><li>\u00a0SECRETARIAT GENERAL DES AFFAIRES RELIGIEUSES ;<\/li><li>\u00a0MINISTERE DES AFFAIRES ETRANGERES ;<\/li><li>\u00a0MINISTERE DE LA COOPERATION INTERNATIONNALE;<\/li><li>\u00a0LES ORGANISATIONS NON GOUVERNEMENTALS DES PAYS ARABE (ONG) ;<\/li><\/ul><\/div>\n\t\t\t\t\t\t\t<\/div>\n\t\t<\/div>\n\t\t\t\t\t\t<\/div>\n\t\t\t\t<\/div>\n\t\t\t\t<div class=\"elementor-element elementor-element-4974bc16 elementor-widget elementor-widget-spacer\" data-id=\"4974bc16\" data-element_type=\"widget\" data-e-type=\"widget\" data-widget_type=\"spacer.default\">\n\t\t\t\t<div class=\"elementor-widget-container\">\n\t\t\t\t\t\t\t<div class=\"elementor-spacer\">\n\t\t\t<div class=\"elementor-spacer-inner\"><\/div>\n\t\t<\/div>\n\t\t\t\t\t\t<\/div>\n\t\t\t\t<\/div>\n\t\t\t\t\t<\/div>\n\t\t<\/div>\n\t\t\t\t\t<\/div>\n\t\t<\/section>\n\t\t\t\t<\/div>","protected":false},"excerpt":{"rendered":"<p>Departement de langue arabe Pr\u00e9sentation Facult\u00e9 des langues et lettres Le programme de l&rsquo;arabe Les d\u00e9bouches de la formation en arabe Pr\u00e9sentation L\u2019Universit\u00e9 Julius Nyerere de Kankan est un \u00e9tablissement [&hellip;]<\/p>\n","protected":false},"author":1,"featured_media":0,"parent":0,"menu_order":0,"comment_status":"closed","ping_status":"closed","template":"template-1c.php","meta":{"footnotes":""},"class_list":["post-3224","page","type-page","status-publish","hentry"],"_links":{"self":[{"href":"https:\/\/www.ujnk.edu.gn\/en\/wp-json\/wp\/v2\/pages\/3224","targetHints":{"allow":["GET"]}}],"collection":[{"href":"https:\/\/www.ujnk.edu.gn\/en\/wp-json\/wp\/v2\/pages"}],"about":[{"href":"https:\/\/www.ujnk.edu.gn\/en\/wp-json\/wp\/v2\/types\/page"}],"author":[{"embeddable":true,"href":"https:\/\/www.ujnk.edu.gn\/en\/wp-json\/wp\/v2\/users\/1"}],"replies":[{"embeddable":true,"href":"https:\/\/www.ujnk.edu.gn\/en\/wp-json\/wp\/v2\/comments?post=3224"}],"version-history":[{"count":15,"href":"https:\/\/www.ujnk.edu.gn\/en\/wp-json\/wp\/v2\/pages\/3224\/revisions"}],"predecessor-version":[{"id":4552,"href":"https:\/\/www.ujnk.edu.gn\/en\/wp-json\/wp\/v2\/pages\/3224\/revisions\/4552"}],"wp:attachment":[{"href":"https:\/\/www.ujnk.edu.gn\/en\/wp-json\/wp\/v2\/media?parent=3224"}],"curies":[{"name":"wp","href":"https:\/\/api.w.org\/{rel}","templated":true}]}}