{"id":3215,"date":"2023-01-16T04:05:57","date_gmt":"2023-01-16T03:05:57","guid":{"rendered":"https:\/\/www.ujnk.edu.gn\/?page_id=3215"},"modified":"2023-01-24T15:52:30","modified_gmt":"2023-01-24T14:52:30","slug":"page-departement-de-langue-anglaise","status":"publish","type":"page","link":"https:\/\/www.ujnk.edu.gn\/en\/page-departement-de-langue-anglaise\/","title":{"rendered":"Page d\u00e9partement de langue anglaise"},"content":{"rendered":"<div data-elementor-type=\"wp-page\" data-elementor-id=\"3215\" class=\"elementor elementor-3215\">\n\t\t\t\t\t\t<section class=\"elementor-section elementor-top-section elementor-element elementor-element-499b520c elementor-section-boxed elementor-section-height-default elementor-section-height-default\" data-id=\"499b520c\" data-element_type=\"section\" data-e-type=\"section\" data-settings=\"{&quot;background_background&quot;:&quot;classic&quot;}\">\n\t\t\t\t\t\t<div class=\"elementor-container elementor-column-gap-default\">\n\t\t\t\t\t<div class=\"elementor-column elementor-col-100 elementor-top-column elementor-element elementor-element-117460fd\" data-id=\"117460fd\" data-element_type=\"column\" data-e-type=\"column\">\n\t\t\t<div class=\"elementor-widget-wrap elementor-element-populated\">\n\t\t\t\t\t\t<div class=\"elementor-element elementor-element-1bbf40be elementor-widget elementor-widget-spacer\" data-id=\"1bbf40be\" data-element_type=\"widget\" data-e-type=\"widget\" data-widget_type=\"spacer.default\">\n\t\t\t\t<div class=\"elementor-widget-container\">\n\t\t\t\t\t\t\t<div class=\"elementor-spacer\">\n\t\t\t<div class=\"elementor-spacer-inner\"><\/div>\n\t\t<\/div>\n\t\t\t\t\t\t<\/div>\n\t\t\t\t<\/div>\n\t\t\t\t<div class=\"elementor-element elementor-element-18da493 elementor-widget-divider--view-line elementor-widget elementor-widget-divider\" data-id=\"18da493\" data-element_type=\"widget\" data-e-type=\"widget\" data-widget_type=\"divider.default\">\n\t\t\t\t<div class=\"elementor-widget-container\">\n\t\t\t\t\t\t\t<div class=\"elementor-divider\">\n\t\t\t<span class=\"elementor-divider-separator\">\n\t\t\t\t\t\t<\/span>\n\t\t<\/div>\n\t\t\t\t\t\t<\/div>\n\t\t\t\t<\/div>\n\t\t\t\t<div class=\"elementor-element elementor-element-4b8c751c animated-slow elementor-invisible elementor-widget elementor-widget-heading\" data-id=\"4b8c751c\" data-element_type=\"widget\" data-e-type=\"widget\" data-settings=\"{&quot;_animation_mobile&quot;:&quot;fadeInDown&quot;,&quot;_animation&quot;:&quot;fadeInDown&quot;}\" data-widget_type=\"heading.default\">\n\t\t\t\t<div class=\"elementor-widget-container\">\n\t\t\t\t\t<h2 class=\"elementor-heading-title elementor-size-default\">Departement de langue anglaise<\/h2>\t\t\t\t<\/div>\n\t\t\t\t<\/div>\n\t\t\t\t<div class=\"elementor-element elementor-element-a9a44ed elementor-widget elementor-widget-spacer\" data-id=\"a9a44ed\" data-element_type=\"widget\" data-e-type=\"widget\" data-widget_type=\"spacer.default\">\n\t\t\t\t<div class=\"elementor-widget-container\">\n\t\t\t\t\t\t\t<div class=\"elementor-spacer\">\n\t\t\t<div class=\"elementor-spacer-inner\"><\/div>\n\t\t<\/div>\n\t\t\t\t\t\t<\/div>\n\t\t\t\t<\/div>\n\t\t\t\t<div class=\"elementor-element elementor-element-15de5ee elementor-tabs-view-horizontal elementor-widget elementor-widget-tabs\" data-id=\"15de5ee\" data-element_type=\"widget\" data-e-type=\"widget\" data-widget_type=\"tabs.default\">\n\t\t\t\t<div class=\"elementor-widget-container\">\n\t\t\t\t\t\t\t<div class=\"elementor-tabs\">\n\t\t\t<div class=\"elementor-tabs-wrapper\" role=\"tablist\" >\n\t\t\t\t\t\t\t\t\t<div id=\"elementor-tab-title-2291\" class=\"elementor-tab-title elementor-tab-desktop-title\" aria-selected=\"true\" data-tab=\"1\" role=\"tab\" tabindex=\"0\" aria-controls=\"elementor-tab-content-2291\" aria-expanded=\"false\">PRESENTATION<\/div>\n\t\t\t\t\t\t\t\t\t<div id=\"elementor-tab-title-2292\" class=\"elementor-tab-title elementor-tab-desktop-title\" aria-selected=\"false\" data-tab=\"2\" role=\"tab\" tabindex=\"-1\" aria-controls=\"elementor-tab-content-2292\" aria-expanded=\"false\">DEBOUCHES<\/div>\n\t\t\t\t\t\t\t<\/div>\n\t\t\t<div class=\"elementor-tabs-content-wrapper\" role=\"tablist\" aria-orientation=\"vertical\">\n\t\t\t\t\t\t\t\t\t<div class=\"elementor-tab-title elementor-tab-mobile-title\" aria-selected=\"true\" data-tab=\"1\" role=\"tab\" tabindex=\"0\" aria-controls=\"elementor-tab-content-2291\" aria-expanded=\"false\">PRESENTATION<\/div>\n\t\t\t\t\t<div id=\"elementor-tab-content-2291\" class=\"elementor-tab-content elementor-clearfix\" data-tab=\"1\" role=\"tabpanel\" aria-labelledby=\"elementor-tab-title-2291\" tabindex=\"0\" hidden=\"false\"><p>Le d\u00e9partement de langue anglaise fut cr\u00e9\u00e9 en ann\u00e9e acad\u00e9mique 1999-2000 par les Peace Corps Volunteers et quelques guin\u00e9ens. Depuis sa cr\u00e9ation beaucoup de cadres ont \u00e9t\u00e9 form\u00e9s. Il y avait eu 7 promotions de l\u2019ancien syst\u00e8me et la 16<sup>\u00e8me<\/sup>\u00a0promotion du syst\u00e8me LMD s\u2019inscrit \u00e0 date.<\/p><p>Ce d\u00e9partement a commenc\u00e9 par deux concentrations notamment Enseignement et Traduction et la troisi\u00e8me concentration Business Management a vu jour depuis l\u2019ann\u00e9e acad\u00e9mique 2017-2018.<\/p><\/div>\n\t\t\t\t\t\t\t\t\t<div class=\"elementor-tab-title elementor-tab-mobile-title\" aria-selected=\"false\" data-tab=\"2\" role=\"tab\" tabindex=\"-1\" aria-controls=\"elementor-tab-content-2292\" aria-expanded=\"false\">DEBOUCHES<\/div>\n\t\t\t\t\t<div id=\"elementor-tab-content-2292\" class=\"elementor-tab-content elementor-clearfix\" data-tab=\"2\" role=\"tabpanel\" aria-labelledby=\"elementor-tab-title-2292\" tabindex=\"0\" hidden=\"hidden\"><p>Les d\u00e9bouch\u00e9s de ces concentrations sont entre autres<\/p><p>1. <strong>ENSEIGNEMENT<\/strong><\/p><ul><li>Professeurs de langue anglaise au Coll\u00e8ge ;<\/li><li>Professeurs de langue anglaise au Lyc\u00e9e ;<\/li><li>Chercheurs en langue anglaise (IRLA).<\/li><\/ul><p>2.<strong>\u00a0TRADUCTION<\/strong><\/p><p>L\u2019\u00e9tudiant sorti du d\u00e9partement et ayant appris la traduction devient<\/p><ul><li>Un traducteur g\u00e9n\u00e9raliste ;<\/li><li>Un traducteur m\u00e9dical qui \u00e9volue dans le domaine de sant\u00e9 ;<\/li><li>Un traducteur industriel qui \u00e9volue dans les industries ;<\/li><li>Un traducteur litt\u00e9raire qui traduit les romans et livres ;<\/li><li>Un traducteur minier qui traduit dans les soci\u00e9t\u00e9s mini\u00e8res ;<\/li><li>Un interpr\u00e8te transversal ; etc.<\/li><\/ul><p>3.<strong>\u00a0BUSINESS MANAGEMENT<\/strong><\/p><p>Apr\u00e8s avoir valid\u00e9 cette concentration, chaque \u00e9tudiant(e) pourrait devenir\u00a0:<\/p><ul><li>Un sp\u00e9cialiste en Anglais des Affaires<\/li><li>Un responsable de la publicit\u00e9 dans les entreprises commerciales<\/li><li>Un responsable de la marque<\/li><li>Un responsable de la communication<\/li><li>Un responsable de d\u00e9partement<\/li><li>Un planificateur de projets<\/li><\/ul><\/div>\n\t\t\t\t\t\t\t<\/div>\n\t\t<\/div>\n\t\t\t\t\t\t<\/div>\n\t\t\t\t<\/div>\n\t\t\t\t<div class=\"elementor-element elementor-element-7c2dd30 elementor-widget elementor-widget-spacer\" data-id=\"7c2dd30\" data-element_type=\"widget\" data-e-type=\"widget\" data-widget_type=\"spacer.default\">\n\t\t\t\t<div class=\"elementor-widget-container\">\n\t\t\t\t\t\t\t<div class=\"elementor-spacer\">\n\t\t\t<div class=\"elementor-spacer-inner\"><\/div>\n\t\t<\/div>\n\t\t\t\t\t\t<\/div>\n\t\t\t\t<\/div>\n\t\t\t\t\t<\/div>\n\t\t<\/div>\n\t\t\t\t\t<\/div>\n\t\t<\/section>\n\t\t\t\t<\/div>","protected":false},"excerpt":{"rendered":"<p>Departement de langue anglaise PRESENTATION DEBOUCHES PRESENTATION Le d\u00e9partement de langue anglaise fut cr\u00e9\u00e9 en ann\u00e9e acad\u00e9mique 1999-2000 par les Peace Corps Volunteers et quelques guin\u00e9ens. Depuis sa cr\u00e9ation beaucoup [&hellip;]<\/p>\n","protected":false},"author":1,"featured_media":0,"parent":0,"menu_order":0,"comment_status":"closed","ping_status":"closed","template":"template-1c.php","meta":{"footnotes":""},"class_list":["post-3215","page","type-page","status-publish","hentry"],"_links":{"self":[{"href":"https:\/\/www.ujnk.edu.gn\/en\/wp-json\/wp\/v2\/pages\/3215","targetHints":{"allow":["GET"]}}],"collection":[{"href":"https:\/\/www.ujnk.edu.gn\/en\/wp-json\/wp\/v2\/pages"}],"about":[{"href":"https:\/\/www.ujnk.edu.gn\/en\/wp-json\/wp\/v2\/types\/page"}],"author":[{"embeddable":true,"href":"https:\/\/www.ujnk.edu.gn\/en\/wp-json\/wp\/v2\/users\/1"}],"replies":[{"embeddable":true,"href":"https:\/\/www.ujnk.edu.gn\/en\/wp-json\/wp\/v2\/comments?post=3215"}],"version-history":[{"count":15,"href":"https:\/\/www.ujnk.edu.gn\/en\/wp-json\/wp\/v2\/pages\/3215\/revisions"}],"predecessor-version":[{"id":4546,"href":"https:\/\/www.ujnk.edu.gn\/en\/wp-json\/wp\/v2\/pages\/3215\/revisions\/4546"}],"wp:attachment":[{"href":"https:\/\/www.ujnk.edu.gn\/en\/wp-json\/wp\/v2\/media?parent=3215"}],"curies":[{"name":"wp","href":"https:\/\/api.w.org\/{rel}","templated":true}]}}