{"id":3203,"date":"2023-01-16T03:39:56","date_gmt":"2023-01-16T02:39:56","guid":{"rendered":"https:\/\/www.ujnk.edu.gn\/?page_id=3203"},"modified":"2023-02-07T11:23:31","modified_gmt":"2023-02-07T10:23:31","slug":"page-faculte-science-de-la-nature","status":"publish","type":"page","link":"https:\/\/www.ujnk.edu.gn\/en\/page-faculte-science-de-la-nature\/","title":{"rendered":"Page facult\u00e9 science de la nature"},"content":{"rendered":"<div data-elementor-type=\"wp-page\" data-elementor-id=\"3203\" class=\"elementor elementor-3203\">\n\t\t\t\t\t\t<section class=\"elementor-section elementor-top-section elementor-element elementor-element-5cb07f28 elementor-section-boxed elementor-section-height-default elementor-section-height-default\" data-id=\"5cb07f28\" data-element_type=\"section\" data-e-type=\"section\" data-settings=\"{&quot;background_background&quot;:&quot;classic&quot;}\">\n\t\t\t\t\t\t<div class=\"elementor-container elementor-column-gap-default\">\n\t\t\t\t\t<div class=\"elementor-column elementor-col-100 elementor-top-column elementor-element elementor-element-5b2c5004\" data-id=\"5b2c5004\" data-element_type=\"column\" data-e-type=\"column\">\n\t\t\t<div class=\"elementor-widget-wrap elementor-element-populated\">\n\t\t\t\t\t\t<div class=\"elementor-element elementor-element-2ac3341b elementor-widget elementor-widget-spacer\" data-id=\"2ac3341b\" data-element_type=\"widget\" data-e-type=\"widget\" data-widget_type=\"spacer.default\">\n\t\t\t\t<div class=\"elementor-widget-container\">\n\t\t\t\t\t\t\t<div class=\"elementor-spacer\">\n\t\t\t<div class=\"elementor-spacer-inner\"><\/div>\n\t\t<\/div>\n\t\t\t\t\t\t<\/div>\n\t\t\t\t<\/div>\n\t\t\t\t<div class=\"elementor-element elementor-element-49b18186 elementor-widget-divider--view-line elementor-widget elementor-widget-divider\" data-id=\"49b18186\" data-element_type=\"widget\" data-e-type=\"widget\" data-widget_type=\"divider.default\">\n\t\t\t\t<div class=\"elementor-widget-container\">\n\t\t\t\t\t\t\t<div class=\"elementor-divider\">\n\t\t\t<span class=\"elementor-divider-separator\">\n\t\t\t\t\t\t<\/span>\n\t\t<\/div>\n\t\t\t\t\t\t<\/div>\n\t\t\t\t<\/div>\n\t\t\t\t<div class=\"elementor-element elementor-element-7582b5a5 animated-slow elementor-invisible elementor-widget elementor-widget-heading\" data-id=\"7582b5a5\" data-element_type=\"widget\" data-e-type=\"widget\" data-settings=\"{&quot;_animation_mobile&quot;:&quot;fadeInDown&quot;,&quot;_animation&quot;:&quot;fadeInDown&quot;}\" data-widget_type=\"heading.default\">\n\t\t\t\t<div class=\"elementor-widget-container\">\n\t\t\t\t\t<h2 class=\"elementor-heading-title elementor-size-default\">facult\u00e9 des sciences et de la nature (FSN)<\/h2>\t\t\t\t<\/div>\n\t\t\t\t<\/div>\n\t\t\t\t<div class=\"elementor-element elementor-element-557b1b78 elementor-widget elementor-widget-spacer\" data-id=\"557b1b78\" data-element_type=\"widget\" data-e-type=\"widget\" data-widget_type=\"spacer.default\">\n\t\t\t\t<div class=\"elementor-widget-container\">\n\t\t\t\t\t\t\t<div class=\"elementor-spacer\">\n\t\t\t<div class=\"elementor-spacer-inner\"><\/div>\n\t\t<\/div>\n\t\t\t\t\t\t<\/div>\n\t\t\t\t<\/div>\n\t\t\t\t<div class=\"elementor-element elementor-element-4d76fbaf elementor-headline--style-highlight elementor-widget elementor-widget-animated-headline\" data-id=\"4d76fbaf\" data-element_type=\"widget\" data-e-type=\"widget\" data-settings=\"{&quot;marker&quot;:&quot;underline_zigzag&quot;,&quot;highlighted_text&quot;:&quot;Pr\\u00e9sentation&quot;,&quot;headline_style&quot;:&quot;highlight&quot;,&quot;loop&quot;:&quot;yes&quot;,&quot;highlight_animation_duration&quot;:1200,&quot;highlight_iteration_delay&quot;:8000}\" data-widget_type=\"animated-headline.default\">\n\t\t\t\t<div class=\"elementor-widget-container\">\n\t\t\t\t\t\t\t<h3 class=\"elementor-headline\">\n\t\t\t\t<span class=\"elementor-headline-dynamic-wrapper elementor-headline-text-wrapper\">\n\t\t\t\t\t<span class=\"elementor-headline-dynamic-text elementor-headline-text-active\">Pr\u00e9sentation<\/span>\n\t\t\t\t<\/span>\n\t\t\t\t<\/h3>\n\t\t\t\t\t\t<\/div>\n\t\t\t\t<\/div>\n\t\t\t\t<div class=\"elementor-element elementor-element-182af354 elementor-widget elementor-widget-text-editor\" data-id=\"182af354\" data-element_type=\"widget\" data-e-type=\"widget\" data-widget_type=\"text-editor.default\">\n\t\t\t\t<div class=\"elementor-widget-container\">\n\t\t\t\t\t\t\t\t\t<p>La Facult\u00e9 des Sciences de la Nature est l\u2019une des quatre facult\u00e9s de\u00a0 l\u2019Universit\u00e9 Julius Nyerere de Kankan. Elle regroupe en son sein quatre d\u00e9partements dont cinq (5) programmes \u00e0 savoir:<\/p><ul><li><strong>D\u00e9partement de <\/strong><b>Math\u00e9matiques<\/b> (programme de math\u00e9matiques);<\/li><li><strong>D\u00e9partement de Physique<\/strong>\u00a0(programme de Physique);<\/li><li><strong>D\u00e9partement de Biologie<\/strong>\u00a0(programme de Biochimie et Biologie);<\/li><li><strong>D\u00e9partement de Chimie<\/strong>\u00a0(programme de Chimie).<\/li><\/ul><p>Elle re\u00e7oit\u00a0 les \u00e9tudiants titulaires d\u2019un baccalaur\u00e9at des s\u00e9ries scientifiques des \u00e9tablissements publics et priv\u00e9s de la Guin\u00e9e ainsi que des \u00e9tragers.<\/p><p>Elle offre une formation d\u2019une dur\u00e9e de trois (3) ans d\u00e9bouchant sur l\u2019obtention d\u2019un dipl\u00f4me de licence dans les domaines des Math\u00e9matiques, Physique, Biologie, Biochimie et Chimie<\/p>\t\t\t\t\t\t\t\t<\/div>\n\t\t\t\t<\/div>\n\t\t\t\t<div class=\"elementor-element elementor-element-5c1ad48d elementor-headline--style-highlight elementor-widget elementor-widget-animated-headline\" data-id=\"5c1ad48d\" data-element_type=\"widget\" data-e-type=\"widget\" data-settings=\"{&quot;marker&quot;:&quot;underline_zigzag&quot;,&quot;highlighted_text&quot;:&quot;Cadres&quot;,&quot;headline_style&quot;:&quot;highlight&quot;,&quot;loop&quot;:&quot;yes&quot;,&quot;highlight_animation_duration&quot;:1200,&quot;highlight_iteration_delay&quot;:8000}\" data-widget_type=\"animated-headline.default\">\n\t\t\t\t<div class=\"elementor-widget-container\">\n\t\t\t\t\t\t\t<h3 class=\"elementor-headline\">\n\t\t\t\t<span class=\"elementor-headline-dynamic-wrapper elementor-headline-text-wrapper\">\n\t\t\t\t\t<span class=\"elementor-headline-dynamic-text elementor-headline-text-active\">Cadres<\/span>\n\t\t\t\t<\/span>\n\t\t\t\t<\/h3>\n\t\t\t\t\t\t<\/div>\n\t\t\t\t<\/div>\n\t\t\t\t<div class=\"elementor-element elementor-element-560b560 elementor-tab elementor-widget elementor-widget-text-editor\" data-id=\"560b560\" data-element_type=\"widget\" data-e-type=\"widget\" data-widget_type=\"text-editor.default\">\n\t\t\t\t<div class=\"elementor-widget-container\">\n\t\t\t\t\t\t\t\t\t<table bstyle=\"height: 690px;\" width=\"825\" >\n<tbody>\n<tr>\n<td width=\"38\"><strong>N\u00b0<\/strong><\/td>\n<td width=\"85\"><strong>Pr\u00e9noms<\/strong><\/td>\n<td width=\"104\"><strong>Nom<\/strong><\/td>\n<td width=\"113\"><strong>Fonctions<\/strong><\/td>\n<td width=\"104\"><strong>Grades<\/strong><\/td>\n<td width=\"123\"><strong>Dipl\u00f4mes<\/strong><\/td>\n<td width=\"293\"><strong>Email<\/strong><\/td>\n<\/tr>\n<tr>\n<td width=\"38\">1<\/td>\n<td width=\"85\">Youssouf<\/td>\n<td width=\"104\">CAMARA<\/td>\n<td width=\"113\">Doyen<\/td>\n<td width=\"104\">Professeur<\/td>\n<td width=\"123\">PhD<\/td>\n<td width=\"293\">camarayoussouf1957@gmail.com<\/td>\n<\/tr>\n<tr>\n<td width=\"38\">2<\/td>\n<td width=\"85\">S\u00e9kou Fatoumata<\/td>\n<td width=\"104\">CONDE<\/td>\n<td width=\"113\">Vice-doyen Etudes<\/td>\n<td width=\"104\">Assistant<\/td>\n<td width=\"123\">MASTER<\/td>\n<td width=\"293\">sekoufatoumata1974@gmail.com<\/td>\n<\/tr>\n<tr>\n<td width=\"38\">3<\/td>\n<td width=\"85\">Soumaila<\/td>\n<td width=\"104\">CONDE<\/td>\n<td width=\"113\">Vice-doyen Recherche<\/td>\n<td width=\"104\">Assistant<\/td>\n<td width=\"123\">PhD<\/td>\n<td width=\"293\">\u00a0\u00a0\u00a0\u00a0\u00a0\u00a0\u00a0\u00a0\u00a0 condedandela@gmail.com<\/td>\n<\/tr>\n<tr>\n<td width=\"38\">4<\/td>\n<td width=\"85\">Isai<\/td>\n<td width=\"104\">HABA<\/td>\n<td width=\"113\">Secr\u00e9taire Facult\u00e9<\/td>\n<td width=\"104\">Assistant<\/td>\n<td width=\"123\">MASTER<\/td>\n<td width=\"293\">esaihaba@gmail.com<\/td>\n<\/tr>\n<\/tbody>\n<\/table>\t\t\t\t\t\t\t\t<\/div>\n\t\t\t\t<\/div>\n\t\t\t\t<div class=\"elementor-element elementor-element-12534057 elementor-widget elementor-widget-spacer\" data-id=\"12534057\" data-element_type=\"widget\" data-e-type=\"widget\" data-widget_type=\"spacer.default\">\n\t\t\t\t<div class=\"elementor-widget-container\">\n\t\t\t\t\t\t\t<div class=\"elementor-spacer\">\n\t\t\t<div class=\"elementor-spacer-inner\"><\/div>\n\t\t<\/div>\n\t\t\t\t\t\t<\/div>\n\t\t\t\t<\/div>\n\t\t\t\t\t<\/div>\n\t\t<\/div>\n\t\t\t\t\t<\/div>\n\t\t<\/section>\n\t\t\t\t<\/div>","protected":false},"excerpt":{"rendered":"<p>facult\u00e9 des sciences et de la nature (FSN) Pr\u00e9sentation La Facult\u00e9 des Sciences de la Nature est l\u2019une des quatre facult\u00e9s de\u00a0 l\u2019Universit\u00e9 Julius Nyerere de Kankan. Elle regroupe en [&hellip;]<\/p>\n","protected":false},"author":1,"featured_media":0,"parent":0,"menu_order":0,"comment_status":"closed","ping_status":"closed","template":"template-1c.php","meta":{"footnotes":""},"class_list":["post-3203","page","type-page","status-publish","hentry"],"_links":{"self":[{"href":"https:\/\/www.ujnk.edu.gn\/en\/wp-json\/wp\/v2\/pages\/3203","targetHints":{"allow":["GET"]}}],"collection":[{"href":"https:\/\/www.ujnk.edu.gn\/en\/wp-json\/wp\/v2\/pages"}],"about":[{"href":"https:\/\/www.ujnk.edu.gn\/en\/wp-json\/wp\/v2\/types\/page"}],"author":[{"embeddable":true,"href":"https:\/\/www.ujnk.edu.gn\/en\/wp-json\/wp\/v2\/users\/1"}],"replies":[{"embeddable":true,"href":"https:\/\/www.ujnk.edu.gn\/en\/wp-json\/wp\/v2\/comments?post=3203"}],"version-history":[{"count":27,"href":"https:\/\/www.ujnk.edu.gn\/en\/wp-json\/wp\/v2\/pages\/3203\/revisions"}],"predecessor-version":[{"id":4780,"href":"https:\/\/www.ujnk.edu.gn\/en\/wp-json\/wp\/v2\/pages\/3203\/revisions\/4780"}],"wp:attachment":[{"href":"https:\/\/www.ujnk.edu.gn\/en\/wp-json\/wp\/v2\/media?parent=3203"}],"curies":[{"name":"wp","href":"https:\/\/api.w.org\/{rel}","templated":true}]}}