{"id":3161,"date":"2023-01-16T02:32:21","date_gmt":"2023-01-16T01:32:21","guid":{"rendered":"https:\/\/www.ujnk.edu.gn\/?page_id=3161"},"modified":"2023-02-07T11:19:07","modified_gmt":"2023-02-07T10:19:07","slug":"page-faculte-sciences-sociale","status":"publish","type":"page","link":"https:\/\/www.ujnk.edu.gn\/en\/page-faculte-sciences-sociale\/","title":{"rendered":"Page facult\u00e9 sciences sociale"},"content":{"rendered":"<div data-elementor-type=\"wp-page\" data-elementor-id=\"3161\" class=\"elementor elementor-3161\">\n\t\t\t\t\t\t<section class=\"elementor-section elementor-top-section elementor-element elementor-element-331baeef elementor-section-boxed elementor-section-height-default elementor-section-height-default\" data-id=\"331baeef\" data-element_type=\"section\" data-e-type=\"section\" data-settings=\"{&quot;background_background&quot;:&quot;classic&quot;}\">\n\t\t\t\t\t\t<div class=\"elementor-container elementor-column-gap-default\">\n\t\t\t\t\t<div class=\"elementor-column elementor-col-100 elementor-top-column elementor-element elementor-element-288a3ae7\" data-id=\"288a3ae7\" data-element_type=\"column\" data-e-type=\"column\">\n\t\t\t<div class=\"elementor-widget-wrap elementor-element-populated\">\n\t\t\t\t\t\t<div class=\"elementor-element elementor-element-ca22eae elementor-widget elementor-widget-spacer\" data-id=\"ca22eae\" data-element_type=\"widget\" data-e-type=\"widget\" data-widget_type=\"spacer.default\">\n\t\t\t\t<div class=\"elementor-widget-container\">\n\t\t\t\t\t\t\t<div class=\"elementor-spacer\">\n\t\t\t<div class=\"elementor-spacer-inner\"><\/div>\n\t\t<\/div>\n\t\t\t\t\t\t<\/div>\n\t\t\t\t<\/div>\n\t\t\t\t<div class=\"elementor-element elementor-element-105b1e14 elementor-widget-divider--view-line elementor-widget elementor-widget-divider\" data-id=\"105b1e14\" data-element_type=\"widget\" data-e-type=\"widget\" data-widget_type=\"divider.default\">\n\t\t\t\t<div class=\"elementor-widget-container\">\n\t\t\t\t\t\t\t<div class=\"elementor-divider\">\n\t\t\t<span class=\"elementor-divider-separator\">\n\t\t\t\t\t\t<\/span>\n\t\t<\/div>\n\t\t\t\t\t\t<\/div>\n\t\t\t\t<\/div>\n\t\t\t\t<div class=\"elementor-element elementor-element-6ec73b8d animated-slow elementor-invisible elementor-widget elementor-widget-heading\" data-id=\"6ec73b8d\" data-element_type=\"widget\" data-e-type=\"widget\" data-settings=\"{&quot;_animation_mobile&quot;:&quot;fadeInDown&quot;,&quot;_animation&quot;:&quot;fadeInDown&quot;}\" data-widget_type=\"heading.default\">\n\t\t\t\t<div class=\"elementor-widget-container\">\n\t\t\t\t\t<h2 class=\"elementor-heading-title elementor-size-default\">facult\u00e9 des  sciences sociales<\/h2>\t\t\t\t<\/div>\n\t\t\t\t<\/div>\n\t\t\t\t<div class=\"elementor-element elementor-element-4c775ac5 elementor-headline--style-highlight elementor-widget elementor-widget-animated-headline\" data-id=\"4c775ac5\" data-element_type=\"widget\" data-e-type=\"widget\" data-settings=\"{&quot;marker&quot;:&quot;underline_zigzag&quot;,&quot;highlighted_text&quot;:&quot;Pr\\u00e9sentation&quot;,&quot;headline_style&quot;:&quot;highlight&quot;,&quot;loop&quot;:&quot;yes&quot;,&quot;highlight_animation_duration&quot;:1200,&quot;highlight_iteration_delay&quot;:8000}\" data-widget_type=\"animated-headline.default\">\n\t\t\t\t<div class=\"elementor-widget-container\">\n\t\t\t\t\t\t\t<h3 class=\"elementor-headline\">\n\t\t\t\t<span class=\"elementor-headline-dynamic-wrapper elementor-headline-text-wrapper\">\n\t\t\t\t\t<span class=\"elementor-headline-dynamic-text elementor-headline-text-active\">Pr\u00e9sentation<\/span>\n\t\t\t\t<\/span>\n\t\t\t\t<\/h3>\n\t\t\t\t\t\t<\/div>\n\t\t\t\t<\/div>\n\t\t\t\t<div class=\"elementor-element elementor-element-56c5e129 elementor-widget elementor-widget-text-editor\" data-id=\"56c5e129\" data-element_type=\"widget\" data-e-type=\"widget\" data-widget_type=\"text-editor.default\">\n\t\t\t\t<div class=\"elementor-widget-container\">\n\t\t\t\t\t\t\t\t\t<p>La facult\u00e9 des sciences sociales est l\u2019une des quatre que compte l\u2019Universit\u00e9 Julius Nyerere de Kankan. Elle est compos\u00e9e de quatre d\u00e9partements, \u00e0 savoir\u00a0:<\/p><ul><li>Le D\u00e9partement de G\u00e9ographie ;<\/li><li>Le D\u00e9partement d\u2019Histoire ;<\/li><li>Le D\u00e9partement de Sociologie ;<\/li><li>Le D\u00e9partement de philosophie.<\/li><\/ul><p>Elle accueille les \u00e9tudiants titulaires d\u2019un baccalaur\u00e9at s\u00e9rie sciences sociales des \u00e9tablissements publics et priv\u00e9s de la Guin\u00e9e.<\/p><p>Elle offre une formation d\u2019une dur\u00e9e de trois ans d\u00e9bouchant sur l\u2019obtention d\u2019un dipl\u00f4me de licence dans les domaines des sciences sociales, en G\u00e9ographie, Histoire, Sociologie et Philosophie.<\/p>\t\t\t\t\t\t\t\t<\/div>\n\t\t\t\t<\/div>\n\t\t\t\t<div class=\"elementor-element elementor-element-29e254dc elementor-widget elementor-widget-spacer\" data-id=\"29e254dc\" data-element_type=\"widget\" data-e-type=\"widget\" data-widget_type=\"spacer.default\">\n\t\t\t\t<div class=\"elementor-widget-container\">\n\t\t\t\t\t\t\t<div class=\"elementor-spacer\">\n\t\t\t<div class=\"elementor-spacer-inner\"><\/div>\n\t\t<\/div>\n\t\t\t\t\t\t<\/div>\n\t\t\t\t<\/div>\n\t\t\t\t<div class=\"elementor-element elementor-element-5f4ae14d elementor-headline--style-highlight elementor-widget elementor-widget-animated-headline\" data-id=\"5f4ae14d\" data-element_type=\"widget\" data-e-type=\"widget\" data-settings=\"{&quot;marker&quot;:&quot;underline_zigzag&quot;,&quot;highlighted_text&quot;:&quot;Cadres&quot;,&quot;headline_style&quot;:&quot;highlight&quot;,&quot;loop&quot;:&quot;yes&quot;,&quot;highlight_animation_duration&quot;:1200,&quot;highlight_iteration_delay&quot;:8000}\" data-widget_type=\"animated-headline.default\">\n\t\t\t\t<div class=\"elementor-widget-container\">\n\t\t\t\t\t\t\t<h3 class=\"elementor-headline\">\n\t\t\t\t<span class=\"elementor-headline-dynamic-wrapper elementor-headline-text-wrapper\">\n\t\t\t\t\t<span class=\"elementor-headline-dynamic-text elementor-headline-text-active\">Cadres<\/span>\n\t\t\t\t<\/span>\n\t\t\t\t<\/h3>\n\t\t\t\t\t\t<\/div>\n\t\t\t\t<\/div>\n\t\t\t\t<div class=\"elementor-element elementor-element-3fbaab1 elementor-tab elementor-widget elementor-widget-text-editor\" data-id=\"3fbaab1\" data-element_type=\"widget\" data-e-type=\"widget\" data-widget_type=\"text-editor.default\">\n\t\t\t\t<div class=\"elementor-widget-container\">\n\t\t\t\t\t\t\t\t\t<table bstyle=\"height: 617px;\" width=\"852\">\n<tbody>\n<tr>\n<td width=\"29\"><strong>N\u00b0<\/strong><\/td>\n<td width=\"80\"><strong>Pr\u00e9noms<\/strong><\/td>\n<td width=\"94\"><strong>Nom<\/strong><\/td>\n<td width=\"82\"><strong>Fonction<\/strong><\/td>\n<td width=\"75\"><strong>Grade<\/strong><\/td>\n<td width=\"89\"><strong>T\u00e9l\u00e9phone<\/strong><\/td>\n<td width=\"188\"><strong>Email<\/strong><\/td>\n<\/tr>\n<tr>\n<td width=\"29\">1<\/td>\n<td width=\"80\">Seydou<\/td>\n<td width=\"94\">MAGASSOUBA<\/td>\n<td width=\"82\">Doyen<\/td>\n<td width=\"75\">Professeur<\/td>\n<td width=\"89\">620 58 88 30<\/td>\n<td width=\"188\">magaseyd54@gmail.com<\/td>\n<\/tr>\n<tr>\n<td width=\"29\">2<\/td>\n<td width=\"80\">Morik\u00e8<\/td>\n<td width=\"94\">SIDIBE<\/td>\n<td width=\"82\">Vice-doyen Etudes<\/td>\n<td width=\"75\">Assistant<\/td>\n<td width=\"89\">620 48 58 52<\/td>\n<td width=\"188\">sidibemorike@gmail.com<\/td>\n<\/tr>\n<tr>\n<td width=\"29\">3<\/td>\n<td width=\"80\">Bossou<\/td>\n<td width=\"94\">GOEPOGUI<\/td>\n<td width=\"82\">Vice-doyen Recherche<\/td>\n<td width=\"75\">Assistant<\/td>\n<td width=\"89\">622 42 29 22<\/td>\n<td width=\"188\">anivabea@gmail.com<\/td>\n<\/tr>\n<tr>\n<td width=\"29\">4<\/td>\n<td width=\"80\">Fod\u00e9 Bangaly<\/td>\n<td width=\"94\">KEITA<\/td>\n<td width=\"82\">Secr\u00e9taire \u00a0de Facult\u00e9<\/td>\n<td width=\"75\">Assistant<\/td>\n<td width=\"89\">628 83 78 38<\/td>\n<td width=\"188\">Fodebangalykeita39@gmail.com<\/td>\n<\/tr>\n<\/tbody>\n<\/table>\t\t\t\t\t\t\t\t<\/div>\n\t\t\t\t<\/div>\n\t\t\t\t<div class=\"elementor-element elementor-element-11ff5f89 elementor-widget elementor-widget-spacer\" data-id=\"11ff5f89\" data-element_type=\"widget\" data-e-type=\"widget\" data-widget_type=\"spacer.default\">\n\t\t\t\t<div class=\"elementor-widget-container\">\n\t\t\t\t\t\t\t<div class=\"elementor-spacer\">\n\t\t\t<div class=\"elementor-spacer-inner\"><\/div>\n\t\t<\/div>\n\t\t\t\t\t\t<\/div>\n\t\t\t\t<\/div>\n\t\t\t\t\t<\/div>\n\t\t<\/div>\n\t\t\t\t\t<\/div>\n\t\t<\/section>\n\t\t\t\t<\/div>","protected":false},"excerpt":{"rendered":"<p>facult\u00e9 des sciences sociales Pr\u00e9sentation La facult\u00e9 des sciences sociales est l\u2019une des quatre que compte l\u2019Universit\u00e9 Julius Nyerere de Kankan. Elle est compos\u00e9e de quatre d\u00e9partements, \u00e0 savoir\u00a0: Le [&hellip;]<\/p>\n","protected":false},"author":1,"featured_media":0,"parent":0,"menu_order":0,"comment_status":"closed","ping_status":"closed","template":"template-1c.php","meta":{"footnotes":""},"class_list":["post-3161","page","type-page","status-publish","hentry"],"_links":{"self":[{"href":"https:\/\/www.ujnk.edu.gn\/en\/wp-json\/wp\/v2\/pages\/3161","targetHints":{"allow":["GET"]}}],"collection":[{"href":"https:\/\/www.ujnk.edu.gn\/en\/wp-json\/wp\/v2\/pages"}],"about":[{"href":"https:\/\/www.ujnk.edu.gn\/en\/wp-json\/wp\/v2\/types\/page"}],"author":[{"embeddable":true,"href":"https:\/\/www.ujnk.edu.gn\/en\/wp-json\/wp\/v2\/users\/1"}],"replies":[{"embeddable":true,"href":"https:\/\/www.ujnk.edu.gn\/en\/wp-json\/wp\/v2\/comments?post=3161"}],"version-history":[{"count":36,"href":"https:\/\/www.ujnk.edu.gn\/en\/wp-json\/wp\/v2\/pages\/3161\/revisions"}],"predecessor-version":[{"id":4777,"href":"https:\/\/www.ujnk.edu.gn\/en\/wp-json\/wp\/v2\/pages\/3161\/revisions\/4777"}],"wp:attachment":[{"href":"https:\/\/www.ujnk.edu.gn\/en\/wp-json\/wp\/v2\/media?parent=3161"}],"curies":[{"name":"wp","href":"https:\/\/api.w.org\/{rel}","templated":true}]}}