{"id":3143,"date":"2023-01-16T00:25:58","date_gmt":"2023-01-15T23:25:58","guid":{"rendered":"https:\/\/www.ujnk.edu.gn\/?page_id=3143"},"modified":"2023-02-07T11:16:28","modified_gmt":"2023-02-07T10:16:28","slug":"page-faculte-des-langues","status":"publish","type":"page","link":"https:\/\/www.ujnk.edu.gn\/en\/page-faculte-des-langues\/","title":{"rendered":"Page facult\u00e9 des langues"},"content":{"rendered":"<div data-elementor-type=\"wp-page\" data-elementor-id=\"3143\" class=\"elementor elementor-3143\">\n\t\t\t\t\t\t<section class=\"elementor-section elementor-top-section elementor-element elementor-element-148954ea elementor-section-boxed elementor-section-height-default elementor-section-height-default\" data-id=\"148954ea\" data-element_type=\"section\" data-e-type=\"section\" data-settings=\"{&quot;background_background&quot;:&quot;classic&quot;}\">\n\t\t\t\t\t\t<div class=\"elementor-container elementor-column-gap-default\">\n\t\t\t\t\t<div class=\"elementor-column elementor-col-100 elementor-top-column elementor-element elementor-element-4b8d31e\" data-id=\"4b8d31e\" data-element_type=\"column\" data-e-type=\"column\">\n\t\t\t<div class=\"elementor-widget-wrap elementor-element-populated\">\n\t\t\t\t\t\t<div class=\"elementor-element elementor-element-23f7226e elementor-widget elementor-widget-spacer\" data-id=\"23f7226e\" data-element_type=\"widget\" data-e-type=\"widget\" data-widget_type=\"spacer.default\">\n\t\t\t\t<div class=\"elementor-widget-container\">\n\t\t\t\t\t\t\t<div class=\"elementor-spacer\">\n\t\t\t<div class=\"elementor-spacer-inner\"><\/div>\n\t\t<\/div>\n\t\t\t\t\t\t<\/div>\n\t\t\t\t<\/div>\n\t\t\t\t<div class=\"elementor-element elementor-element-748bf02c elementor-widget-divider--view-line elementor-widget elementor-widget-divider\" data-id=\"748bf02c\" data-element_type=\"widget\" data-e-type=\"widget\" data-widget_type=\"divider.default\">\n\t\t\t\t<div class=\"elementor-widget-container\">\n\t\t\t\t\t\t\t<div class=\"elementor-divider\">\n\t\t\t<span class=\"elementor-divider-separator\">\n\t\t\t\t\t\t<\/span>\n\t\t<\/div>\n\t\t\t\t\t\t<\/div>\n\t\t\t\t<\/div>\n\t\t\t\t<div class=\"elementor-element elementor-element-349dc424 animated-slow elementor-invisible elementor-widget elementor-widget-heading\" data-id=\"349dc424\" data-element_type=\"widget\" data-e-type=\"widget\" data-settings=\"{&quot;_animation_mobile&quot;:&quot;fadeInDown&quot;,&quot;_animation&quot;:&quot;fadeInDown&quot;}\" data-widget_type=\"heading.default\">\n\t\t\t\t<div class=\"elementor-widget-container\">\n\t\t\t\t\t<h2 class=\"elementor-heading-title elementor-size-default\">facult\u00e9 des langues et lettres<\/h2>\t\t\t\t<\/div>\n\t\t\t\t<\/div>\n\t\t\t\t<div class=\"elementor-element elementor-element-5d0bf5e elementor-headline--style-highlight elementor-widget elementor-widget-animated-headline\" data-id=\"5d0bf5e\" data-element_type=\"widget\" data-e-type=\"widget\" data-settings=\"{&quot;marker&quot;:&quot;underline_zigzag&quot;,&quot;highlighted_text&quot;:&quot;Pr\\u00e9sentation&quot;,&quot;headline_style&quot;:&quot;highlight&quot;,&quot;loop&quot;:&quot;yes&quot;,&quot;highlight_animation_duration&quot;:1200,&quot;highlight_iteration_delay&quot;:8000}\" data-widget_type=\"animated-headline.default\">\n\t\t\t\t<div class=\"elementor-widget-container\">\n\t\t\t\t\t\t\t<h3 class=\"elementor-headline\">\n\t\t\t\t<span class=\"elementor-headline-dynamic-wrapper elementor-headline-text-wrapper\">\n\t\t\t\t\t<span class=\"elementor-headline-dynamic-text elementor-headline-text-active\">Pr\u00e9sentation<\/span>\n\t\t\t\t<\/span>\n\t\t\t\t<\/h3>\n\t\t\t\t\t\t<\/div>\n\t\t\t\t<\/div>\n\t\t\t\t<div class=\"elementor-element elementor-element-9d44909 elementor-widget elementor-widget-text-editor\" data-id=\"9d44909\" data-element_type=\"widget\" data-e-type=\"widget\" data-widget_type=\"text-editor.default\">\n\t\t\t\t<div class=\"elementor-widget-container\">\n\t\t\t\t\t\t\t\t\t<p>La Facult\u00e9 des Langues et Lettres est constitu\u00e9e de quatre d\u00e9partements et deux laboratoires que sont\u00a0:<\/p><ul><li>D\u00e9partement de Langue Anglaise ;<\/li><li>D\u00e9partement de Lettres Modernes ;<\/li><li>D\u00e9partement des Sciences du Langage ;<\/li><li>D\u00e9partement de Langue Arabe ;<\/li><li>Centre d\u2019Etudes de Langue Fran\u00e7aise (CELF) ;<\/li><li>Laboratoire de Langue Anglaise (LLA).<\/li><\/ul><p>Lorsqu\u2019on dipl\u00f4m\u00e9 de notre facult\u00e9, on peut exercer les fonctions suivantes :<\/p><ul><li>Enseignant d\u2019anglais, de fran\u00e7ais et d\u2019arabe au primaire, au secondaire et \u00e0 l\u2019Universit\u00e9 (publique ou Priv\u00e9e)\u00a0;<\/li><li>Interpr\u00e8te ;<\/li><li>Traducteur ;<\/li><li>Agent des centres de recherches sur les langues ;<\/li><li>R\u00e9dacteur administratif ;<\/li><li>Critique d\u2019art et de litt\u00e9rature ;<\/li><li>Journaliste ;<\/li><li>Employ\u00e9 dans les ONG et Organisations Internationales telles que l\u2019ONU, le FAO, l\u2019UNICEF, le PNUD, \u2026<\/li><li>Responsable transversale des affaires ;<\/li><li>Planificateur de projets.<\/li><\/ul>\t\t\t\t\t\t\t\t<\/div>\n\t\t\t\t<\/div>\n\t\t\t\t<div class=\"elementor-element elementor-element-8fb76d4 elementor-widget elementor-widget-spacer\" data-id=\"8fb76d4\" data-element_type=\"widget\" data-e-type=\"widget\" data-widget_type=\"spacer.default\">\n\t\t\t\t<div class=\"elementor-widget-container\">\n\t\t\t\t\t\t\t<div class=\"elementor-spacer\">\n\t\t\t<div class=\"elementor-spacer-inner\"><\/div>\n\t\t<\/div>\n\t\t\t\t\t\t<\/div>\n\t\t\t\t<\/div>\n\t\t\t\t<div class=\"elementor-element elementor-element-6fa1389 elementor-headline--style-highlight elementor-widget elementor-widget-animated-headline\" data-id=\"6fa1389\" data-element_type=\"widget\" data-e-type=\"widget\" data-settings=\"{&quot;marker&quot;:&quot;underline_zigzag&quot;,&quot;highlighted_text&quot;:&quot;Cadres&quot;,&quot;headline_style&quot;:&quot;highlight&quot;,&quot;loop&quot;:&quot;yes&quot;,&quot;highlight_animation_duration&quot;:1200,&quot;highlight_iteration_delay&quot;:8000}\" data-widget_type=\"animated-headline.default\">\n\t\t\t\t<div class=\"elementor-widget-container\">\n\t\t\t\t\t\t\t<h3 class=\"elementor-headline\">\n\t\t\t\t<span class=\"elementor-headline-dynamic-wrapper elementor-headline-text-wrapper\">\n\t\t\t\t\t<span class=\"elementor-headline-dynamic-text elementor-headline-text-active\">Cadres<\/span>\n\t\t\t\t<\/span>\n\t\t\t\t<\/h3>\n\t\t\t\t\t\t<\/div>\n\t\t\t\t<\/div>\n\t\t\t\t<div class=\"elementor-element elementor-element-424a2d1 elementor-tab elementor-widget elementor-widget-text-editor\" data-id=\"424a2d1\" data-element_type=\"widget\" data-e-type=\"widget\" data-widget_type=\"text-editor.default\">\n\t\t\t\t<div class=\"elementor-widget-container\">\n\t\t\t\t\t\t\t\t\t<table width=\"0\"><tbody><tr><td width=\"28\">N\u00b0<\/td><td width=\"106\">Pr\u00e9noms et nom<\/td><td width=\"84\">Fonction<\/td><td width=\"75\">Matricule<\/td><td width=\"69\">Dernier dipl\u00f4me<\/td><td width=\"95\">Grade acad\u00e9mique<\/td><td width=\"118\">Cours dispens\u00e9<\/td><td width=\"199\">E-mail<\/td><td width=\"88\">Contact<\/td><\/tr><tr><td width=\"28\">1<\/td><td width=\"106\">Dr Brahima KABA<\/td><td width=\"84\">Doyen<\/td><td width=\"75\">297255 F<\/td><td width=\"69\">Doctorat<\/td><td width=\"95\">Ma\u00eetre-Assistant en Histoire des Relations Internationales (CAMES 2022)<\/td><td width=\"118\">Les relations diplomatiques Afrique-Europe des origines \u00e0 nos jours<\/td><td width=\"199\"><p><a href=\"mailto:kaba_ib@yahoo.fr\">kaba_ib@yahoo.fr<\/a> \/<\/p><p><a href=\"mailto:kaba.brahima81@gmail.com\">kaba.brahima81@gmail.com<\/a><\/p><\/td><td width=\"88\">624 63 20 35<\/td><\/tr><tr><td width=\"28\">2<\/td><td width=\"106\">Fafod\u00e9 COND\u00c9<\/td><td width=\"84\">Vice-Doyen charg\u00e9 des \u00c9tudes<\/td><td width=\"75\">230662 S<\/td><td width=\"69\">Ma\u00eetrise<\/td><td width=\"95\">Assistant<\/td><td width=\"118\">Psycholinguistique<\/td><td width=\"199\"><a href=\"mailto:fafodetalikoro76@gmail.com\">fafodetalikoro76@gmail.com<\/a><\/td><td width=\"88\">628 66 14 87<\/td><\/tr><tr><td width=\"28\">3<\/td><td width=\"106\">Barnab\u00e9 KAMANO<\/td><td width=\"84\">Vice-Doyen charg\u00e9 de la Recherche<\/td><td width=\"75\">265209 M<\/td><td width=\"69\">Ma\u00eetrise<\/td><td width=\"95\">Assistant<\/td><td width=\"118\">Translation<\/td><td width=\"199\"><a href=\"mailto:vpkankan@gmail.com\">vpkankan@gmail.com<\/a><\/td><td width=\"88\">622 56 69 00<\/td><\/tr><tr><td width=\"28\">4<\/td><td width=\"106\">Moriba KOUYAT\u00c9<\/td><td width=\"84\">Secr\u00e9taire<\/td><td width=\"75\">230661 G<\/td><td width=\"69\">Master<\/td><td width=\"95\">Assistant<\/td><td width=\"118\">Litt\u00e9rature fran\u00e7aise XVII-XVIII si\u00e8cle<\/td><td width=\"199\"><a href=\"mailto:moribamfkouyate@gmail.com\">moribamfkouyate@gmail.com<\/a><\/td><td width=\"88\">622 40 37 02<\/td><\/tr><\/tbody><\/table>\t\t\t\t\t\t\t\t<\/div>\n\t\t\t\t<\/div>\n\t\t\t\t<div class=\"elementor-element elementor-element-2cc80041 elementor-widget elementor-widget-spacer\" data-id=\"2cc80041\" data-element_type=\"widget\" data-e-type=\"widget\" data-widget_type=\"spacer.default\">\n\t\t\t\t<div class=\"elementor-widget-container\">\n\t\t\t\t\t\t\t<div class=\"elementor-spacer\">\n\t\t\t<div class=\"elementor-spacer-inner\"><\/div>\n\t\t<\/div>\n\t\t\t\t\t\t<\/div>\n\t\t\t\t<\/div>\n\t\t\t\t\t<\/div>\n\t\t<\/div>\n\t\t\t\t\t<\/div>\n\t\t<\/section>\n\t\t\t\t<\/div>","protected":false},"excerpt":{"rendered":"<p>facult\u00e9 des langues et lettres Pr\u00e9sentation La Facult\u00e9 des Langues et Lettres est constitu\u00e9e de quatre d\u00e9partements et deux laboratoires que sont\u00a0: D\u00e9partement de Langue Anglaise ; D\u00e9partement de Lettres [&hellip;]<\/p>\n","protected":false},"author":1,"featured_media":0,"parent":0,"menu_order":0,"comment_status":"closed","ping_status":"closed","template":"template-1c.php","meta":{"footnotes":""},"class_list":["post-3143","page","type-page","status-publish","hentry"],"_links":{"self":[{"href":"https:\/\/www.ujnk.edu.gn\/en\/wp-json\/wp\/v2\/pages\/3143","targetHints":{"allow":["GET"]}}],"collection":[{"href":"https:\/\/www.ujnk.edu.gn\/en\/wp-json\/wp\/v2\/pages"}],"about":[{"href":"https:\/\/www.ujnk.edu.gn\/en\/wp-json\/wp\/v2\/types\/page"}],"author":[{"embeddable":true,"href":"https:\/\/www.ujnk.edu.gn\/en\/wp-json\/wp\/v2\/users\/1"}],"replies":[{"embeddable":true,"href":"https:\/\/www.ujnk.edu.gn\/en\/wp-json\/wp\/v2\/comments?post=3143"}],"version-history":[{"count":42,"href":"https:\/\/www.ujnk.edu.gn\/en\/wp-json\/wp\/v2\/pages\/3143\/revisions"}],"predecessor-version":[{"id":4774,"href":"https:\/\/www.ujnk.edu.gn\/en\/wp-json\/wp\/v2\/pages\/3143\/revisions\/4774"}],"wp:attachment":[{"href":"https:\/\/www.ujnk.edu.gn\/en\/wp-json\/wp\/v2\/media?parent=3143"}],"curies":[{"name":"wp","href":"https:\/\/api.w.org\/{rel}","templated":true}]}}