{"id":3055,"date":"2023-01-15T18:33:19","date_gmt":"2023-01-15T17:33:19","guid":{"rendered":"https:\/\/www.ujnk.edu.gn\/?page_id=3055"},"modified":"2023-01-24T16:17:15","modified_gmt":"2023-01-24T15:17:15","slug":"page-activites-culturelles","status":"publish","type":"page","link":"https:\/\/www.ujnk.edu.gn\/en\/page-activites-culturelles\/","title":{"rendered":"Page activit\u00e9s culturelles"},"content":{"rendered":"<div data-elementor-type=\"wp-page\" data-elementor-id=\"3055\" class=\"elementor elementor-3055\">\n\t\t\t\t\t\t<section class=\"elementor-section elementor-top-section elementor-element elementor-element-2de996ce elementor-section-boxed elementor-section-height-default elementor-section-height-default\" data-id=\"2de996ce\" data-element_type=\"section\" data-e-type=\"section\">\n\t\t\t\t\t\t<div class=\"elementor-container elementor-column-gap-default\">\n\t\t\t\t\t<div class=\"elementor-column elementor-col-100 elementor-top-column elementor-element elementor-element-480d9a5d\" data-id=\"480d9a5d\" data-element_type=\"column\" data-e-type=\"column\">\n\t\t\t<div class=\"elementor-widget-wrap elementor-element-populated\">\n\t\t\t\t\t\t<div class=\"elementor-element elementor-element-aaebc9c elementor-widget elementor-widget-spacer\" data-id=\"aaebc9c\" data-element_type=\"widget\" data-e-type=\"widget\" data-widget_type=\"spacer.default\">\n\t\t\t\t<div class=\"elementor-widget-container\">\n\t\t\t\t\t\t\t<div class=\"elementor-spacer\">\n\t\t\t<div class=\"elementor-spacer-inner\"><\/div>\n\t\t<\/div>\n\t\t\t\t\t\t<\/div>\n\t\t\t\t<\/div>\n\t\t\t\t\t<\/div>\n\t\t<\/div>\n\t\t\t\t\t<\/div>\n\t\t<\/section>\n\t\t\t\t<section class=\"elementor-section elementor-top-section elementor-element elementor-element-bc0f2fc elementor-section-boxed elementor-section-height-default elementor-section-height-default\" data-id=\"bc0f2fc\" data-element_type=\"section\" data-e-type=\"section\">\n\t\t\t\t\t\t<div class=\"elementor-container elementor-column-gap-default\">\n\t\t\t\t\t<div class=\"elementor-column elementor-col-100 elementor-top-column elementor-element elementor-element-a04e28\" data-id=\"a04e28\" data-element_type=\"column\" data-e-type=\"column\">\n\t\t\t<div class=\"elementor-widget-wrap elementor-element-populated\">\n\t\t\t\t\t\t<div class=\"elementor-element elementor-element-4dfc3878 elementor-widget-divider--view-line elementor-widget elementor-widget-divider\" data-id=\"4dfc3878\" data-element_type=\"widget\" data-e-type=\"widget\" data-widget_type=\"divider.default\">\n\t\t\t\t<div class=\"elementor-widget-container\">\n\t\t\t\t\t\t\t<div class=\"elementor-divider\">\n\t\t\t<span class=\"elementor-divider-separator\">\n\t\t\t\t\t\t<\/span>\n\t\t<\/div>\n\t\t\t\t\t\t<\/div>\n\t\t\t\t<\/div>\n\t\t\t\t<div class=\"elementor-element elementor-element-1fa8a1d0 animated-slow elementor-invisible elementor-widget elementor-widget-heading\" data-id=\"1fa8a1d0\" data-element_type=\"widget\" data-e-type=\"widget\" data-settings=\"{&quot;_animation_mobile&quot;:&quot;fadeInDown&quot;,&quot;_animation&quot;:&quot;fadeInDown&quot;}\" data-widget_type=\"heading.default\">\n\t\t\t\t<div class=\"elementor-widget-container\">\n\t\t\t\t\t<h2 class=\"elementor-heading-title elementor-size-default\">Activit\u00e9s culturelles et sportives<\/h2>\t\t\t\t<\/div>\n\t\t\t\t<\/div>\n\t\t\t\t<div class=\"elementor-element elementor-element-28b73539 elementor-widget elementor-widget-spacer\" data-id=\"28b73539\" data-element_type=\"widget\" data-e-type=\"widget\" data-widget_type=\"spacer.default\">\n\t\t\t\t<div class=\"elementor-widget-container\">\n\t\t\t\t\t\t\t<div class=\"elementor-spacer\">\n\t\t\t<div class=\"elementor-spacer-inner\"><\/div>\n\t\t<\/div>\n\t\t\t\t\t\t<\/div>\n\t\t\t\t<\/div>\n\t\t\t\t\t<\/div>\n\t\t<\/div>\n\t\t\t\t\t<\/div>\n\t\t<\/section>\n\t\t\t\t<section class=\"elementor-section elementor-top-section elementor-element elementor-element-314cc6ef elementor-section-boxed elementor-section-height-default elementor-section-height-default\" data-id=\"314cc6ef\" data-element_type=\"section\" data-e-type=\"section\">\n\t\t\t\t\t\t<div class=\"elementor-container elementor-column-gap-wider\">\n\t\t\t\t\t<div class=\"elementor-column elementor-col-50 elementor-top-column elementor-element elementor-element-17ed8e36\" data-id=\"17ed8e36\" data-element_type=\"column\" data-e-type=\"column\">\n\t\t\t<div class=\"elementor-widget-wrap elementor-element-populated\">\n\t\t\t\t\t\t<div class=\"elementor-element elementor-element-e39ecff elementor-headline--style-highlight elementor-widget elementor-widget-animated-headline\" data-id=\"e39ecff\" data-element_type=\"widget\" data-e-type=\"widget\" data-settings=\"{&quot;marker&quot;:&quot;double_underline&quot;,&quot;highlighted_text&quot;:&quot;sportives&quot;,&quot;headline_style&quot;:&quot;highlight&quot;,&quot;loop&quot;:&quot;yes&quot;,&quot;highlight_animation_duration&quot;:1200,&quot;highlight_iteration_delay&quot;:8000}\" data-widget_type=\"animated-headline.default\">\n\t\t\t\t<div class=\"elementor-widget-container\">\n\t\t\t\t\t\t\t<h3 class=\"elementor-headline\">\n\t\t\t\t\t<span class=\"elementor-headline-plain-text elementor-headline-text-wrapper\">Activit\u00e9s <\/span>\n\t\t\t\t<span class=\"elementor-headline-dynamic-wrapper elementor-headline-text-wrapper\">\n\t\t\t\t\t<span class=\"elementor-headline-dynamic-text elementor-headline-text-active\">sportives<\/span>\n\t\t\t\t<\/span>\n\t\t\t\t<\/h3>\n\t\t\t\t\t\t<\/div>\n\t\t\t\t<\/div>\n\t\t\t\t<div class=\"elementor-element elementor-element-c6f4c13 elementor-widget elementor-widget-heading\" data-id=\"c6f4c13\" data-element_type=\"widget\" data-e-type=\"widget\" data-widget_type=\"heading.default\">\n\t\t\t\t<div class=\"elementor-widget-container\">\n\t\t\t\t\t<h2 class=\"elementor-heading-title elementor-size-default\">PORTER NOS COULEURS LORS DE COMP\u00c9TITIONS<\/h2>\t\t\t\t<\/div>\n\t\t\t\t<\/div>\n\t\t\t\t<div class=\"elementor-element elementor-element-50f1bd elementor-widget elementor-widget-text-editor\" data-id=\"50f1bd\" data-element_type=\"widget\" data-e-type=\"widget\" data-widget_type=\"text-editor.default\">\n\t\t\t\t<div class=\"elementor-widget-container\">\n\t\t\t\t\t\t\t\t\t<p>Envie de vous d\u00e9penser, de vous d\u00e9tendre ou encore de porter nos couleurs lors de comp\u00e9titions ?<\/p><p>Plus de 5 activit\u00e9s sportives, du loisir \u00e0 la comp\u00e9tition de haut niveau ainsi que des stages et des pratiques sportives vous sont propos\u00e9es tout au long de l\u2019ann\u00e9e.<\/p><p>Les adeptes de performance et d\u2019adr\u00e9naline peuvent s\u2019investir en parall\u00e8le au sein de l\u2019association sportive de l\u2019universit\u00e9 de kankan.<\/p><p>Inscrivez-vous vite muni de :<\/p><ul><li>votre carte \u00e9tudiante<\/li><li>un certificat m\u00e9dical de moins de 3\u00a0mois de non contre-indication \u00e0 la pratique sportive<\/li><\/ul>\t\t\t\t\t\t\t\t<\/div>\n\t\t\t\t<\/div>\n\t\t\t\t\t<\/div>\n\t\t<\/div>\n\t\t\t\t<div class=\"elementor-column elementor-col-50 elementor-top-column elementor-element elementor-element-13b1efc1\" data-id=\"13b1efc1\" data-element_type=\"column\" data-e-type=\"column\">\n\t\t\t<div class=\"elementor-widget-wrap elementor-element-populated\">\n\t\t\t\t\t\t<div class=\"elementor-element elementor-element-d329da0 elementor-arrows-position-inside elementor-widget elementor-widget-image-carousel\" data-id=\"d329da0\" data-element_type=\"widget\" data-e-type=\"widget\" data-settings=\"{&quot;slides_to_show&quot;:&quot;1&quot;,&quot;navigation&quot;:&quot;arrows&quot;,&quot;autoplay&quot;:&quot;yes&quot;,&quot;pause_on_hover&quot;:&quot;yes&quot;,&quot;pause_on_interaction&quot;:&quot;yes&quot;,&quot;autoplay_speed&quot;:5000,&quot;infinite&quot;:&quot;yes&quot;,&quot;effect&quot;:&quot;slide&quot;,&quot;speed&quot;:500}\" data-widget_type=\"image-carousel.default\">\n\t\t\t\t<div class=\"elementor-widget-container\">\n\t\t\t\t\t\t\t<div class=\"elementor-image-carousel-wrapper swiper\" role=\"region\" aria-roledescription=\"carousel\" aria-label=\"Carrousel d\u2019images\" dir=\"ltr\">\n\t\t\t<div class=\"elementor-image-carousel swiper-wrapper\" aria-live=\"off\">\n\t\t\t\t\t\t\t\t<div class=\"swiper-slide\" role=\"group\" aria-roledescription=\"slide\" aria-label=\"1 sur 3\"><figure class=\"swiper-slide-inner\"><img decoding=\"async\" class=\"swiper-slide-image\" src=\"https:\/\/www.ujnk.edu.gn\/wp-content\/uploads\/2022\/10\/equipe_basket.jpeg\" alt=\"equipe_basket\" \/><\/figure><\/div><div class=\"swiper-slide\" role=\"group\" aria-roledescription=\"slide\" aria-label=\"2 sur 3\"><figure class=\"swiper-slide-inner\"><img decoding=\"async\" class=\"swiper-slide-image\" src=\"https:\/\/www.ujnk.edu.gn\/wp-content\/uploads\/2022\/10\/equipe_foot1.jpeg\" alt=\"equipe_foot1\" \/><\/figure><\/div><div class=\"swiper-slide\" role=\"group\" aria-roledescription=\"slide\" aria-label=\"3 sur 3\"><figure class=\"swiper-slide-inner\"><img decoding=\"async\" class=\"swiper-slide-image\" src=\"https:\/\/www.ujnk.edu.gn\/wp-content\/uploads\/2022\/11\/activite_sportive.jpg\" alt=\"activite_sportive\" \/><\/figure><\/div>\t\t\t<\/div>\n\t\t\t\t\t\t\t\t\t\t\t\t<div class=\"elementor-swiper-button elementor-swiper-button-prev\" role=\"button\" tabindex=\"0\">\n\t\t\t\t\t\t<i aria-hidden=\"true\" class=\"eicon-chevron-left\"><\/i>\t\t\t\t\t<\/div>\n\t\t\t\t\t<div class=\"elementor-swiper-button elementor-swiper-button-next\" role=\"button\" tabindex=\"0\">\n\t\t\t\t\t\t<i aria-hidden=\"true\" class=\"eicon-chevron-right\"><\/i>\t\t\t\t\t<\/div>\n\t\t\t\t\n\t\t\t\t\t\t\t\t\t<\/div>\n\t\t\t\t\t\t<\/div>\n\t\t\t\t<\/div>\n\t\t\t\t\t<\/div>\n\t\t<\/div>\n\t\t\t\t\t<\/div>\n\t\t<\/section>\n\t\t\t\t<section class=\"elementor-section elementor-top-section elementor-element elementor-element-f2031a0 elementor-section-boxed elementor-section-height-default elementor-section-height-default\" data-id=\"f2031a0\" data-element_type=\"section\" data-e-type=\"section\">\n\t\t\t\t\t\t<div class=\"elementor-container elementor-column-gap-default\">\n\t\t\t\t\t<div class=\"elementor-column elementor-col-100 elementor-top-column elementor-element elementor-element-25841d0\" data-id=\"25841d0\" data-element_type=\"column\" data-e-type=\"column\">\n\t\t\t<div class=\"elementor-widget-wrap elementor-element-populated\">\n\t\t\t\t\t\t<div class=\"elementor-element elementor-element-26167a0 elementor-widget elementor-widget-heading\" data-id=\"26167a0\" data-element_type=\"widget\" data-e-type=\"widget\" data-widget_type=\"heading.default\">\n\t\t\t\t<div class=\"elementor-widget-container\">\n\t\t\t\t\t<h2 class=\"elementor-heading-title elementor-size-default\">Renseignez vous aupr\u00e8s de votre facult\u00e9s !<\/h2>\t\t\t\t<\/div>\n\t\t\t\t<\/div>\n\t\t\t\t<div class=\"elementor-element elementor-element-a5cea90 elementor-widget elementor-widget-heading\" data-id=\"a5cea90\" data-element_type=\"widget\" data-e-type=\"widget\" data-widget_type=\"heading.default\">\n\t\t\t\t<div class=\"elementor-widget-container\">\n\t\t\t\t\t<h2 class=\"elementor-heading-title elementor-size-default\"><a href=\"#\"><li>Facult\u00e9 des Langues et Lettres(FLL)<\/li><br><\/a>\n\n<a href=\"#\"><li>\nFacult\u00e9 des Sciences de la Nature (FSN)<\/li><br><\/a>\n\n<a href=\"#\"><li>Facult\u00e9 des Sciences Economiques et de Gestion : (FSEG)<\/li><br><\/a>\n\n<a href=\"#\"><li>Facult\u00e9 des Sciences de la Nature (FSN)<\/li><br><\/a>\n\n<a href=\"#\"><li>Facult\u00e9 des Sciences Sociales (FSS)<\/li><br><\/a>\n\n\n<\/h2>\t\t\t\t<\/div>\n\t\t\t\t<\/div>\n\t\t\t\t\t<\/div>\n\t\t<\/div>\n\t\t\t\t\t<\/div>\n\t\t<\/section>\n\t\t\t\t<section class=\"elementor-section elementor-top-section elementor-element elementor-element-7f61e633 elementor-section-boxed elementor-section-height-default elementor-section-height-default\" data-id=\"7f61e633\" data-element_type=\"section\" data-e-type=\"section\">\n\t\t\t\t\t\t<div class=\"elementor-container elementor-column-gap-default\">\n\t\t\t\t\t<div class=\"elementor-column elementor-col-100 elementor-top-column elementor-element elementor-element-798158fa\" data-id=\"798158fa\" data-element_type=\"column\" data-e-type=\"column\">\n\t\t\t<div class=\"elementor-widget-wrap elementor-element-populated\">\n\t\t\t\t\t\t<div class=\"elementor-element elementor-element-6e743b5f elementor-widget elementor-widget-spacer\" data-id=\"6e743b5f\" data-element_type=\"widget\" data-e-type=\"widget\" data-widget_type=\"spacer.default\">\n\t\t\t\t<div class=\"elementor-widget-container\">\n\t\t\t\t\t\t\t<div class=\"elementor-spacer\">\n\t\t\t<div class=\"elementor-spacer-inner\"><\/div>\n\t\t<\/div>\n\t\t\t\t\t\t<\/div>\n\t\t\t\t<\/div>\n\t\t\t\t\t<\/div>\n\t\t<\/div>\n\t\t\t\t\t<\/div>\n\t\t<\/section>\n\t\t\t\t<section class=\"elementor-section elementor-top-section elementor-element elementor-element-5fe192c3 elementor-section-height-min-height elementor-section-stretched elementor-section-boxed elementor-section-height-default elementor-section-items-middle\" data-id=\"5fe192c3\" data-element_type=\"section\" data-e-type=\"section\" data-settings=\"{&quot;stretch_section&quot;:&quot;section-stretched&quot;,&quot;background_background&quot;:&quot;classic&quot;}\">\n\t\t\t\t\t\t<div class=\"elementor-container elementor-column-gap-wide\">\n\t\t\t\t\t<div class=\"elementor-column elementor-col-50 elementor-top-column elementor-element elementor-element-3e3b1818\" data-id=\"3e3b1818\" data-element_type=\"column\" data-e-type=\"column\">\n\t\t\t<div class=\"elementor-widget-wrap elementor-element-populated\">\n\t\t\t\t\t\t<div class=\"elementor-element elementor-element-562f0d21 elementor-headline--style-highlight elementor-widget elementor-widget-animated-headline\" data-id=\"562f0d21\" data-element_type=\"widget\" data-e-type=\"widget\" data-settings=\"{&quot;marker&quot;:&quot;double&quot;,&quot;highlighted_text&quot;:&quot;SPORTIVES&quot;,&quot;headline_style&quot;:&quot;highlight&quot;,&quot;loop&quot;:&quot;yes&quot;,&quot;highlight_animation_duration&quot;:1200,&quot;highlight_iteration_delay&quot;:8000}\" data-widget_type=\"animated-headline.default\">\n\t\t\t\t<div class=\"elementor-widget-container\">\n\t\t\t\t\t\t\t<h3 class=\"elementor-headline\">\n\t\t\t\t\t<span class=\"elementor-headline-plain-text elementor-headline-text-wrapper\">ACTIVITES<\/span>\n\t\t\t\t<span class=\"elementor-headline-dynamic-wrapper elementor-headline-text-wrapper\">\n\t\t\t\t\t<span class=\"elementor-headline-dynamic-text elementor-headline-text-active\">SPORTIVES<\/span>\n\t\t\t\t<\/span>\n\t\t\t\t<\/h3>\n\t\t\t\t\t\t<\/div>\n\t\t\t\t<\/div>\n\t\t\t\t<div class=\"elementor-element elementor-element-56d5c5b1 elementor-widget elementor-widget-text-editor\" data-id=\"56d5c5b1\" data-element_type=\"widget\" data-e-type=\"widget\" data-widget_type=\"text-editor.default\">\n\t\t\t\t<div class=\"elementor-widget-container\">\n\t\t\t\t\t\t\t\t\t<p>Envie de vous d\u00e9penser, de vous d\u00e9tendre ou encore de porter nos couleurs lors de comp\u00e9titions ?<\/p><p>Plus de 5 activit\u00e9s sportives, du loisir \u00e0 la comp\u00e9tition de haut niveau ainsi que des stages et des pratiques sportives vous sont propos\u00e9es tout au long de l\u2019ann\u00e9e.<\/p><p>Les adeptes de performance et d\u2019adr\u00e9naline peuvent s\u2019investir en parall\u00e8le au sein de l\u2019association sportive de l\u2019universit\u00e9 de kankan.<\/p><p>Inscrivez-vous vite muni de :<\/p><ul><li>votre carte \u00e9tudiante<\/li><li>un certificat m\u00e9dical de moins de 3\u00a0mois de non contre-indication \u00e0 la pratique sportive<\/li><\/ul>\t\t\t\t\t\t\t\t<\/div>\n\t\t\t\t<\/div>\n\t\t\t\t\t<\/div>\n\t\t<\/div>\n\t\t\t\t<div class=\"elementor-column elementor-col-50 elementor-top-column elementor-element elementor-element-6a839e9a\" data-id=\"6a839e9a\" data-element_type=\"column\" data-e-type=\"column\">\n\t\t\t<div class=\"elementor-widget-wrap elementor-element-populated\">\n\t\t\t\t\t\t<div class=\"elementor-element elementor-element-1a94a279 elementor-widget elementor-widget-image\" data-id=\"1a94a279\" data-element_type=\"widget\" data-e-type=\"widget\" data-widget_type=\"image.default\">\n\t\t\t\t<div class=\"elementor-widget-container\">\n\t\t\t\t\t\t\t\t\t\t\t\t\t\t\t<img fetchpriority=\"high\" decoding=\"async\" width=\"2560\" height=\"1441\" src=\"https:\/\/www.ujnk.edu.gn\/wp-content\/uploads\/2022\/11\/activite_sportive.jpg\" class=\"attachment-full size-full wp-image-1591\" alt=\"\" srcset=\"https:\/\/www.ujnk.edu.gn\/wp-content\/uploads\/2022\/11\/activite_sportive.jpg 2560w, https:\/\/www.ujnk.edu.gn\/wp-content\/uploads\/2022\/11\/activite_sportive-300x169.jpg 300w, https:\/\/www.ujnk.edu.gn\/wp-content\/uploads\/2022\/11\/activite_sportive-1024x576.jpg 1024w, https:\/\/www.ujnk.edu.gn\/wp-content\/uploads\/2022\/11\/activite_sportive-768x432.jpg 768w, https:\/\/www.ujnk.edu.gn\/wp-content\/uploads\/2022\/11\/activite_sportive-1536x865.jpg 1536w, https:\/\/www.ujnk.edu.gn\/wp-content\/uploads\/2022\/11\/activite_sportive-2048x1153.jpg 2048w\" sizes=\"(max-width: 2560px) 100vw, 2560px\" \/>\t\t\t\t\t\t\t\t\t\t\t\t\t\t\t<\/div>\n\t\t\t\t<\/div>\n\t\t\t\t\t<\/div>\n\t\t<\/div>\n\t\t\t\t\t<\/div>\n\t\t<\/section>\n\t\t\t\t<section class=\"elementor-section elementor-top-section elementor-element elementor-element-2b0d4414 elementor-section-boxed elementor-section-height-default elementor-section-height-default\" data-id=\"2b0d4414\" data-element_type=\"section\" data-e-type=\"section\">\n\t\t\t\t\t\t<div class=\"elementor-container elementor-column-gap-default\">\n\t\t\t\t\t<div class=\"elementor-column elementor-col-100 elementor-top-column elementor-element elementor-element-45024696\" data-id=\"45024696\" data-element_type=\"column\" data-e-type=\"column\">\n\t\t\t<div class=\"elementor-widget-wrap elementor-element-populated\">\n\t\t\t\t\t\t<div class=\"elementor-element elementor-element-194e1b88 elementor-widget elementor-widget-spacer\" data-id=\"194e1b88\" data-element_type=\"widget\" data-e-type=\"widget\" data-widget_type=\"spacer.default\">\n\t\t\t\t<div class=\"elementor-widget-container\">\n\t\t\t\t\t\t\t<div class=\"elementor-spacer\">\n\t\t\t<div class=\"elementor-spacer-inner\"><\/div>\n\t\t<\/div>\n\t\t\t\t\t\t<\/div>\n\t\t\t\t<\/div>\n\t\t\t\t<div class=\"elementor-element elementor-element-5615faab elementor-widget elementor-widget-heading\" data-id=\"5615faab\" data-element_type=\"widget\" data-e-type=\"widget\" data-widget_type=\"heading.default\">\n\t\t\t\t<div class=\"elementor-widget-container\">\n\t\t\t\t\t<h2 class=\"elementor-heading-title elementor-size-default\">Renseignez vous aupr\u00e8s de votre facult\u00e9s !<\/h2>\t\t\t\t<\/div>\n\t\t\t\t<\/div>\n\t\t\t\t<div class=\"elementor-element elementor-element-4d99ead9 elementor-widget elementor-widget-heading\" data-id=\"4d99ead9\" data-element_type=\"widget\" data-e-type=\"widget\" data-widget_type=\"heading.default\">\n\t\t\t\t<div class=\"elementor-widget-container\">\n\t\t\t\t\t<h2 class=\"elementor-heading-title elementor-size-default\"><a href=\"#\"><li>Facult\u00e9 des Langues et Lettres(FLL)<\/li><br><\/a>\n\n<a href=\"#\"><li>\nFacult\u00e9 des Sciences de la Nature (FSN)<\/li><br><\/a>\n\n<a href=\"#\"><li>Facult\u00e9 des Sciences Economiques et de Gestion : (FSEG)<\/li><br><\/a>\n\n<a href=\"#\"><li>Facult\u00e9 des Sciences de la Nature (FSN)<\/li><br><\/a>\n\n<a href=\"#\"><li>Facult\u00e9 des Sciences Sociales (FSS)<\/li><br><\/a>\n\n\n<\/h2>\t\t\t\t<\/div>\n\t\t\t\t<\/div>\n\t\t\t\t\t<\/div>\n\t\t<\/div>\n\t\t\t\t\t<\/div>\n\t\t<\/section>\n\t\t\t\t<section class=\"elementor-section elementor-top-section elementor-element elementor-element-d23d8f1 elementor-section-boxed elementor-section-height-default elementor-section-height-default\" data-id=\"d23d8f1\" data-element_type=\"section\" data-e-type=\"section\">\n\t\t\t\t\t\t<div class=\"elementor-container elementor-column-gap-default\">\n\t\t\t\t\t<div class=\"elementor-column elementor-col-100 elementor-top-column elementor-element elementor-element-40962cc\" data-id=\"40962cc\" data-element_type=\"column\" data-e-type=\"column\">\n\t\t\t<div class=\"elementor-widget-wrap elementor-element-populated\">\n\t\t\t\t\t\t<div class=\"elementor-element elementor-element-9c0c74b elementor-widget elementor-widget-spacer\" data-id=\"9c0c74b\" data-element_type=\"widget\" data-e-type=\"widget\" data-widget_type=\"spacer.default\">\n\t\t\t\t<div class=\"elementor-widget-container\">\n\t\t\t\t\t\t\t<div class=\"elementor-spacer\">\n\t\t\t<div class=\"elementor-spacer-inner\"><\/div>\n\t\t<\/div>\n\t\t\t\t\t\t<\/div>\n\t\t\t\t<\/div>\n\t\t\t\t\t<\/div>\n\t\t<\/div>\n\t\t\t\t\t<\/div>\n\t\t<\/section>\n\t\t\t\t<\/div>","protected":false},"excerpt":{"rendered":"<p>Activit\u00e9s culturelles et sportives Activit\u00e9s sportives PORTER NOS COULEURS LORS DE COMP\u00c9TITIONS Envie de vous d\u00e9penser, de vous d\u00e9tendre ou encore de porter nos couleurs lors de comp\u00e9titions ? Plus [&hellip;]<\/p>\n","protected":false},"author":1,"featured_media":0,"parent":0,"menu_order":1,"comment_status":"closed","ping_status":"closed","template":"template-1c.php","meta":{"footnotes":""},"class_list":["post-3055","page","type-page","status-publish","hentry"],"_links":{"self":[{"href":"https:\/\/www.ujnk.edu.gn\/en\/wp-json\/wp\/v2\/pages\/3055","targetHints":{"allow":["GET"]}}],"collection":[{"href":"https:\/\/www.ujnk.edu.gn\/en\/wp-json\/wp\/v2\/pages"}],"about":[{"href":"https:\/\/www.ujnk.edu.gn\/en\/wp-json\/wp\/v2\/types\/page"}],"author":[{"embeddable":true,"href":"https:\/\/www.ujnk.edu.gn\/en\/wp-json\/wp\/v2\/users\/1"}],"replies":[{"embeddable":true,"href":"https:\/\/www.ujnk.edu.gn\/en\/wp-json\/wp\/v2\/comments?post=3055"}],"version-history":[{"count":18,"href":"https:\/\/www.ujnk.edu.gn\/en\/wp-json\/wp\/v2\/pages\/3055\/revisions"}],"predecessor-version":[{"id":4591,"href":"https:\/\/www.ujnk.edu.gn\/en\/wp-json\/wp\/v2\/pages\/3055\/revisions\/4591"}],"wp:attachment":[{"href":"https:\/\/www.ujnk.edu.gn\/en\/wp-json\/wp\/v2\/media?parent=3055"}],"curies":[{"name":"wp","href":"https:\/\/api.w.org\/{rel}","templated":true}]}}