{"id":3032,"date":"2023-01-15T17:22:22","date_gmt":"2023-01-15T16:22:22","guid":{"rendered":"https:\/\/www.ujnk.edu.gn\/?page_id=3032"},"modified":"2023-05-04T10:45:17","modified_gmt":"2023-05-04T10:45:17","slug":"page-vie-estudiantine","status":"publish","type":"page","link":"https:\/\/www.ujnk.edu.gn\/en\/page-vie-estudiantine\/","title":{"rendered":"Vie estudiantine"},"content":{"rendered":"<div data-elementor-type=\"wp-page\" data-elementor-id=\"3032\" class=\"elementor elementor-3032\">\n\t\t\t\t\t\t<section class=\"elementor-section elementor-top-section elementor-element elementor-element-dd57119 elementor-section-boxed elementor-section-height-default elementor-section-height-default\" data-id=\"dd57119\" data-element_type=\"section\" data-e-type=\"section\">\n\t\t\t\t\t\t<div class=\"elementor-container elementor-column-gap-default\">\n\t\t\t\t\t<div class=\"elementor-column elementor-col-100 elementor-top-column elementor-element elementor-element-374c5010\" data-id=\"374c5010\" data-element_type=\"column\" data-e-type=\"column\">\n\t\t\t<div class=\"elementor-widget-wrap elementor-element-populated\">\n\t\t\t\t\t\t<div class=\"elementor-element elementor-element-1dc06e3 elementor-widget elementor-widget-spacer\" data-id=\"1dc06e3\" data-element_type=\"widget\" data-e-type=\"widget\" data-widget_type=\"spacer.default\">\n\t\t\t\t<div class=\"elementor-widget-container\">\n\t\t\t\t\t\t\t<div class=\"elementor-spacer\">\n\t\t\t<div class=\"elementor-spacer-inner\"><\/div>\n\t\t<\/div>\n\t\t\t\t\t\t<\/div>\n\t\t\t\t<\/div>\n\t\t\t\t<div class=\"elementor-element elementor-element-78efef6 elementor-widget-divider--view-line elementor-widget elementor-widget-divider\" data-id=\"78efef6\" data-element_type=\"widget\" data-e-type=\"widget\" data-widget_type=\"divider.default\">\n\t\t\t\t<div class=\"elementor-widget-container\">\n\t\t\t\t\t\t\t<div class=\"elementor-divider\">\n\t\t\t<span class=\"elementor-divider-separator\">\n\t\t\t\t\t\t<\/span>\n\t\t<\/div>\n\t\t\t\t\t\t<\/div>\n\t\t\t\t<\/div>\n\t\t\t\t<div class=\"elementor-element elementor-element-40594e48 animated-slow elementor-invisible elementor-widget elementor-widget-heading\" data-id=\"40594e48\" data-element_type=\"widget\" data-e-type=\"widget\" data-settings=\"{&quot;_animation_mobile&quot;:&quot;fadeInDown&quot;,&quot;_animation&quot;:&quot;fadeInDown&quot;}\" data-widget_type=\"heading.default\">\n\t\t\t\t<div class=\"elementor-widget-container\">\n\t\t\t\t\t<h2 class=\"elementor-heading-title elementor-size-default\">Vie estudiantine<\/h2>\t\t\t\t<\/div>\n\t\t\t\t<\/div>\n\t\t\t\t<div class=\"elementor-element elementor-element-3d6d0874 elementor-widget elementor-widget-spacer\" data-id=\"3d6d0874\" data-element_type=\"widget\" data-e-type=\"widget\" data-widget_type=\"spacer.default\">\n\t\t\t\t<div class=\"elementor-widget-container\">\n\t\t\t\t\t\t\t<div class=\"elementor-spacer\">\n\t\t\t<div class=\"elementor-spacer-inner\"><\/div>\n\t\t<\/div>\n\t\t\t\t\t\t<\/div>\n\t\t\t\t<\/div>\n\t\t\t\t\t<\/div>\n\t\t<\/div>\n\t\t\t\t\t<\/div>\n\t\t<\/section>\n\t\t\t\t<section class=\"elementor-section elementor-top-section elementor-element elementor-element-5d6dd4a7 elementor-section-boxed elementor-section-height-default elementor-section-height-default\" data-id=\"5d6dd4a7\" data-element_type=\"section\" data-e-type=\"section\">\n\t\t\t\t\t\t<div class=\"elementor-container elementor-column-gap-wide\">\n\t\t\t\t\t<div class=\"elementor-column elementor-col-50 elementor-top-column elementor-element elementor-element-3e250534\" data-id=\"3e250534\" data-element_type=\"column\" data-e-type=\"column\">\n\t\t\t<div class=\"elementor-widget-wrap elementor-element-populated\">\n\t\t\t\t\t\t<div class=\"elementor-element elementor-element-4847d88 elementor-widget elementor-widget-heading\" data-id=\"4847d88\" data-element_type=\"widget\" data-e-type=\"widget\" data-widget_type=\"heading.default\">\n\t\t\t\t<div class=\"elementor-widget-container\">\n\t\t\t\t\t<h2 class=\"elementor-heading-title elementor-size-default\">Bref aper\u00e7u de la vie etudiantine \u00e0 UJNK<\/h2>\t\t\t\t<\/div>\n\t\t\t\t<\/div>\n\t\t\t\t<div class=\"elementor-element elementor-element-6b0da557 elementor-widget elementor-widget-text-editor\" data-id=\"6b0da557\" data-element_type=\"widget\" data-e-type=\"widget\" data-widget_type=\"text-editor.default\">\n\t\t\t\t<div class=\"elementor-widget-container\">\n\t\t\t\t\t\t\t\t\t<p>La vie \u00e9tudiante fait partie int\u00e9grante de la formation. D\u2019autant qu\u2019elle ne se r\u00e9sume pas qu\u2019aux festivit\u00e9s.<\/p><p>C\u2019est aussi une nouvelle vie quotidienne qu\u2019il faut apprivoiser et beaucoup de d\u00e9marches administratives \u00e0 g\u00e9rer.<\/p><p>Comment faire sa demande de bourses ?<\/p><p>De quelles aides au logement pouvez-vous b\u00e9n\u00e9ficier ?<\/p><p>Autant de questions auxquelles vous devrez r\u00e9pondre \u00e0 votre entr\u00e9e dans le sup\u00e9rieur.<\/p><p>Mais la vie \u00e9tudiante est aussi synonyme de rencontres. Service civique\u00a0 et associations \u00e9tudiantes, vous avez l\u2019embarras du choix pour vous engager.<\/p>\t\t\t\t\t\t\t\t<\/div>\n\t\t\t\t<\/div>\n\t\t\t\t\t<\/div>\n\t\t<\/div>\n\t\t\t\t<div class=\"elementor-column elementor-col-50 elementor-top-column elementor-element elementor-element-7788cdae\" data-id=\"7788cdae\" data-element_type=\"column\" data-e-type=\"column\">\n\t\t\t<div class=\"elementor-widget-wrap elementor-element-populated\">\n\t\t\t\t\t\t<div class=\"elementor-element elementor-element-b1d2a81 elementor-widget elementor-widget-image\" data-id=\"b1d2a81\" data-element_type=\"widget\" data-e-type=\"widget\" data-widget_type=\"image.default\">\n\t\t\t\t<div class=\"elementor-widget-container\">\n\t\t\t\t\t\t\t\t\t\t\t\t\t\t\t<img fetchpriority=\"high\" decoding=\"async\" width=\"1680\" height=\"750\" src=\"https:\/\/www.ujnk.edu.gn\/wp-content\/uploads\/2022\/10\/salle-cours-universite-gaston-berger-senegal.jpg\" class=\"attachment-2048x2048 size-2048x2048 wp-image-1236\" alt=\"\" srcset=\"https:\/\/www.ujnk.edu.gn\/wp-content\/uploads\/2022\/10\/salle-cours-universite-gaston-berger-senegal.jpg 1680w, https:\/\/www.ujnk.edu.gn\/wp-content\/uploads\/2022\/10\/salle-cours-universite-gaston-berger-senegal-300x134.jpg 300w, https:\/\/www.ujnk.edu.gn\/wp-content\/uploads\/2022\/10\/salle-cours-universite-gaston-berger-senegal-1024x457.jpg 1024w, https:\/\/www.ujnk.edu.gn\/wp-content\/uploads\/2022\/10\/salle-cours-universite-gaston-berger-senegal-768x343.jpg 768w, https:\/\/www.ujnk.edu.gn\/wp-content\/uploads\/2022\/10\/salle-cours-universite-gaston-berger-senegal-1536x686.jpg 1536w\" sizes=\"(max-width: 1680px) 100vw, 1680px\" \/>\t\t\t\t\t\t\t\t\t\t\t\t\t\t\t<\/div>\n\t\t\t\t<\/div>\n\t\t\t\t\t<\/div>\n\t\t<\/div>\n\t\t\t\t\t<\/div>\n\t\t<\/section>\n\t\t\t\t<section class=\"elementor-section elementor-top-section elementor-element elementor-element-6c4494e elementor-section-boxed elementor-section-height-default elementor-section-height-default\" data-id=\"6c4494e\" data-element_type=\"section\" data-e-type=\"section\">\n\t\t\t\t\t\t<div class=\"elementor-container elementor-column-gap-default\">\n\t\t\t\t\t<div class=\"elementor-column elementor-col-100 elementor-top-column elementor-element elementor-element-46277d0\" data-id=\"46277d0\" data-element_type=\"column\" data-e-type=\"column\">\n\t\t\t<div class=\"elementor-widget-wrap elementor-element-populated\">\n\t\t\t\t\t\t<div class=\"elementor-element elementor-element-6cfab47 elementor-widget elementor-widget-spacer\" data-id=\"6cfab47\" data-element_type=\"widget\" data-e-type=\"widget\" data-widget_type=\"spacer.default\">\n\t\t\t\t<div class=\"elementor-widget-container\">\n\t\t\t\t\t\t\t<div class=\"elementor-spacer\">\n\t\t\t<div class=\"elementor-spacer-inner\"><\/div>\n\t\t<\/div>\n\t\t\t\t\t\t<\/div>\n\t\t\t\t<\/div>\n\t\t\t\t\t<\/div>\n\t\t<\/div>\n\t\t\t\t\t<\/div>\n\t\t<\/section>\n\t\t\t\t<section class=\"elementor-section elementor-top-section elementor-element elementor-element-692f2f9 elementor-section-height-min-height elementor-section-stretched elementor-section-boxed elementor-section-height-default elementor-section-items-middle\" data-id=\"692f2f9\" data-element_type=\"section\" data-e-type=\"section\" data-settings=\"{&quot;stretch_section&quot;:&quot;section-stretched&quot;,&quot;background_background&quot;:&quot;classic&quot;}\">\n\t\t\t\t\t\t<div class=\"elementor-container elementor-column-gap-wide\">\n\t\t\t\t\t<div class=\"elementor-column elementor-col-50 elementor-top-column elementor-element elementor-element-b212dd7\" data-id=\"b212dd7\" data-element_type=\"column\" data-e-type=\"column\">\n\t\t\t<div class=\"elementor-widget-wrap elementor-element-populated\">\n\t\t\t\t\t\t<div class=\"elementor-element elementor-element-ff50a41 elementor-widget elementor-widget-image\" data-id=\"ff50a41\" data-element_type=\"widget\" data-e-type=\"widget\" data-widget_type=\"image.default\">\n\t\t\t\t<div class=\"elementor-widget-container\">\n\t\t\t\t\t\t\t\t\t\t\t\t\t\t\t<img decoding=\"async\" width=\"768\" height=\"322\" src=\"https:\/\/www.ujnk.edu.gn\/wp-content\/uploads\/2023\/05\/PNG-blanc.png\" class=\"attachment-medium_large size-medium_large wp-image-5168\" alt=\"\" \/>\t\t\t\t\t\t\t\t\t\t\t\t\t\t\t<\/div>\n\t\t\t\t<\/div>\n\t\t\t\t\t<\/div>\n\t\t<\/div>\n\t\t\t\t<div class=\"elementor-column elementor-col-50 elementor-top-column elementor-element elementor-element-3105bcd\" data-id=\"3105bcd\" data-element_type=\"column\" data-e-type=\"column\">\n\t\t\t<div class=\"elementor-widget-wrap elementor-element-populated\">\n\t\t\t\t\t\t<div class=\"elementor-element elementor-element-c717e0e elementor-headline--style-highlight elementor-widget elementor-widget-animated-headline\" data-id=\"c717e0e\" data-element_type=\"widget\" data-e-type=\"widget\" data-settings=\"{&quot;marker&quot;:&quot;double&quot;,&quot;highlighted_text&quot;:&quot;ETUDIANTS&quot;,&quot;headline_style&quot;:&quot;highlight&quot;,&quot;loop&quot;:&quot;yes&quot;,&quot;highlight_animation_duration&quot;:1200,&quot;highlight_iteration_delay&quot;:8000}\" data-widget_type=\"animated-headline.default\">\n\t\t\t\t<div class=\"elementor-widget-container\">\n\t\t\t\t\t\t\t<h3 class=\"elementor-headline\">\n\t\t\t\t\t<span class=\"elementor-headline-plain-text elementor-headline-text-wrapper\">ASSOCIATION DES<\/span>\n\t\t\t\t<span class=\"elementor-headline-dynamic-wrapper elementor-headline-text-wrapper\">\n\t\t\t\t\t<span class=\"elementor-headline-dynamic-text elementor-headline-text-active\">ETUDIANTS<\/span>\n\t\t\t\t<\/span>\n\t\t\t\t<\/h3>\n\t\t\t\t\t\t<\/div>\n\t\t\t\t<\/div>\n\t\t\t\t<div class=\"elementor-element elementor-element-007d3c7 elementor-widget elementor-widget-text-editor\" data-id=\"007d3c7\" data-element_type=\"widget\" data-e-type=\"widget\" data-widget_type=\"text-editor.default\">\n\t\t\t\t<div class=\"elementor-widget-container\">\n\t\t\t\t\t\t\t\t\t<p>Une asso \u00e9tudiante, c\u2019est une association constitu\u00e9e uniquement d\u2019\u00e9tudiants. <strong>\u00c7a peut \u00eatre \u00e0 l\u2019\u00e9chelle d\u2019une \u00e9cole\u00a0<\/strong>(une troupe de th\u00e9\u00e2tre par exemple),\u00a0<strong>d\u2019une ville<\/strong>\u00a0, ou m\u00eame \u00e0\u00a0<strong>l\u2019\u00e9chelle nationale ou internationale<\/strong>. L\u2019objet d\u2019une asso varie en fonction de ses activit\u00e9s.\u00a0<strong>Il y a cependant des points communs entre toutes les associations \u00e9tudiantes<\/strong>\u00a0dans les \u00e9tudes sup\u00e9rieures\u00a0<img decoding=\"async\" class=\"emoji\" role=\"img\" draggable=\"false\" src=\"https:\/\/s.w.org\/images\/core\/emoji\/14.0.0\/svg\/1f60e.svg\" alt=\"\ud83d\ude0e\" \/><\/p>\t\t\t\t\t\t\t\t<\/div>\n\t\t\t\t<\/div>\n\t\t\t\t\t<\/div>\n\t\t<\/div>\n\t\t\t\t\t<\/div>\n\t\t<\/section>\n\t\t\t\t<section class=\"elementor-section elementor-top-section elementor-element elementor-element-3daefb3 elementor-section-stretched elementor-section-boxed elementor-section-height-default elementor-section-height-default\" data-id=\"3daefb3\" data-element_type=\"section\" data-e-type=\"section\" data-settings=\"{&quot;stretch_section&quot;:&quot;section-stretched&quot;}\">\n\t\t\t\t\t\t<div class=\"elementor-container elementor-column-gap-default\">\n\t\t\t\t\t<div class=\"elementor-column elementor-col-50 elementor-top-column elementor-element elementor-element-d2ee120\" data-id=\"d2ee120\" data-element_type=\"column\" data-e-type=\"column\">\n\t\t\t<div class=\"elementor-widget-wrap elementor-element-populated\">\n\t\t\t\t\t\t<div class=\"elementor-element elementor-element-77ddb3c elementor-widget elementor-widget-image\" data-id=\"77ddb3c\" data-element_type=\"widget\" data-e-type=\"widget\" data-widget_type=\"image.default\">\n\t\t\t\t<div class=\"elementor-widget-container\">\n\t\t\t\t\t\t\t\t\t\t\t\t\t\t\t<img decoding=\"async\" width=\"683\" height=\"1024\" src=\"https:\/\/www.ujnk.edu.gn\/wp-content\/uploads\/2023\/01\/linkedin-sales-solutions-EI50ZDA-l8Y-unsplash-683x1024.jpg\" class=\"attachment-large size-large wp-image-3038\" alt=\"\" srcset=\"https:\/\/www.ujnk.edu.gn\/wp-content\/uploads\/2023\/01\/linkedin-sales-solutions-EI50ZDA-l8Y-unsplash-683x1024.jpg 683w, https:\/\/www.ujnk.edu.gn\/wp-content\/uploads\/2023\/01\/linkedin-sales-solutions-EI50ZDA-l8Y-unsplash-200x300.jpg 200w, https:\/\/www.ujnk.edu.gn\/wp-content\/uploads\/2023\/01\/linkedin-sales-solutions-EI50ZDA-l8Y-unsplash-768x1152.jpg 768w, https:\/\/www.ujnk.edu.gn\/wp-content\/uploads\/2023\/01\/linkedin-sales-solutions-EI50ZDA-l8Y-unsplash-1024x1536.jpg 1024w, https:\/\/www.ujnk.edu.gn\/wp-content\/uploads\/2023\/01\/linkedin-sales-solutions-EI50ZDA-l8Y-unsplash-1365x2048.jpg 1365w, https:\/\/www.ujnk.edu.gn\/wp-content\/uploads\/2023\/01\/linkedin-sales-solutions-EI50ZDA-l8Y-unsplash-8x12.jpg 8w, https:\/\/www.ujnk.edu.gn\/wp-content\/uploads\/2023\/01\/linkedin-sales-solutions-EI50ZDA-l8Y-unsplash-scaled.jpg 1707w\" sizes=\"(max-width: 683px) 100vw, 683px\" \/>\t\t\t\t\t\t\t\t\t\t\t\t\t\t\t<\/div>\n\t\t\t\t<\/div>\n\t\t\t\t\t<\/div>\n\t\t<\/div>\n\t\t\t\t<div class=\"elementor-column elementor-col-50 elementor-top-column elementor-element elementor-element-7ef0310\" data-id=\"7ef0310\" data-element_type=\"column\" data-e-type=\"column\">\n\t\t\t<div class=\"elementor-widget-wrap elementor-element-populated\">\n\t\t\t\t\t\t<div class=\"elementor-element elementor-element-2428108 elementor-widget elementor-widget-text-editor\" data-id=\"2428108\" data-element_type=\"widget\" data-e-type=\"widget\" data-widget_type=\"text-editor.default\">\n\t\t\t\t<div class=\"elementor-widget-container\">\n\t\t\t\t\t\t\t\t\t<ul><li>Une asso \u00e9tudiante te permet de\u00a0<strong>faire tout un tas de rencontres<\/strong>\u00a0et parfois m\u00eame te constituer un bon\u00a0<strong>groupe d\u2019amis\u00a0<\/strong>si l\u2019ambiance est vraiment cool ! Dans presque toutes les assos, tu pourras te rendre \u00e0 des \u00e9v\u00e9nements internes (uniquement entre membres d\u2019une m\u00eame asso) mais aussi des \u00e9v\u00e9nements ouverts aux autres \u00e9tudiants.\u00a0<strong>Autant d\u2019occasions de faire plein de belles rencontres !<\/strong><\/li><\/ul><p>\u00a0<\/p><ul><li><strong>Les assos \u00e9tudiantes te permettent de lancer des projets ou de p\u00e9renniser de vieux \u00e9v\u00e9nements pour animer la vie \u00e9tudiante\u00a0<\/strong>(par exemple des concours artistiques pour les associations culturelles, des matchs sportifs pour les associations sportives\u2026)\u00a0<img decoding=\"async\" class=\"emoji\" role=\"img\" draggable=\"false\" src=\"https:\/\/s.w.org\/images\/core\/emoji\/14.0.0\/svg\/1f525.svg\" alt=\"\ud83d\udd25\" \/><\/li><\/ul><p>\u00a0<\/p><ul><li><strong>Il peut aussi s\u2019agir des projets avec une port\u00e9e \u00e0 l\u2019ext\u00e9rieur de l\u2019\u00e9cole<\/strong>, par exemple des \u00e9v\u00e9nements sportifs inter\u00e9coles ou des projets au sein d\u2019une association humanitaire.<\/li><\/ul><p>\u00a0<\/p><ul><li>Dans toutes les associations, tu as des postes d\u00e9finis, souvent r\u00e9unis au sein de ce qu\u2019on appelle un \u00ab\u00a0<strong>bureau d\u2019asso\u00a0\u00bb<\/strong>. Ce bureau comprend un\u00a0<strong>pr\u00e9sident<\/strong>, un\u00a0<strong>secr\u00e9taire g\u00e9n\u00e9ral<\/strong>, un\u00a0<strong>tr\u00e9sorier<\/strong>, avec \u00e9ventuellement d\u2019autres postes (c\u2019est selon la taille et les besoins de l\u2019asso) comme le poste de\u00a0<strong>vice-pr\u00e9sident<\/strong>. Il peut aussi y avoir des statuts hors bureau comme des\u00a0<strong>responsables de p\u00f4les<\/strong>.\u00a0<strong>Ces p\u00f4les peuvent concerner des domaines diff\u00e9rents<\/strong>\u00a0: p\u00f4le partenariats, ou un p\u00f4le consacr\u00e9 \u00e0 un \u00e9v\u00e9nement r\u00e9gulier de l\u2019asso (un festival pour une asso de th\u00e9\u00e2tre par exemple).<\/li><\/ul>\t\t\t\t\t\t\t\t<\/div>\n\t\t\t\t<\/div>\n\t\t\t\t\t<\/div>\n\t\t<\/div>\n\t\t\t\t\t<\/div>\n\t\t<\/section>\n\t\t\t\t<section class=\"elementor-section elementor-top-section elementor-element elementor-element-71a1dd4 elementor-section-boxed elementor-section-height-default elementor-section-height-default\" data-id=\"71a1dd4\" data-element_type=\"section\" data-e-type=\"section\">\n\t\t\t\t\t\t<div class=\"elementor-container elementor-column-gap-default\">\n\t\t\t\t\t<div class=\"elementor-column elementor-col-100 elementor-top-column elementor-element elementor-element-a2737cf\" data-id=\"a2737cf\" data-element_type=\"column\" data-e-type=\"column\">\n\t\t\t<div class=\"elementor-widget-wrap elementor-element-populated\">\n\t\t\t\t\t\t<div class=\"elementor-element elementor-element-b4eb42c elementor-widget elementor-widget-spacer\" data-id=\"b4eb42c\" data-element_type=\"widget\" data-e-type=\"widget\" data-widget_type=\"spacer.default\">\n\t\t\t\t<div class=\"elementor-widget-container\">\n\t\t\t\t\t\t\t<div class=\"elementor-spacer\">\n\t\t\t<div class=\"elementor-spacer-inner\"><\/div>\n\t\t<\/div>\n\t\t\t\t\t\t<\/div>\n\t\t\t\t<\/div>\n\t\t\t\t\t<\/div>\n\t\t<\/div>\n\t\t\t\t\t<\/div>\n\t\t<\/section>\n\t\t\t\t<section class=\"elementor-section elementor-top-section elementor-element elementor-element-569c7c5 elementor-section-height-min-height elementor-section-stretched elementor-section-boxed elementor-section-height-default elementor-section-items-middle\" data-id=\"569c7c5\" data-element_type=\"section\" data-e-type=\"section\" data-settings=\"{&quot;stretch_section&quot;:&quot;section-stretched&quot;,&quot;background_background&quot;:&quot;classic&quot;}\">\n\t\t\t\t\t\t<div class=\"elementor-container elementor-column-gap-wide\">\n\t\t\t\t\t<div class=\"elementor-column elementor-col-50 elementor-top-column elementor-element elementor-element-681c4d2\" data-id=\"681c4d2\" data-element_type=\"column\" data-e-type=\"column\">\n\t\t\t<div class=\"elementor-widget-wrap elementor-element-populated\">\n\t\t\t\t\t\t<div class=\"elementor-element elementor-element-4926d31 elementor-headline--style-highlight elementor-widget elementor-widget-animated-headline\" data-id=\"4926d31\" data-element_type=\"widget\" data-e-type=\"widget\" data-settings=\"{&quot;marker&quot;:&quot;double&quot;,&quot;highlighted_text&quot;:&quot;SPORTIVES&quot;,&quot;headline_style&quot;:&quot;highlight&quot;,&quot;loop&quot;:&quot;yes&quot;,&quot;highlight_animation_duration&quot;:1200,&quot;highlight_iteration_delay&quot;:8000}\" data-widget_type=\"animated-headline.default\">\n\t\t\t\t<div class=\"elementor-widget-container\">\n\t\t\t\t\t\t\t<h3 class=\"elementor-headline\">\n\t\t\t\t\t<span class=\"elementor-headline-plain-text elementor-headline-text-wrapper\">ACTIVITES<\/span>\n\t\t\t\t<span class=\"elementor-headline-dynamic-wrapper elementor-headline-text-wrapper\">\n\t\t\t\t\t<span class=\"elementor-headline-dynamic-text elementor-headline-text-active\">SPORTIVES<\/span>\n\t\t\t\t<\/span>\n\t\t\t\t<\/h3>\n\t\t\t\t\t\t<\/div>\n\t\t\t\t<\/div>\n\t\t\t\t<div class=\"elementor-element elementor-element-2d401a1 elementor-widget elementor-widget-text-editor\" data-id=\"2d401a1\" data-element_type=\"widget\" data-e-type=\"widget\" data-widget_type=\"text-editor.default\">\n\t\t\t\t<div class=\"elementor-widget-container\">\n\t\t\t\t\t\t\t\t\t<p>Envie de vous d\u00e9penser, de vous d\u00e9tendre ou encore de porter nos couleurs lors de comp\u00e9titions ?<\/p><p>Plus de 5 activit\u00e9s sportives, du loisir \u00e0 la comp\u00e9tition de haut niveau ainsi que des stages et des pratiques sportives vous sont propos\u00e9es tout au long de l\u2019ann\u00e9e.<\/p><p>Les adeptes de performance et d\u2019adr\u00e9naline peuvent s\u2019investir en parall\u00e8le au sein de l\u2019association sportive de l\u2019universit\u00e9 de kankan.<\/p><p>Inscrivez-vous vite muni de :<\/p><ul><li>votre carte \u00e9tudiante<\/li><li>un certificat m\u00e9dical de moins de 3\u00a0mois de non contre-indication \u00e0 la pratique sportive<\/li><\/ul>\t\t\t\t\t\t\t\t<\/div>\n\t\t\t\t<\/div>\n\t\t\t\t\t<\/div>\n\t\t<\/div>\n\t\t\t\t<div class=\"elementor-column elementor-col-50 elementor-top-column elementor-element elementor-element-54fdaeb\" data-id=\"54fdaeb\" data-element_type=\"column\" data-e-type=\"column\">\n\t\t\t<div class=\"elementor-widget-wrap elementor-element-populated\">\n\t\t\t\t\t\t<div class=\"elementor-element elementor-element-abd4995 elementor-widget elementor-widget-image\" data-id=\"abd4995\" data-element_type=\"widget\" data-e-type=\"widget\" data-widget_type=\"image.default\">\n\t\t\t\t<div class=\"elementor-widget-container\">\n\t\t\t\t\t\t\t\t\t\t\t\t\t\t\t<img loading=\"lazy\" decoding=\"async\" width=\"2560\" height=\"1441\" src=\"https:\/\/www.ujnk.edu.gn\/wp-content\/uploads\/2022\/11\/activite_sportive.jpg\" class=\"attachment-full size-full wp-image-1591\" alt=\"\" srcset=\"https:\/\/www.ujnk.edu.gn\/wp-content\/uploads\/2022\/11\/activite_sportive.jpg 2560w, https:\/\/www.ujnk.edu.gn\/wp-content\/uploads\/2022\/11\/activite_sportive-300x169.jpg 300w, https:\/\/www.ujnk.edu.gn\/wp-content\/uploads\/2022\/11\/activite_sportive-1024x576.jpg 1024w, https:\/\/www.ujnk.edu.gn\/wp-content\/uploads\/2022\/11\/activite_sportive-768x432.jpg 768w, https:\/\/www.ujnk.edu.gn\/wp-content\/uploads\/2022\/11\/activite_sportive-1536x865.jpg 1536w, https:\/\/www.ujnk.edu.gn\/wp-content\/uploads\/2022\/11\/activite_sportive-2048x1153.jpg 2048w\" sizes=\"(max-width: 2560px) 100vw, 2560px\" \/>\t\t\t\t\t\t\t\t\t\t\t\t\t\t\t<\/div>\n\t\t\t\t<\/div>\n\t\t\t\t\t<\/div>\n\t\t<\/div>\n\t\t\t\t\t<\/div>\n\t\t<\/section>\n\t\t\t\t<section class=\"elementor-section elementor-top-section elementor-element elementor-element-a0b633c elementor-section-boxed elementor-section-height-default elementor-section-height-default\" data-id=\"a0b633c\" data-element_type=\"section\" data-e-type=\"section\">\n\t\t\t\t\t\t<div class=\"elementor-container elementor-column-gap-default\">\n\t\t\t\t\t<div class=\"elementor-column elementor-col-100 elementor-top-column elementor-element elementor-element-ac6a028\" data-id=\"ac6a028\" data-element_type=\"column\" data-e-type=\"column\">\n\t\t\t<div class=\"elementor-widget-wrap elementor-element-populated\">\n\t\t\t\t\t\t<div class=\"elementor-element elementor-element-190acba elementor-widget elementor-widget-spacer\" data-id=\"190acba\" data-element_type=\"widget\" data-e-type=\"widget\" data-widget_type=\"spacer.default\">\n\t\t\t\t<div class=\"elementor-widget-container\">\n\t\t\t\t\t\t\t<div class=\"elementor-spacer\">\n\t\t\t<div class=\"elementor-spacer-inner\"><\/div>\n\t\t<\/div>\n\t\t\t\t\t\t<\/div>\n\t\t\t\t<\/div>\n\t\t\t\t<div class=\"elementor-element elementor-element-f256b63 elementor-widget elementor-widget-heading\" data-id=\"f256b63\" data-element_type=\"widget\" data-e-type=\"widget\" data-widget_type=\"heading.default\">\n\t\t\t\t<div class=\"elementor-widget-container\">\n\t\t\t\t\t<h2 class=\"elementor-heading-title elementor-size-default\">Renseignez vous aupr\u00e8s de votre facult\u00e9s !<\/h2>\t\t\t\t<\/div>\n\t\t\t\t<\/div>\n\t\t\t\t<div class=\"elementor-element elementor-element-5ba0157 elementor-widget elementor-widget-heading\" data-id=\"5ba0157\" data-element_type=\"widget\" data-e-type=\"widget\" data-widget_type=\"heading.default\">\n\t\t\t\t<div class=\"elementor-widget-container\">\n\t\t\t\t\t<h2 class=\"elementor-heading-title elementor-size-default\"><a href=\"#\"><li>Facult\u00e9 des Langues et Lettres(FLL)<\/li><br><\/a>\n\n<a href=\"#\"><li>\nFacult\u00e9 des Sciences de la Nature (FSN)<\/li><br><\/a>\n\n<a href=\"#\"><li>Facult\u00e9 des Sciences Economiques et de Gestion : (FSEG)<\/li><br><\/a>\n\n<a href=\"#\"><li>Facult\u00e9 des Sciences de la Nature (FSN)<\/li><br><\/a>\n\n<a href=\"#\"><li>Facult\u00e9 des Sciences Sociales (FSS)<\/li><br><\/a>\n\n\n<\/h2>\t\t\t\t<\/div>\n\t\t\t\t<\/div>\n\t\t\t\t\t<\/div>\n\t\t<\/div>\n\t\t\t\t\t<\/div>\n\t\t<\/section>\n\t\t\t\t<section class=\"elementor-section elementor-top-section elementor-element elementor-element-ae4fb81 elementor-section-boxed elementor-section-height-default elementor-section-height-default\" data-id=\"ae4fb81\" data-element_type=\"section\" data-e-type=\"section\">\n\t\t\t\t\t\t<div class=\"elementor-container elementor-column-gap-default\">\n\t\t\t\t\t<div class=\"elementor-column elementor-col-100 elementor-top-column elementor-element elementor-element-e40a1fe\" data-id=\"e40a1fe\" data-element_type=\"column\" data-e-type=\"column\">\n\t\t\t<div class=\"elementor-widget-wrap elementor-element-populated\">\n\t\t\t\t\t\t<div class=\"elementor-element elementor-element-8183f74 elementor-widget elementor-widget-spacer\" data-id=\"8183f74\" data-element_type=\"widget\" data-e-type=\"widget\" data-widget_type=\"spacer.default\">\n\t\t\t\t<div class=\"elementor-widget-container\">\n\t\t\t\t\t\t\t<div class=\"elementor-spacer\">\n\t\t\t<div class=\"elementor-spacer-inner\"><\/div>\n\t\t<\/div>\n\t\t\t\t\t\t<\/div>\n\t\t\t\t<\/div>\n\t\t\t\t\t<\/div>\n\t\t<\/div>\n\t\t\t\t\t<\/div>\n\t\t<\/section>\n\t\t\t\t<\/div>","protected":false},"excerpt":{"rendered":"<p>Vie estudiantine Bref aper\u00e7u de la vie etudiantine \u00e0 UJNK La vie \u00e9tudiante fait partie int\u00e9grante de la formation. D\u2019autant qu\u2019elle ne se r\u00e9sume pas qu\u2019aux festivit\u00e9s. C\u2019est aussi une [&hellip;]<\/p>\n","protected":false},"author":1,"featured_media":0,"parent":0,"menu_order":0,"comment_status":"closed","ping_status":"closed","template":"template-1c.php","meta":{"footnotes":""},"class_list":["post-3032","page","type-page","status-publish","hentry"],"_links":{"self":[{"href":"https:\/\/www.ujnk.edu.gn\/en\/wp-json\/wp\/v2\/pages\/3032","targetHints":{"allow":["GET"]}}],"collection":[{"href":"https:\/\/www.ujnk.edu.gn\/en\/wp-json\/wp\/v2\/pages"}],"about":[{"href":"https:\/\/www.ujnk.edu.gn\/en\/wp-json\/wp\/v2\/types\/page"}],"author":[{"embeddable":true,"href":"https:\/\/www.ujnk.edu.gn\/en\/wp-json\/wp\/v2\/users\/1"}],"replies":[{"embeddable":true,"href":"https:\/\/www.ujnk.edu.gn\/en\/wp-json\/wp\/v2\/comments?post=3032"}],"version-history":[{"count":41,"href":"https:\/\/www.ujnk.edu.gn\/en\/wp-json\/wp\/v2\/pages\/3032\/revisions"}],"predecessor-version":[{"id":5171,"href":"https:\/\/www.ujnk.edu.gn\/en\/wp-json\/wp\/v2\/pages\/3032\/revisions\/5171"}],"wp:attachment":[{"href":"https:\/\/www.ujnk.edu.gn\/en\/wp-json\/wp\/v2\/media?parent=3032"}],"curies":[{"name":"wp","href":"https:\/\/api.w.org\/{rel}","templated":true}]}}