{"id":2161,"date":"2022-12-15T15:54:23","date_gmt":"2022-12-15T14:54:23","guid":{"rendered":"https:\/\/www.ujnk.edu.gn\/?page_id=2161"},"modified":"2022-12-24T13:09:56","modified_gmt":"2022-12-24T12:09:56","slug":"departement-gestion-des-entreprises-et-des-administrations","status":"publish","type":"page","link":"https:\/\/www.ujnk.edu.gn\/en\/departement-gestion-des-entreprises-et-des-administrations\/","title":{"rendered":"D\u00e9partement Gestion des Entreprises et des Administrations"},"content":{"rendered":"<div id=\"pl-2161\"  class=\"panel-layout\" ><div id=\"pg-2161-0\"  class=\"panel-grid panel-no-style\" ><div id=\"pgc-2161-0-0\"  class=\"panel-grid-cell panel-grid-cell-empty\" ><\/div><\/div><div id=\"pg-2161-1\"  class=\"panel-grid panel-no-style\" ><div id=\"pgc-2161-1-0\"  class=\"panel-grid-cell\" ><div id=\"panel-2161-1-0-0\" class=\"so-panel widget widget_lsow-tabs panel-first-child panel-last-child\" data-index=\"0\" ><div\n\t\t\t\n\t\t\tclass=\"so-widget-lsow-tabs so-widget-lsow-tabs-default-66fe3d72d884-2161\"\n\t\t\t\n\t\t><div class=\"lsow-tabs  style1\" data-mobile-width=\"767\"><a href=\"#\" class=\"lsow-tab-mobile-menu\"><i class=\"lsow-icon-menu\"><\/i>&nbsp;<\/a><div class=\"lsow-tab-nav\"><div class=\"lsow-tab\"><a class=\"lsow-tab-label\" href=\"#\"><span class=\"lsow-tab-title\">PRESENTATION<\/span><\/a><\/div><div class=\"lsow-tab\"><a class=\"lsow-tab-label\" href=\"#\"><span class=\"lsow-tab-title\">OBJECTIF DU PROGRAMME<\/span><\/a><\/div><div class=\"lsow-tab\"><a class=\"lsow-tab-label\" href=\"#\"><span class=\"lsow-tab-title\">DEBOUCHES<\/span><\/a><\/div><\/div><!-- .lsow-tab-nav --><div class=\"lsow-tab-panes\"><div id=\"\" class=\"lsow-tab-pane\"><p>Le programme Gestion des Entreprises et des Administrations r\u00e9pond \u00e0 l\u2019\u00e9volution des objectifs et des techniques de Gestion des diverses organisations priv\u00e9es ou publiques et s\u2019inscrit dans le cadre r\u00e9glementaire qui mod\u00e8le le cursus de l\u2019enseignement sup\u00e9rieur dans un esprit d\u2019harmonisation nationale de plus grandes mobilit\u00e9 et d\u2019individualisation des parcours.<\/p>\n<p>Le parcours menant au dipl\u00f4me professionnel en GEA est organis\u00e9 en unit\u00e9s d\u2019enseignement capitalisables couvrant 3 ann\u00e9es reparties entre 2 ann\u00e9es de tronc commun et une ann\u00e9e de sp\u00e9cialisation.<\/p>\n<p>Les \u00e9tudiants ont la possibilit\u00e9 de s\u2019orienter en\u00a0:<\/p>\n<ul>\n<li><strong><em>- Gestion des Petites et Moyennes Entreprises\/Coop\u00e9ratives (GPME\/C)\u00a0;<\/em><\/strong><\/li>\n<li><strong><em>- Gestion des Ressources Humaines (GRH). <\/em><\/strong><\/li>\n<\/ul>\n<\/div><div id=\"\" class=\"lsow-tab-pane\"><p>Le programme permet au dipl\u00f4m\u00e9 d\u2019acqu\u00e9rir des connaissances fondamentales lui permettant de comprendre l\u2019environnement socio\u00e9conomique et culturel des entreprises et des administrations. Il permet aussi la ma\u00eetrise de l\u2019outil requis pour la mise en \u0153uvre des instruments d\u2019analyse \u00e9conomique. Et en fin de permettre \u00e0 l\u2019\u00e9tudiant d\u2019acqu\u00e9rir des connaissances solides pour la ma\u00eetrise de l\u2019outil informatique indispensable \u00e0 toute gestion moderne.<\/p>\n<\/div><div id=\"\" class=\"lsow-tab-pane\"><ul>\n \t<li>- Assistant et consultant des Ressources Humaines\u00a0;<\/li>\n \t<li>- Assistant de gestion en Petites et Moyennes Entreprises\u00a0;<\/li>\n \t<li>- Assistant de manager\u00a0;<\/li>\n \t<li>- Assistant de direction\u00a0;<\/li>\n \t<li>- Assistant commercial\u00a0;<\/li>\n \t<li>- Assistant comptable\u00a0;<\/li>\n \t<li>- Contr\u00f4leur de gestion\u00a0;<\/li>\n \t<li>- Chef de projet.<\/li>\n<\/ul><\/div><\/div><!-- .lsow-tab-panes --><\/div><!-- .lsow-tabs --><\/div><\/div><\/div><\/div><div id=\"pg-2161-2\"  class=\"panel-grid panel-no-style\" ><div id=\"pgc-2161-2-0\"  class=\"panel-grid-cell\" ><div id=\"panel-2161-2-0-0\" class=\"so-panel widget widget_text panel-first-child panel-last-child\" data-index=\"1\" ><h3 class=\"widget-title\">Equipe de direction<\/h3>\t\t\t<div class=\"textwidget\"><\/div>\n\t\t<\/div><\/div><\/div><div id=\"pg-2161-3\"  class=\"panel-grid panel-has-style\" ><div class=\"panel-row-style panel-row-style-for-2161-3\" ><div id=\"pgc-2161-3-0\"  class=\"panel-grid-cell\" ><div id=\"panel-2161-3-0-0\" class=\"so-panel widget widget_sow-image panel-first-child\" data-index=\"2\" ><div\n\t\t\t\n\t\t\tclass=\"so-widget-sow-image so-widget-sow-image-default-3a2476c0e107-2161\"\n\t\t\t\n\t\t>\n<div class=\"sow-image-container\">\n\t\t<img \n\tsrc=\"https:\/\/www.ujnk.edu.gn\/wp-content\/uploads\/2022\/12\/chef-de-departement-6-150x150.jpg\" width=\"150\" height=\"150\" srcset=\"https:\/\/www.ujnk.edu.gn\/wp-content\/uploads\/2022\/12\/chef-de-departement-6-150x150.jpg 150w, https:\/\/www.ujnk.edu.gn\/wp-content\/uploads\/2022\/12\/chef-de-departement-6-300x300.jpg 300w, https:\/\/www.ujnk.edu.gn\/wp-content\/uploads\/2022\/12\/chef-de-departement-6-768x768.jpg 768w, https:\/\/www.ujnk.edu.gn\/wp-content\/uploads\/2022\/12\/chef-de-departement-6-12x12.jpg 12w, https:\/\/www.ujnk.edu.gn\/wp-content\/uploads\/2022\/12\/chef-de-departement-6-375x375.jpg 375w, https:\/\/www.ujnk.edu.gn\/wp-content\/uploads\/2022\/12\/chef-de-departement-6-50x50.jpg 50w, https:\/\/www.ujnk.edu.gn\/wp-content\/uploads\/2022\/12\/chef-de-departement-6.jpg 960w\" sizes=\"(max-width: 150px) 100vw, 150px\" title=\"chef de departement\" alt=\"\" \t\tclass=\"so-widget-image\"\/>\n\t<\/div>\n\n<\/div><\/div><div id=\"panel-2161-3-0-1\" class=\"so-panel widget widget_sow-headline panel-last-child\" data-index=\"3\" ><div\n\t\t\t\n\t\t\tclass=\"so-widget-sow-headline so-widget-sow-headline-default-0459d60d4754-2161\"\n\t\t\t\n\t\t><div class=\"sow-headline-container\">\n\t\t\t\t\t\t\t<h3 class=\"sow-headline\">\n\t\t\t\t\t\tLe chef de d\u00e9partement\t\t\t\t\t\t<\/h3>\n\t\t\t\t\t\t\t\t\t\t\t\t<p class=\"sow-sub-headline\">\n\t\t\t\t\t\tMamadou Madiou DIALLO <br \/> T\u00e9l : (00224)628 55 82 12 <br \/> E-mail : diallomohmedmadiou79@gmail.com\t\t\t\t\t\t<\/p>\n\t\t\t\t\t\t<\/div>\n<\/div><\/div><\/div><div id=\"pgc-2161-3-1\"  class=\"panel-grid-cell panel-grid-cell-empty\" ><\/div><div id=\"pgc-2161-3-2\"  class=\"panel-grid-cell\" ><div id=\"panel-2161-3-2-0\" class=\"so-panel widget widget_sow-image panel-first-child\" data-index=\"4\" ><div\n\t\t\t\n\t\t\tclass=\"so-widget-sow-image so-widget-sow-image-default-3a2476c0e107-2161\"\n\t\t\t\n\t\t>\n<div class=\"sow-image-container\">\n\t\t<img \n\tsrc=\"https:\/\/www.ujnk.edu.gn\/wp-content\/uploads\/2022\/12\/directeur-6-e1671205361265-150x150.jpg\" width=\"150\" height=\"150\" srcset=\"https:\/\/www.ujnk.edu.gn\/wp-content\/uploads\/2022\/12\/directeur-6-e1671205361265-150x150.jpg 150w, https:\/\/www.ujnk.edu.gn\/wp-content\/uploads\/2022\/12\/directeur-6-e1671205361265-375x375.jpg 375w, https:\/\/www.ujnk.edu.gn\/wp-content\/uploads\/2022\/12\/elementor\/thumbs\/directeur-6-e1671205361265-q0o4y1mh1r9p9qzt6zxga56if0ffkqjaqed5wk8s88.jpg 100w\" sizes=\"(max-width: 150px) 100vw, 150px\" title=\"directeur\" alt=\"\" \t\tclass=\"so-widget-image\"\/>\n\t<\/div>\n\n<\/div><\/div><div id=\"panel-2161-3-2-1\" class=\"so-panel widget widget_sow-headline panel-last-child\" data-index=\"5\" ><div\n\t\t\t\n\t\t\tclass=\"so-widget-sow-headline so-widget-sow-headline-default-0459d60d4754-2161\"\n\t\t\t\n\t\t><div class=\"sow-headline-container\">\n\t\t\t\t\t\t\t<h3 class=\"sow-headline\">\n\t\t\t\t\t\tLe directeur de programme\t\t\t\t\t\t<\/h3>\n\t\t\t\t\t\t\t\t\t\t\t\t<p class=\"sow-sub-headline\">\n\t\t\t\t\t\tDaouda SIDIBE <br \/> T\u00e9l : (00224) 623 06 69 00 <br \/> E-mail : sidibes818@gmail.com\t\t\t\t\t\t<\/p>\n\t\t\t\t\t\t<\/div>\n<\/div><\/div><\/div><\/div><\/div><div id=\"pg-2161-4\"  class=\"panel-grid panel-no-style\" ><div id=\"pgc-2161-4-0\"  class=\"panel-grid-cell panel-grid-cell-empty\" ><\/div><\/div><\/div>","protected":false},"excerpt":{"rendered":"<p>&nbsp;PRESENTATIONOBJECTIF DU PROGRAMMEDEBOUCHESLe programme Gestion des Entreprises et des Administrations r\u00e9pond \u00e0 l\u2019\u00e9volution des objectifs et des techniques de Gestion des diverses organisations priv\u00e9es ou publiques et s\u2019inscrit dans le [&hellip;]<\/p>\n","protected":false},"author":1,"featured_media":0,"parent":0,"menu_order":8,"comment_status":"closed","ping_status":"closed","template":"template-1c.php","meta":{"footnotes":""},"class_list":["post-2161","page","type-page","status-publish","hentry"],"_links":{"self":[{"href":"https:\/\/www.ujnk.edu.gn\/en\/wp-json\/wp\/v2\/pages\/2161","targetHints":{"allow":["GET"]}}],"collection":[{"href":"https:\/\/www.ujnk.edu.gn\/en\/wp-json\/wp\/v2\/pages"}],"about":[{"href":"https:\/\/www.ujnk.edu.gn\/en\/wp-json\/wp\/v2\/types\/page"}],"author":[{"embeddable":true,"href":"https:\/\/www.ujnk.edu.gn\/en\/wp-json\/wp\/v2\/users\/1"}],"replies":[{"embeddable":true,"href":"https:\/\/www.ujnk.edu.gn\/en\/wp-json\/wp\/v2\/comments?post=2161"}],"version-history":[{"count":9,"href":"https:\/\/www.ujnk.edu.gn\/en\/wp-json\/wp\/v2\/pages\/2161\/revisions"}],"predecessor-version":[{"id":2586,"href":"https:\/\/www.ujnk.edu.gn\/en\/wp-json\/wp\/v2\/pages\/2161\/revisions\/2586"}],"wp:attachment":[{"href":"https:\/\/www.ujnk.edu.gn\/en\/wp-json\/wp\/v2\/media?parent=2161"}],"curies":[{"name":"wp","href":"https:\/\/api.w.org\/{rel}","templated":true}]}}