{"id":2156,"date":"2022-12-15T15:54:23","date_gmt":"2022-12-15T14:54:23","guid":{"rendered":"https:\/\/www.ujnk.edu.gn\/?page_id=2156"},"modified":"2022-12-16T16:17:53","modified_gmt":"2022-12-16T15:17:53","slug":"departement-commerce","status":"publish","type":"page","link":"https:\/\/www.ujnk.edu.gn\/en\/departement-commerce\/","title":{"rendered":"D\u00e9partement Commerce"},"content":{"rendered":"<div id=\"pl-2156\"  class=\"panel-layout\" ><div id=\"pg-2156-0\"  class=\"panel-grid panel-no-style\" ><div id=\"pgc-2156-0-0\"  class=\"panel-grid-cell panel-grid-cell-empty\" ><\/div><\/div><div id=\"pg-2156-1\"  class=\"panel-grid panel-no-style\" ><div id=\"pgc-2156-1-0\"  class=\"panel-grid-cell\" ><div id=\"panel-2156-1-0-0\" class=\"so-panel widget widget_lsow-tabs panel-first-child panel-last-child\" data-index=\"0\" ><div\n\t\t\t\n\t\t\tclass=\"so-widget-lsow-tabs so-widget-lsow-tabs-default-66fe3d72d884-2156\"\n\t\t\t\n\t\t><div class=\"lsow-tabs  style1\" data-mobile-width=\"767\"><a href=\"#\" class=\"lsow-tab-mobile-menu\"><i class=\"lsow-icon-menu\"><\/i>&nbsp;<\/a><div class=\"lsow-tab-nav\"><div class=\"lsow-tab\"><a class=\"lsow-tab-label\" href=\"#\"><span class=\"lsow-tab-title\">PRESENTATION<\/span><\/a><\/div><div class=\"lsow-tab\"><a class=\"lsow-tab-label\" href=\"#\"><span class=\"lsow-tab-title\">OBJECTIFS<\/span><\/a><\/div><div class=\"lsow-tab\"><a class=\"lsow-tab-label\" href=\"#\"><span class=\"lsow-tab-title\">DEBOUCHES<\/span><\/a><\/div><\/div><!-- .lsow-tab-nav --><div class=\"lsow-tab-panes\"><div id=\"\" class=\"lsow-tab-pane\"><p>Le programme de licence en commerce au sein de la facult\u00e9 des Sciences \u00e9conomiques et de Gestion (FSEG) est b\u00e2ti sur des cours de tronc commun dispens\u00e9s en Licences 1 et 2 et se d\u00e9cline en deux (2) concentrations en Licence 3 avec un stage obligatoire\u00a0:<\/p>\n<ul>\n<li><strong><em>- Commerce international\u00a0;<\/em><\/strong><\/li>\n<li><strong><em>- Logistique et transport.<\/em><\/strong><\/li>\n<\/ul>\n<\/div><div id=\"\" class=\"lsow-tab-pane\"><p><strong>Objectifs du programme <\/strong><\/p>\n<p>Le programme de licence en commerce permet aux \u00e9tudiants d\u2019avoir des comp\u00e9tences manag\u00e9riales en gestion des op\u00e9rations de commerce international et de la logistique et transport.\u00a0 Il permet aux \u00e9tudiants d\u2019avoir des connaissances larges et approfondies sur la maitrise des composantes organisationnelles, la conception et l\u2019exploitation de la logistique d\u2019une organisation publique ou priv\u00e9e, du droit des affaires et du droit priv\u00e9s de transport, la n\u00e9gociation et la communication dans la gestion des contrats d\u2019affaire.<\/p>\n<\/div><div id=\"\" class=\"lsow-tab-pane\"><p>Les \u00e9tudiants, \u00e0 travers cette formation s\u2019offrent une palette de d\u00e9bouch\u00e9s. Ils sont capables d\u2019entreprendre ou de travailler en tant que\u00a0:<\/p>\n<ul>\n<li>- Professionnel d\u2019affaires import\/export dans une organisation\u00a0;<\/li>\n<li>- Logisticien dans une organisation publique ou priv\u00e9e\u00a0;<\/li>\n<li>- Agent de transit ou d\u00e9clarant en douane\u00a0;<\/li>\n<li>- Conseiller en d\u00e9veloppement international.<\/li>\n<\/ul>\n<\/div><\/div><!-- .lsow-tab-panes --><\/div><!-- .lsow-tabs --><\/div><\/div><\/div><\/div><div id=\"pg-2156-2\"  class=\"panel-grid panel-no-style\" ><div id=\"pgc-2156-2-0\"  class=\"panel-grid-cell\" ><div id=\"panel-2156-2-0-0\" class=\"so-panel widget widget_text panel-first-child panel-last-child\" data-index=\"1\" ><h3 class=\"widget-title\">Equipe de direction<\/h3>\t\t\t<div class=\"textwidget\"><\/div>\n\t\t<\/div><\/div><\/div><div id=\"pg-2156-3\"  class=\"panel-grid panel-has-style\" ><div class=\"panel-row-style panel-row-style-for-2156-3\" ><div id=\"pgc-2156-3-0\"  class=\"panel-grid-cell\" ><div id=\"panel-2156-3-0-0\" class=\"so-panel widget widget_sow-image panel-first-child\" data-index=\"2\" ><div\n\t\t\t\n\t\t\tclass=\"so-widget-sow-image so-widget-sow-image-default-3a2476c0e107-2156\"\n\t\t\t\n\t\t>\n<div class=\"sow-image-container\">\n\t\t<img \n\tsrc=\"https:\/\/www.ujnk.edu.gn\/wp-content\/uploads\/2022\/12\/chef-de-departement-150x150.png\" width=\"150\" height=\"150\" srcset=\"https:\/\/www.ujnk.edu.gn\/wp-content\/uploads\/2022\/12\/chef-de-departement-150x150.png 150w, https:\/\/www.ujnk.edu.gn\/wp-content\/uploads\/2022\/12\/chef-de-departement-13x12.png 13w, https:\/\/www.ujnk.edu.gn\/wp-content\/uploads\/2022\/12\/elementor\/thumbs\/chef-de-departement-q0o4y1mh1r9p9qzt6zxga56if0ffkqjaqed5wk8s88.png 100w\" sizes=\"(max-width: 150px) 100vw, 150px\" title=\"chef de departement\" alt=\"\" \t\tclass=\"so-widget-image\"\/>\n\t<\/div>\n\n<\/div><\/div><div id=\"panel-2156-3-0-1\" class=\"so-panel widget widget_sow-headline panel-last-child\" data-index=\"3\" ><div\n\t\t\t\n\t\t\tclass=\"so-widget-sow-headline so-widget-sow-headline-default-0459d60d4754-2156\"\n\t\t\t\n\t\t><div class=\"sow-headline-container\">\n\t\t\t\t\t\t\t<h3 class=\"sow-headline\">\n\t\t\t\t\t\tLe chef de d\u00e9partement\t\t\t\t\t\t<\/h3>\n\t\t\t\t\t\t\t\t\t\t\t\t<p class=\"sow-sub-headline\">\n\t\t\t\t\t\tM. Ibrahima TRAORE  <br \/> T\u00e9l : (00224) 628 23 87 74  <br \/>E-mail : ibrozo86@gmail.com\t\t\t\t\t\t<\/p>\n\t\t\t\t\t\t<\/div>\n<\/div><\/div><\/div><div id=\"pgc-2156-3-1\"  class=\"panel-grid-cell panel-grid-cell-empty\" ><\/div><div id=\"pgc-2156-3-2\"  class=\"panel-grid-cell\" ><div id=\"panel-2156-3-2-0\" class=\"so-panel widget widget_sow-image panel-first-child\" data-index=\"4\" ><div\n\t\t\t\n\t\t\tclass=\"so-widget-sow-image so-widget-sow-image-default-3a2476c0e107-2156\"\n\t\t\t\n\t\t>\n<div class=\"sow-image-container\">\n\t\t<img \n\tsrc=\"https:\/\/www.ujnk.edu.gn\/wp-content\/uploads\/2022\/12\/directeur-4-e1671203786663-150x150.jpg\" width=\"150\" height=\"150\" srcset=\"https:\/\/www.ujnk.edu.gn\/wp-content\/uploads\/2022\/12\/directeur-4-e1671203786663-150x150.jpg 150w, https:\/\/www.ujnk.edu.gn\/wp-content\/uploads\/2022\/12\/directeur-4-e1671203786663-375x375.jpg 375w, https:\/\/www.ujnk.edu.gn\/wp-content\/uploads\/2022\/12\/elementor\/thumbs\/directeur-4-e1671203786663-q0o4y1mh1r9p9qzt6zxga56if0ffkqjaqed5wk8s88.jpg 100w\" sizes=\"(max-width: 150px) 100vw, 150px\" title=\"directeur\" alt=\"\" \t\tclass=\"so-widget-image\"\/>\n\t<\/div>\n\n<\/div><\/div><div id=\"panel-2156-3-2-1\" class=\"so-panel widget widget_sow-headline panel-last-child\" data-index=\"5\" ><div\n\t\t\t\n\t\t\tclass=\"so-widget-sow-headline so-widget-sow-headline-default-0459d60d4754-2156\"\n\t\t\t\n\t\t><div class=\"sow-headline-container\">\n\t\t\t\t\t\t\t<h3 class=\"sow-headline\">\n\t\t\t\t\t\tLe directeur de programme\t\t\t\t\t\t<\/h3>\n\t\t\t\t\t\t\t\t\t\t\t\t<p class=\"sow-sub-headline\">\n\t\t\t\t\t\tM. Vedely HABA <br \/> T\u00e9l : (00224) 628 43 82 58 <br \/> E-mail : jvhaba@yahoo.fr\t\t\t\t\t\t<\/p>\n\t\t\t\t\t\t<\/div>\n<\/div><\/div><\/div><\/div><\/div><div id=\"pg-2156-4\"  class=\"panel-grid panel-no-style\" ><div id=\"pgc-2156-4-0\"  class=\"panel-grid-cell panel-grid-cell-empty\" ><\/div><\/div><\/div>","protected":false},"excerpt":{"rendered":"<p>&nbsp;PRESENTATIONOBJECTIFSDEBOUCHESLe programme de licence en commerce au sein de la facult\u00e9 des Sciences \u00e9conomiques et de Gestion (FSEG) est b\u00e2ti sur des cours de tronc commun dispens\u00e9s en Licences 1 [&hellip;]<\/p>\n","protected":false},"author":1,"featured_media":0,"parent":0,"menu_order":11,"comment_status":"closed","ping_status":"closed","template":"template-1c.php","meta":{"footnotes":""},"class_list":["post-2156","page","type-page","status-publish","hentry"],"_links":{"self":[{"href":"https:\/\/www.ujnk.edu.gn\/en\/wp-json\/wp\/v2\/pages\/2156","targetHints":{"allow":["GET"]}}],"collection":[{"href":"https:\/\/www.ujnk.edu.gn\/en\/wp-json\/wp\/v2\/pages"}],"about":[{"href":"https:\/\/www.ujnk.edu.gn\/en\/wp-json\/wp\/v2\/types\/page"}],"author":[{"embeddable":true,"href":"https:\/\/www.ujnk.edu.gn\/en\/wp-json\/wp\/v2\/users\/1"}],"replies":[{"embeddable":true,"href":"https:\/\/www.ujnk.edu.gn\/en\/wp-json\/wp\/v2\/comments?post=2156"}],"version-history":[{"count":7,"href":"https:\/\/www.ujnk.edu.gn\/en\/wp-json\/wp\/v2\/pages\/2156\/revisions"}],"predecessor-version":[{"id":2296,"href":"https:\/\/www.ujnk.edu.gn\/en\/wp-json\/wp\/v2\/pages\/2156\/revisions\/2296"}],"wp:attachment":[{"href":"https:\/\/www.ujnk.edu.gn\/en\/wp-json\/wp\/v2\/media?parent=2156"}],"curies":[{"name":"wp","href":"https:\/\/api.w.org\/{rel}","templated":true}]}}