{"id":1232,"date":"2022-10-30T21:19:40","date_gmt":"2022-10-30T20:19:40","guid":{"rendered":"https:\/\/www.ujnk.edu.gn\/?page_id=1232"},"modified":"2022-11-02T14:40:55","modified_gmt":"2022-11-02T13:40:55","slug":"quest-ce-quun-ent","status":"publish","type":"page","link":"https:\/\/www.ujnk.edu.gn\/en\/quest-ce-quun-ent\/","title":{"rendered":"Qu&rsquo;est-ce qu&rsquo;un ENT ?"},"content":{"rendered":"<div id=\"pl-1232\"  class=\"panel-layout\" ><div id=\"pg-1232-0\"  class=\"panel-grid panel-no-style\" ><div id=\"pgc-1232-0-0\"  class=\"panel-grid-cell panel-grid-cell-empty\" ><\/div><\/div><div id=\"pg-1232-1\"  class=\"panel-grid panel-has-style\" ><div class=\"siteorigin-panels-stretch panel-row-style panel-row-style-for-1232-1\" data-stretch-type=\"full-stretched\" ><div id=\"pgc-1232-1-0\"  class=\"panel-grid-cell\" ><div class=\"panel-cell-style panel-cell-style-for-1232-1-0\" ><div id=\"panel-1232-1-0-0\" class=\"so-panel widget widget_siteorigin-panels-builder panel-first-child panel-last-child\" data-index=\"0\" ><div id=\"pl-w635edfcecaf83\"  class=\"panel-layout\" ><div id=\"pg-w635edfcecaf83-0\"  class=\"panel-grid panel-no-style\" ><div id=\"pgc-w635edfcecaf83-0-0\"  class=\"panel-grid-cell\" ><div id=\"panel-w635edfcecaf83-0-0-0\" class=\"so-panel widget widget_sow-headline panel-first-child\" data-index=\"0\" ><div\n\t\t\t\n\t\t\tclass=\"so-widget-sow-headline so-widget-sow-headline-default-289a86125643 so-widget-fittext-wrapper\"\n\t\t\t data-fit-text-compressor=\"0.85\"\n\t\t><div class=\"sow-headline-container\">\n\t\t\t\t\t\t\t<h2 class=\"sow-headline\">\n\t\t\t\t\t\tQu'est ce qu'un Espace Num\u00e9rique de Travail ?\t\t\t\t\t\t<\/h2>\n\t\t\t\t\t\t<\/div>\n<\/div><\/div><div id=\"panel-w635edfcecaf83-0-0-1\" class=\"so-panel widget widget_text panel-last-child\" data-index=\"1\" >\t\t\t<div class=\"textwidget\"><p>Un espace num\u00e9rique de travail (ENT), accessible par internet, permet aux \u00e9l\u00e8ves, aux parents et aux personnels enseignants et non enseignants, d\u2019avoir acc\u00e8s \u00e0 des services num\u00e9riques et des informations : les horaires et les emplois du temps, la restauration, l\u2019internat, les dates de conseil de classe, etc.<br \/>\nVous pouvez \u00e9galement consulter les informations concernant votre enfant : le cahier de texte pour y trouver les activit\u00e9s men\u00e9es en classe ainsi que les travaux ou devoirs \u00e0 faire \u00e0 la maison. Vous y trouverez aussi les notes, les absences et les retards de votre enfant.<br \/>\nPour se connecter, un mot de passe et un identifiant sont distribu\u00e9s \u00e0 la rentr\u00e9e scolaire par l\u2019\u00e9tablissement.<\/p>\n<p>Un espace num\u00e9rique de travail (ENT) est l\u2019extension digitale d\u2019un e\u0301tablissement scolaire. Il d\u00e9signe un ensemble int\u00e9gr\u00e9 de services num\u00e9riques choisis et mis \u00e0 la disposition d\u2019un ou plusieurs \u00e9tablissements. Les premiers ENT ont \u00e9t\u00e9 cr\u00e9\u00e9s il y a une quinzaine d\u2019ann\u00e9es. On peut y \u00e9changer des donn\u00e9es, s\u2019informer via des documents et acc\u00e9der \u00e0 des outils num\u00e9riques d\u00e9di\u00e9s.<\/p>\n<p>Pour se connecter \u00e0 l\u2019ENT, l\u2019utilisateur rentre un identifiant, puis son mot de passe et acc\u00e8de au statut d\u00e9fini par son profil utilisateur gr\u00e2ce \u00e0 ce point d\u2019entr\u00e9e unique.<\/p>\n<\/div>\n\t\t<\/div><\/div><\/div><\/div><\/div><\/div><\/div><div id=\"pgc-1232-1-1\"  class=\"panel-grid-cell\" ><div id=\"panel-1232-1-1-0\" class=\"so-panel widget widget_mo-video-section panel-first-child panel-last-child\" data-index=\"1\" ><div\n\t\t\t\n\t\t\tclass=\"so-widget-mo-video-section so-widget-mo-video-section-default-d75171398898-1232\"\n\t\t\t\n\t\t>        <div id=\"video-intro\"\n             class=\"video-section video-heading\">\n\n            <div class=\"video-header\">\n\n                <div class=\"header-content\">\n\n                    \n                    \n                    <a href=\"http:\/\/example.com\" class=\"action-button button transparent\"><span>Purchase Now \u00bb<\/span><\/a>\n                <\/div>\n\n                \n                <div class=\"media\">\n                    <div class=\"video-bg\">\n                        <video id=\"video1\"                               poster=\"http:\/\/0\"\n                               preload=\"none\"\n                            autoplay loop muted>\n                            <source src=\"https:\/\/www.ujnk.edu.gn\/wp-content\/uploads\/2022\/10\/ENT_presentation.mp4\" type=\"video\/mp4\">\n                            <source src=\"\" type=\"video\/ogg\">\n                            <source src=\"\" type=\"video\/webm\">\n                        <\/video>\n                    <\/div>\n                    <div class=\"img-bg\">\n                        <img decoding=\"async\" alt=\"Video Poster\" class=\"video-placeholder\"\n                             src=\"http:\/\/0\"\/>\n                    <\/div>\n                                    <\/div>\n\n                <div class=\"video-controls\">\n                    <button class=\"small-play-btn\" onclick=\"document.getElementById('video1').play()\">\n                        <i\n                            class=\"icon-play\"><\/i>\n                    <\/button>\n                    <button class=\"small-pause-btn\"\n                            onclick=\"document.getElementById('video1').pause()\"><i\n                            class=\"icon-pause\"><\/i>\n                    <\/button>\n                    <button class=\"small-mute-btn\"\n                            onclick=\"MO_THEME.toggle_html5_video_volume(document.getElementById('video1'))\">\n                        <i\n                            class=\"icon-volume-mute\"><\/i><\/button>\n                <\/div>\n\n            <\/div>\n\n        <\/div>\n        <\/div><\/div><\/div><\/div><\/div><div id=\"pg-1232-2\"  class=\"panel-grid panel-no-style\" ><div id=\"pgc-1232-2-0\"  class=\"panel-grid-cell panel-grid-cell-empty\" ><\/div><\/div><\/div>","protected":false},"excerpt":{"rendered":"<p>Qu&rsquo;est ce qu&rsquo;un Espace Num\u00e9rique de Travail ? Un espace num\u00e9rique de travail (ENT), accessible par internet, permet aux \u00e9l\u00e8ves, aux parents et aux personnels enseignants et non enseignants, d\u2019avoir [&hellip;]<\/p>\n","protected":false},"author":1,"featured_media":0,"parent":0,"menu_order":37,"comment_status":"closed","ping_status":"closed","template":"template-1c.php","meta":{"footnotes":""},"class_list":["post-1232","page","type-page","status-publish","hentry"],"_links":{"self":[{"href":"https:\/\/www.ujnk.edu.gn\/en\/wp-json\/wp\/v2\/pages\/1232","targetHints":{"allow":["GET"]}}],"collection":[{"href":"https:\/\/www.ujnk.edu.gn\/en\/wp-json\/wp\/v2\/pages"}],"about":[{"href":"https:\/\/www.ujnk.edu.gn\/en\/wp-json\/wp\/v2\/types\/page"}],"author":[{"embeddable":true,"href":"https:\/\/www.ujnk.edu.gn\/en\/wp-json\/wp\/v2\/users\/1"}],"replies":[{"embeddable":true,"href":"https:\/\/www.ujnk.edu.gn\/en\/wp-json\/wp\/v2\/comments?post=1232"}],"version-history":[{"count":21,"href":"https:\/\/www.ujnk.edu.gn\/en\/wp-json\/wp\/v2\/pages\/1232\/revisions"}],"predecessor-version":[{"id":1261,"href":"https:\/\/www.ujnk.edu.gn\/en\/wp-json\/wp\/v2\/pages\/1232\/revisions\/1261"}],"wp:attachment":[{"href":"https:\/\/www.ujnk.edu.gn\/en\/wp-json\/wp\/v2\/media?parent=1232"}],"curies":[{"name":"wp","href":"https:\/\/api.w.org\/{rel}","templated":true}]}}